{"id":9537,"date":"2009-12-18T18:22:37","date_gmt":"2009-12-18T17:22:37","guid":{"rendered":"http:\/\/www.sorosoro.org\/?page_id=9537"},"modified":"2015-09-28T02:02:49","modified_gmt":"2015-09-28T00:02:49","slug":"esperanto-y-otros-idiomas-construidos","status":"publish","type":"page","link":"https:\/\/www.sorosoro.org\/es\/esperanto-y-otros-idiomas-construidos\/","title":{"rendered":"Esperanto"},"content":{"rendered":"<p style=\"text-align: justify;\">Sin duda el esperanto es el m\u00e1s famoso de los idiomas humanos \u201cconstruidos\u201d, tambi\u00e9n el que posee el mayor n\u00famero de locutores.<\/p>\n<h5 style=\"text-align: justify;\"><strong>\u00bfC\u00f3mo fue creado el esperanto?<\/strong><\/h5>\n<p style=\"text-align: justify;\">\u00a0El inventor de este idioma, Ludwik Lejzer Zamenhof, oftalm\u00f3logo, creci\u00f3 en Bialystok, una ciudad que hoy d\u00eda est\u00e1 ubicada en Polo\u00f1a, pero que, en aquel entonces, formaba parte de Rusia. Cuatro comunidades importantes conviv\u00edan ah\u00ed, no siempre de modo armonioso: las comunidades jud\u00eda, polaca, alemana, y bielorrusa. A Zamenhof se le ocurri\u00f3 inventar un idioma internacional neutro. Quer\u00eda que \u00e9ste fuera f\u00e1cil de aprender (gram\u00e1tica y relaci\u00f3n fon\u00eda\/graf\u00eda muy regular) para favorecer la comunicaci\u00f3n entre las comunidades de idiomas distintos. Public\u00f3 en 1887 la primera gram\u00e1tica de este idioma con el seud\u00f3nimo de \u201cDoktoro Esperanto\u201d \u2013 \u201cel doctor que espera\u201d. Es este vocablo el que se impuso para nombrar el propio idioma.<\/p>\n<p style=\"text-align: justify;\">Tuvo lugar el primer congreso de esperanto en Francia, en Boulogne-sur-Mer, en 1905. Hoy d\u00eda, varias decenas de encuentros tienen lugar cada a\u00f1o, se pueden encontrar en esperanto una literatura original as\u00ed como traducida, peri\u00f3dicos, revistas, CD, emisiones de radio y millones de sitios internet.<\/p>\n<h5 style=\"text-align: justify;\"><strong>\u00bfD\u00f3nde se habla el esperanto\u00a0?<\/strong><\/h5>\n<p style=\"text-align: justify;\">La norma que caracteriza el esperanto es que se trata de un idioma que no tiene v\u00ednculo con un territorio ni un pueblo peculiar. Entonces se encuentra a locutores de esperanto un poco por todas partes del mundo.<\/p>\n<h5 style=\"text-align: justify;\">N\u00famero total de locutores (evaluaci\u00f3n)<\/h5>\n<p style=\"text-align: justify;\">Las evaluaciones del n\u00famero real de locutores de esperanto son muy variables, desde 100\u00a0000 locutores hasta 10\u00a0000\u00a0000. Ya que la mayora de los locutores lo aprendieron como un segundo idioma, es dif\u00edcil evaluar cu\u00e1l es el n\u00famero real de locutores que lo suelen usar. <em>Etn\u00f3logo.com<\/em> escoge la cifra de 2\u00a0000\u00a0000 de locutores de esperanto como segundo idioma.<\/p>\n<p style=\"text-align: justify;\">Existen tambi\u00e9n locutores \u00ab\u00a0nativos\u00a0\u00bb de esperanto, a menudo hijos de parejas esperantistas, cuyo n\u00famero alcanza m\u00e1s a menos un millar, seg\u00fan estima el ling\u00fcista Jouko Lindstedt. La mayor\u00eda de ellos son biling\u00fces o multiling\u00fces.<\/p>\n<h5 style=\"text-align: justify;\">\u00bfCon qu\u00e9 idiomas tiene parentesco el esperanto\u00a0?<\/h5>\n<p style=\"text-align: justify;\">\u00a0Por ser un idioma \u00ab\u00a0construido\u00a0\u00bb el esperanto no pertenece a ninguna familia de idiomas. Sin embargo, muchas de sus ra\u00edces se originan de los idiomas indo-europeos (latinos, germ\u00e1nicos y eslavos). Fon\u00e9ticamente, a menudo parece pr\u00f3ximo a los idiomas latinos. Sin embargo, morfol\u00f3gicamente, se asemeja a los idiomas aglutinantes como el japon\u00e9s o el turco, y a los idiomas monosil\u00e1bicos como el mandar\u00edn.<\/p>\n<h5 style=\"text-align: justify;\"><strong>Para saber m\u00e1s\u00a0:<\/strong><\/h5>\n<p style=\"text-align: justify;\"><strong>Algunos sitios\u00a0:<\/strong><\/p>\n<ul style=\"text-align: justify;\">\n<li>P\u00e1gina wikipedia dedicada al esperanto <a href=\"http:\/\/eo.wikipedia.org\/wiki\/\u0108efpa\u011do\" target=\"_blank\">www<\/a><span style=\"text-decoration: underline;\"><a href=\"http:\/\/eo.wikipedia.org\/wiki\/\u0108efpa\u011do\" target=\"_blank\">.wikipedia.org<\/a><\/span><\/li>\n<\/ul>\n<ul style=\"text-align: justify;\">\n<li>Wikipedia en esperanto <a href=\"http:\/\/eo.wikipedia.org\/wiki\/%C4%88efpa%C4%9Do\" target=\"_blank\">www.<\/a><span style=\"text-decoration: underline;\"><a href=\"http:\/\/eo.wikipedia.org\/wiki\/%C4%88efpa%C4%9Do\" target=\"_blank\">eo.wikipedia.org<\/a><\/span><\/li>\n<\/ul>\n<ul style=\"text-align: justify;\">\n<li>Portal multiling\u00fce sobre el esperanto <a href=\"http:\/\/www.esperanto.net\/info\/index_es.html\" target=\"_blank\">www.esperanto.net<\/a><\/li>\n<\/ul>\n<ul style=\"text-align: justify;\">\n<li>Sitio de la asociaci\u00f3n SAT-Amikaro, dedicado a la promoci\u00f3n del esperanto\u00a0<a href=\"http:\/\/www.esperanto-sat.info\/spip.php?page=sommaire\" target=\"_blank\">www.esperanto-sat.info<\/a><\/li>\n<\/ul>\n<ul style=\"text-align: justify;\">\n<li>Sitio de aprendizaje en l\u00ednea \u00a0<span style=\"text-decoration: underline;\"><a href=\"http:\/\/www.lernu.net\/\" target=\"_blank\">www.lernu.net<\/a><\/span><a href=\"http:\/\/www.lernu.net\/\" target=\"_blank\">\u00a0\u00a0<\/a><\/li>\n<\/ul>\n<ul style=\"text-align: justify;\">\n<li>Software gratuito de aprendizaje del esperanto <a href=\"http:\/\/www.kurso.com.br\/index.php?es\" target=\"_blank\"><span style=\"text-decoration: underline;\">www.kurso.com<\/span><\/a><\/li>\n<\/ul>\n<p style=\"text-align: justify;\"><strong>Algunas lecturas<\/strong><\/p>\n<ul style=\"text-align: justify;\">\n<li>Claude Piron, \u00abLe d\u00e9fi des langues &#8211; Du g\u00e2chis au bon sens\u00bb, (Paris : L\u2019Harmattan, 1994 ; ISBN : 2-7384-2432-5)<\/li>\n<li>\u201cL\u2019homme qui a d\u00e9fi\u00e9 Babel\u201c, <strong>Ren\u00e9 CENTASSI et Henri MASSON<\/strong>, 1995, Ramsay, Paris. ISBN 2-84114-114-4<\/li>\n<\/ul>\n<p style=\"text-align: justify;\"><em>Gracias a todos los esperant\u00f3fonos y los esperantistas que nos ayudaron a realizar esta\u00a0p\u00e1gina. En particular a Marion Belisle y a Henri Masson.<\/em><\/p>\n","protected":false},"excerpt":{"rendered":"<p>Sin duda el esperanto es el m\u00e1s famoso de los idiomas humanos \u201cconstruidos\u201d, tambi\u00e9n el que posee el mayor n\u00famero de locutores. \u00bfC\u00f3mo fue creado el esperanto? \u00a0El inventor de este idioma, Ludwik Lejzer Zamenhof, oftalm\u00f3logo, creci\u00f3 en Bialystok, una ciudad que hoy d\u00eda est\u00e1 ubicada en Polo\u00f1a, pero que, en aquel entonces, formaba parte [&hellip;]<\/p>\n","protected":false},"author":12,"featured_media":0,"parent":0,"menu_order":0,"comment_status":"closed","ping_status":"open","template":"","meta":{"footnotes":""},"class_list":["post-9537","page","type-page","status-publish","hentry"],"yoast_head":"<!-- This site is optimized with the Yoast SEO plugin v27.0 - https:\/\/yoast.com\/product\/yoast-seo-wordpress\/ -->\n<title>Esperanto - Sorosoro<\/title>\n<meta name=\"robots\" content=\"index, follow, max-snippet:-1, max-image-preview:large, max-video-preview:-1\" \/>\n<link rel=\"canonical\" href=\"https:\/\/www.sorosoro.org\/es\/esperanto-y-otros-idiomas-construidos\/\" \/>\n<meta property=\"og:locale\" content=\"es_ES\" \/>\n<meta property=\"og:type\" content=\"article\" \/>\n<meta property=\"og:title\" content=\"Esperanto - Sorosoro\" \/>\n<meta property=\"og:description\" content=\"Sin duda el esperanto es el m\u00e1s famoso de los idiomas humanos \u201cconstruidos\u201d, tambi\u00e9n el que posee el mayor n\u00famero de locutores. \u00bfC\u00f3mo fue creado el esperanto? \u00a0El inventor de este idioma, Ludwik Lejzer Zamenhof, oftalm\u00f3logo, creci\u00f3 en Bialystok, una ciudad que hoy d\u00eda est\u00e1 ubicada en Polo\u00f1a, pero que, en aquel entonces, formaba parte [&hellip;]\" \/>\n<meta property=\"og:url\" content=\"https:\/\/www.sorosoro.org\/es\/esperanto-y-otros-idiomas-construidos\/\" \/>\n<meta property=\"og:site_name\" content=\"Sorosoro\" \/>\n<meta property=\"article:modified_time\" content=\"2015-09-28T00:02:49+00:00\" \/>\n<meta name=\"twitter:card\" content=\"summary_large_image\" \/>\n<meta name=\"twitter:label1\" content=\"Tiempo de lectura\" \/>\n\t<meta name=\"twitter:data1\" content=\"3 minutos\" \/>\n<script type=\"application\/ld+json\" class=\"yoast-schema-graph\">{\"@context\":\"https:\/\/schema.org\",\"@graph\":[{\"@type\":\"WebPage\",\"@id\":\"https:\/\/www.sorosoro.org\/es\/esperanto-y-otros-idiomas-construidos\/\",\"url\":\"https:\/\/www.sorosoro.org\/es\/esperanto-y-otros-idiomas-construidos\/\",\"name\":\"Esperanto - Sorosoro\",\"isPartOf\":{\"@id\":\"https:\/\/www.sorosoro.org\/es\/#website\"},\"datePublished\":\"2009-12-18T17:22:37+00:00\",\"dateModified\":\"2015-09-28T00:02:49+00:00\",\"breadcrumb\":{\"@id\":\"https:\/\/www.sorosoro.org\/es\/esperanto-y-otros-idiomas-construidos\/#breadcrumb\"},\"inLanguage\":\"es\",\"potentialAction\":[{\"@type\":\"ReadAction\",\"target\":[\"https:\/\/www.sorosoro.org\/es\/esperanto-y-otros-idiomas-construidos\/\"]}]},{\"@type\":\"BreadcrumbList\",\"@id\":\"https:\/\/www.sorosoro.org\/es\/esperanto-y-otros-idiomas-construidos\/#breadcrumb\",\"itemListElement\":[{\"@type\":\"ListItem\",\"position\":1,\"name\":\"Accueil\",\"item\":\"https:\/\/www.sorosoro.org\/es\/\"},{\"@type\":\"ListItem\",\"position\":2,\"name\":\"Esperanto\"}]},{\"@type\":\"WebSite\",\"@id\":\"https:\/\/www.sorosoro.org\/es\/#website\",\"url\":\"https:\/\/www.sorosoro.org\/es\/\",\"name\":\"Sorosoro\",\"description\":\"Pour que vivent les langues du monde !\",\"potentialAction\":[{\"@type\":\"SearchAction\",\"target\":{\"@type\":\"EntryPoint\",\"urlTemplate\":\"https:\/\/www.sorosoro.org\/es\/?s={search_term_string}\"},\"query-input\":{\"@type\":\"PropertyValueSpecification\",\"valueRequired\":true,\"valueName\":\"search_term_string\"}}],\"inLanguage\":\"es\"}]}<\/script>\n<!-- \/ Yoast SEO plugin. -->","yoast_head_json":{"title":"Esperanto - Sorosoro","robots":{"index":"index","follow":"follow","max-snippet":"max-snippet:-1","max-image-preview":"max-image-preview:large","max-video-preview":"max-video-preview:-1"},"canonical":"https:\/\/www.sorosoro.org\/es\/esperanto-y-otros-idiomas-construidos\/","og_locale":"es_ES","og_type":"article","og_title":"Esperanto - Sorosoro","og_description":"Sin duda el esperanto es el m\u00e1s famoso de los idiomas humanos \u201cconstruidos\u201d, tambi\u00e9n el que posee el mayor n\u00famero de locutores. \u00bfC\u00f3mo fue creado el esperanto? \u00a0El inventor de este idioma, Ludwik Lejzer Zamenhof, oftalm\u00f3logo, creci\u00f3 en Bialystok, una ciudad que hoy d\u00eda est\u00e1 ubicada en Polo\u00f1a, pero que, en aquel entonces, formaba parte [&hellip;]","og_url":"https:\/\/www.sorosoro.org\/es\/esperanto-y-otros-idiomas-construidos\/","og_site_name":"Sorosoro","article_modified_time":"2015-09-28T00:02:49+00:00","twitter_card":"summary_large_image","twitter_misc":{"Tiempo de lectura":"3 minutos"},"schema":{"@context":"https:\/\/schema.org","@graph":[{"@type":"WebPage","@id":"https:\/\/www.sorosoro.org\/es\/esperanto-y-otros-idiomas-construidos\/","url":"https:\/\/www.sorosoro.org\/es\/esperanto-y-otros-idiomas-construidos\/","name":"Esperanto - Sorosoro","isPartOf":{"@id":"https:\/\/www.sorosoro.org\/es\/#website"},"datePublished":"2009-12-18T17:22:37+00:00","dateModified":"2015-09-28T00:02:49+00:00","breadcrumb":{"@id":"https:\/\/www.sorosoro.org\/es\/esperanto-y-otros-idiomas-construidos\/#breadcrumb"},"inLanguage":"es","potentialAction":[{"@type":"ReadAction","target":["https:\/\/www.sorosoro.org\/es\/esperanto-y-otros-idiomas-construidos\/"]}]},{"@type":"BreadcrumbList","@id":"https:\/\/www.sorosoro.org\/es\/esperanto-y-otros-idiomas-construidos\/#breadcrumb","itemListElement":[{"@type":"ListItem","position":1,"name":"Accueil","item":"https:\/\/www.sorosoro.org\/es\/"},{"@type":"ListItem","position":2,"name":"Esperanto"}]},{"@type":"WebSite","@id":"https:\/\/www.sorosoro.org\/es\/#website","url":"https:\/\/www.sorosoro.org\/es\/","name":"Sorosoro","description":"Pour que vivent les langues du monde !","potentialAction":[{"@type":"SearchAction","target":{"@type":"EntryPoint","urlTemplate":"https:\/\/www.sorosoro.org\/es\/?s={search_term_string}"},"query-input":{"@type":"PropertyValueSpecification","valueRequired":true,"valueName":"search_term_string"}}],"inLanguage":"es"}]}},"_links":{"self":[{"href":"https:\/\/www.sorosoro.org\/es\/wp-json\/wp\/v2\/pages\/9537","targetHints":{"allow":["GET"]}}],"collection":[{"href":"https:\/\/www.sorosoro.org\/es\/wp-json\/wp\/v2\/pages"}],"about":[{"href":"https:\/\/www.sorosoro.org\/es\/wp-json\/wp\/v2\/types\/page"}],"author":[{"embeddable":true,"href":"https:\/\/www.sorosoro.org\/es\/wp-json\/wp\/v2\/users\/12"}],"replies":[{"embeddable":true,"href":"https:\/\/www.sorosoro.org\/es\/wp-json\/wp\/v2\/comments?post=9537"}],"version-history":[{"count":0,"href":"https:\/\/www.sorosoro.org\/es\/wp-json\/wp\/v2\/pages\/9537\/revisions"}],"wp:attachment":[{"href":"https:\/\/www.sorosoro.org\/es\/wp-json\/wp\/v2\/media?parent=9537"}],"curies":[{"name":"wp","href":"https:\/\/api.w.org\/{rel}","templated":true}]}}