{"id":8250,"date":"2009-12-09T09:56:12","date_gmt":"2009-12-09T08:56:12","guid":{"rendered":"http:\/\/www.sorosoro.org\/?page_id=8250"},"modified":"2009-12-09T10:00:19","modified_gmt":"2009-12-09T09:00:19","slug":"familia-de-lenguas-yanomami","status":"publish","type":"page","link":"https:\/\/www.sorosoro.org\/es\/familia-de-lenguas-yanomami\/","title":{"rendered":"Familia de lenguas yanomami"},"content":{"rendered":"<h5>\u00bfD\u00f3nde se hablan las lenguas yanomami?<\/h5>\n<p>Estas lenguas son habladas en el Brasil y en Venezuela en la regi\u00f3n del alto Orinoco.<\/p>\n<h5>N\u00famero total de hablantes (estimado) :<\/h5>\n<p>Aproximadamente 11 425 seg\u00fan la UNESCO<\/p>\n<p>Aproximadamente 30 000 seg\u00fan el site ethnologue.com (SIL)<\/p>\n<p>NB :  Seg\u00fan las fuentes, existen diferencias importantes sobre el n\u00famero de hablantes ; se puede considerar las cifras dadas por la SIL como de \u00ab alta estimaci\u00f3n \u00bb y las proporcionadas por la UNESCO como de \u00ab baja estimaci\u00f3n \u00bb.<\/p>\n<h5>Clasificaci\u00f3n<\/h5>\n<p>La familia de lenguas yanomani cuenta con 4 lenguas activas<\/p>\n<p style=\"padding-left: 60px;\"><strong>Sanum\u00e1<\/strong> (nombres alternativos : sanema ; samatali ; guaika&#8230;) : 859 hablantes seg\u00fan la UNESCO y 6 410 seg\u00fan SIL<\/p>\n<p style=\"padding-left: 60px;\"><strong>Yanam<\/strong> (nombres alternativos : xirian\u00e1 ; crichana&#8230;) : 566 hablantes seg\u00fan la UNESCO y 570 seg\u00fan SIL<\/p>\n<p style=\"padding-left: 60px;\"><strong>Yanom\u00e1mi<\/strong> (nombres alternativos : waik\u00e1 ; surara ; parahuri) : 6 000 hablantes seg\u00fan la UNESCO y 9 000 seg\u00fan SIL<\/p>\n<p style=\"padding-left: 60px;\"><strong>Yanomam\u00f6<\/strong> (nombre alternativo: guaharibo) : 4 000 hablantes seg\u00fan la UNESCO y 15 000 seg\u00fan SIL<\/p>\n<h5>Comentarios sobre la clasificaci\u00f3n de lenguas yanomani:<\/h5>\n<p>Seguimos la clasificaci\u00f3n dada por Campbell (1997)<\/p>\n<p>Por mucho tiempo esta familia ha sido considerada siempre como un solo conjunto dialectal, pero la mayor\u00eda de los ling\u00fcistas desde ahora la reconocer\u00edan como una familia de pleno derecho.<\/p>\n<h5>\u00bfEst\u00e1n en peligro las lenguas yanomami?<\/h5>\n<p>Seg\u00fan la UNESCO todas estas lenguas son \u00ab vulnerables \u00bb (grado 1 sobre una escala de 5). La transmisi\u00f3n de la lengua a las nuevas generaciones est\u00e1 asegurada y la mayor\u00eda de los hablantes son monoling\u00fces, seg\u00fan el SIL.<\/p>\n","protected":false},"excerpt":{"rendered":"<p>\u00bfD\u00f3nde se hablan las lenguas yanomami? Estas lenguas son habladas en el Brasil y en Venezuela en la regi\u00f3n del alto Orinoco. N\u00famero total de hablantes (estimado) : Aproximadamente 11 425 seg\u00fan la UNESCO Aproximadamente 30 000 seg\u00fan el site ethnologue.com (SIL) NB : Seg\u00fan las fuentes, existen diferencias importantes sobre el n\u00famero de hablantes [&hellip;]<\/p>\n","protected":false},"author":1,"featured_media":0,"parent":0,"menu_order":0,"comment_status":"closed","ping_status":"open","template":"","meta":{"footnotes":""},"class_list":["post-8250","page","type-page","status-publish","hentry"],"yoast_head":"<!-- This site is optimized with the Yoast SEO plugin v27.0 - https:\/\/yoast.com\/product\/yoast-seo-wordpress\/ -->\n<title>Familia de lenguas yanomami - Sorosoro<\/title>\n<meta name=\"robots\" content=\"index, follow, max-snippet:-1, max-image-preview:large, max-video-preview:-1\" \/>\n<link rel=\"canonical\" href=\"https:\/\/www.sorosoro.org\/es\/familia-de-lenguas-yanomami\/\" \/>\n<meta property=\"og:locale\" content=\"es_ES\" \/>\n<meta property=\"og:type\" content=\"article\" \/>\n<meta property=\"og:title\" content=\"Familia de lenguas yanomami - Sorosoro\" \/>\n<meta property=\"og:description\" content=\"\u00bfD\u00f3nde se hablan las lenguas yanomami? Estas lenguas son habladas en el Brasil y en Venezuela en la regi\u00f3n del alto Orinoco. N\u00famero total de hablantes (estimado) : Aproximadamente 11 425 seg\u00fan la UNESCO Aproximadamente 30 000 seg\u00fan el site ethnologue.com (SIL) NB : Seg\u00fan las fuentes, existen diferencias importantes sobre el n\u00famero de hablantes [&hellip;]\" \/>\n<meta property=\"og:url\" content=\"https:\/\/www.sorosoro.org\/es\/familia-de-lenguas-yanomami\/\" \/>\n<meta property=\"og:site_name\" content=\"Sorosoro\" \/>\n<meta property=\"article:modified_time\" content=\"2009-12-09T09:00:19+00:00\" \/>\n<meta name=\"twitter:card\" content=\"summary_large_image\" \/>\n<meta name=\"twitter:label1\" content=\"Tiempo de lectura\" \/>\n\t<meta name=\"twitter:data1\" content=\"1 minuto\" \/>\n<script type=\"application\/ld+json\" class=\"yoast-schema-graph\">{\"@context\":\"https:\/\/schema.org\",\"@graph\":[{\"@type\":\"WebPage\",\"@id\":\"https:\/\/www.sorosoro.org\/es\/familia-de-lenguas-yanomami\/\",\"url\":\"https:\/\/www.sorosoro.org\/es\/familia-de-lenguas-yanomami\/\",\"name\":\"Familia de lenguas yanomami - Sorosoro\",\"isPartOf\":{\"@id\":\"https:\/\/www.sorosoro.org\/es\/#website\"},\"datePublished\":\"2009-12-09T08:56:12+00:00\",\"dateModified\":\"2009-12-09T09:00:19+00:00\",\"breadcrumb\":{\"@id\":\"https:\/\/www.sorosoro.org\/es\/familia-de-lenguas-yanomami\/#breadcrumb\"},\"inLanguage\":\"es\",\"potentialAction\":[{\"@type\":\"ReadAction\",\"target\":[\"https:\/\/www.sorosoro.org\/es\/familia-de-lenguas-yanomami\/\"]}]},{\"@type\":\"BreadcrumbList\",\"@id\":\"https:\/\/www.sorosoro.org\/es\/familia-de-lenguas-yanomami\/#breadcrumb\",\"itemListElement\":[{\"@type\":\"ListItem\",\"position\":1,\"name\":\"Accueil\",\"item\":\"https:\/\/www.sorosoro.org\/es\/\"},{\"@type\":\"ListItem\",\"position\":2,\"name\":\"Familia de lenguas yanomami\"}]},{\"@type\":\"WebSite\",\"@id\":\"https:\/\/www.sorosoro.org\/es\/#website\",\"url\":\"https:\/\/www.sorosoro.org\/es\/\",\"name\":\"Sorosoro\",\"description\":\"Pour que vivent les langues du monde !\",\"potentialAction\":[{\"@type\":\"SearchAction\",\"target\":{\"@type\":\"EntryPoint\",\"urlTemplate\":\"https:\/\/www.sorosoro.org\/es\/?s={search_term_string}\"},\"query-input\":{\"@type\":\"PropertyValueSpecification\",\"valueRequired\":true,\"valueName\":\"search_term_string\"}}],\"inLanguage\":\"es\"}]}<\/script>\n<!-- \/ Yoast SEO plugin. -->","yoast_head_json":{"title":"Familia de lenguas yanomami - Sorosoro","robots":{"index":"index","follow":"follow","max-snippet":"max-snippet:-1","max-image-preview":"max-image-preview:large","max-video-preview":"max-video-preview:-1"},"canonical":"https:\/\/www.sorosoro.org\/es\/familia-de-lenguas-yanomami\/","og_locale":"es_ES","og_type":"article","og_title":"Familia de lenguas yanomami - Sorosoro","og_description":"\u00bfD\u00f3nde se hablan las lenguas yanomami? Estas lenguas son habladas en el Brasil y en Venezuela en la regi\u00f3n del alto Orinoco. N\u00famero total de hablantes (estimado) : Aproximadamente 11 425 seg\u00fan la UNESCO Aproximadamente 30 000 seg\u00fan el site ethnologue.com (SIL) NB : Seg\u00fan las fuentes, existen diferencias importantes sobre el n\u00famero de hablantes [&hellip;]","og_url":"https:\/\/www.sorosoro.org\/es\/familia-de-lenguas-yanomami\/","og_site_name":"Sorosoro","article_modified_time":"2009-12-09T09:00:19+00:00","twitter_card":"summary_large_image","twitter_misc":{"Tiempo de lectura":"1 minuto"},"schema":{"@context":"https:\/\/schema.org","@graph":[{"@type":"WebPage","@id":"https:\/\/www.sorosoro.org\/es\/familia-de-lenguas-yanomami\/","url":"https:\/\/www.sorosoro.org\/es\/familia-de-lenguas-yanomami\/","name":"Familia de lenguas yanomami - Sorosoro","isPartOf":{"@id":"https:\/\/www.sorosoro.org\/es\/#website"},"datePublished":"2009-12-09T08:56:12+00:00","dateModified":"2009-12-09T09:00:19+00:00","breadcrumb":{"@id":"https:\/\/www.sorosoro.org\/es\/familia-de-lenguas-yanomami\/#breadcrumb"},"inLanguage":"es","potentialAction":[{"@type":"ReadAction","target":["https:\/\/www.sorosoro.org\/es\/familia-de-lenguas-yanomami\/"]}]},{"@type":"BreadcrumbList","@id":"https:\/\/www.sorosoro.org\/es\/familia-de-lenguas-yanomami\/#breadcrumb","itemListElement":[{"@type":"ListItem","position":1,"name":"Accueil","item":"https:\/\/www.sorosoro.org\/es\/"},{"@type":"ListItem","position":2,"name":"Familia de lenguas yanomami"}]},{"@type":"WebSite","@id":"https:\/\/www.sorosoro.org\/es\/#website","url":"https:\/\/www.sorosoro.org\/es\/","name":"Sorosoro","description":"Pour que vivent les langues du monde !","potentialAction":[{"@type":"SearchAction","target":{"@type":"EntryPoint","urlTemplate":"https:\/\/www.sorosoro.org\/es\/?s={search_term_string}"},"query-input":{"@type":"PropertyValueSpecification","valueRequired":true,"valueName":"search_term_string"}}],"inLanguage":"es"}]}},"_links":{"self":[{"href":"https:\/\/www.sorosoro.org\/es\/wp-json\/wp\/v2\/pages\/8250","targetHints":{"allow":["GET"]}}],"collection":[{"href":"https:\/\/www.sorosoro.org\/es\/wp-json\/wp\/v2\/pages"}],"about":[{"href":"https:\/\/www.sorosoro.org\/es\/wp-json\/wp\/v2\/types\/page"}],"author":[{"embeddable":true,"href":"https:\/\/www.sorosoro.org\/es\/wp-json\/wp\/v2\/users\/1"}],"replies":[{"embeddable":true,"href":"https:\/\/www.sorosoro.org\/es\/wp-json\/wp\/v2\/comments?post=8250"}],"version-history":[{"count":0,"href":"https:\/\/www.sorosoro.org\/es\/wp-json\/wp\/v2\/pages\/8250\/revisions"}],"wp:attachment":[{"href":"https:\/\/www.sorosoro.org\/es\/wp-json\/wp\/v2\/media?parent=8250"}],"curies":[{"name":"wp","href":"https:\/\/api.w.org\/{rel}","templated":true}]}}