{"id":8242,"date":"2009-12-09T09:46:43","date_gmt":"2009-12-09T08:46:43","guid":{"rendered":"http:\/\/www.sorosoro.org\/?page_id=8242"},"modified":"2010-03-03T15:05:59","modified_gmt":"2010-03-03T14:05:59","slug":"familia-de-las-lenguas-witotoanas-o-bora-witoto","status":"publish","type":"page","link":"https:\/\/www.sorosoro.org\/es\/familia-de-las-lenguas-witotoanas-o-bora-witoto\/","title":{"rendered":"Familia de las lenguas witoto(ana)(s) o bora-witoto"},"content":{"rendered":"<h5 style=\"text-align: justify;\">\u00bfD\u00f3nde se hablan las lenguas witoto?<\/h5>\n<p style=\"text-align: justify;\">Estas lenguas son habladas en la cuenca amaz\u00f3nica del Brasil, del Per\u00fa y de Colombia.<\/p>\n<h5 style=\"text-align: justify;\">N\u00famero total de hablantes (estimado) :<\/h5>\n<p style=\"text-align: justify;\">Entre 6900 y  8 250 seg\u00fan las cifras dadas por Wise (MRW, 1999)<\/p>\n<p style=\"text-align: justify;\">Aproximadamente 16 500 seg\u00fan el site ethnologue.com<\/p>\n<p style=\"text-align: justify;\">NB: Las cifras dadas por ethnologue.com para el minica y murui witoto ser\u00edan del grupo \u00e9tnico witoto y no de los hablantes nativos de estas lenguas.<\/p>\n<h5 style=\"text-align: justify;\">Clasificaci\u00f3n<\/h5>\n<p style=\"text-align: justify;\">La familia de las lenguas witoto cuenta con 6 lenguas activas.<\/p>\n<p style=\"text-align: justify;\">Grupo Bora-Muinane<\/p>\n<p style=\"padding-left: 60px; text-align: justify;\"><strong>Bora<\/strong> : 3 390 hablantes seg\u00fan SIL y 2000 a 2500 seg\u00fan MRW<\/p>\n<p style=\"padding-left: 60px; text-align: justify;\"><strong>Muinane<\/strong>: 150 hablantes seg\u00fan SIL et MRW<\/p>\n<p style=\"text-align: justify;\">Grupo Witoto-Ocaina<\/p>\n<p style=\"padding-left: 60px; text-align: justify;\"><strong>Ocaina<\/strong>: 66 hablantes seg\u00fan SIL y 150 \u00e0 200 hablantes seg\u00fan MRW<\/p>\n<p style=\"text-align: justify; padding-left: 30px;\">Sub-grupo Witoto<\/p>\n<p style=\"padding-left: 60px; text-align: justify;\"><strong> Nipode Witoto<\/strong> 100 hablantes seg\u00fan SIL y  MRW<\/p>\n<p style=\"padding-left: 60px; text-align: justify;\"><strong>Minica Witoto<\/strong>: 6 800 hablantes seg\u00fan SIL y  2500 seg\u00fan MRW<\/p>\n<p style=\"padding-left: 60px; text-align: justify;\"><strong>Murui Witoto<\/strong> : 6 000 hablantes seg\u00fan SIL y 2000 a 2800 seg\u00fan MRW<\/p>\n<h5 style=\"text-align: justify;\">Comentarios sobre la clasificaci\u00f3 de las lenguas witoto :<\/h5>\n<p style=\"text-align: justify;\">Seguimos aqu\u00ed la clasificaci\u00f3n dada por Wise (1999).<\/p>\n<p style=\"text-align: justify;\">Las lenguas del sub-grupo witoto siempre han sido consideradas como una sola unidad dialectal.<\/p>\n<h5 style=\"text-align: justify;\">\u00bfEst\u00e1n en peligro las lenguas witoto?<\/h5>\n<p style=\"text-align: justify;\">Todas estas lenguas son clasificadas por la UNESCO en su Atlas des langues en danger<\/p>\n<p style=\"text-align: justify;\">El ocaina y el nipode witoto ser\u00edan las m\u00e1s amenazadas y r\u00e1pidamente podr\u00edan extinguirse.<\/p>\n<p style=\"text-align: justify;\">Las otras lenguas igualmente siempre est\u00e1n en peligro seg\u00fan la UNESCO.<\/p>\n<p style=\"text-align: justify;\"><strong><span style=\"text-decoration: underline;\">Fuentes<\/span><\/strong><\/p>\n<p style=\"text-align: justify;\">Wise, MR. (1999) <em>\u201cSmall language families and isolates in Peru\u201d<\/em> in <em>The Amazonian languages<\/em>, R.M.W. Dixon and Alexandra Y.Aikhenvald,(ed.) Cambridge University Press<\/p>\n<p style=\"text-align: justify;\">Campbell, Lyle (1997). <em>American Indian languages: the historical linguistics of Native America<\/em>. Oxford: Oxford University Press.<\/p>\n","protected":false},"excerpt":{"rendered":"<p>\u00bfD\u00f3nde se hablan las lenguas witoto? Estas lenguas son habladas en la cuenca amaz\u00f3nica del Brasil, del Per\u00fa y de Colombia. N\u00famero total de hablantes (estimado) : Entre 6900 y 8 250 seg\u00fan las cifras dadas por Wise (MRW, 1999) Aproximadamente 16 500 seg\u00fan el site ethnologue.com NB: Las cifras dadas por ethnologue.com para el [&hellip;]<\/p>\n","protected":false},"author":1,"featured_media":0,"parent":0,"menu_order":0,"comment_status":"closed","ping_status":"open","template":"","meta":{"footnotes":""},"class_list":["post-8242","page","type-page","status-publish","hentry"],"yoast_head":"<!-- This site is optimized with the Yoast SEO plugin v27.0 - https:\/\/yoast.com\/product\/yoast-seo-wordpress\/ -->\n<title>Familia de las lenguas witoto(ana)(s) o bora-witoto - Sorosoro<\/title>\n<meta name=\"robots\" content=\"index, follow, max-snippet:-1, max-image-preview:large, max-video-preview:-1\" \/>\n<link rel=\"canonical\" href=\"https:\/\/www.sorosoro.org\/es\/familia-de-las-lenguas-witotoanas-o-bora-witoto\/\" \/>\n<meta property=\"og:locale\" content=\"es_ES\" \/>\n<meta property=\"og:type\" content=\"article\" \/>\n<meta property=\"og:title\" content=\"Familia de las lenguas witoto(ana)(s) o bora-witoto - Sorosoro\" \/>\n<meta property=\"og:description\" content=\"\u00bfD\u00f3nde se hablan las lenguas witoto? Estas lenguas son habladas en la cuenca amaz\u00f3nica del Brasil, del Per\u00fa y de Colombia. N\u00famero total de hablantes (estimado) : Entre 6900 y 8 250 seg\u00fan las cifras dadas por Wise (MRW, 1999) Aproximadamente 16 500 seg\u00fan el site ethnologue.com NB: Las cifras dadas por ethnologue.com para el [&hellip;]\" \/>\n<meta property=\"og:url\" content=\"https:\/\/www.sorosoro.org\/es\/familia-de-las-lenguas-witotoanas-o-bora-witoto\/\" \/>\n<meta property=\"og:site_name\" content=\"Sorosoro\" \/>\n<meta property=\"article:modified_time\" content=\"2010-03-03T14:05:59+00:00\" \/>\n<meta name=\"twitter:card\" content=\"summary_large_image\" \/>\n<meta name=\"twitter:label1\" content=\"Tiempo de lectura\" \/>\n\t<meta name=\"twitter:data1\" content=\"1 minuto\" \/>\n<script type=\"application\/ld+json\" class=\"yoast-schema-graph\">{\"@context\":\"https:\/\/schema.org\",\"@graph\":[{\"@type\":\"WebPage\",\"@id\":\"https:\/\/www.sorosoro.org\/es\/familia-de-las-lenguas-witotoanas-o-bora-witoto\/\",\"url\":\"https:\/\/www.sorosoro.org\/es\/familia-de-las-lenguas-witotoanas-o-bora-witoto\/\",\"name\":\"Familia de las lenguas witoto(ana)(s) o bora-witoto - Sorosoro\",\"isPartOf\":{\"@id\":\"https:\/\/www.sorosoro.org\/es\/#website\"},\"datePublished\":\"2009-12-09T08:46:43+00:00\",\"dateModified\":\"2010-03-03T14:05:59+00:00\",\"breadcrumb\":{\"@id\":\"https:\/\/www.sorosoro.org\/es\/familia-de-las-lenguas-witotoanas-o-bora-witoto\/#breadcrumb\"},\"inLanguage\":\"es\",\"potentialAction\":[{\"@type\":\"ReadAction\",\"target\":[\"https:\/\/www.sorosoro.org\/es\/familia-de-las-lenguas-witotoanas-o-bora-witoto\/\"]}]},{\"@type\":\"BreadcrumbList\",\"@id\":\"https:\/\/www.sorosoro.org\/es\/familia-de-las-lenguas-witotoanas-o-bora-witoto\/#breadcrumb\",\"itemListElement\":[{\"@type\":\"ListItem\",\"position\":1,\"name\":\"Accueil\",\"item\":\"https:\/\/www.sorosoro.org\/es\/\"},{\"@type\":\"ListItem\",\"position\":2,\"name\":\"Familia de las lenguas witoto(ana)(s) o bora-witoto\"}]},{\"@type\":\"WebSite\",\"@id\":\"https:\/\/www.sorosoro.org\/es\/#website\",\"url\":\"https:\/\/www.sorosoro.org\/es\/\",\"name\":\"Sorosoro\",\"description\":\"Pour que vivent les langues du monde !\",\"potentialAction\":[{\"@type\":\"SearchAction\",\"target\":{\"@type\":\"EntryPoint\",\"urlTemplate\":\"https:\/\/www.sorosoro.org\/es\/?s={search_term_string}\"},\"query-input\":{\"@type\":\"PropertyValueSpecification\",\"valueRequired\":true,\"valueName\":\"search_term_string\"}}],\"inLanguage\":\"es\"}]}<\/script>\n<!-- \/ Yoast SEO plugin. -->","yoast_head_json":{"title":"Familia de las lenguas witoto(ana)(s) o bora-witoto - Sorosoro","robots":{"index":"index","follow":"follow","max-snippet":"max-snippet:-1","max-image-preview":"max-image-preview:large","max-video-preview":"max-video-preview:-1"},"canonical":"https:\/\/www.sorosoro.org\/es\/familia-de-las-lenguas-witotoanas-o-bora-witoto\/","og_locale":"es_ES","og_type":"article","og_title":"Familia de las lenguas witoto(ana)(s) o bora-witoto - Sorosoro","og_description":"\u00bfD\u00f3nde se hablan las lenguas witoto? Estas lenguas son habladas en la cuenca amaz\u00f3nica del Brasil, del Per\u00fa y de Colombia. N\u00famero total de hablantes (estimado) : Entre 6900 y 8 250 seg\u00fan las cifras dadas por Wise (MRW, 1999) Aproximadamente 16 500 seg\u00fan el site ethnologue.com NB: Las cifras dadas por ethnologue.com para el [&hellip;]","og_url":"https:\/\/www.sorosoro.org\/es\/familia-de-las-lenguas-witotoanas-o-bora-witoto\/","og_site_name":"Sorosoro","article_modified_time":"2010-03-03T14:05:59+00:00","twitter_card":"summary_large_image","twitter_misc":{"Tiempo de lectura":"1 minuto"},"schema":{"@context":"https:\/\/schema.org","@graph":[{"@type":"WebPage","@id":"https:\/\/www.sorosoro.org\/es\/familia-de-las-lenguas-witotoanas-o-bora-witoto\/","url":"https:\/\/www.sorosoro.org\/es\/familia-de-las-lenguas-witotoanas-o-bora-witoto\/","name":"Familia de las lenguas witoto(ana)(s) o bora-witoto - Sorosoro","isPartOf":{"@id":"https:\/\/www.sorosoro.org\/es\/#website"},"datePublished":"2009-12-09T08:46:43+00:00","dateModified":"2010-03-03T14:05:59+00:00","breadcrumb":{"@id":"https:\/\/www.sorosoro.org\/es\/familia-de-las-lenguas-witotoanas-o-bora-witoto\/#breadcrumb"},"inLanguage":"es","potentialAction":[{"@type":"ReadAction","target":["https:\/\/www.sorosoro.org\/es\/familia-de-las-lenguas-witotoanas-o-bora-witoto\/"]}]},{"@type":"BreadcrumbList","@id":"https:\/\/www.sorosoro.org\/es\/familia-de-las-lenguas-witotoanas-o-bora-witoto\/#breadcrumb","itemListElement":[{"@type":"ListItem","position":1,"name":"Accueil","item":"https:\/\/www.sorosoro.org\/es\/"},{"@type":"ListItem","position":2,"name":"Familia de las lenguas witoto(ana)(s) o bora-witoto"}]},{"@type":"WebSite","@id":"https:\/\/www.sorosoro.org\/es\/#website","url":"https:\/\/www.sorosoro.org\/es\/","name":"Sorosoro","description":"Pour que vivent les langues du monde !","potentialAction":[{"@type":"SearchAction","target":{"@type":"EntryPoint","urlTemplate":"https:\/\/www.sorosoro.org\/es\/?s={search_term_string}"},"query-input":{"@type":"PropertyValueSpecification","valueRequired":true,"valueName":"search_term_string"}}],"inLanguage":"es"}]}},"_links":{"self":[{"href":"https:\/\/www.sorosoro.org\/es\/wp-json\/wp\/v2\/pages\/8242","targetHints":{"allow":["GET"]}}],"collection":[{"href":"https:\/\/www.sorosoro.org\/es\/wp-json\/wp\/v2\/pages"}],"about":[{"href":"https:\/\/www.sorosoro.org\/es\/wp-json\/wp\/v2\/types\/page"}],"author":[{"embeddable":true,"href":"https:\/\/www.sorosoro.org\/es\/wp-json\/wp\/v2\/users\/1"}],"replies":[{"embeddable":true,"href":"https:\/\/www.sorosoro.org\/es\/wp-json\/wp\/v2\/comments?post=8242"}],"version-history":[{"count":0,"href":"https:\/\/www.sorosoro.org\/es\/wp-json\/wp\/v2\/pages\/8242\/revisions"}],"wp:attachment":[{"href":"https:\/\/www.sorosoro.org\/es\/wp-json\/wp\/v2\/media?parent=8242"}],"curies":[{"name":"wp","href":"https:\/\/api.w.org\/{rel}","templated":true}]}}