{"id":8225,"date":"2009-12-10T15:58:26","date_gmt":"2009-12-10T14:58:26","guid":{"rendered":"http:\/\/www.sorosoro.org\/?page_id=8225"},"modified":"2011-10-31T10:09:13","modified_gmt":"2011-10-31T09:09:13","slug":"familia-de-lenguas-tupi-guarani","status":"publish","type":"page","link":"https:\/\/www.sorosoro.org\/es\/familia-de-lenguas-tupi-guarani\/","title":{"rendered":"Familia de lenguas tupi"},"content":{"rendered":"<h5 style=\"text-align: justify;\">\u00bfD\u00f3nde se hablan las lenguas tupi<\/h5>\n<p style=\"text-align: justify;\">Estas lenguas son habladas en Am\u00e9rica del sur en una vasta zona que comprende Bolivia, Brasil, la Guayana Francesa, Paraguay y el Per\u00fa.<\/p>\n<h5 style=\"text-align: justify;\">N\u00famero total de hablantes (estimado) :<\/h5>\n<p style=\"text-align: justify;\">Aproximadamente 4 140 000 seg\u00fan las cifras dadas por Aryon D. Rodrigues (AR, 1999) y Cheryl Jensen (CJ, 1999).<\/p>\n<p style=\"text-align: justify;\">NB : el guaran\u00ed del Paraguay tendr\u00eda alrededor de  4 000 000 hablantes solamente en \u00e9l<\/p>\n<h5 style=\"text-align: justify;\">Clasificaci\u00f3n<\/h5>\n<p style=\"text-align: justify;\">La familia de lenguas tupi cuenta entre 53 y 56 lenguas activas, seg\u00fan las fuentes<\/p>\n<p style=\"padding-left: 30px; text-align: justify;\">Rama Arik\u00e9m<\/p>\n<p style=\"padding-left: 60px; text-align: justify;\"><strong>Kariti\u00e1na<\/strong> : 320 hablantes seg\u00fan la UNESCO y  200 seg\u00fan AR<\/p>\n<p style=\"padding-left: 30px; text-align: justify;\">Rama Juruna<\/p>\n<p style=\"padding-left: 60px; text-align: justify;\"><strong>Juruna<\/strong> (nombre alternativo : yudja) : 360 hablantes seg\u00fan UNESCO et 200 selon AR<\/p>\n<p style=\"padding-left: 60px; text-align: justify;\"><strong>Xypay\u00e1<\/strong> : extinta seg\u00fan la UNESCO y 2 hablantes seg\u00fan AR<\/p>\n<p style=\"padding-left: 30px; text-align: justify;\">Rama Mond\u00e9<\/p>\n<p style=\"padding-left: 60px; text-align: justify;\"><strong>Aru\u00e1<\/strong>:  extinta seg\u00fan la UNESCO y casi extinta seg\u00fan AR<\/p>\n<p style=\"padding-left: 60px; text-align: justify;\"><strong>Cinta-Larga<\/strong> : 1 440 hablantes seg\u00fan UNESCO y 600 seg\u00fan AR<\/p>\n<p style=\"padding-left: 60px; text-align: justify;\"><strong>Gavi\u00e3o <\/strong>: 900 hablantes seg\u00fan UNESCO y  350 seg\u00fan AR<\/p>\n<p style=\"padding-left: 60px; text-align: justify;\"><strong>Mond\u00e9<\/strong>: extinta seg\u00fan UNESCO y casi extinta seg\u00fan AR<\/p>\n<p style=\"padding-left: 60px; text-align: justify;\"><strong>Suru\u00ed :<\/strong> 450 hablantes seg\u00fan AR<\/p>\n<p style=\"padding-left: 60px; text-align: justify;\"><strong>Zor\u00f3<\/strong> : 464 hablantes seg\u00fan UNESCO y  300 seg\u00fan AR<\/p>\n<p style=\"padding-left: 30px; text-align: justify;\">Rama Munduruku<\/p>\n<p style=\"padding-left: 60px; text-align: justify;\"><strong>Kuru\u00e1ya<\/strong> : 2 hablantes seg\u00fan UNESCO y  5 seg\u00fan AR<\/p>\n<p style=\"padding-left: 60px; text-align: justify;\"><strong>Munduruk\u00fa<\/strong> : 8 000 hablantes seg\u00fan UNESCO y 7 000 seg\u00fan AR<\/p>\n<p style=\"padding-left: 30px; text-align: justify;\">Rama Ramar\u00e1ma<\/p>\n<p style=\"padding-left: 60px; text-align: justify;\"><strong>K\u00e1ro<\/strong> (nombres alternativos : ramar\u00e1ma ; arara ; uruk\u00fa) : 200 hablantes seg\u00fan UNESCO y 150 seg\u00fan AR<\/p>\n<p style=\"padding-left: 30px; text-align: justify;\">Rama Tupar\u00ed<\/p>\n<p style=\"padding-left: 60px; text-align: justify;\"><strong>Mek\u00e9ns<\/strong> : 25 hablantes seg\u00fan UNESCO (para el mek\u00e9ns y el sakirabiat) y 150 seg\u00fan AR<\/p>\n<p style=\"padding-left: 60px; text-align: justify;\"><strong>Makurap<\/strong> : 50 hablantes seg\u00fan UNESCO y quiz\u00e1s 700 seg\u00fan AR<\/p>\n<p style=\"padding-left: 60px; text-align: justify;\"><strong>Sakirabi\u00e1t<\/strong> : 70 hablantes seg\u00fan AR<\/p>\n<p style=\"padding-left: 60px; text-align: justify;\"><strong>Tupar\u00ed<\/strong> : 150 hablantes seg\u00fan UNESCO y 300 seg\u00fan AR<\/p>\n<p style=\"padding-left: 60px; text-align: justify;\"><strong>Wayor\u00f3 <\/strong>(nombre alternativo : ayuru): 8 hablantes seg\u00fan UNESCO y 80 seg\u00fan AR<\/p>\n<p style=\"padding-left: 60px; text-align: justify;\">Aisladores<\/p>\n<p style=\"padding-left: 60px; text-align: justify;\"><strong>Awet\u00ed<\/strong> : 160 hablantes seg\u00fan UNESCO y  90 seg\u00fan AR<\/p>\n<p style=\"padding-left: 60px; text-align: justify;\"><strong>Maw\u00e9<\/strong> : 6 000 hablantes seg\u00fan UNESCO y AR<\/p>\n<p style=\"padding-left: 60px; text-align: justify;\"><strong>Purubor\u00e1 <\/strong> : 2 hablantes seg\u00fan UNESCO y algunos otros seg\u00fan AR<\/p>\n<p style=\"padding-left: 30px; text-align: justify;\">Rama Tupi-Guaran\u00ed:<\/p>\n<p style=\"padding-left: 30px; text-align: justify;\"><span style=\"text-decoration: underline;\">Sub- grupo 1<\/span><\/p>\n<p style=\"padding-left: 60px; text-align: justify;\"><strong>Ach\u00e9 (<\/strong>nombre alternativo : <em>guayak\u00ed<\/em>) : 911 hablantes seg\u00fan UNICEF<\/p>\n<p style=\"padding-left: 60px; text-align: justify;\"><strong>P\u00e3i-Tavyter\u00e3<\/strong> (nombre alternativo :<em>Kaiow\u00e1<\/em>) : 30 000 hablantes seg\u00fan UNICEF<\/p>\n<p style=\"padding-left: 60px; text-align: justify;\"><strong>Mby\u00e1 <\/strong>: 17 000 hablantes seg\u00fan UNESCO y 11 300 a 12 300 seg\u00fan CJ<\/p>\n<p style=\"padding-left: 60px; text-align: justify;\"><strong>Nhand\u00e9va<\/strong> (nombre alternativo : chirip\u00e1) : 10 000 hablantes seg\u00fan UNESCO y 4 900 seg\u00fan CJ<\/p>\n<p style=\"padding-left: 60px; text-align: justify;\"><a href=\"https:\/\/www.sorosoro.org\/es\/el-xeta\"><strong>Xet\u00e1<\/strong><\/a> : 8 hablantes seg\u00fan UNESCO y casi extinta seg\u00fan CJ<\/p>\n<p style=\"padding-left: 60px; text-align: justify;\"><a href=\"https:\/\/www.sorosoro.org\/es\/el-guarani\"><strong>Guaran\u00ed paraguaya<\/strong><\/a>: 4 000 000 hablantes seg\u00fan CJ<\/p>\n<p style=\"padding-left: 60px; text-align: justify;\"><strong>Tapiet\u00e9 <\/strong>(nombre alternativo <em>guarani-\u00f1andeva)<\/em><strong>: <\/strong>1800 hablantes seg\u00fan UNICEF<\/p>\n<p style=\"padding-left: 60px; text-align: justify;\">Conjunto Chiriguano<\/p>\n<p style=\"padding-left: 60px; text-align: justify;\"><strong>Av\u00e1 <\/strong>: 67 000 hablantes seg\u00fan CJ<\/p>\n<p style=\"padding-left: 60px; text-align: justify;\"><strong>Izoce\u00f1o<\/strong> : 40 000 hablantes seg\u00fan UNESCO<\/p>\n<p style=\"padding-left: 30px; text-align: justify;\"><span style=\"text-decoration: underline;\">Sub-grupo 2<\/span><\/p>\n<p style=\"padding-left: 60px; text-align: justify;\"><strong><a href=\"https:\/\/www.sorosoro.org\/es\/el-guarayo\">Guarayo<\/a> <\/strong>(nombre alternativo: <em>guarayu<\/em>) : 8433 hablantes seg\u00fan UNICEF<\/p>\n<p style=\"padding-left: 60px; text-align: justify;\"><strong>Jor\u00e1 <\/strong>(nombre alternativo : <em>hora<\/em>) : extinto<\/p>\n<p style=\"padding-left: 60px; text-align: justify;\"><strong><a href=\"https:\/\/www.sorosoro.org\/es\/el-siriono\">Sirion\u00f3<\/a> <\/strong>: 187 hablantes seg\u00fan UNICEF<\/p>\n<p style=\"padding-left: 60px; text-align: justify;\"><a href=\"https:\/\/www.sorosoro.org\/es\/el-yuki\"><strong>Yuki<\/strong><\/a>: 140 hablantes seg\u00fan UNICEF<\/p>\n<p style=\"padding-left: 30px; text-align: justify;\"><span style=\"text-decoration: underline;\">Sub-grupo 3<\/span><\/p>\n<p style=\"padding-left: 60px; text-align: justify;\"><strong>Conjunto Tup\u00ed<\/strong> : extinto<\/p>\n<p style=\"padding-left: 60px; text-align: justify;\"><strong>Tup\u00ed austral <\/strong>: extinto<\/p>\n<p style=\"padding-left: 60px; text-align: justify;\"><strong>Conjunto Tupinamb\u00e1<\/strong> :<\/p>\n<p style=\"padding-left: 60px; text-align: justify;\"><strong>Tupinamb\u00e1<\/strong> : extinto<\/p>\n<p style=\"padding-left: 60px; text-align: justify;\"><strong>Kok\u00e1ma <\/strong>(nombre alternativo : om\u00e1wa) : 1 000 hablantes seg\u00fan UNESCO y 2 000   seg\u00fan CJ<\/p>\n<p style=\"padding-left: 60px; text-align: justify;\"><strong>Nheengat\u00fa<\/strong> : 3 000 hablantes seg\u00fan CJ<\/p>\n<p style=\"padding-left: 30px; text-align: justify;\"><span style=\"text-decoration: underline;\">Sub-grupo 4<\/span><\/p>\n<p style=\"padding-left: 60px; text-align: justify;\"><strong>Av\u00e1 Canoeir<\/strong>o : 16 hablantes seg\u00fan UNESCO y  100 seg\u00fan CJ<\/p>\n<p style=\"padding-left: 60px; text-align: justify;\"><strong>Tapirap\u00e9<\/strong> : 564 hablantes seg\u00fan UNESCO y  200 a  350 seg\u00fan CJ<\/p>\n<p style=\"padding-left: 60px; text-align: justify;\">Ensemble Akw\u00e1wa<\/p>\n<p style=\"padding-left: 60px; text-align: justify;\"><strong>Asurin\u00ed de los Tocantins<\/strong> : 200 hablantes seg\u00fan CJ<\/p>\n<p style=\"padding-left: 60px; text-align: justify;\"><strong>Parakan\u00e3<\/strong> : 900 hablantes seg\u00fan UNESCO y 350 seg\u00fan CJ<\/p>\n<p style=\"padding-left: 60px; text-align: justify;\"><strong>Suru\u00ed de para<\/strong> : 150 hablantes seg\u00fan CJ<\/p>\n<p style=\"padding-left: 60px; text-align: justify;\">Ensemble Teneteh\u00e1ra<\/p>\n<p style=\"padding-left: 60px; text-align: justify;\"><strong>Guajaj\u00e1ra<\/strong> : 14 000 hablantes seg\u00fan UNESCO y 10 000 seg\u00fan CJ<\/p>\n<p style=\"padding-left: 60px; text-align: justify;\"><strong>Temb\u00e9<\/strong> : 60 hablantes seg\u00fan UNESCO y 100 a 200 seg\u00fan CJ<\/p>\n<p style=\"padding-left: 30px; text-align: justify;\"><span style=\"text-decoration: underline;\">Sub-grupo 5<\/span><\/p>\n<p style=\"padding-left: 60px; text-align: justify;\"><strong>Arawet\u00e9 (<\/strong>clasificaci\u00f3n incierta) : 339 hablantes seg\u00fan UNESCO y  200 seg\u00fan CJ<\/p>\n<p style=\"padding-left: 60px; text-align: justify;\"><strong>Asurin\u00ed of Xingu<\/strong> : 120 hablantes seg\u00fan UNESCO y 70 seg\u00fan CJ<\/p>\n<p style=\"padding-left: 60px; text-align: justify;\"><strong>Kayab\u00ed<\/strong> : 1 000 hablantes seg\u00fan UNESCO y 800 seg\u00fan CJ<\/p>\n<p style=\"padding-left: 30px; text-align: justify;\">Sub-grupo 6<\/p>\n<p style=\"padding-left: 60px; text-align: justify;\"><strong>Apiak\u00e1<\/strong> : pr\u00f3ximo a la extinci\u00f3n seg\u00fan la  UNESCO<\/p>\n<p style=\"padding-left: 60px; text-align: justify;\">Ensemble Kawahib<\/p>\n<p style=\"padding-left: 60px; text-align: justify;\"><strong>Amondawa<\/strong> : 183 hablantes seg\u00fan UNESCO (con l\u2019 Uru-eu-au-au ???) y 50 seg\u00fan CJ<\/p>\n<p style=\"padding-left: 60px; text-align: justify;\"><strong>Karipuna<\/strong> : 10 hablantes seg\u00fan UNESCO y 12 a 15 seg\u00fan CJ<\/p>\n<p style=\"padding-left: 60px; text-align: justify;\"><strong>Juma<\/strong> : 5 hablantes seg\u00fan UNESCO y  9 seg\u00fan CJ<\/p>\n<p style=\"padding-left: 60px; text-align: justify;\"><a href=\"https:\/\/www.sorosoro.org\/es\/el-parintintin\"><strong>Parintint\u00edn<\/strong><\/a> : 10 hablantes seg\u00fan UNESCO y 130 seg\u00fan CJ<\/p>\n<p style=\"padding-left: 60px; text-align: justify;\"><strong>Tenhar\u00edm<\/strong> : 350 hablantes seg\u00fan UNESCO y 260 seg\u00fan CJ<\/p>\n<p style=\"padding-left: 60px; text-align: justify;\"><strong>Uru-eu-wau-wau<\/strong> : 183 hablantes seg\u00fan UNESCO (con el amondawa) y 100 seg\u00fan CJ<\/p>\n<p style=\"padding-left: 30px; text-align: justify;\"><span style=\"text-decoration: underline;\">Sub-grupo 7<\/span><\/p>\n<p style=\"padding-left: 60px; text-align: justify;\"><strong>Kamayur\u00e1<\/strong> : 400 hablantes seg\u00fan UNESCO  y 270  seg\u00fan CJ<\/p>\n<p style=\"padding-left: 30px; text-align: justify;\"><span style=\"text-decoration: underline;\">Sub-grupo 8<\/span><\/p>\n<p style=\"padding-left: 30px; text-align: justify;\">Norte  de Amazonas<\/p>\n<p style=\"padding-left: 60px; text-align: justify;\"><a href=\"https:\/\/www.sorosoro.org\/es\/el-emerillon\"><strong>Emerillon<\/strong><\/a> (nombre alternativo: teko) : 400 hablantes seg\u00fan UNESCO y 200 seg\u00fan CJ<\/p>\n<p style=\"padding-left: 60px; text-align: justify;\"><a href=\"https:\/\/www.sorosoro.org\/es\/el-wayampi\"><strong>Wayamp<\/strong>i<\/a> : 905 hablantes seg\u00fan UNESCO y 1 160 seg\u00fan CJ<\/p>\n<p style=\"padding-left: 60px; text-align: justify;\"><strong>Zo\u2019\u00e9<\/strong> : 177 hablantes seg\u00fan UNESCO  y 140 seg\u00fan CJ<\/p>\n<p style=\"padding-left: 60px; text-align: justify;\">Sur de Amazonas<\/p>\n<p style=\"padding-left: 60px; text-align: justify;\"><strong>Amanay\u00e9 :<\/strong> extinta seg\u00fan UNESCO y probablemente extinto seg\u00fan CJ<\/p>\n<p style=\"padding-left: 60px; text-align: justify;\"><strong>Anamb\u00e9<\/strong> : 6 hablantes seg\u00fan UNESCO y casi extinto seg\u00fan CJ<\/p>\n<p style=\"padding-left: 60px; text-align: justify;\"><strong>Guaj\u00e1<\/strong> : 283 hablantes seg\u00fan UNESCO y  350 seg\u00fan CJ<\/p>\n<p style=\"padding-left: 60px; text-align: justify;\"><strong>Urub\u00fa-Kaapo<\/strong>r : 991 hablantes seg\u00fan UNESCO y  500 seg\u00fan  CJ<\/p>\n<p style=\"padding-left: 60px; text-align: justify;\"><strong>Takunyap\u00e9<\/strong> : extinta<\/p>\n<p style=\"padding-left: 60px; text-align: justify;\"><strong>Turiw\u00e1ra<\/strong> : casi extinta<\/p>\n<p style=\"padding-left: 60px; text-align: justify;\">\n<h5 style=\"text-align: justify;\">Comentarios sobre la clasificaci\u00f3n de las lenguas tupi:<\/h5>\n<p style=\"text-align: justify;\">Seguimos la clasificaci\u00f3n propuesta por Aryon D. Rodrigues (1999) y Cheryl Jensen (1999).<\/p>\n<h5 style=\"text-align: justify;\">\u00bfEst\u00e1n en peligro las lenguas tupi?<\/h5>\n<p style=\"text-align: justify;\">S\u00ed, muchas de las lenguas tupi-guaran\u00ed est\u00e1n en peligro.<\/p>\n<p style=\"text-align: justify;\">El xypay\u00e1, el mond\u00e9, el aru\u00e1, el apiak\u00e1, el turiw\u00e1ra y el  amanay\u00e9 probablemente se hayan extinguido reci\u00e9n. Las lenguas m\u00e1s amenazadas actualmente son probablemente el kuru\u00e1ya, el purubor\u00e1, el wayor\u00f3, el makurap, el xet\u00e1, el sirion\u00f3, el nheengat\u00fa, el kok\u00e1ma, el av\u00e1 canoeira, el temb\u00e9, el karipuna, el juma, el parintint\u00edn, el tenhar\u00edm, el \u00e9m\u00e9rillon y el anamb\u00e9. Todas estas lenguas  est\u00e1n consideradas como \u00ab seriamente en peligro \u00bb o \u00ab en situaci\u00f3n cr\u00edtica \u00bb por la UNESCO (grado 3 sobre una escala de 5)<\/p>\n<p style=\"text-align: justify;\">\n<h5 style=\"text-align: justify;\">Fuentes<\/h5>\n<p style=\"text-align: justify;\"><strong><span style=\"text-decoration: underline;\"> <\/span><\/strong><\/p>\n<p style=\"text-align: justify;\">Aryon D. Rodrigues (1999), \u201c<em>Tupi<\/em>\u00ab. Dans <em>The Amazonian languages<\/em>, R.M.W. Dixon and Alexandra Y.Aikhenvald (eds) Cambridge University Press, 1999<\/p>\n<p style=\"text-align: justify;\">Cheryl Jensen (1999).\u201d<em>Tupi-Guarani<\/em>\u201d.Dans <em>The Amazonian languages<\/em>, R.M.W. Dixon and Alexandra Y.Aikhenvald (eds) Cambridge University Press, 1999<\/p>\n<p style=\"text-align: justify;\">CAMPBELL, George L. (2000), Compendium of the World&#8217;s Languages, Routledge, London &amp; New York, 1st ed. 1991, 2 vols.<\/p>\n","protected":false},"excerpt":{"rendered":"<p>\u00bfD\u00f3nde se hablan las lenguas tupi Estas lenguas son habladas en Am\u00e9rica del sur en una vasta zona que comprende Bolivia, Brasil, la Guayana Francesa, Paraguay y el Per\u00fa. N\u00famero total de hablantes (estimado) : Aproximadamente 4 140 000 seg\u00fan las cifras dadas por Aryon D. Rodrigues (AR, 1999) y Cheryl Jensen (CJ, 1999). NB [&hellip;]<\/p>\n","protected":false},"author":1,"featured_media":0,"parent":0,"menu_order":0,"comment_status":"closed","ping_status":"open","template":"","meta":{"footnotes":""},"class_list":["post-8225","page","type-page","status-publish","hentry"],"yoast_head":"<!-- This site is optimized with the Yoast SEO plugin v27.0 - https:\/\/yoast.com\/product\/yoast-seo-wordpress\/ -->\n<title>Familia de lenguas tupi - Sorosoro<\/title>\n<meta name=\"robots\" content=\"index, follow, max-snippet:-1, max-image-preview:large, max-video-preview:-1\" \/>\n<link rel=\"canonical\" href=\"https:\/\/www.sorosoro.org\/es\/familia-de-lenguas-tupi-guarani\/\" \/>\n<meta property=\"og:locale\" content=\"es_ES\" \/>\n<meta property=\"og:type\" content=\"article\" \/>\n<meta property=\"og:title\" content=\"Familia de lenguas tupi - Sorosoro\" \/>\n<meta property=\"og:description\" content=\"\u00bfD\u00f3nde se hablan las lenguas tupi Estas lenguas son habladas en Am\u00e9rica del sur en una vasta zona que comprende Bolivia, Brasil, la Guayana Francesa, Paraguay y el Per\u00fa. N\u00famero total de hablantes (estimado) : Aproximadamente 4 140 000 seg\u00fan las cifras dadas por Aryon D. Rodrigues (AR, 1999) y Cheryl Jensen (CJ, 1999). NB [&hellip;]\" \/>\n<meta property=\"og:url\" content=\"https:\/\/www.sorosoro.org\/es\/familia-de-lenguas-tupi-guarani\/\" \/>\n<meta property=\"og:site_name\" content=\"Sorosoro\" \/>\n<meta property=\"article:modified_time\" content=\"2011-10-31T09:09:13+00:00\" \/>\n<meta name=\"twitter:card\" content=\"summary_large_image\" \/>\n<meta name=\"twitter:label1\" content=\"Tiempo de lectura\" \/>\n\t<meta name=\"twitter:data1\" content=\"4 minutos\" \/>\n<script type=\"application\/ld+json\" class=\"yoast-schema-graph\">{\"@context\":\"https:\/\/schema.org\",\"@graph\":[{\"@type\":\"WebPage\",\"@id\":\"https:\/\/www.sorosoro.org\/es\/familia-de-lenguas-tupi-guarani\/\",\"url\":\"https:\/\/www.sorosoro.org\/es\/familia-de-lenguas-tupi-guarani\/\",\"name\":\"Familia de lenguas tupi - Sorosoro\",\"isPartOf\":{\"@id\":\"https:\/\/www.sorosoro.org\/es\/#website\"},\"datePublished\":\"2009-12-10T14:58:26+00:00\",\"dateModified\":\"2011-10-31T09:09:13+00:00\",\"breadcrumb\":{\"@id\":\"https:\/\/www.sorosoro.org\/es\/familia-de-lenguas-tupi-guarani\/#breadcrumb\"},\"inLanguage\":\"es\",\"potentialAction\":[{\"@type\":\"ReadAction\",\"target\":[\"https:\/\/www.sorosoro.org\/es\/familia-de-lenguas-tupi-guarani\/\"]}]},{\"@type\":\"BreadcrumbList\",\"@id\":\"https:\/\/www.sorosoro.org\/es\/familia-de-lenguas-tupi-guarani\/#breadcrumb\",\"itemListElement\":[{\"@type\":\"ListItem\",\"position\":1,\"name\":\"Accueil\",\"item\":\"https:\/\/www.sorosoro.org\/es\/\"},{\"@type\":\"ListItem\",\"position\":2,\"name\":\"Familia de lenguas tupi\"}]},{\"@type\":\"WebSite\",\"@id\":\"https:\/\/www.sorosoro.org\/es\/#website\",\"url\":\"https:\/\/www.sorosoro.org\/es\/\",\"name\":\"Sorosoro\",\"description\":\"Pour que vivent les langues du monde !\",\"potentialAction\":[{\"@type\":\"SearchAction\",\"target\":{\"@type\":\"EntryPoint\",\"urlTemplate\":\"https:\/\/www.sorosoro.org\/es\/?s={search_term_string}\"},\"query-input\":{\"@type\":\"PropertyValueSpecification\",\"valueRequired\":true,\"valueName\":\"search_term_string\"}}],\"inLanguage\":\"es\"}]}<\/script>\n<!-- \/ Yoast SEO plugin. -->","yoast_head_json":{"title":"Familia de lenguas tupi - Sorosoro","robots":{"index":"index","follow":"follow","max-snippet":"max-snippet:-1","max-image-preview":"max-image-preview:large","max-video-preview":"max-video-preview:-1"},"canonical":"https:\/\/www.sorosoro.org\/es\/familia-de-lenguas-tupi-guarani\/","og_locale":"es_ES","og_type":"article","og_title":"Familia de lenguas tupi - Sorosoro","og_description":"\u00bfD\u00f3nde se hablan las lenguas tupi Estas lenguas son habladas en Am\u00e9rica del sur en una vasta zona que comprende Bolivia, Brasil, la Guayana Francesa, Paraguay y el Per\u00fa. N\u00famero total de hablantes (estimado) : Aproximadamente 4 140 000 seg\u00fan las cifras dadas por Aryon D. Rodrigues (AR, 1999) y Cheryl Jensen (CJ, 1999). NB [&hellip;]","og_url":"https:\/\/www.sorosoro.org\/es\/familia-de-lenguas-tupi-guarani\/","og_site_name":"Sorosoro","article_modified_time":"2011-10-31T09:09:13+00:00","twitter_card":"summary_large_image","twitter_misc":{"Tiempo de lectura":"4 minutos"},"schema":{"@context":"https:\/\/schema.org","@graph":[{"@type":"WebPage","@id":"https:\/\/www.sorosoro.org\/es\/familia-de-lenguas-tupi-guarani\/","url":"https:\/\/www.sorosoro.org\/es\/familia-de-lenguas-tupi-guarani\/","name":"Familia de lenguas tupi - Sorosoro","isPartOf":{"@id":"https:\/\/www.sorosoro.org\/es\/#website"},"datePublished":"2009-12-10T14:58:26+00:00","dateModified":"2011-10-31T09:09:13+00:00","breadcrumb":{"@id":"https:\/\/www.sorosoro.org\/es\/familia-de-lenguas-tupi-guarani\/#breadcrumb"},"inLanguage":"es","potentialAction":[{"@type":"ReadAction","target":["https:\/\/www.sorosoro.org\/es\/familia-de-lenguas-tupi-guarani\/"]}]},{"@type":"BreadcrumbList","@id":"https:\/\/www.sorosoro.org\/es\/familia-de-lenguas-tupi-guarani\/#breadcrumb","itemListElement":[{"@type":"ListItem","position":1,"name":"Accueil","item":"https:\/\/www.sorosoro.org\/es\/"},{"@type":"ListItem","position":2,"name":"Familia de lenguas tupi"}]},{"@type":"WebSite","@id":"https:\/\/www.sorosoro.org\/es\/#website","url":"https:\/\/www.sorosoro.org\/es\/","name":"Sorosoro","description":"Pour que vivent les langues du monde !","potentialAction":[{"@type":"SearchAction","target":{"@type":"EntryPoint","urlTemplate":"https:\/\/www.sorosoro.org\/es\/?s={search_term_string}"},"query-input":{"@type":"PropertyValueSpecification","valueRequired":true,"valueName":"search_term_string"}}],"inLanguage":"es"}]}},"_links":{"self":[{"href":"https:\/\/www.sorosoro.org\/es\/wp-json\/wp\/v2\/pages\/8225","targetHints":{"allow":["GET"]}}],"collection":[{"href":"https:\/\/www.sorosoro.org\/es\/wp-json\/wp\/v2\/pages"}],"about":[{"href":"https:\/\/www.sorosoro.org\/es\/wp-json\/wp\/v2\/types\/page"}],"author":[{"embeddable":true,"href":"https:\/\/www.sorosoro.org\/es\/wp-json\/wp\/v2\/users\/1"}],"replies":[{"embeddable":true,"href":"https:\/\/www.sorosoro.org\/es\/wp-json\/wp\/v2\/comments?post=8225"}],"version-history":[{"count":0,"href":"https:\/\/www.sorosoro.org\/es\/wp-json\/wp\/v2\/pages\/8225\/revisions"}],"wp:attachment":[{"href":"https:\/\/www.sorosoro.org\/es\/wp-json\/wp\/v2\/media?parent=8225"}],"curies":[{"name":"wp","href":"https:\/\/api.w.org\/{rel}","templated":true}]}}