{"id":8221,"date":"2010-03-03T14:50:51","date_gmt":"2010-03-03T13:50:51","guid":{"rendered":"http:\/\/www.sorosoro.org\/?page_id=8221"},"modified":"2010-03-03T15:00:25","modified_gmt":"2010-03-03T14:00:25","slug":"familia-de-lenguas-tucanoanes","status":"publish","type":"page","link":"https:\/\/www.sorosoro.org\/es\/familia-de-lenguas-tucanoanes\/","title":{"rendered":"Familia de lenguas tucanas"},"content":{"rendered":"<h5>\u00bfD\u00f3nde se hablan las lenguas tucanas ?<\/h5>\n<p>Estas lenguas son habladas en las regiones amaz\u00f3nicas del Per\u00fa, del Ecuador, de Colombia y del Brasil.<\/p>\n<h5>N\u00famero total de hablantes (estimado) :<\/h5>\n<p>Aproximadamente  20 000 seg\u00fan las cifras dadas por Janet Barnes (JB, 1999)<\/p>\n<h5>Clasificaci\u00f3n<\/h5>\n<p>La familia de lenguas tucanas en nuestros d\u00edas cuenta con 18 lenguas activas.<\/p>\n<p style=\"padding-left: 30px;\">Rama Oeste<\/p>\n<p style=\"padding-left: 60px;\">Grupo Nor-Oeste<\/p>\n<p style=\"padding-left: 60px;\"><strong>Correguaje<\/strong> : 2 000 hablantes seg\u00fan JB<\/p>\n<p style=\"padding-left: 60px;\"><strong>Secoya<\/strong> : 400 hablantes seg\u00fan JB (1 500 para los siona y secoya conjunto UN)<\/p>\n<p style=\"padding-left: 60px;\"><strong>Siona<\/strong>: 300 hablantes seg\u00fan JB (La UNESCO da 1500 hablantes entre el siona et el secoya)<\/p>\n<p style=\"padding-left: 60px;\">Grupo Sur-Oeste<\/p>\n<p style=\"padding-left: 60px;\"><strong>Orej\u00f3n<\/strong>: 200 a 300 hablantes seg\u00fan JB<\/p>\n<p style=\"padding-left: 30px;\">Rama Central<\/p>\n<p style=\"padding-left: 60px;\"><strong>Cubeo<\/strong>: 6 000 hablantes seg\u00fan UNESCO y JB<\/p>\n<p style=\"padding-left: 60px;\"><strong>Tanimuca- Retuar\u00e3<\/strong>: 300 hablantes seg\u00fan JB<\/p>\n<p style=\"padding-left: 30px;\">Rama Este<\/p>\n<p style=\"padding-left: 60px;\">Grupo Nor-Este<\/p>\n<p style=\"padding-left: 60px;\"><strong>Piritapuya<\/strong>: 1100 hablantes seg\u00fan JB<\/p>\n<p style=\"padding-left: 60px;\"><strong>Tucano: <\/strong>4100 a 4600 hablantes<\/p>\n<p style=\"padding-left: 60px;\"><strong>Wanano<\/strong> : 650 hablantes seg\u00fan la UNESCO y 1 100 hablantes seg\u00fan JB<\/p>\n<p style=\"padding-left: 60px;\">Grupo Centro-Este<\/p>\n<p style=\"padding-left: 60px;\"><strong>Bar\u00e1<\/strong> (nombre alternativo: waimaj\u00e3): 121 hablantes seg\u00fan UNESCO y 500 a 600 seg\u00fan JB<\/p>\n<p style=\"padding-left: 60px;\"><strong>Carapana<\/strong>: 123 hablantes seg\u00fan UNESCO y 600 seg\u00fan JB<\/p>\n<p style=\"padding-left: 60px;\"><strong>Desano <\/strong>: 750 hablantes seg\u00fan UNESCO y 1 000 hablantes seg\u00fan JB<\/p>\n<p style=\"padding-left: 60px;\"><strong>Siriano<\/strong> : 71 hablantes seg\u00fan UNESCO y 250 a 300 hablantes seg\u00fan JB<\/p>\n<p style=\"padding-left: 60px;\"><strong>Tatuyo<\/strong> : 350 hablantes seg\u00fan JB<\/p>\n<p style=\"padding-left: 60px;\"><strong>Tuyuca<\/strong> : 800 hablantes seg\u00fan UNESCO y 725 seg\u00fan JB<\/p>\n<p style=\"padding-left: 60px;\"><strong>Yurut\u00ed<\/strong> : 200-250 hablantes seg\u00fan JB<\/p>\n<p style=\"padding-left: 60px;\">Grupo Sur-Este<\/p>\n<p style=\"padding-left: 60px;\"><strong>Barasano<\/strong> (nombre alternativo: taiwano) : 500 hablantes seg\u00fan la UNESCO y  250 seg\u00fan JB<\/p>\n<p style=\"padding-left: 60px;\"><strong>Macuna<\/strong> : 350 hablantes seg\u00fan JB<\/p>\n<h5>Comentarios sobre la classificaci\u00f3n de las lenguas tucanas :<\/h5>\n<p>Seguimos la clasificaci\u00f3n propuesta por Janet Barnes (1999).<\/p>\n<h5>\u00bfEst\u00e1n en peligro las lenguas tucanas?<\/h5>\n<p>S\u00ed, seg\u00fan la UNESCO todas estas lenguas est\u00e1n en peligro.<\/p>\n<p>El barasano, el yurut\u00ed, el orej\u00f3n  y el tanimuca-retuar\u00e3 ser\u00edan las m\u00e1s amenazadas, la UNESCO las considera \u00ab seriamente en peligro \u00bb (grado 3 sobre una escala de 5).<\/p>\n<p><strong><span style=\"text-decoration: underline;\">Fuentes<\/span><\/strong><\/p>\n<p>Barnes, J (1999). \u00ab\u00a0<em>Tucano<\/em> \u00bb art\u00edculo aparecido en <em>The Amazonian languages<\/em>, R.M.W. Dixon and Alexandra Y.Aikhenvald,(ed.) Cambridge University Press.<\/p>\n<p>Campbell, Lyle (1997). <em>American Indian languages: the historical linguistics of Native America<\/em>. Oxford: Oxford University Press.<\/p>\n","protected":false},"excerpt":{"rendered":"<p>\u00bfD\u00f3nde se hablan las lenguas tucanas ? Estas lenguas son habladas en las regiones amaz\u00f3nicas del Per\u00fa, del Ecuador, de Colombia y del Brasil. N\u00famero total de hablantes (estimado) : Aproximadamente 20 000 seg\u00fan las cifras dadas por Janet Barnes (JB, 1999) Clasificaci\u00f3n La familia de lenguas tucanas en nuestros d\u00edas cuenta con 18 lenguas [&hellip;]<\/p>\n","protected":false},"author":1,"featured_media":0,"parent":0,"menu_order":0,"comment_status":"closed","ping_status":"open","template":"","meta":{"footnotes":""},"class_list":["post-8221","page","type-page","status-publish","hentry"],"yoast_head":"<!-- This site is optimized with the Yoast SEO plugin v27.0 - https:\/\/yoast.com\/product\/yoast-seo-wordpress\/ -->\n<title>Familia de lenguas tucanas - Sorosoro<\/title>\n<meta name=\"robots\" content=\"index, follow, max-snippet:-1, max-image-preview:large, max-video-preview:-1\" \/>\n<link rel=\"canonical\" href=\"https:\/\/www.sorosoro.org\/es\/familia-de-lenguas-tucanoanes\/\" \/>\n<meta property=\"og:locale\" content=\"es_ES\" \/>\n<meta property=\"og:type\" content=\"article\" \/>\n<meta property=\"og:title\" content=\"Familia de lenguas tucanas - Sorosoro\" \/>\n<meta property=\"og:description\" content=\"\u00bfD\u00f3nde se hablan las lenguas tucanas ? Estas lenguas son habladas en las regiones amaz\u00f3nicas del Per\u00fa, del Ecuador, de Colombia y del Brasil. N\u00famero total de hablantes (estimado) : Aproximadamente 20 000 seg\u00fan las cifras dadas por Janet Barnes (JB, 1999) Clasificaci\u00f3n La familia de lenguas tucanas en nuestros d\u00edas cuenta con 18 lenguas [&hellip;]\" \/>\n<meta property=\"og:url\" content=\"https:\/\/www.sorosoro.org\/es\/familia-de-lenguas-tucanoanes\/\" \/>\n<meta property=\"og:site_name\" content=\"Sorosoro\" \/>\n<meta property=\"article:modified_time\" content=\"2010-03-03T14:00:25+00:00\" \/>\n<meta name=\"twitter:card\" content=\"summary_large_image\" \/>\n<meta name=\"twitter:label1\" content=\"Tiempo de lectura\" \/>\n\t<meta name=\"twitter:data1\" content=\"2 minutos\" \/>\n<script type=\"application\/ld+json\" class=\"yoast-schema-graph\">{\"@context\":\"https:\/\/schema.org\",\"@graph\":[{\"@type\":\"WebPage\",\"@id\":\"https:\/\/www.sorosoro.org\/es\/familia-de-lenguas-tucanoanes\/\",\"url\":\"https:\/\/www.sorosoro.org\/es\/familia-de-lenguas-tucanoanes\/\",\"name\":\"Familia de lenguas tucanas - Sorosoro\",\"isPartOf\":{\"@id\":\"https:\/\/www.sorosoro.org\/es\/#website\"},\"datePublished\":\"2010-03-03T13:50:51+00:00\",\"dateModified\":\"2010-03-03T14:00:25+00:00\",\"breadcrumb\":{\"@id\":\"https:\/\/www.sorosoro.org\/es\/familia-de-lenguas-tucanoanes\/#breadcrumb\"},\"inLanguage\":\"es\",\"potentialAction\":[{\"@type\":\"ReadAction\",\"target\":[\"https:\/\/www.sorosoro.org\/es\/familia-de-lenguas-tucanoanes\/\"]}]},{\"@type\":\"BreadcrumbList\",\"@id\":\"https:\/\/www.sorosoro.org\/es\/familia-de-lenguas-tucanoanes\/#breadcrumb\",\"itemListElement\":[{\"@type\":\"ListItem\",\"position\":1,\"name\":\"Accueil\",\"item\":\"https:\/\/www.sorosoro.org\/es\/\"},{\"@type\":\"ListItem\",\"position\":2,\"name\":\"Familia de lenguas tucanas\"}]},{\"@type\":\"WebSite\",\"@id\":\"https:\/\/www.sorosoro.org\/es\/#website\",\"url\":\"https:\/\/www.sorosoro.org\/es\/\",\"name\":\"Sorosoro\",\"description\":\"Pour que vivent les langues du monde !\",\"potentialAction\":[{\"@type\":\"SearchAction\",\"target\":{\"@type\":\"EntryPoint\",\"urlTemplate\":\"https:\/\/www.sorosoro.org\/es\/?s={search_term_string}\"},\"query-input\":{\"@type\":\"PropertyValueSpecification\",\"valueRequired\":true,\"valueName\":\"search_term_string\"}}],\"inLanguage\":\"es\"}]}<\/script>\n<!-- \/ Yoast SEO plugin. -->","yoast_head_json":{"title":"Familia de lenguas tucanas - Sorosoro","robots":{"index":"index","follow":"follow","max-snippet":"max-snippet:-1","max-image-preview":"max-image-preview:large","max-video-preview":"max-video-preview:-1"},"canonical":"https:\/\/www.sorosoro.org\/es\/familia-de-lenguas-tucanoanes\/","og_locale":"es_ES","og_type":"article","og_title":"Familia de lenguas tucanas - Sorosoro","og_description":"\u00bfD\u00f3nde se hablan las lenguas tucanas ? Estas lenguas son habladas en las regiones amaz\u00f3nicas del Per\u00fa, del Ecuador, de Colombia y del Brasil. N\u00famero total de hablantes (estimado) : Aproximadamente 20 000 seg\u00fan las cifras dadas por Janet Barnes (JB, 1999) Clasificaci\u00f3n La familia de lenguas tucanas en nuestros d\u00edas cuenta con 18 lenguas [&hellip;]","og_url":"https:\/\/www.sorosoro.org\/es\/familia-de-lenguas-tucanoanes\/","og_site_name":"Sorosoro","article_modified_time":"2010-03-03T14:00:25+00:00","twitter_card":"summary_large_image","twitter_misc":{"Tiempo de lectura":"2 minutos"},"schema":{"@context":"https:\/\/schema.org","@graph":[{"@type":"WebPage","@id":"https:\/\/www.sorosoro.org\/es\/familia-de-lenguas-tucanoanes\/","url":"https:\/\/www.sorosoro.org\/es\/familia-de-lenguas-tucanoanes\/","name":"Familia de lenguas tucanas - Sorosoro","isPartOf":{"@id":"https:\/\/www.sorosoro.org\/es\/#website"},"datePublished":"2010-03-03T13:50:51+00:00","dateModified":"2010-03-03T14:00:25+00:00","breadcrumb":{"@id":"https:\/\/www.sorosoro.org\/es\/familia-de-lenguas-tucanoanes\/#breadcrumb"},"inLanguage":"es","potentialAction":[{"@type":"ReadAction","target":["https:\/\/www.sorosoro.org\/es\/familia-de-lenguas-tucanoanes\/"]}]},{"@type":"BreadcrumbList","@id":"https:\/\/www.sorosoro.org\/es\/familia-de-lenguas-tucanoanes\/#breadcrumb","itemListElement":[{"@type":"ListItem","position":1,"name":"Accueil","item":"https:\/\/www.sorosoro.org\/es\/"},{"@type":"ListItem","position":2,"name":"Familia de lenguas tucanas"}]},{"@type":"WebSite","@id":"https:\/\/www.sorosoro.org\/es\/#website","url":"https:\/\/www.sorosoro.org\/es\/","name":"Sorosoro","description":"Pour que vivent les langues du monde !","potentialAction":[{"@type":"SearchAction","target":{"@type":"EntryPoint","urlTemplate":"https:\/\/www.sorosoro.org\/es\/?s={search_term_string}"},"query-input":{"@type":"PropertyValueSpecification","valueRequired":true,"valueName":"search_term_string"}}],"inLanguage":"es"}]}},"_links":{"self":[{"href":"https:\/\/www.sorosoro.org\/es\/wp-json\/wp\/v2\/pages\/8221","targetHints":{"allow":["GET"]}}],"collection":[{"href":"https:\/\/www.sorosoro.org\/es\/wp-json\/wp\/v2\/pages"}],"about":[{"href":"https:\/\/www.sorosoro.org\/es\/wp-json\/wp\/v2\/types\/page"}],"author":[{"embeddable":true,"href":"https:\/\/www.sorosoro.org\/es\/wp-json\/wp\/v2\/users\/1"}],"replies":[{"embeddable":true,"href":"https:\/\/www.sorosoro.org\/es\/wp-json\/wp\/v2\/comments?post=8221"}],"version-history":[{"count":0,"href":"https:\/\/www.sorosoro.org\/es\/wp-json\/wp\/v2\/pages\/8221\/revisions"}],"wp:attachment":[{"href":"https:\/\/www.sorosoro.org\/es\/wp-json\/wp\/v2\/media?parent=8221"}],"curies":[{"name":"wp","href":"https:\/\/api.w.org\/{rel}","templated":true}]}}