{"id":8161,"date":"2009-12-08T15:59:10","date_gmt":"2009-12-08T14:59:10","guid":{"rendered":"http:\/\/www.sorosoro.org\/?page_id=8161"},"modified":"2009-12-10T14:43:46","modified_gmt":"2009-12-10T13:43:46","slug":"familia-de-lenguas-paez-o-paezanas","status":"publish","type":"page","link":"https:\/\/www.sorosoro.org\/es\/familia-de-lenguas-paez-o-paezanas\/","title":{"rendered":"Familia de lenguas paez o paezanas"},"content":{"rendered":"<h5 style=\"text-align: justify;\">\u00bfD\u00f3nde se hablan las lenguas paez ?<\/h5>\n<p style=\"text-align: justify;\">Estas lenguas son habladas en la regi\u00f3n de los Andes en Colombia.<\/p>\n<h5 style=\"text-align: justify;\">N\u00famero total de hablantes (estimado) :<\/h5>\n<p style=\"text-align: justify;\">Aproximadamente 100 000 seg\u00fan la UNESCO<\/p>\n<p style=\"text-align: justify;\">Aproximadamente  90 000 seg\u00fan el site ethnologue.com<\/p>\n<h5 style=\"text-align: justify;\">Clasificaci\u00f3n<\/h5>\n<p style=\"text-align: justify;\">La familia de lenguas paez comprende dos lenguas activas.<\/p>\n<p style=\"padding-left: 30px; text-align: justify;\">Rama Paezana<\/p>\n<p style=\"padding-left: 60px; text-align: justify;\"><strong>Paez<\/strong> (nombre alternativo: paes) : 80 000 hablantes seg\u00fan la UNESCO y 77 400 seg\u00fan SIL<\/p>\n<p style=\"padding-left: 30px; text-align: justify;\">Rama Coconuco<\/p>\n<p style=\"padding-left: 60px; text-align: justify;\"><strong>Coconuco<\/strong> (nombre alternativo : cauca) : extinta seg\u00fan SIL<\/p>\n<p style=\"padding-left: 60px; text-align: justify;\"><strong>Guambiano-Moguez<\/strong> : 23 462  hablantes seg\u00fan la UNESCO y  23 500 seg\u00fan SIL<\/p>\n<h5 style=\"text-align: justify;\">Comentarios sobre la clasificaci\u00f3n de las lenguas paez:<\/h5>\n<p style=\"text-align: justify;\">Seguimos aqu\u00ed la clasificaci\u00f3n de Campbell (1997).<\/p>\n<p style=\"text-align: justify;\">No existe un consenso sobre la clasificaci\u00f3n de estas lenguas.<\/p>\n<p style=\"text-align: justify;\">La misma existencia de una familia paezana es discutida y en el transcurso de la historia, ha tenido contornos muy variables. El mismo paez siempre es considerado como aislado, el \u00fanico sobreviviente de una familia adoptada actualmente desaparecida.<\/p>\n<p style=\"text-align: justify;\">Las lenguas coconuco generalmente son clasificadas como una rama alejada de la familia barbacoane.<\/p>\n<h5 style=\"text-align: justify;\">\u00bfEst\u00e1n en peligro las lenguas paez?<\/h5>\n<p style=\"text-align: justify;\">S\u00ed, las dos lenguas sobrevivientes est\u00e1n en peligro seg\u00fan los criterios de la UNESCO. Seg\u00fan el site ethnologue.com la poblaci\u00f3n de hablantes estar\u00edan en v\u00edas de desarrollo, pero tal informaci\u00f3n necesita confirmarse. El coconuco, es muy probable que est\u00e9 extinto.<\/p>\n","protected":false},"excerpt":{"rendered":"<p>\u00bfD\u00f3nde se hablan las lenguas paez ? Estas lenguas son habladas en la regi\u00f3n de los Andes en Colombia. N\u00famero total de hablantes (estimado) : Aproximadamente 100 000 seg\u00fan la UNESCO Aproximadamente 90 000 seg\u00fan el site ethnologue.com Clasificaci\u00f3n La familia de lenguas paez comprende dos lenguas activas. Rama Paezana Paez (nombre alternativo: paes) : [&hellip;]<\/p>\n","protected":false},"author":1,"featured_media":0,"parent":0,"menu_order":0,"comment_status":"closed","ping_status":"open","template":"","meta":{"footnotes":""},"class_list":["post-8161","page","type-page","status-publish","hentry"],"yoast_head":"<!-- This site is optimized with the Yoast SEO plugin v27.0 - https:\/\/yoast.com\/product\/yoast-seo-wordpress\/ -->\n<title>Familia de lenguas paez o paezanas - Sorosoro<\/title>\n<meta name=\"robots\" content=\"index, follow, max-snippet:-1, max-image-preview:large, max-video-preview:-1\" \/>\n<link rel=\"canonical\" href=\"https:\/\/www.sorosoro.org\/es\/familia-de-lenguas-paez-o-paezanas\/\" \/>\n<meta property=\"og:locale\" content=\"es_ES\" \/>\n<meta property=\"og:type\" content=\"article\" \/>\n<meta property=\"og:title\" content=\"Familia de lenguas paez o paezanas - Sorosoro\" \/>\n<meta property=\"og:description\" content=\"\u00bfD\u00f3nde se hablan las lenguas paez ? Estas lenguas son habladas en la regi\u00f3n de los Andes en Colombia. N\u00famero total de hablantes (estimado) : Aproximadamente 100 000 seg\u00fan la UNESCO Aproximadamente 90 000 seg\u00fan el site ethnologue.com Clasificaci\u00f3n La familia de lenguas paez comprende dos lenguas activas. Rama Paezana Paez (nombre alternativo: paes) : [&hellip;]\" \/>\n<meta property=\"og:url\" content=\"https:\/\/www.sorosoro.org\/es\/familia-de-lenguas-paez-o-paezanas\/\" \/>\n<meta property=\"og:site_name\" content=\"Sorosoro\" \/>\n<meta property=\"article:modified_time\" content=\"2009-12-10T13:43:46+00:00\" \/>\n<meta name=\"twitter:card\" content=\"summary_large_image\" \/>\n<meta name=\"twitter:label1\" content=\"Tiempo de lectura\" \/>\n\t<meta name=\"twitter:data1\" content=\"1 minuto\" \/>\n<script type=\"application\/ld+json\" class=\"yoast-schema-graph\">{\"@context\":\"https:\/\/schema.org\",\"@graph\":[{\"@type\":\"WebPage\",\"@id\":\"https:\/\/www.sorosoro.org\/es\/familia-de-lenguas-paez-o-paezanas\/\",\"url\":\"https:\/\/www.sorosoro.org\/es\/familia-de-lenguas-paez-o-paezanas\/\",\"name\":\"Familia de lenguas paez o paezanas - Sorosoro\",\"isPartOf\":{\"@id\":\"https:\/\/www.sorosoro.org\/es\/#website\"},\"datePublished\":\"2009-12-08T14:59:10+00:00\",\"dateModified\":\"2009-12-10T13:43:46+00:00\",\"breadcrumb\":{\"@id\":\"https:\/\/www.sorosoro.org\/es\/familia-de-lenguas-paez-o-paezanas\/#breadcrumb\"},\"inLanguage\":\"es\",\"potentialAction\":[{\"@type\":\"ReadAction\",\"target\":[\"https:\/\/www.sorosoro.org\/es\/familia-de-lenguas-paez-o-paezanas\/\"]}]},{\"@type\":\"BreadcrumbList\",\"@id\":\"https:\/\/www.sorosoro.org\/es\/familia-de-lenguas-paez-o-paezanas\/#breadcrumb\",\"itemListElement\":[{\"@type\":\"ListItem\",\"position\":1,\"name\":\"Accueil\",\"item\":\"https:\/\/www.sorosoro.org\/es\/\"},{\"@type\":\"ListItem\",\"position\":2,\"name\":\"Familia de lenguas paez o paezanas\"}]},{\"@type\":\"WebSite\",\"@id\":\"https:\/\/www.sorosoro.org\/es\/#website\",\"url\":\"https:\/\/www.sorosoro.org\/es\/\",\"name\":\"Sorosoro\",\"description\":\"Pour que vivent les langues du monde !\",\"potentialAction\":[{\"@type\":\"SearchAction\",\"target\":{\"@type\":\"EntryPoint\",\"urlTemplate\":\"https:\/\/www.sorosoro.org\/es\/?s={search_term_string}\"},\"query-input\":{\"@type\":\"PropertyValueSpecification\",\"valueRequired\":true,\"valueName\":\"search_term_string\"}}],\"inLanguage\":\"es\"}]}<\/script>\n<!-- \/ Yoast SEO plugin. -->","yoast_head_json":{"title":"Familia de lenguas paez o paezanas - Sorosoro","robots":{"index":"index","follow":"follow","max-snippet":"max-snippet:-1","max-image-preview":"max-image-preview:large","max-video-preview":"max-video-preview:-1"},"canonical":"https:\/\/www.sorosoro.org\/es\/familia-de-lenguas-paez-o-paezanas\/","og_locale":"es_ES","og_type":"article","og_title":"Familia de lenguas paez o paezanas - Sorosoro","og_description":"\u00bfD\u00f3nde se hablan las lenguas paez ? Estas lenguas son habladas en la regi\u00f3n de los Andes en Colombia. N\u00famero total de hablantes (estimado) : Aproximadamente 100 000 seg\u00fan la UNESCO Aproximadamente 90 000 seg\u00fan el site ethnologue.com Clasificaci\u00f3n La familia de lenguas paez comprende dos lenguas activas. Rama Paezana Paez (nombre alternativo: paes) : [&hellip;]","og_url":"https:\/\/www.sorosoro.org\/es\/familia-de-lenguas-paez-o-paezanas\/","og_site_name":"Sorosoro","article_modified_time":"2009-12-10T13:43:46+00:00","twitter_card":"summary_large_image","twitter_misc":{"Tiempo de lectura":"1 minuto"},"schema":{"@context":"https:\/\/schema.org","@graph":[{"@type":"WebPage","@id":"https:\/\/www.sorosoro.org\/es\/familia-de-lenguas-paez-o-paezanas\/","url":"https:\/\/www.sorosoro.org\/es\/familia-de-lenguas-paez-o-paezanas\/","name":"Familia de lenguas paez o paezanas - Sorosoro","isPartOf":{"@id":"https:\/\/www.sorosoro.org\/es\/#website"},"datePublished":"2009-12-08T14:59:10+00:00","dateModified":"2009-12-10T13:43:46+00:00","breadcrumb":{"@id":"https:\/\/www.sorosoro.org\/es\/familia-de-lenguas-paez-o-paezanas\/#breadcrumb"},"inLanguage":"es","potentialAction":[{"@type":"ReadAction","target":["https:\/\/www.sorosoro.org\/es\/familia-de-lenguas-paez-o-paezanas\/"]}]},{"@type":"BreadcrumbList","@id":"https:\/\/www.sorosoro.org\/es\/familia-de-lenguas-paez-o-paezanas\/#breadcrumb","itemListElement":[{"@type":"ListItem","position":1,"name":"Accueil","item":"https:\/\/www.sorosoro.org\/es\/"},{"@type":"ListItem","position":2,"name":"Familia de lenguas paez o paezanas"}]},{"@type":"WebSite","@id":"https:\/\/www.sorosoro.org\/es\/#website","url":"https:\/\/www.sorosoro.org\/es\/","name":"Sorosoro","description":"Pour que vivent les langues du monde !","potentialAction":[{"@type":"SearchAction","target":{"@type":"EntryPoint","urlTemplate":"https:\/\/www.sorosoro.org\/es\/?s={search_term_string}"},"query-input":{"@type":"PropertyValueSpecification","valueRequired":true,"valueName":"search_term_string"}}],"inLanguage":"es"}]}},"_links":{"self":[{"href":"https:\/\/www.sorosoro.org\/es\/wp-json\/wp\/v2\/pages\/8161","targetHints":{"allow":["GET"]}}],"collection":[{"href":"https:\/\/www.sorosoro.org\/es\/wp-json\/wp\/v2\/pages"}],"about":[{"href":"https:\/\/www.sorosoro.org\/es\/wp-json\/wp\/v2\/types\/page"}],"author":[{"embeddable":true,"href":"https:\/\/www.sorosoro.org\/es\/wp-json\/wp\/v2\/users\/1"}],"replies":[{"embeddable":true,"href":"https:\/\/www.sorosoro.org\/es\/wp-json\/wp\/v2\/comments?post=8161"}],"version-history":[{"count":0,"href":"https:\/\/www.sorosoro.org\/es\/wp-json\/wp\/v2\/pages\/8161\/revisions"}],"wp:attachment":[{"href":"https:\/\/www.sorosoro.org\/es\/wp-json\/wp\/v2\/media?parent=8161"}],"curies":[{"name":"wp","href":"https:\/\/api.w.org\/{rel}","templated":true}]}}