{"id":8146,"date":"2009-12-08T15:45:30","date_gmt":"2009-12-08T14:45:30","guid":{"rendered":"http:\/\/www.sorosoro.org\/?page_id=8146"},"modified":"2010-03-03T16:59:12","modified_gmt":"2010-03-03T15:59:12","slug":"familia-de-lenguas-mosetenanes","status":"publish","type":"page","link":"https:\/\/www.sorosoro.org\/es\/familia-de-lenguas-mosetenanes\/","title":{"rendered":"Familia de lenguas moset\u00e9n"},"content":{"rendered":"<h5 style=\"text-align: justify;\">\u00bfD\u00f3nde se hablan las lenguas moset\u00e9n ?<\/h5>\n<p style=\"text-align: justify;\">Estas lenguas son habladas en Bolivia.<\/p>\n<h5 style=\"text-align: justify;\">N\u00famero total de hablantes (estimado) :<\/h5>\n<p style=\"text-align: justify;\">Aproximadamente 6000 seg\u00fan la  UNESCO<\/p>\n<h5 style=\"text-align: justify;\">Clasificaci\u00f3n<\/h5>\n<p style=\"text-align: justify;\">La familia de lenguas moset\u00e9n comprende dos lenguas  activas<\/p>\n<p style=\"padding-left: 60px; text-align: justify;\"><strong>Chimane<\/strong> (nombre alternativo : tsimane) : 5 300 hablantes seg\u00fan la UNESCO<\/p>\n<p style=\"padding-left: 60px; text-align: justify;\"><strong>Moset\u00e9n<\/strong> (nombres alternativos : rache ; tucupi) : 585 hablantes seg\u00fan la UNESCO<\/p>\n<h5 style=\"text-align: justify;\">Comentarios sobre las lenguas moset\u00e9n :<\/h5>\n<p style=\"text-align: justify;\">Seguimos la clasificaci\u00f3n de Campbell (1997).<\/p>\n<p style=\"text-align: justify;\">Estas dos lenguas siempre son consideradas como dos dialectos  de una misma lengua aislada.<\/p>\n<h5 style=\"text-align: justify;\">\u00bfEst\u00e1n en peligro las lenguas moset\u00e9n?<\/h5>\n<p style=\"text-align: justify;\">S\u00ed, la lengua moset\u00e9n probablemente siendo la m\u00e1s amenazada  est\u00e1 \u00ab seriamente en peligro \u00bb seg\u00fan los criterios de la UNESCO (grado 3 sobre una escala de 5). El chimane siempre  es \u00ab vulnerable \u00bb seg\u00fan los criterios de la UNESCO.<\/p>\n<p style=\"text-align: justify;\"><strong>Fuentes\u00a0:<\/strong><\/p>\n<p style=\"text-align: justify;\">Campbell, Lyle (1997). <em>American Indian languages: the historical linguistics of Native America<\/em>. Oxford: Oxford University Press.<\/p>\n","protected":false},"excerpt":{"rendered":"<p>\u00bfD\u00f3nde se hablan las lenguas moset\u00e9n ? Estas lenguas son habladas en Bolivia. N\u00famero total de hablantes (estimado) : Aproximadamente 6000 seg\u00fan la UNESCO Clasificaci\u00f3n La familia de lenguas moset\u00e9n comprende dos lenguas activas Chimane (nombre alternativo : tsimane) : 5 300 hablantes seg\u00fan la UNESCO Moset\u00e9n (nombres alternativos : rache ; tucupi) : 585 [&hellip;]<\/p>\n","protected":false},"author":1,"featured_media":0,"parent":0,"menu_order":0,"comment_status":"closed","ping_status":"open","template":"","meta":{"footnotes":""},"class_list":["post-8146","page","type-page","status-publish","hentry"],"yoast_head":"<!-- This site is optimized with the Yoast SEO plugin v27.0 - https:\/\/yoast.com\/product\/yoast-seo-wordpress\/ -->\n<title>Familia de lenguas moset\u00e9n - Sorosoro<\/title>\n<meta name=\"robots\" content=\"index, follow, max-snippet:-1, max-image-preview:large, max-video-preview:-1\" \/>\n<link rel=\"canonical\" href=\"https:\/\/www.sorosoro.org\/es\/familia-de-lenguas-mosetenanes\/\" \/>\n<meta property=\"og:locale\" content=\"es_ES\" \/>\n<meta property=\"og:type\" content=\"article\" \/>\n<meta property=\"og:title\" content=\"Familia de lenguas moset\u00e9n - Sorosoro\" \/>\n<meta property=\"og:description\" content=\"\u00bfD\u00f3nde se hablan las lenguas moset\u00e9n ? Estas lenguas son habladas en Bolivia. N\u00famero total de hablantes (estimado) : Aproximadamente 6000 seg\u00fan la UNESCO Clasificaci\u00f3n La familia de lenguas moset\u00e9n comprende dos lenguas activas Chimane (nombre alternativo : tsimane) : 5 300 hablantes seg\u00fan la UNESCO Moset\u00e9n (nombres alternativos : rache ; tucupi) : 585 [&hellip;]\" \/>\n<meta property=\"og:url\" content=\"https:\/\/www.sorosoro.org\/es\/familia-de-lenguas-mosetenanes\/\" \/>\n<meta property=\"og:site_name\" content=\"Sorosoro\" \/>\n<meta property=\"article:modified_time\" content=\"2010-03-03T15:59:12+00:00\" \/>\n<meta name=\"twitter:card\" content=\"summary_large_image\" \/>\n<meta name=\"twitter:label1\" content=\"Tiempo de lectura\" \/>\n\t<meta name=\"twitter:data1\" content=\"1 minuto\" \/>\n<script type=\"application\/ld+json\" class=\"yoast-schema-graph\">{\"@context\":\"https:\/\/schema.org\",\"@graph\":[{\"@type\":\"WebPage\",\"@id\":\"https:\/\/www.sorosoro.org\/es\/familia-de-lenguas-mosetenanes\/\",\"url\":\"https:\/\/www.sorosoro.org\/es\/familia-de-lenguas-mosetenanes\/\",\"name\":\"Familia de lenguas moset\u00e9n - Sorosoro\",\"isPartOf\":{\"@id\":\"https:\/\/www.sorosoro.org\/es\/#website\"},\"datePublished\":\"2009-12-08T14:45:30+00:00\",\"dateModified\":\"2010-03-03T15:59:12+00:00\",\"breadcrumb\":{\"@id\":\"https:\/\/www.sorosoro.org\/es\/familia-de-lenguas-mosetenanes\/#breadcrumb\"},\"inLanguage\":\"es\",\"potentialAction\":[{\"@type\":\"ReadAction\",\"target\":[\"https:\/\/www.sorosoro.org\/es\/familia-de-lenguas-mosetenanes\/\"]}]},{\"@type\":\"BreadcrumbList\",\"@id\":\"https:\/\/www.sorosoro.org\/es\/familia-de-lenguas-mosetenanes\/#breadcrumb\",\"itemListElement\":[{\"@type\":\"ListItem\",\"position\":1,\"name\":\"Accueil\",\"item\":\"https:\/\/www.sorosoro.org\/es\/\"},{\"@type\":\"ListItem\",\"position\":2,\"name\":\"Familia de lenguas moset\u00e9n\"}]},{\"@type\":\"WebSite\",\"@id\":\"https:\/\/www.sorosoro.org\/es\/#website\",\"url\":\"https:\/\/www.sorosoro.org\/es\/\",\"name\":\"Sorosoro\",\"description\":\"Pour que vivent les langues du monde !\",\"potentialAction\":[{\"@type\":\"SearchAction\",\"target\":{\"@type\":\"EntryPoint\",\"urlTemplate\":\"https:\/\/www.sorosoro.org\/es\/?s={search_term_string}\"},\"query-input\":{\"@type\":\"PropertyValueSpecification\",\"valueRequired\":true,\"valueName\":\"search_term_string\"}}],\"inLanguage\":\"es\"}]}<\/script>\n<!-- \/ Yoast SEO plugin. -->","yoast_head_json":{"title":"Familia de lenguas moset\u00e9n - Sorosoro","robots":{"index":"index","follow":"follow","max-snippet":"max-snippet:-1","max-image-preview":"max-image-preview:large","max-video-preview":"max-video-preview:-1"},"canonical":"https:\/\/www.sorosoro.org\/es\/familia-de-lenguas-mosetenanes\/","og_locale":"es_ES","og_type":"article","og_title":"Familia de lenguas moset\u00e9n - Sorosoro","og_description":"\u00bfD\u00f3nde se hablan las lenguas moset\u00e9n ? Estas lenguas son habladas en Bolivia. N\u00famero total de hablantes (estimado) : Aproximadamente 6000 seg\u00fan la UNESCO Clasificaci\u00f3n La familia de lenguas moset\u00e9n comprende dos lenguas activas Chimane (nombre alternativo : tsimane) : 5 300 hablantes seg\u00fan la UNESCO Moset\u00e9n (nombres alternativos : rache ; tucupi) : 585 [&hellip;]","og_url":"https:\/\/www.sorosoro.org\/es\/familia-de-lenguas-mosetenanes\/","og_site_name":"Sorosoro","article_modified_time":"2010-03-03T15:59:12+00:00","twitter_card":"summary_large_image","twitter_misc":{"Tiempo de lectura":"1 minuto"},"schema":{"@context":"https:\/\/schema.org","@graph":[{"@type":"WebPage","@id":"https:\/\/www.sorosoro.org\/es\/familia-de-lenguas-mosetenanes\/","url":"https:\/\/www.sorosoro.org\/es\/familia-de-lenguas-mosetenanes\/","name":"Familia de lenguas moset\u00e9n - Sorosoro","isPartOf":{"@id":"https:\/\/www.sorosoro.org\/es\/#website"},"datePublished":"2009-12-08T14:45:30+00:00","dateModified":"2010-03-03T15:59:12+00:00","breadcrumb":{"@id":"https:\/\/www.sorosoro.org\/es\/familia-de-lenguas-mosetenanes\/#breadcrumb"},"inLanguage":"es","potentialAction":[{"@type":"ReadAction","target":["https:\/\/www.sorosoro.org\/es\/familia-de-lenguas-mosetenanes\/"]}]},{"@type":"BreadcrumbList","@id":"https:\/\/www.sorosoro.org\/es\/familia-de-lenguas-mosetenanes\/#breadcrumb","itemListElement":[{"@type":"ListItem","position":1,"name":"Accueil","item":"https:\/\/www.sorosoro.org\/es\/"},{"@type":"ListItem","position":2,"name":"Familia de lenguas moset\u00e9n"}]},{"@type":"WebSite","@id":"https:\/\/www.sorosoro.org\/es\/#website","url":"https:\/\/www.sorosoro.org\/es\/","name":"Sorosoro","description":"Pour que vivent les langues du monde !","potentialAction":[{"@type":"SearchAction","target":{"@type":"EntryPoint","urlTemplate":"https:\/\/www.sorosoro.org\/es\/?s={search_term_string}"},"query-input":{"@type":"PropertyValueSpecification","valueRequired":true,"valueName":"search_term_string"}}],"inLanguage":"es"}]}},"_links":{"self":[{"href":"https:\/\/www.sorosoro.org\/es\/wp-json\/wp\/v2\/pages\/8146","targetHints":{"allow":["GET"]}}],"collection":[{"href":"https:\/\/www.sorosoro.org\/es\/wp-json\/wp\/v2\/pages"}],"about":[{"href":"https:\/\/www.sorosoro.org\/es\/wp-json\/wp\/v2\/types\/page"}],"author":[{"embeddable":true,"href":"https:\/\/www.sorosoro.org\/es\/wp-json\/wp\/v2\/users\/1"}],"replies":[{"embeddable":true,"href":"https:\/\/www.sorosoro.org\/es\/wp-json\/wp\/v2\/comments?post=8146"}],"version-history":[{"count":0,"href":"https:\/\/www.sorosoro.org\/es\/wp-json\/wp\/v2\/pages\/8146\/revisions"}],"wp:attachment":[{"href":"https:\/\/www.sorosoro.org\/es\/wp-json\/wp\/v2\/media?parent=8146"}],"curies":[{"name":"wp","href":"https:\/\/api.w.org\/{rel}","templated":true}]}}