{"id":8141,"date":"2009-12-09T10:51:13","date_gmt":"2009-12-09T09:51:13","guid":{"rendered":"http:\/\/www.sorosoro.org\/?page_id=8141"},"modified":"2011-02-15T01:38:59","modified_gmt":"2011-02-15T00:38:59","slug":"familia-de-lenguas-matacoanes","status":"publish","type":"page","link":"https:\/\/www.sorosoro.org\/es\/familia-de-lenguas-matacoanes\/","title":{"rendered":"Familia de lenguas matacoanas"},"content":{"rendered":"<h5 style=\"text-align: justify;\">\u00bfD\u00f3nde se hablan las lenguas matacoanas ?<\/h5>\n<p style=\"text-align: justify;\">Estas lenguas son habladas en Argentina, Bolivia y en el Paraguay.<\/p>\n<h5 style=\"text-align: justify;\">N\u00famero total de hablantes (estimado) :<\/h5>\n<p style=\"text-align: justify;\">Aproximadamente 60 000 seg\u00fan el site ethnologue.com<\/p>\n<h5 style=\"text-align: justify;\">Clasificaci\u00f3n<\/h5>\n<p style=\"text-align: justify;\">La familia de lenguas matacoanas cuenta actualmente con 4 o 5 lenguas activas, seg\u00fan las fuentes.<\/p>\n<p style=\"padding-left: 60px; text-align: justify;\"><strong>Chorote <\/strong>(nombre alternativo: yof\u00faaha) : 2 000 hablantes seg\u00fan UNESCO y 2 300 seg\u00fan SIL<\/p>\n<p style=\"padding-left: 60px; text-align: justify;\"><strong>Mac\u00e1<\/strong> (nombres alternativos: towolhi ; toothle ; nynaka ; mak\u2019\u00e1) : 1500 hablantes seg\u00fan SIL<\/p>\n<p style=\"padding-left: 60px; text-align: justify;\"><strong>Nivacl\u00e9<\/strong> (nombre alternativo: Ajlujlay) : 13 700 hablantes seg\u00fan SIL<\/p>\n<p style=\"padding-left: 60px; text-align: justify;\"><strong>Wich\u00ed<\/strong> (nombre alternativo: mataco) : 42 000 hablantes seg\u00fan SIL<\/p>\n<h5 style=\"text-align: justify;\">Comentarios sobre clasificaci\u00f3n de lenguas matacoanas :<\/h5>\n<p style=\"text-align: justify;\">Como el nombre \u201cmataco\u201d tiene una connotaci\u00f3n peyorativa, a esta familia tambi\u00e9n se le llama \u00abmataguaya\u201d.<\/p>\n<p style=\"text-align: justify;\">Seguimos aqu\u00ed la clasificaci\u00f3n propuesta por Campbell (1997).<\/p>\n<p style=\"text-align: justify;\">El wich\u00ed es un conjunto de 3 dialectos.<\/p>\n<p style=\"text-align: justify;\">Kaufmann ha propuesto un reagrupamiento hipot\u00e9tico de la familia matacoane con la familia waykuruane, la familia charruane y la familia maskoiane. El conjunto ser\u00eda una sola y misma super familia \u00ab macro-waykuruane \u00bb. Seg\u00fan Campbell, tal reagrupamiento por el momento es hipot\u00e9tico.<\/p>\n<h5 style=\"text-align: justify;\">\u00bfEst\u00e1n en peligro las lenguas matacoanas?<\/h5>\n<p style=\"text-align: justify;\">El chorote es una lengua en peligro seg\u00fan la UNESCO, igualmente considera al nivacl\u00e9 y al wich\u00ed como dos lenguas \u00ab vulnerables \u00bb.<\/p>\n<p style=\"text-align: justify;\">La UNESCO no proporciona elementos sobre la vitalidad del maca pero es muy probable que est\u00e9 igualmente amenazado.<\/p>\n<h5 style=\"text-align: justify;\">Fuentes<\/h5>\n<p style=\"text-align: justify;\">Campbell, Lyle (1997). <em>American Indian languages: the historical linguistics of Native America<\/em>. Oxford: Oxford University Press.<\/p>\n","protected":false},"excerpt":{"rendered":"<p>\u00bfD\u00f3nde se hablan las lenguas matacoanas ? Estas lenguas son habladas en Argentina, Bolivia y en el Paraguay. N\u00famero total de hablantes (estimado) : Aproximadamente 60 000 seg\u00fan el site ethnologue.com Clasificaci\u00f3n La familia de lenguas matacoanas cuenta actualmente con 4 o 5 lenguas activas, seg\u00fan las fuentes. Chorote (nombre alternativo: yof\u00faaha) : 2 000 [&hellip;]<\/p>\n","protected":false},"author":1,"featured_media":0,"parent":0,"menu_order":0,"comment_status":"closed","ping_status":"open","template":"","meta":{"footnotes":""},"class_list":["post-8141","page","type-page","status-publish","hentry"],"yoast_head":"<!-- This site is optimized with the Yoast SEO plugin v27.0 - https:\/\/yoast.com\/product\/yoast-seo-wordpress\/ -->\n<title>Familia de lenguas matacoanas - Sorosoro<\/title>\n<meta name=\"robots\" content=\"index, follow, max-snippet:-1, max-image-preview:large, max-video-preview:-1\" \/>\n<link rel=\"canonical\" href=\"https:\/\/www.sorosoro.org\/es\/familia-de-lenguas-matacoanes\/\" \/>\n<meta property=\"og:locale\" content=\"es_ES\" \/>\n<meta property=\"og:type\" content=\"article\" \/>\n<meta property=\"og:title\" content=\"Familia de lenguas matacoanas - Sorosoro\" \/>\n<meta property=\"og:description\" content=\"\u00bfD\u00f3nde se hablan las lenguas matacoanas ? Estas lenguas son habladas en Argentina, Bolivia y en el Paraguay. N\u00famero total de hablantes (estimado) : Aproximadamente 60 000 seg\u00fan el site ethnologue.com Clasificaci\u00f3n La familia de lenguas matacoanas cuenta actualmente con 4 o 5 lenguas activas, seg\u00fan las fuentes. Chorote (nombre alternativo: yof\u00faaha) : 2 000 [&hellip;]\" \/>\n<meta property=\"og:url\" content=\"https:\/\/www.sorosoro.org\/es\/familia-de-lenguas-matacoanes\/\" \/>\n<meta property=\"og:site_name\" content=\"Sorosoro\" \/>\n<meta property=\"article:modified_time\" content=\"2011-02-15T00:38:59+00:00\" \/>\n<meta name=\"twitter:card\" content=\"summary_large_image\" \/>\n<meta name=\"twitter:label1\" content=\"Tiempo de lectura\" \/>\n\t<meta name=\"twitter:data1\" content=\"1 minuto\" \/>\n<script type=\"application\/ld+json\" class=\"yoast-schema-graph\">{\"@context\":\"https:\/\/schema.org\",\"@graph\":[{\"@type\":\"WebPage\",\"@id\":\"https:\/\/www.sorosoro.org\/es\/familia-de-lenguas-matacoanes\/\",\"url\":\"https:\/\/www.sorosoro.org\/es\/familia-de-lenguas-matacoanes\/\",\"name\":\"Familia de lenguas matacoanas - Sorosoro\",\"isPartOf\":{\"@id\":\"https:\/\/www.sorosoro.org\/es\/#website\"},\"datePublished\":\"2009-12-09T09:51:13+00:00\",\"dateModified\":\"2011-02-15T00:38:59+00:00\",\"breadcrumb\":{\"@id\":\"https:\/\/www.sorosoro.org\/es\/familia-de-lenguas-matacoanes\/#breadcrumb\"},\"inLanguage\":\"es\",\"potentialAction\":[{\"@type\":\"ReadAction\",\"target\":[\"https:\/\/www.sorosoro.org\/es\/familia-de-lenguas-matacoanes\/\"]}]},{\"@type\":\"BreadcrumbList\",\"@id\":\"https:\/\/www.sorosoro.org\/es\/familia-de-lenguas-matacoanes\/#breadcrumb\",\"itemListElement\":[{\"@type\":\"ListItem\",\"position\":1,\"name\":\"Accueil\",\"item\":\"https:\/\/www.sorosoro.org\/es\/\"},{\"@type\":\"ListItem\",\"position\":2,\"name\":\"Familia de lenguas matacoanas\"}]},{\"@type\":\"WebSite\",\"@id\":\"https:\/\/www.sorosoro.org\/es\/#website\",\"url\":\"https:\/\/www.sorosoro.org\/es\/\",\"name\":\"Sorosoro\",\"description\":\"Pour que vivent les langues du monde !\",\"potentialAction\":[{\"@type\":\"SearchAction\",\"target\":{\"@type\":\"EntryPoint\",\"urlTemplate\":\"https:\/\/www.sorosoro.org\/es\/?s={search_term_string}\"},\"query-input\":{\"@type\":\"PropertyValueSpecification\",\"valueRequired\":true,\"valueName\":\"search_term_string\"}}],\"inLanguage\":\"es\"}]}<\/script>\n<!-- \/ Yoast SEO plugin. -->","yoast_head_json":{"title":"Familia de lenguas matacoanas - Sorosoro","robots":{"index":"index","follow":"follow","max-snippet":"max-snippet:-1","max-image-preview":"max-image-preview:large","max-video-preview":"max-video-preview:-1"},"canonical":"https:\/\/www.sorosoro.org\/es\/familia-de-lenguas-matacoanes\/","og_locale":"es_ES","og_type":"article","og_title":"Familia de lenguas matacoanas - Sorosoro","og_description":"\u00bfD\u00f3nde se hablan las lenguas matacoanas ? Estas lenguas son habladas en Argentina, Bolivia y en el Paraguay. N\u00famero total de hablantes (estimado) : Aproximadamente 60 000 seg\u00fan el site ethnologue.com Clasificaci\u00f3n La familia de lenguas matacoanas cuenta actualmente con 4 o 5 lenguas activas, seg\u00fan las fuentes. Chorote (nombre alternativo: yof\u00faaha) : 2 000 [&hellip;]","og_url":"https:\/\/www.sorosoro.org\/es\/familia-de-lenguas-matacoanes\/","og_site_name":"Sorosoro","article_modified_time":"2011-02-15T00:38:59+00:00","twitter_card":"summary_large_image","twitter_misc":{"Tiempo de lectura":"1 minuto"},"schema":{"@context":"https:\/\/schema.org","@graph":[{"@type":"WebPage","@id":"https:\/\/www.sorosoro.org\/es\/familia-de-lenguas-matacoanes\/","url":"https:\/\/www.sorosoro.org\/es\/familia-de-lenguas-matacoanes\/","name":"Familia de lenguas matacoanas - Sorosoro","isPartOf":{"@id":"https:\/\/www.sorosoro.org\/es\/#website"},"datePublished":"2009-12-09T09:51:13+00:00","dateModified":"2011-02-15T00:38:59+00:00","breadcrumb":{"@id":"https:\/\/www.sorosoro.org\/es\/familia-de-lenguas-matacoanes\/#breadcrumb"},"inLanguage":"es","potentialAction":[{"@type":"ReadAction","target":["https:\/\/www.sorosoro.org\/es\/familia-de-lenguas-matacoanes\/"]}]},{"@type":"BreadcrumbList","@id":"https:\/\/www.sorosoro.org\/es\/familia-de-lenguas-matacoanes\/#breadcrumb","itemListElement":[{"@type":"ListItem","position":1,"name":"Accueil","item":"https:\/\/www.sorosoro.org\/es\/"},{"@type":"ListItem","position":2,"name":"Familia de lenguas matacoanas"}]},{"@type":"WebSite","@id":"https:\/\/www.sorosoro.org\/es\/#website","url":"https:\/\/www.sorosoro.org\/es\/","name":"Sorosoro","description":"Pour que vivent les langues du monde !","potentialAction":[{"@type":"SearchAction","target":{"@type":"EntryPoint","urlTemplate":"https:\/\/www.sorosoro.org\/es\/?s={search_term_string}"},"query-input":{"@type":"PropertyValueSpecification","valueRequired":true,"valueName":"search_term_string"}}],"inLanguage":"es"}]}},"_links":{"self":[{"href":"https:\/\/www.sorosoro.org\/es\/wp-json\/wp\/v2\/pages\/8141","targetHints":{"allow":["GET"]}}],"collection":[{"href":"https:\/\/www.sorosoro.org\/es\/wp-json\/wp\/v2\/pages"}],"about":[{"href":"https:\/\/www.sorosoro.org\/es\/wp-json\/wp\/v2\/types\/page"}],"author":[{"embeddable":true,"href":"https:\/\/www.sorosoro.org\/es\/wp-json\/wp\/v2\/users\/1"}],"replies":[{"embeddable":true,"href":"https:\/\/www.sorosoro.org\/es\/wp-json\/wp\/v2\/comments?post=8141"}],"version-history":[{"count":0,"href":"https:\/\/www.sorosoro.org\/es\/wp-json\/wp\/v2\/pages\/8141\/revisions"}],"wp:attachment":[{"href":"https:\/\/www.sorosoro.org\/es\/wp-json\/wp\/v2\/media?parent=8141"}],"curies":[{"name":"wp","href":"https:\/\/api.w.org\/{rel}","templated":true}]}}