{"id":8109,"date":"2009-12-10T12:02:11","date_gmt":"2009-12-10T11:02:11","guid":{"rendered":"http:\/\/www.sorosoro.org\/?page_id=8109"},"modified":"2010-03-03T16:55:16","modified_gmt":"2010-03-03T15:55:16","slug":"familia-de-lenguas-katukinanes","status":"publish","type":"page","link":"https:\/\/www.sorosoro.org\/es\/familia-de-lenguas-katukinanes\/","title":{"rendered":"Familia de lenguas katukina"},"content":{"rendered":"<h5>\u00bfD\u00f3nde se hablan las lenguas katukina?<\/h5>\n<p>Estas lenguas son habladas en los estados del Amazonas y del Acre en el Brasil.<\/p>\n<h5>N\u00famero total de hablantes (estimado) :<\/h5>\n<p>Aproximadamente 900 seg\u00fan las cifras dadas por Rodrigues (AR, 1986)<\/p>\n<h5>Clasificaci\u00f3n<\/h5>\n<p>La familia de las lenguas katukina cuenta con 4 lenguas activas en 1986 (AR)<\/p>\n<p style=\"padding-left: 60px;\"><strong>Kanamar\u00ed<\/strong>: 600 hablantes seg\u00fan AR<\/p>\n<p style=\"padding-left: 60px;\"><strong>Katawix\u00ed<\/strong>: 10 hablantes seg\u00fan AR<\/p>\n<p style=\"padding-left: 60px;\"><strong>Katukina do B\u00eda <\/strong>: 250 hablantes seg\u00fan AR<\/p>\n<p style=\"padding-left: 60px;\"><strong>Txunhu\u00e3-djap\u00e1:<\/strong> 30 hablantes seg\u00fan AR<\/p>\n<h5>Comentarios sobre la clasificaci\u00f3n de las lenguas katukina :<\/h5>\n<p>Seguimos la clasificaci\u00f3n de Rodrigues (1986).<\/p>\n<p>No existe un consenso sobre la clasificaci\u00f3n de estas lenguas que siempre son consideradas como un gran conjunto dialectal.<\/p>\n<h5>\u00bfEst\u00e1n en peligro las lenguas katukina?<\/h5>\n<p>S\u00ed, todas estas lenguas est\u00e1n en peligro.<\/p>\n<p>No existe mucha informaci\u00f3n sobre su vitalidad, pero la UNESCO reconoce una sola lengua para el kanamari, el katukina y el txunhu\u00e3-djap\u00e1, y lo considera como una unidad vulnerable.<\/p>\n<p>Le katawix\u00ed estar\u00eda a punto de extinguirse si es que aun no lo est\u00e1.<\/p>\n<p><strong><span style=\"text-decoration: underline;\">Fuentes <\/span><\/strong><\/p>\n<p>Rodrigues, Aryon D.(1986), <em>L\u00ednguas brasileiras. Para o conhecimento das l\u00ednguas ind\u00edgenas. <\/em>Loyola, S\u00e3o Paulo,<\/p>\n<p>Campbell, Lyle (1997). <em>American Indian languages: the historical linguistics of Native America<\/em>. Oxford University Press. Oxford.<\/p>\n","protected":false},"excerpt":{"rendered":"<p>\u00bfD\u00f3nde se hablan las lenguas katukina? Estas lenguas son habladas en los estados del Amazonas y del Acre en el Brasil. N\u00famero total de hablantes (estimado) : Aproximadamente 900 seg\u00fan las cifras dadas por Rodrigues (AR, 1986) Clasificaci\u00f3n La familia de las lenguas katukina cuenta con 4 lenguas activas en 1986 (AR) Kanamar\u00ed: 600 hablantes [&hellip;]<\/p>\n","protected":false},"author":1,"featured_media":0,"parent":0,"menu_order":0,"comment_status":"closed","ping_status":"open","template":"","meta":{"footnotes":""},"class_list":["post-8109","page","type-page","status-publish","hentry"],"yoast_head":"<!-- This site is optimized with the Yoast SEO plugin v27.0 - https:\/\/yoast.com\/product\/yoast-seo-wordpress\/ -->\n<title>Familia de lenguas katukina - Sorosoro<\/title>\n<meta name=\"robots\" content=\"index, follow, max-snippet:-1, max-image-preview:large, max-video-preview:-1\" \/>\n<link rel=\"canonical\" href=\"https:\/\/www.sorosoro.org\/es\/familia-de-lenguas-katukinanes\/\" \/>\n<meta property=\"og:locale\" content=\"es_ES\" \/>\n<meta property=\"og:type\" content=\"article\" \/>\n<meta property=\"og:title\" content=\"Familia de lenguas katukina - Sorosoro\" \/>\n<meta property=\"og:description\" content=\"\u00bfD\u00f3nde se hablan las lenguas katukina? Estas lenguas son habladas en los estados del Amazonas y del Acre en el Brasil. N\u00famero total de hablantes (estimado) : Aproximadamente 900 seg\u00fan las cifras dadas por Rodrigues (AR, 1986) Clasificaci\u00f3n La familia de las lenguas katukina cuenta con 4 lenguas activas en 1986 (AR) Kanamar\u00ed: 600 hablantes [&hellip;]\" \/>\n<meta property=\"og:url\" content=\"https:\/\/www.sorosoro.org\/es\/familia-de-lenguas-katukinanes\/\" \/>\n<meta property=\"og:site_name\" content=\"Sorosoro\" \/>\n<meta property=\"article:modified_time\" content=\"2010-03-03T15:55:16+00:00\" \/>\n<meta name=\"twitter:card\" content=\"summary_large_image\" \/>\n<meta name=\"twitter:label1\" content=\"Tiempo de lectura\" \/>\n\t<meta name=\"twitter:data1\" content=\"1 minuto\" \/>\n<script type=\"application\/ld+json\" class=\"yoast-schema-graph\">{\"@context\":\"https:\/\/schema.org\",\"@graph\":[{\"@type\":\"WebPage\",\"@id\":\"https:\/\/www.sorosoro.org\/es\/familia-de-lenguas-katukinanes\/\",\"url\":\"https:\/\/www.sorosoro.org\/es\/familia-de-lenguas-katukinanes\/\",\"name\":\"Familia de lenguas katukina - Sorosoro\",\"isPartOf\":{\"@id\":\"https:\/\/www.sorosoro.org\/es\/#website\"},\"datePublished\":\"2009-12-10T11:02:11+00:00\",\"dateModified\":\"2010-03-03T15:55:16+00:00\",\"breadcrumb\":{\"@id\":\"https:\/\/www.sorosoro.org\/es\/familia-de-lenguas-katukinanes\/#breadcrumb\"},\"inLanguage\":\"es\",\"potentialAction\":[{\"@type\":\"ReadAction\",\"target\":[\"https:\/\/www.sorosoro.org\/es\/familia-de-lenguas-katukinanes\/\"]}]},{\"@type\":\"BreadcrumbList\",\"@id\":\"https:\/\/www.sorosoro.org\/es\/familia-de-lenguas-katukinanes\/#breadcrumb\",\"itemListElement\":[{\"@type\":\"ListItem\",\"position\":1,\"name\":\"Accueil\",\"item\":\"https:\/\/www.sorosoro.org\/es\/\"},{\"@type\":\"ListItem\",\"position\":2,\"name\":\"Familia de lenguas katukina\"}]},{\"@type\":\"WebSite\",\"@id\":\"https:\/\/www.sorosoro.org\/es\/#website\",\"url\":\"https:\/\/www.sorosoro.org\/es\/\",\"name\":\"Sorosoro\",\"description\":\"Pour que vivent les langues du monde !\",\"potentialAction\":[{\"@type\":\"SearchAction\",\"target\":{\"@type\":\"EntryPoint\",\"urlTemplate\":\"https:\/\/www.sorosoro.org\/es\/?s={search_term_string}\"},\"query-input\":{\"@type\":\"PropertyValueSpecification\",\"valueRequired\":true,\"valueName\":\"search_term_string\"}}],\"inLanguage\":\"es\"}]}<\/script>\n<!-- \/ Yoast SEO plugin. -->","yoast_head_json":{"title":"Familia de lenguas katukina - Sorosoro","robots":{"index":"index","follow":"follow","max-snippet":"max-snippet:-1","max-image-preview":"max-image-preview:large","max-video-preview":"max-video-preview:-1"},"canonical":"https:\/\/www.sorosoro.org\/es\/familia-de-lenguas-katukinanes\/","og_locale":"es_ES","og_type":"article","og_title":"Familia de lenguas katukina - Sorosoro","og_description":"\u00bfD\u00f3nde se hablan las lenguas katukina? Estas lenguas son habladas en los estados del Amazonas y del Acre en el Brasil. N\u00famero total de hablantes (estimado) : Aproximadamente 900 seg\u00fan las cifras dadas por Rodrigues (AR, 1986) Clasificaci\u00f3n La familia de las lenguas katukina cuenta con 4 lenguas activas en 1986 (AR) Kanamar\u00ed: 600 hablantes [&hellip;]","og_url":"https:\/\/www.sorosoro.org\/es\/familia-de-lenguas-katukinanes\/","og_site_name":"Sorosoro","article_modified_time":"2010-03-03T15:55:16+00:00","twitter_card":"summary_large_image","twitter_misc":{"Tiempo de lectura":"1 minuto"},"schema":{"@context":"https:\/\/schema.org","@graph":[{"@type":"WebPage","@id":"https:\/\/www.sorosoro.org\/es\/familia-de-lenguas-katukinanes\/","url":"https:\/\/www.sorosoro.org\/es\/familia-de-lenguas-katukinanes\/","name":"Familia de lenguas katukina - Sorosoro","isPartOf":{"@id":"https:\/\/www.sorosoro.org\/es\/#website"},"datePublished":"2009-12-10T11:02:11+00:00","dateModified":"2010-03-03T15:55:16+00:00","breadcrumb":{"@id":"https:\/\/www.sorosoro.org\/es\/familia-de-lenguas-katukinanes\/#breadcrumb"},"inLanguage":"es","potentialAction":[{"@type":"ReadAction","target":["https:\/\/www.sorosoro.org\/es\/familia-de-lenguas-katukinanes\/"]}]},{"@type":"BreadcrumbList","@id":"https:\/\/www.sorosoro.org\/es\/familia-de-lenguas-katukinanes\/#breadcrumb","itemListElement":[{"@type":"ListItem","position":1,"name":"Accueil","item":"https:\/\/www.sorosoro.org\/es\/"},{"@type":"ListItem","position":2,"name":"Familia de lenguas katukina"}]},{"@type":"WebSite","@id":"https:\/\/www.sorosoro.org\/es\/#website","url":"https:\/\/www.sorosoro.org\/es\/","name":"Sorosoro","description":"Pour que vivent les langues du monde !","potentialAction":[{"@type":"SearchAction","target":{"@type":"EntryPoint","urlTemplate":"https:\/\/www.sorosoro.org\/es\/?s={search_term_string}"},"query-input":{"@type":"PropertyValueSpecification","valueRequired":true,"valueName":"search_term_string"}}],"inLanguage":"es"}]}},"_links":{"self":[{"href":"https:\/\/www.sorosoro.org\/es\/wp-json\/wp\/v2\/pages\/8109","targetHints":{"allow":["GET"]}}],"collection":[{"href":"https:\/\/www.sorosoro.org\/es\/wp-json\/wp\/v2\/pages"}],"about":[{"href":"https:\/\/www.sorosoro.org\/es\/wp-json\/wp\/v2\/types\/page"}],"author":[{"embeddable":true,"href":"https:\/\/www.sorosoro.org\/es\/wp-json\/wp\/v2\/users\/1"}],"replies":[{"embeddable":true,"href":"https:\/\/www.sorosoro.org\/es\/wp-json\/wp\/v2\/comments?post=8109"}],"version-history":[{"count":0,"href":"https:\/\/www.sorosoro.org\/es\/wp-json\/wp\/v2\/pages\/8109\/revisions"}],"wp:attachment":[{"href":"https:\/\/www.sorosoro.org\/es\/wp-json\/wp\/v2\/media?parent=8109"}],"curies":[{"name":"wp","href":"https:\/\/api.w.org\/{rel}","templated":true}]}}