{"id":8105,"date":"2009-12-10T11:59:04","date_gmt":"2009-12-10T10:59:04","guid":{"rendered":"http:\/\/www.sorosoro.org\/?page_id=8105"},"modified":"2010-03-03T15:25:03","modified_gmt":"2010-03-03T14:25:03","slug":"familia-de-las-lenguas-jabuti","status":"publish","type":"page","link":"https:\/\/www.sorosoro.org\/es\/familia-de-las-lenguas-jabuti\/","title":{"rendered":"Familia de las lenguas jabuti"},"content":{"rendered":"<h5 style=\"text-align: justify;\">\u00bfD\u00f3nde se hablan las lenguas jabuti?<\/h5>\n<p style=\"text-align: justify;\">Estas lenguas son habladas en el estado de Rond\u00f4nia en el Brasil.<\/p>\n<h5 style=\"text-align: justify;\">N\u00famero total de hablantes (estimatido) :<\/h5>\n<p style=\"text-align: justify;\">Aproximadamente una treintena seg\u00fan la UNESCO<\/p>\n<h5 style=\"text-align: justify;\">Clasificaci\u00f3n<\/h5>\n<p style=\"text-align: justify;\">La familia de lenguas jabuti consta de un o dos lenguas activas.<\/p>\n<p style=\"padding-left: 60px; text-align: justify;\"><strong>Arikap\u00fa<\/strong> : 2 hablantes seg\u00fan la UNESCO<\/p>\n<p style=\"padding-left: 60px; text-align: justify;\"><strong>Jabuti<\/strong> (nombre alternativo: djeoromitxi) : 30 hablantes seg\u00fan la UNESCO<\/p>\n<h5 style=\"text-align: justify;\">Comentarios sobre la clasificaci\u00f3n de languas jabuti:<\/h5>\n<p style=\"text-align: justify;\">Aqu\u00ed seguimos la clasificaci\u00f3n dada por Campbell (1997).<\/p>\n<p style=\"text-align: justify;\">Estas dos lenguas siempre son consideradas como dos aisladas cuyos contactos geogr\u00e1ficos habr\u00edan favorecido numerosos pr\u00e9stamos mutuos.  Es completamente posible que este reagrupamiento por tanto solo sea un reagrupamiento geogr\u00e1fico y no puramente ling\u00fc\u00edsitco. Por el momento este asunto no ha sido verdaderamente zanjado.<\/p>\n<p style=\"text-align: justify;\">Igualmente ha sido propuesto que estas dos lenguas constituyan una rama alejada de la familia Macro-G\u00ea, pero esta comparaci\u00f3n en este momento es hipot\u00e9tico.<\/p>\n<h5 style=\"text-align: justify;\">\u00bfEst\u00e1n en peligro las lenguas jabuti?<\/h5>\n<p style=\"text-align: justify;\">S\u00ed, estas dos lenguas est\u00e1n por extinguirse si aun no ha sido as\u00ed.<\/p>\n<h5 style=\"text-align: justify;\">Fuentes<\/h5>\n<p style=\"text-align: justify;\">Campbell, Lyle (1997). <em>American Indian languages: the historical linguistics of Native America<\/em>. Oxford: Oxford University Press.<\/p>\n","protected":false},"excerpt":{"rendered":"<p>\u00bfD\u00f3nde se hablan las lenguas jabuti? Estas lenguas son habladas en el estado de Rond\u00f4nia en el Brasil. N\u00famero total de hablantes (estimatido) : Aproximadamente una treintena seg\u00fan la UNESCO Clasificaci\u00f3n La familia de lenguas jabuti consta de un o dos lenguas activas. Arikap\u00fa : 2 hablantes seg\u00fan la UNESCO Jabuti (nombre alternativo: djeoromitxi) : [&hellip;]<\/p>\n","protected":false},"author":1,"featured_media":0,"parent":0,"menu_order":0,"comment_status":"closed","ping_status":"open","template":"","meta":{"footnotes":""},"class_list":["post-8105","page","type-page","status-publish","hentry"],"yoast_head":"<!-- This site is optimized with the Yoast SEO plugin v27.0 - https:\/\/yoast.com\/product\/yoast-seo-wordpress\/ -->\n<title>Familia de las lenguas jabuti - Sorosoro<\/title>\n<meta name=\"robots\" content=\"index, follow, max-snippet:-1, max-image-preview:large, max-video-preview:-1\" \/>\n<link rel=\"canonical\" href=\"https:\/\/www.sorosoro.org\/es\/familia-de-las-lenguas-jabuti\/\" \/>\n<meta property=\"og:locale\" content=\"es_ES\" \/>\n<meta property=\"og:type\" content=\"article\" \/>\n<meta property=\"og:title\" content=\"Familia de las lenguas jabuti - Sorosoro\" \/>\n<meta property=\"og:description\" content=\"\u00bfD\u00f3nde se hablan las lenguas jabuti? Estas lenguas son habladas en el estado de Rond\u00f4nia en el Brasil. N\u00famero total de hablantes (estimatido) : Aproximadamente una treintena seg\u00fan la UNESCO Clasificaci\u00f3n La familia de lenguas jabuti consta de un o dos lenguas activas. Arikap\u00fa : 2 hablantes seg\u00fan la UNESCO Jabuti (nombre alternativo: djeoromitxi) : [&hellip;]\" \/>\n<meta property=\"og:url\" content=\"https:\/\/www.sorosoro.org\/es\/familia-de-las-lenguas-jabuti\/\" \/>\n<meta property=\"og:site_name\" content=\"Sorosoro\" \/>\n<meta property=\"article:modified_time\" content=\"2010-03-03T14:25:03+00:00\" \/>\n<meta name=\"twitter:card\" content=\"summary_large_image\" \/>\n<meta name=\"twitter:label1\" content=\"Tiempo de lectura\" \/>\n\t<meta name=\"twitter:data1\" content=\"1 minuto\" \/>\n<script type=\"application\/ld+json\" class=\"yoast-schema-graph\">{\"@context\":\"https:\/\/schema.org\",\"@graph\":[{\"@type\":\"WebPage\",\"@id\":\"https:\/\/www.sorosoro.org\/es\/familia-de-las-lenguas-jabuti\/\",\"url\":\"https:\/\/www.sorosoro.org\/es\/familia-de-las-lenguas-jabuti\/\",\"name\":\"Familia de las lenguas jabuti - Sorosoro\",\"isPartOf\":{\"@id\":\"https:\/\/www.sorosoro.org\/es\/#website\"},\"datePublished\":\"2009-12-10T10:59:04+00:00\",\"dateModified\":\"2010-03-03T14:25:03+00:00\",\"breadcrumb\":{\"@id\":\"https:\/\/www.sorosoro.org\/es\/familia-de-las-lenguas-jabuti\/#breadcrumb\"},\"inLanguage\":\"es\",\"potentialAction\":[{\"@type\":\"ReadAction\",\"target\":[\"https:\/\/www.sorosoro.org\/es\/familia-de-las-lenguas-jabuti\/\"]}]},{\"@type\":\"BreadcrumbList\",\"@id\":\"https:\/\/www.sorosoro.org\/es\/familia-de-las-lenguas-jabuti\/#breadcrumb\",\"itemListElement\":[{\"@type\":\"ListItem\",\"position\":1,\"name\":\"Accueil\",\"item\":\"https:\/\/www.sorosoro.org\/es\/\"},{\"@type\":\"ListItem\",\"position\":2,\"name\":\"Familia de las lenguas jabuti\"}]},{\"@type\":\"WebSite\",\"@id\":\"https:\/\/www.sorosoro.org\/es\/#website\",\"url\":\"https:\/\/www.sorosoro.org\/es\/\",\"name\":\"Sorosoro\",\"description\":\"Pour que vivent les langues du monde !\",\"potentialAction\":[{\"@type\":\"SearchAction\",\"target\":{\"@type\":\"EntryPoint\",\"urlTemplate\":\"https:\/\/www.sorosoro.org\/es\/?s={search_term_string}\"},\"query-input\":{\"@type\":\"PropertyValueSpecification\",\"valueRequired\":true,\"valueName\":\"search_term_string\"}}],\"inLanguage\":\"es\"}]}<\/script>\n<!-- \/ Yoast SEO plugin. -->","yoast_head_json":{"title":"Familia de las lenguas jabuti - Sorosoro","robots":{"index":"index","follow":"follow","max-snippet":"max-snippet:-1","max-image-preview":"max-image-preview:large","max-video-preview":"max-video-preview:-1"},"canonical":"https:\/\/www.sorosoro.org\/es\/familia-de-las-lenguas-jabuti\/","og_locale":"es_ES","og_type":"article","og_title":"Familia de las lenguas jabuti - Sorosoro","og_description":"\u00bfD\u00f3nde se hablan las lenguas jabuti? Estas lenguas son habladas en el estado de Rond\u00f4nia en el Brasil. N\u00famero total de hablantes (estimatido) : Aproximadamente una treintena seg\u00fan la UNESCO Clasificaci\u00f3n La familia de lenguas jabuti consta de un o dos lenguas activas. Arikap\u00fa : 2 hablantes seg\u00fan la UNESCO Jabuti (nombre alternativo: djeoromitxi) : [&hellip;]","og_url":"https:\/\/www.sorosoro.org\/es\/familia-de-las-lenguas-jabuti\/","og_site_name":"Sorosoro","article_modified_time":"2010-03-03T14:25:03+00:00","twitter_card":"summary_large_image","twitter_misc":{"Tiempo de lectura":"1 minuto"},"schema":{"@context":"https:\/\/schema.org","@graph":[{"@type":"WebPage","@id":"https:\/\/www.sorosoro.org\/es\/familia-de-las-lenguas-jabuti\/","url":"https:\/\/www.sorosoro.org\/es\/familia-de-las-lenguas-jabuti\/","name":"Familia de las lenguas jabuti - Sorosoro","isPartOf":{"@id":"https:\/\/www.sorosoro.org\/es\/#website"},"datePublished":"2009-12-10T10:59:04+00:00","dateModified":"2010-03-03T14:25:03+00:00","breadcrumb":{"@id":"https:\/\/www.sorosoro.org\/es\/familia-de-las-lenguas-jabuti\/#breadcrumb"},"inLanguage":"es","potentialAction":[{"@type":"ReadAction","target":["https:\/\/www.sorosoro.org\/es\/familia-de-las-lenguas-jabuti\/"]}]},{"@type":"BreadcrumbList","@id":"https:\/\/www.sorosoro.org\/es\/familia-de-las-lenguas-jabuti\/#breadcrumb","itemListElement":[{"@type":"ListItem","position":1,"name":"Accueil","item":"https:\/\/www.sorosoro.org\/es\/"},{"@type":"ListItem","position":2,"name":"Familia de las lenguas jabuti"}]},{"@type":"WebSite","@id":"https:\/\/www.sorosoro.org\/es\/#website","url":"https:\/\/www.sorosoro.org\/es\/","name":"Sorosoro","description":"Pour que vivent les langues du monde !","potentialAction":[{"@type":"SearchAction","target":{"@type":"EntryPoint","urlTemplate":"https:\/\/www.sorosoro.org\/es\/?s={search_term_string}"},"query-input":{"@type":"PropertyValueSpecification","valueRequired":true,"valueName":"search_term_string"}}],"inLanguage":"es"}]}},"_links":{"self":[{"href":"https:\/\/www.sorosoro.org\/es\/wp-json\/wp\/v2\/pages\/8105","targetHints":{"allow":["GET"]}}],"collection":[{"href":"https:\/\/www.sorosoro.org\/es\/wp-json\/wp\/v2\/pages"}],"about":[{"href":"https:\/\/www.sorosoro.org\/es\/wp-json\/wp\/v2\/types\/page"}],"author":[{"embeddable":true,"href":"https:\/\/www.sorosoro.org\/es\/wp-json\/wp\/v2\/users\/1"}],"replies":[{"embeddable":true,"href":"https:\/\/www.sorosoro.org\/es\/wp-json\/wp\/v2\/comments?post=8105"}],"version-history":[{"count":0,"href":"https:\/\/www.sorosoro.org\/es\/wp-json\/wp\/v2\/pages\/8105\/revisions"}],"wp:attachment":[{"href":"https:\/\/www.sorosoro.org\/es\/wp-json\/wp\/v2\/media?parent=8105"}],"curies":[{"name":"wp","href":"https:\/\/api.w.org\/{rel}","templated":true}]}}