{"id":8098,"date":"2009-12-08T14:25:17","date_gmt":"2009-12-08T13:25:17","guid":{"rendered":"http:\/\/www.sorosoro.org\/?page_id=8098"},"modified":"2011-10-27T14:16:31","modified_gmt":"2011-10-27T12:16:31","slug":"familia-de-familias-guaicuruanes-o-waikuruanes","status":"publish","type":"page","link":"https:\/\/www.sorosoro.org\/es\/familia-de-familias-guaicuruanes-o-waikuruanes\/","title":{"rendered":"Familia de lenguas guaicuruanes o waikuruanes"},"content":{"rendered":"<h5 style=\"text-align: justify;\">\u00bfD\u00f3nde se hablan las lenguas guaicuruanes ?<\/h5>\n<p style=\"text-align: justify;\">Estas lenguas se hablan en la regi\u00f3n del Chaco en Argentina, Brasil, Bolivia y en Paraguay.<\/p>\n<h5 style=\"text-align: justify;\">N\u00famero total de hablantes (estimado) :<\/h5>\n<p style=\"text-align: justify;\">Aproximadamente 36 600 seg\u00fan  la UNESCO<\/p>\n<p style=\"text-align: justify;\">Aproximadamente  31 500 seg\u00fan el site ethnologue.com (SIL)<\/p>\n<h5 style=\"text-align: justify;\">Clasificaci\u00f3n<\/h5>\n<p style=\"text-align: justify;\">La familia de lenguas guaicuruanes  cuenta con 4 lenguas activas.<\/p>\n<p style=\"padding-left: 30px; text-align: justify;\"><span style=\"text-decoration: underline;\">Rama <\/span><span style=\"text-decoration: underline;\">mbay\u00e1<\/span><\/p>\n<p style=\"padding-left: 60px; text-align: justify;\"><a href=\"https:\/\/www.sorosoro.org\/es\/el-kadiweu\"><strong>Kadiw\u00e9u<\/strong><\/a> (nombres alternativos: <em>Caduv\u00e9o, Mbay\u00e1, Ejiwajigi<\/em>) : 1 600 hablantes seg\u00fan la  UNESCO y 1 590 seg\u00fan SIL<\/p>\n<p style=\"padding-left: 30px; text-align: justify;\">\n<p style=\"padding-left: 30px; text-align: justify;\">Rama Sud<\/p>\n<p style=\"padding-left: 60px; text-align: justify;\"><strong>Pilag\u00e1<\/strong> (nombre alternativo: pilac\u00e1) : 3000 hablantes seg\u00fan la UNESCO  y 4000 seg\u00fan SIL<\/p>\n<p style=\"padding-left: 60px; text-align: justify;\"><strong>Toba<\/strong> (nombres alternativos: chaco sur ; qom) 30 000 hablantes seg\u00fan la UNESCO y 21 410 seg\u00fan SIL<\/p>\n<p style=\"padding-left: 60px; text-align: justify;\"><strong>Mocov\u00ed <\/strong>: 2 000 hablantes seg\u00fan UNESCO  y 4 530 seg\u00fan SIL<\/p>\n<p style=\"padding-left: 60px; text-align: justify;\"><strong>Abip\u00f3n<\/strong> (nombre alternativo: callaga) : extinta<\/p>\n<p style=\"padding-left: 60px; text-align: justify;\">\n<p style=\"padding-left: 30px; text-align: justify;\">Rama Est<\/p>\n<p style=\"padding-left: 60px; text-align: justify;\"><strong>Guach\u00ed<\/strong> : extinta<\/p>\n<p style=\"padding-left: 60px; text-align: justify;\"><strong>Payagu\u00e1<\/strong> : extinta<\/p>\n<h5 style=\"text-align: justify;\">Comentarios sobre la clasificaci\u00f3n de las lenguas guaicuruanes :<\/h5>\n<p style=\"text-align: justify;\">Aqu\u00ed seguimos la clasificaci\u00f3n dada por Campbell (1997).<\/p>\n<p style=\"text-align: justify;\">Kaufmann ha propuesto un reagrupamiento hipot\u00e9tico de la familia matacoane con la familia waykuruane, la familia charruane y la familia maskoine en una sola y misma superfamilia \u00ab macro-waykuruane \u00bb. Pero seg\u00fan Campbell, por el momento tal reagrupamiento queda hipot\u00e9tico.<\/p>\n<h5 style=\"text-align: justify;\">\u00bfEst\u00e1n en peligro las lenguas guaicuruanes ?<\/h5>\n<p style=\"text-align: justify;\">Seg\u00fan la UNESCO, todas las lenguas aun activas de esta familia est\u00e1n en peligro (grado 2 sobre una escala de 5)<\/p>\n<h5 style=\"text-align: justify;\">Fuentes<\/h5>\n<p style=\"text-align: justify;\">Campbell, Lyle (1997). <em>American Indian languages: the historical linguistics of Native America<\/em>. Oxford: Oxford University Press.<\/p>\n","protected":false},"excerpt":{"rendered":"<p>\u00bfD\u00f3nde se hablan las lenguas guaicuruanes ? Estas lenguas se hablan en la regi\u00f3n del Chaco en Argentina, Brasil, Bolivia y en Paraguay. N\u00famero total de hablantes (estimado) : Aproximadamente 36 600 seg\u00fan la UNESCO Aproximadamente 31 500 seg\u00fan el site ethnologue.com (SIL) Clasificaci\u00f3n La familia de lenguas guaicuruanes cuenta con 4 lenguas activas. Rama [&hellip;]<\/p>\n","protected":false},"author":1,"featured_media":0,"parent":0,"menu_order":0,"comment_status":"closed","ping_status":"open","template":"","meta":{"footnotes":""},"class_list":["post-8098","page","type-page","status-publish","hentry"],"yoast_head":"<!-- This site is optimized with the Yoast SEO plugin v27.0 - https:\/\/yoast.com\/product\/yoast-seo-wordpress\/ -->\n<title>Familia de lenguas guaicuruanes o waikuruanes - Sorosoro<\/title>\n<meta name=\"robots\" content=\"index, follow, max-snippet:-1, max-image-preview:large, max-video-preview:-1\" \/>\n<link rel=\"canonical\" href=\"https:\/\/www.sorosoro.org\/es\/familia-de-familias-guaicuruanes-o-waikuruanes\/\" \/>\n<meta property=\"og:locale\" content=\"es_ES\" \/>\n<meta property=\"og:type\" content=\"article\" \/>\n<meta property=\"og:title\" content=\"Familia de lenguas guaicuruanes o waikuruanes - Sorosoro\" \/>\n<meta property=\"og:description\" content=\"\u00bfD\u00f3nde se hablan las lenguas guaicuruanes ? Estas lenguas se hablan en la regi\u00f3n del Chaco en Argentina, Brasil, Bolivia y en Paraguay. N\u00famero total de hablantes (estimado) : Aproximadamente 36 600 seg\u00fan la UNESCO Aproximadamente 31 500 seg\u00fan el site ethnologue.com (SIL) Clasificaci\u00f3n La familia de lenguas guaicuruanes cuenta con 4 lenguas activas. Rama [&hellip;]\" \/>\n<meta property=\"og:url\" content=\"https:\/\/www.sorosoro.org\/es\/familia-de-familias-guaicuruanes-o-waikuruanes\/\" \/>\n<meta property=\"og:site_name\" content=\"Sorosoro\" \/>\n<meta property=\"article:modified_time\" content=\"2011-10-27T12:16:31+00:00\" \/>\n<meta name=\"twitter:card\" content=\"summary_large_image\" \/>\n<meta name=\"twitter:label1\" content=\"Tiempo de lectura\" \/>\n\t<meta name=\"twitter:data1\" content=\"1 minuto\" \/>\n<script type=\"application\/ld+json\" class=\"yoast-schema-graph\">{\"@context\":\"https:\/\/schema.org\",\"@graph\":[{\"@type\":\"WebPage\",\"@id\":\"https:\/\/www.sorosoro.org\/es\/familia-de-familias-guaicuruanes-o-waikuruanes\/\",\"url\":\"https:\/\/www.sorosoro.org\/es\/familia-de-familias-guaicuruanes-o-waikuruanes\/\",\"name\":\"Familia de lenguas guaicuruanes o waikuruanes - Sorosoro\",\"isPartOf\":{\"@id\":\"https:\/\/www.sorosoro.org\/es\/#website\"},\"datePublished\":\"2009-12-08T13:25:17+00:00\",\"dateModified\":\"2011-10-27T12:16:31+00:00\",\"breadcrumb\":{\"@id\":\"https:\/\/www.sorosoro.org\/es\/familia-de-familias-guaicuruanes-o-waikuruanes\/#breadcrumb\"},\"inLanguage\":\"es\",\"potentialAction\":[{\"@type\":\"ReadAction\",\"target\":[\"https:\/\/www.sorosoro.org\/es\/familia-de-familias-guaicuruanes-o-waikuruanes\/\"]}]},{\"@type\":\"BreadcrumbList\",\"@id\":\"https:\/\/www.sorosoro.org\/es\/familia-de-familias-guaicuruanes-o-waikuruanes\/#breadcrumb\",\"itemListElement\":[{\"@type\":\"ListItem\",\"position\":1,\"name\":\"Accueil\",\"item\":\"https:\/\/www.sorosoro.org\/es\/\"},{\"@type\":\"ListItem\",\"position\":2,\"name\":\"Familia de lenguas guaicuruanes o waikuruanes\"}]},{\"@type\":\"WebSite\",\"@id\":\"https:\/\/www.sorosoro.org\/es\/#website\",\"url\":\"https:\/\/www.sorosoro.org\/es\/\",\"name\":\"Sorosoro\",\"description\":\"Pour que vivent les langues du monde !\",\"potentialAction\":[{\"@type\":\"SearchAction\",\"target\":{\"@type\":\"EntryPoint\",\"urlTemplate\":\"https:\/\/www.sorosoro.org\/es\/?s={search_term_string}\"},\"query-input\":{\"@type\":\"PropertyValueSpecification\",\"valueRequired\":true,\"valueName\":\"search_term_string\"}}],\"inLanguage\":\"es\"}]}<\/script>\n<!-- \/ Yoast SEO plugin. -->","yoast_head_json":{"title":"Familia de lenguas guaicuruanes o waikuruanes - Sorosoro","robots":{"index":"index","follow":"follow","max-snippet":"max-snippet:-1","max-image-preview":"max-image-preview:large","max-video-preview":"max-video-preview:-1"},"canonical":"https:\/\/www.sorosoro.org\/es\/familia-de-familias-guaicuruanes-o-waikuruanes\/","og_locale":"es_ES","og_type":"article","og_title":"Familia de lenguas guaicuruanes o waikuruanes - Sorosoro","og_description":"\u00bfD\u00f3nde se hablan las lenguas guaicuruanes ? Estas lenguas se hablan en la regi\u00f3n del Chaco en Argentina, Brasil, Bolivia y en Paraguay. N\u00famero total de hablantes (estimado) : Aproximadamente 36 600 seg\u00fan la UNESCO Aproximadamente 31 500 seg\u00fan el site ethnologue.com (SIL) Clasificaci\u00f3n La familia de lenguas guaicuruanes cuenta con 4 lenguas activas. Rama [&hellip;]","og_url":"https:\/\/www.sorosoro.org\/es\/familia-de-familias-guaicuruanes-o-waikuruanes\/","og_site_name":"Sorosoro","article_modified_time":"2011-10-27T12:16:31+00:00","twitter_card":"summary_large_image","twitter_misc":{"Tiempo de lectura":"1 minuto"},"schema":{"@context":"https:\/\/schema.org","@graph":[{"@type":"WebPage","@id":"https:\/\/www.sorosoro.org\/es\/familia-de-familias-guaicuruanes-o-waikuruanes\/","url":"https:\/\/www.sorosoro.org\/es\/familia-de-familias-guaicuruanes-o-waikuruanes\/","name":"Familia de lenguas guaicuruanes o waikuruanes - Sorosoro","isPartOf":{"@id":"https:\/\/www.sorosoro.org\/es\/#website"},"datePublished":"2009-12-08T13:25:17+00:00","dateModified":"2011-10-27T12:16:31+00:00","breadcrumb":{"@id":"https:\/\/www.sorosoro.org\/es\/familia-de-familias-guaicuruanes-o-waikuruanes\/#breadcrumb"},"inLanguage":"es","potentialAction":[{"@type":"ReadAction","target":["https:\/\/www.sorosoro.org\/es\/familia-de-familias-guaicuruanes-o-waikuruanes\/"]}]},{"@type":"BreadcrumbList","@id":"https:\/\/www.sorosoro.org\/es\/familia-de-familias-guaicuruanes-o-waikuruanes\/#breadcrumb","itemListElement":[{"@type":"ListItem","position":1,"name":"Accueil","item":"https:\/\/www.sorosoro.org\/es\/"},{"@type":"ListItem","position":2,"name":"Familia de lenguas guaicuruanes o waikuruanes"}]},{"@type":"WebSite","@id":"https:\/\/www.sorosoro.org\/es\/#website","url":"https:\/\/www.sorosoro.org\/es\/","name":"Sorosoro","description":"Pour que vivent les langues du monde !","potentialAction":[{"@type":"SearchAction","target":{"@type":"EntryPoint","urlTemplate":"https:\/\/www.sorosoro.org\/es\/?s={search_term_string}"},"query-input":{"@type":"PropertyValueSpecification","valueRequired":true,"valueName":"search_term_string"}}],"inLanguage":"es"}]}},"_links":{"self":[{"href":"https:\/\/www.sorosoro.org\/es\/wp-json\/wp\/v2\/pages\/8098","targetHints":{"allow":["GET"]}}],"collection":[{"href":"https:\/\/www.sorosoro.org\/es\/wp-json\/wp\/v2\/pages"}],"about":[{"href":"https:\/\/www.sorosoro.org\/es\/wp-json\/wp\/v2\/types\/page"}],"author":[{"embeddable":true,"href":"https:\/\/www.sorosoro.org\/es\/wp-json\/wp\/v2\/users\/1"}],"replies":[{"embeddable":true,"href":"https:\/\/www.sorosoro.org\/es\/wp-json\/wp\/v2\/comments?post=8098"}],"version-history":[{"count":0,"href":"https:\/\/www.sorosoro.org\/es\/wp-json\/wp\/v2\/pages\/8098\/revisions"}],"wp:attachment":[{"href":"https:\/\/www.sorosoro.org\/es\/wp-json\/wp\/v2\/media?parent=8098"}],"curies":[{"name":"wp","href":"https:\/\/api.w.org\/{rel}","templated":true}]}}