{"id":8086,"date":"2009-12-10T11:54:59","date_gmt":"2009-12-10T10:54:59","guid":{"rendered":"http:\/\/www.sorosoro.org\/?page_id=8086"},"modified":"2010-03-03T17:09:50","modified_gmt":"2010-03-03T16:09:50","slug":"familia-de-las-lenguas-guahibo","status":"publish","type":"page","link":"https:\/\/www.sorosoro.org\/es\/familia-de-las-lenguas-guahibo\/","title":{"rendered":"Familia de las lenguas guahibo"},"content":{"rendered":"<h5 style=\"text-align: justify;\">\u00bfD\u00f3nde se hablan las lenguas guahibo?<\/h5>\n<p style=\"text-align: justify;\">Estas lenguas principalmente son habladas en Colombia y tambi\u00e9n  hay hablantes de sikuani en Venezuela.<\/p>\n<h5 style=\"text-align: justify;\">N\u00famero total de hablantes (estimado) :<\/h5>\n<p style=\"text-align: justify;\">Aproximadamente 23 000 seg\u00fan las cifras dadas por Dixon &amp; Aikhenvald (D&amp;A, 1999)<\/p>\n<p style=\"text-align: justify;\">Aproximadamente 40 000 seg\u00fan el site ethnologue.com (SIL)<\/p>\n<p style=\"text-align: justify;\">Las cifras dadas por la UNESCO est\u00e1n muy divididas para permitir una evaluaci\u00f3n de la poblaci\u00f3n global.<\/p>\n<h5 style=\"text-align: justify;\">Clasificaci\u00f3n<\/h5>\n<p style=\"padding-left: 60px; text-align: justify;\"><strong>Cuiba<\/strong>: 2 445 hablantes seg\u00fan la UNESCO, 2 830 seg\u00fan SIL y 2 000 seg\u00fan D&amp;A<\/p>\n<p style=\"padding-left: 60px; text-align: justify;\"><strong>Guahibo<\/strong> (nombre alternativo: sikuani) : 34 000 hablantes seg\u00fan la UNESCO y SIL, y 20 000 seg\u00fan D&amp;A<\/p>\n<p style=\"padding-left: 60px; text-align: justify;\"><strong>Guayabero:<\/strong> 1118 seg\u00fan la UNESCO, 2000 hablantes seg\u00fan SIL y  800 seg\u00fan D&amp;A<\/p>\n<p style=\"padding-left: 60px; text-align: justify;\"><strong>Macagu\u00e1n<\/strong> (nombre alternativo: jitnu) : 1 010 hablantes seg\u00fan SIL y180 seg\u00fan D&amp;A<\/p>\n<p style=\"padding-left: 60px; text-align: justify;\"><strong>Playero<\/strong> : 240 hablantes seg\u00fan SIL y 150 seg\u00fan D&amp;A<\/p>\n<h5 style=\"text-align: justify;\">Comentarios sobre la clasificaci\u00f3n de las lenguas guahibo :<\/h5>\n<p style=\"text-align: justify;\">Nosotros aqu\u00ed seguimos la clasificaci\u00f3n dada por  Dixon &amp; Aikhenvald (D&amp;A, 1999).<\/p>\n<p style=\"text-align: justify;\">El guahibo y el cuiba son dos conjuntos dialectales.El macagu\u00e1n y el playero siempre son clasificados como dialectos del guahibo. Por tanto, seg\u00fan las fuentes, el n\u00famero de lenguas se sit\u00faa entre 3 y 5.<\/p>\n<p style=\"text-align: justify;\">Durante mucho tiempo, la familia guahibo ha sido clasificada en el seno de la familia arawak, pero las similitudes entre estas dos familias desde ahora son atribuidas a los contactos ling\u00fc\u00edsticos.<\/p>\n<h5 style=\"text-align: justify;\">\u00bfEst\u00e1n en peligro las lenguas guahibo?<\/h5>\n<p style=\"text-align: justify;\">S\u00ed, todas estas lenguas est\u00e1n en peligro.<\/p>\n<p style=\"text-align: justify;\">El cuiba est\u00e1 considerado \u00ab seriamente en peligro \u00bb por la UNESCO, se trata probablemente de la lengua m\u00e1s amenazada de la familia.<\/p>\n<p style=\"text-align: justify;\">El macagu\u00e1n y el guayabero est\u00e1n en peligro y el guahibo est\u00e1 considerado \u00ab vulnerable \u00bb por la UNESCO.<\/p>\n<p style=\"text-align: justify;\">La UNESCO no da ninguna estimaci\u00f3n sobre la vitalidad de playero.<\/p>\n<p style=\"text-align: justify;\"><strong><span style=\"text-decoration: underline;\">Fuentes<\/span><\/strong><strong><\/strong><\/p>\n<p style=\"text-align: justify;\">Dixon, R.M.W &amp; Aikhenvald, A.Y. (1999), \u201c<em>Other small families and isolates\u201d<\/em> in <em>The Amazonian languages<\/em>, R.M.W. Dixon and Alexandra Y.Aikhenvald(ed), Cambridge University Press.<\/p>\n<p style=\"text-align: justify;\">Campbell, Lyle (1997). <em>American Indian languages: the historical linguistics of Native America<\/em>. Oxford: Oxford University Press.<\/p>\n","protected":false},"excerpt":{"rendered":"<p>\u00bfD\u00f3nde se hablan las lenguas guahibo? Estas lenguas principalmente son habladas en Colombia y tambi\u00e9n hay hablantes de sikuani en Venezuela. N\u00famero total de hablantes (estimado) : Aproximadamente 23 000 seg\u00fan las cifras dadas por Dixon &amp; Aikhenvald (D&amp;A, 1999) Aproximadamente 40 000 seg\u00fan el site ethnologue.com (SIL) Las cifras dadas por la UNESCO est\u00e1n [&hellip;]<\/p>\n","protected":false},"author":1,"featured_media":0,"parent":0,"menu_order":0,"comment_status":"closed","ping_status":"open","template":"","meta":{"footnotes":""},"class_list":["post-8086","page","type-page","status-publish","hentry"],"yoast_head":"<!-- This site is optimized with the Yoast SEO plugin v27.0 - https:\/\/yoast.com\/product\/yoast-seo-wordpress\/ -->\n<title>Familia de las lenguas guahibo - Sorosoro<\/title>\n<meta name=\"robots\" content=\"index, follow, max-snippet:-1, max-image-preview:large, max-video-preview:-1\" \/>\n<link rel=\"canonical\" href=\"https:\/\/www.sorosoro.org\/es\/familia-de-las-lenguas-guahibo\/\" \/>\n<meta property=\"og:locale\" content=\"es_ES\" \/>\n<meta property=\"og:type\" content=\"article\" \/>\n<meta property=\"og:title\" content=\"Familia de las lenguas guahibo - Sorosoro\" \/>\n<meta property=\"og:description\" content=\"\u00bfD\u00f3nde se hablan las lenguas guahibo? Estas lenguas principalmente son habladas en Colombia y tambi\u00e9n hay hablantes de sikuani en Venezuela. N\u00famero total de hablantes (estimado) : Aproximadamente 23 000 seg\u00fan las cifras dadas por Dixon &amp; Aikhenvald (D&amp;A, 1999) Aproximadamente 40 000 seg\u00fan el site ethnologue.com (SIL) Las cifras dadas por la UNESCO est\u00e1n [&hellip;]\" \/>\n<meta property=\"og:url\" content=\"https:\/\/www.sorosoro.org\/es\/familia-de-las-lenguas-guahibo\/\" \/>\n<meta property=\"og:site_name\" content=\"Sorosoro\" \/>\n<meta property=\"article:modified_time\" content=\"2010-03-03T16:09:50+00:00\" \/>\n<meta name=\"twitter:card\" content=\"summary_large_image\" \/>\n<meta name=\"twitter:label1\" content=\"Tiempo de lectura\" \/>\n\t<meta name=\"twitter:data1\" content=\"2 minutos\" \/>\n<script type=\"application\/ld+json\" class=\"yoast-schema-graph\">{\"@context\":\"https:\/\/schema.org\",\"@graph\":[{\"@type\":\"WebPage\",\"@id\":\"https:\/\/www.sorosoro.org\/es\/familia-de-las-lenguas-guahibo\/\",\"url\":\"https:\/\/www.sorosoro.org\/es\/familia-de-las-lenguas-guahibo\/\",\"name\":\"Familia de las lenguas guahibo - Sorosoro\",\"isPartOf\":{\"@id\":\"https:\/\/www.sorosoro.org\/es\/#website\"},\"datePublished\":\"2009-12-10T10:54:59+00:00\",\"dateModified\":\"2010-03-03T16:09:50+00:00\",\"breadcrumb\":{\"@id\":\"https:\/\/www.sorosoro.org\/es\/familia-de-las-lenguas-guahibo\/#breadcrumb\"},\"inLanguage\":\"es\",\"potentialAction\":[{\"@type\":\"ReadAction\",\"target\":[\"https:\/\/www.sorosoro.org\/es\/familia-de-las-lenguas-guahibo\/\"]}]},{\"@type\":\"BreadcrumbList\",\"@id\":\"https:\/\/www.sorosoro.org\/es\/familia-de-las-lenguas-guahibo\/#breadcrumb\",\"itemListElement\":[{\"@type\":\"ListItem\",\"position\":1,\"name\":\"Accueil\",\"item\":\"https:\/\/www.sorosoro.org\/es\/\"},{\"@type\":\"ListItem\",\"position\":2,\"name\":\"Familia de las lenguas guahibo\"}]},{\"@type\":\"WebSite\",\"@id\":\"https:\/\/www.sorosoro.org\/es\/#website\",\"url\":\"https:\/\/www.sorosoro.org\/es\/\",\"name\":\"Sorosoro\",\"description\":\"Pour que vivent les langues du monde !\",\"potentialAction\":[{\"@type\":\"SearchAction\",\"target\":{\"@type\":\"EntryPoint\",\"urlTemplate\":\"https:\/\/www.sorosoro.org\/es\/?s={search_term_string}\"},\"query-input\":{\"@type\":\"PropertyValueSpecification\",\"valueRequired\":true,\"valueName\":\"search_term_string\"}}],\"inLanguage\":\"es\"}]}<\/script>\n<!-- \/ Yoast SEO plugin. -->","yoast_head_json":{"title":"Familia de las lenguas guahibo - Sorosoro","robots":{"index":"index","follow":"follow","max-snippet":"max-snippet:-1","max-image-preview":"max-image-preview:large","max-video-preview":"max-video-preview:-1"},"canonical":"https:\/\/www.sorosoro.org\/es\/familia-de-las-lenguas-guahibo\/","og_locale":"es_ES","og_type":"article","og_title":"Familia de las lenguas guahibo - Sorosoro","og_description":"\u00bfD\u00f3nde se hablan las lenguas guahibo? Estas lenguas principalmente son habladas en Colombia y tambi\u00e9n hay hablantes de sikuani en Venezuela. N\u00famero total de hablantes (estimado) : Aproximadamente 23 000 seg\u00fan las cifras dadas por Dixon &amp; Aikhenvald (D&amp;A, 1999) Aproximadamente 40 000 seg\u00fan el site ethnologue.com (SIL) Las cifras dadas por la UNESCO est\u00e1n [&hellip;]","og_url":"https:\/\/www.sorosoro.org\/es\/familia-de-las-lenguas-guahibo\/","og_site_name":"Sorosoro","article_modified_time":"2010-03-03T16:09:50+00:00","twitter_card":"summary_large_image","twitter_misc":{"Tiempo de lectura":"2 minutos"},"schema":{"@context":"https:\/\/schema.org","@graph":[{"@type":"WebPage","@id":"https:\/\/www.sorosoro.org\/es\/familia-de-las-lenguas-guahibo\/","url":"https:\/\/www.sorosoro.org\/es\/familia-de-las-lenguas-guahibo\/","name":"Familia de las lenguas guahibo - Sorosoro","isPartOf":{"@id":"https:\/\/www.sorosoro.org\/es\/#website"},"datePublished":"2009-12-10T10:54:59+00:00","dateModified":"2010-03-03T16:09:50+00:00","breadcrumb":{"@id":"https:\/\/www.sorosoro.org\/es\/familia-de-las-lenguas-guahibo\/#breadcrumb"},"inLanguage":"es","potentialAction":[{"@type":"ReadAction","target":["https:\/\/www.sorosoro.org\/es\/familia-de-las-lenguas-guahibo\/"]}]},{"@type":"BreadcrumbList","@id":"https:\/\/www.sorosoro.org\/es\/familia-de-las-lenguas-guahibo\/#breadcrumb","itemListElement":[{"@type":"ListItem","position":1,"name":"Accueil","item":"https:\/\/www.sorosoro.org\/es\/"},{"@type":"ListItem","position":2,"name":"Familia de las lenguas guahibo"}]},{"@type":"WebSite","@id":"https:\/\/www.sorosoro.org\/es\/#website","url":"https:\/\/www.sorosoro.org\/es\/","name":"Sorosoro","description":"Pour que vivent les langues du monde !","potentialAction":[{"@type":"SearchAction","target":{"@type":"EntryPoint","urlTemplate":"https:\/\/www.sorosoro.org\/es\/?s={search_term_string}"},"query-input":{"@type":"PropertyValueSpecification","valueRequired":true,"valueName":"search_term_string"}}],"inLanguage":"es"}]}},"_links":{"self":[{"href":"https:\/\/www.sorosoro.org\/es\/wp-json\/wp\/v2\/pages\/8086","targetHints":{"allow":["GET"]}}],"collection":[{"href":"https:\/\/www.sorosoro.org\/es\/wp-json\/wp\/v2\/pages"}],"about":[{"href":"https:\/\/www.sorosoro.org\/es\/wp-json\/wp\/v2\/types\/page"}],"author":[{"embeddable":true,"href":"https:\/\/www.sorosoro.org\/es\/wp-json\/wp\/v2\/users\/1"}],"replies":[{"embeddable":true,"href":"https:\/\/www.sorosoro.org\/es\/wp-json\/wp\/v2\/comments?post=8086"}],"version-history":[{"count":0,"href":"https:\/\/www.sorosoro.org\/es\/wp-json\/wp\/v2\/pages\/8086\/revisions"}],"wp:attachment":[{"href":"https:\/\/www.sorosoro.org\/es\/wp-json\/wp\/v2\/media?parent=8086"}],"curies":[{"name":"wp","href":"https:\/\/api.w.org\/{rel}","templated":true}]}}