{"id":8050,"date":"2009-12-08T14:03:40","date_gmt":"2009-12-08T13:03:40","guid":{"rendered":"http:\/\/www.sorosoro.org\/?page_id=8050"},"modified":"2010-03-03T16:50:20","modified_gmt":"2010-03-03T15:50:20","slug":"familia-de-lenguas-chapacuranes-o-txapacuranes","status":"publish","type":"page","link":"https:\/\/www.sorosoro.org\/es\/familia-de-lenguas-chapacuranes-o-txapacuranes\/","title":{"rendered":"Familia de lenguas chapacura o txapacuranas"},"content":{"rendered":"<h5 style=\"text-align: justify;\">\u00bfD\u00f3nde se hablan las lenguas chapacura ?<\/h5>\n<p style=\"text-align: justify;\">Estas lenguas son habladas en el noreste de la cuenca Amaz\u00f3nica (en Brasil y en Bolivia)<\/p>\n<h5 style=\"text-align: justify;\">Nombre total de hablantes (estimado) :<\/h5>\n<p style=\"text-align: justify;\">Aproximadamente 2 800 seg\u00fan la UNESCO<\/p>\n<p style=\"text-align: justify;\">Aproximadamente  2 250 seg\u00fan las cifras dadas por Aikhenvald y Dixon (AyD, 1999)<\/p>\n<h5 style=\"text-align: justify;\">Clasificaci\u00f3n<\/h5>\n<p style=\"text-align: justify;\">La familia de las lenguas chapacura, seg\u00fan las fuentes, hoy en d\u00eda cuenta entre  3 y 5 lenguas activas.<\/p>\n<p style=\"padding-left: 60px; text-align: justify;\"><strong>More <\/strong>: 76 hablantes seg\u00fan la UNESCO y algunos hablantes seg\u00fan A y D<\/p>\n<p style=\"padding-left: 60px; text-align: justify;\"><strong>Oro win<\/strong>: 5 hablantes seg\u00fan la UNESCO y 40 seg\u00fan A y D<\/p>\n<p style=\"padding-left: 60px; text-align: justify;\"><strong>Tor\u00e1<\/strong> : extinta seg\u00fan UNESCO y 250 seg\u00fan AyD<\/p>\n<p style=\"padding-left: 60px; text-align: justify;\"><strong>Urup\u00e1 <\/strong>: extinta seg\u00fan UNESCO y 150 seg\u00fan AyD<\/p>\n<p style=\"padding-left: 60px; text-align: justify;\"><strong>Wari\u2019<\/strong>: 2 721 seg\u00fan UNESCO y 1800 seg\u00fan AyD<\/p>\n<h5 style=\"text-align: justify;\">Comentarios sobre la clasificaci\u00f3n de las lenguas chapacura :<\/h5>\n<p style=\"text-align: justify;\">Nosotros seguimos la clasificaci\u00f3n de Aikhenvald &amp; Dixon (1999).<\/p>\n<h5 style=\"text-align: justify;\">\u00bfEst\u00e1n en peligro las lenguas chapacura?<\/h5>\n<p style=\"text-align: justify;\">Todas las lenguas de la familia chapacura est\u00e1n en peligro.<\/p>\n<p style=\"text-align: justify;\">Seg\u00fan la UNESCO el urup\u00e1 y el tor\u00e1 recientemente estar\u00edan extintas ; el more y el oro win estar\u00edan por extinguirse. Es posible que el wari sea en la actualidad o dentro de un futuro muy pr\u00f3ximo el \u00fanico representante activo de esta familia y tambi\u00e9n est\u00e1 en peligro.<\/p>\n<h5 style=\"text-align: justify;\">Fuentes<\/h5>\n<p style=\"text-align: justify;\">Dixon, R.M.W &amp; Aikhenvald, A.Y.\u00a0 \u201c<em>Other small families and isolates<\/em>\u201d . Dans <em>The Amazonian languages<\/em>, R.M.W. Dixon and Alexandra Y.Aikhenvald, Cambridge University Press (1999).<\/p>\n","protected":false},"excerpt":{"rendered":"<p>\u00bfD\u00f3nde se hablan las lenguas chapacura ? Estas lenguas son habladas en el noreste de la cuenca Amaz\u00f3nica (en Brasil y en Bolivia) Nombre total de hablantes (estimado) : Aproximadamente 2 800 seg\u00fan la UNESCO Aproximadamente 2 250 seg\u00fan las cifras dadas por Aikhenvald y Dixon (AyD, 1999) Clasificaci\u00f3n La familia de las lenguas chapacura, [&hellip;]<\/p>\n","protected":false},"author":1,"featured_media":0,"parent":0,"menu_order":0,"comment_status":"closed","ping_status":"open","template":"","meta":{"footnotes":""},"class_list":["post-8050","page","type-page","status-publish","hentry"],"yoast_head":"<!-- This site is optimized with the Yoast SEO plugin v27.0 - https:\/\/yoast.com\/product\/yoast-seo-wordpress\/ -->\n<title>Familia de lenguas chapacura o txapacuranas - Sorosoro<\/title>\n<meta name=\"robots\" content=\"index, follow, max-snippet:-1, max-image-preview:large, max-video-preview:-1\" \/>\n<link rel=\"canonical\" href=\"https:\/\/www.sorosoro.org\/es\/familia-de-lenguas-chapacuranes-o-txapacuranes\/\" \/>\n<meta property=\"og:locale\" content=\"es_ES\" \/>\n<meta property=\"og:type\" content=\"article\" \/>\n<meta property=\"og:title\" content=\"Familia de lenguas chapacura o txapacuranas - Sorosoro\" \/>\n<meta property=\"og:description\" content=\"\u00bfD\u00f3nde se hablan las lenguas chapacura ? Estas lenguas son habladas en el noreste de la cuenca Amaz\u00f3nica (en Brasil y en Bolivia) Nombre total de hablantes (estimado) : Aproximadamente 2 800 seg\u00fan la UNESCO Aproximadamente 2 250 seg\u00fan las cifras dadas por Aikhenvald y Dixon (AyD, 1999) Clasificaci\u00f3n La familia de las lenguas chapacura, [&hellip;]\" \/>\n<meta property=\"og:url\" content=\"https:\/\/www.sorosoro.org\/es\/familia-de-lenguas-chapacuranes-o-txapacuranes\/\" \/>\n<meta property=\"og:site_name\" content=\"Sorosoro\" \/>\n<meta property=\"article:modified_time\" content=\"2010-03-03T15:50:20+00:00\" \/>\n<meta name=\"twitter:card\" content=\"summary_large_image\" \/>\n<meta name=\"twitter:label1\" content=\"Tiempo de lectura\" \/>\n\t<meta name=\"twitter:data1\" content=\"1 minuto\" \/>\n<script type=\"application\/ld+json\" class=\"yoast-schema-graph\">{\"@context\":\"https:\/\/schema.org\",\"@graph\":[{\"@type\":\"WebPage\",\"@id\":\"https:\/\/www.sorosoro.org\/es\/familia-de-lenguas-chapacuranes-o-txapacuranes\/\",\"url\":\"https:\/\/www.sorosoro.org\/es\/familia-de-lenguas-chapacuranes-o-txapacuranes\/\",\"name\":\"Familia de lenguas chapacura o txapacuranas - Sorosoro\",\"isPartOf\":{\"@id\":\"https:\/\/www.sorosoro.org\/es\/#website\"},\"datePublished\":\"2009-12-08T13:03:40+00:00\",\"dateModified\":\"2010-03-03T15:50:20+00:00\",\"breadcrumb\":{\"@id\":\"https:\/\/www.sorosoro.org\/es\/familia-de-lenguas-chapacuranes-o-txapacuranes\/#breadcrumb\"},\"inLanguage\":\"es\",\"potentialAction\":[{\"@type\":\"ReadAction\",\"target\":[\"https:\/\/www.sorosoro.org\/es\/familia-de-lenguas-chapacuranes-o-txapacuranes\/\"]}]},{\"@type\":\"BreadcrumbList\",\"@id\":\"https:\/\/www.sorosoro.org\/es\/familia-de-lenguas-chapacuranes-o-txapacuranes\/#breadcrumb\",\"itemListElement\":[{\"@type\":\"ListItem\",\"position\":1,\"name\":\"Accueil\",\"item\":\"https:\/\/www.sorosoro.org\/es\/\"},{\"@type\":\"ListItem\",\"position\":2,\"name\":\"Familia de lenguas chapacura o txapacuranas\"}]},{\"@type\":\"WebSite\",\"@id\":\"https:\/\/www.sorosoro.org\/es\/#website\",\"url\":\"https:\/\/www.sorosoro.org\/es\/\",\"name\":\"Sorosoro\",\"description\":\"Pour que vivent les langues du monde !\",\"potentialAction\":[{\"@type\":\"SearchAction\",\"target\":{\"@type\":\"EntryPoint\",\"urlTemplate\":\"https:\/\/www.sorosoro.org\/es\/?s={search_term_string}\"},\"query-input\":{\"@type\":\"PropertyValueSpecification\",\"valueRequired\":true,\"valueName\":\"search_term_string\"}}],\"inLanguage\":\"es\"}]}<\/script>\n<!-- \/ Yoast SEO plugin. -->","yoast_head_json":{"title":"Familia de lenguas chapacura o txapacuranas - Sorosoro","robots":{"index":"index","follow":"follow","max-snippet":"max-snippet:-1","max-image-preview":"max-image-preview:large","max-video-preview":"max-video-preview:-1"},"canonical":"https:\/\/www.sorosoro.org\/es\/familia-de-lenguas-chapacuranes-o-txapacuranes\/","og_locale":"es_ES","og_type":"article","og_title":"Familia de lenguas chapacura o txapacuranas - Sorosoro","og_description":"\u00bfD\u00f3nde se hablan las lenguas chapacura ? Estas lenguas son habladas en el noreste de la cuenca Amaz\u00f3nica (en Brasil y en Bolivia) Nombre total de hablantes (estimado) : Aproximadamente 2 800 seg\u00fan la UNESCO Aproximadamente 2 250 seg\u00fan las cifras dadas por Aikhenvald y Dixon (AyD, 1999) Clasificaci\u00f3n La familia de las lenguas chapacura, [&hellip;]","og_url":"https:\/\/www.sorosoro.org\/es\/familia-de-lenguas-chapacuranes-o-txapacuranes\/","og_site_name":"Sorosoro","article_modified_time":"2010-03-03T15:50:20+00:00","twitter_card":"summary_large_image","twitter_misc":{"Tiempo de lectura":"1 minuto"},"schema":{"@context":"https:\/\/schema.org","@graph":[{"@type":"WebPage","@id":"https:\/\/www.sorosoro.org\/es\/familia-de-lenguas-chapacuranes-o-txapacuranes\/","url":"https:\/\/www.sorosoro.org\/es\/familia-de-lenguas-chapacuranes-o-txapacuranes\/","name":"Familia de lenguas chapacura o txapacuranas - Sorosoro","isPartOf":{"@id":"https:\/\/www.sorosoro.org\/es\/#website"},"datePublished":"2009-12-08T13:03:40+00:00","dateModified":"2010-03-03T15:50:20+00:00","breadcrumb":{"@id":"https:\/\/www.sorosoro.org\/es\/familia-de-lenguas-chapacuranes-o-txapacuranes\/#breadcrumb"},"inLanguage":"es","potentialAction":[{"@type":"ReadAction","target":["https:\/\/www.sorosoro.org\/es\/familia-de-lenguas-chapacuranes-o-txapacuranes\/"]}]},{"@type":"BreadcrumbList","@id":"https:\/\/www.sorosoro.org\/es\/familia-de-lenguas-chapacuranes-o-txapacuranes\/#breadcrumb","itemListElement":[{"@type":"ListItem","position":1,"name":"Accueil","item":"https:\/\/www.sorosoro.org\/es\/"},{"@type":"ListItem","position":2,"name":"Familia de lenguas chapacura o txapacuranas"}]},{"@type":"WebSite","@id":"https:\/\/www.sorosoro.org\/es\/#website","url":"https:\/\/www.sorosoro.org\/es\/","name":"Sorosoro","description":"Pour que vivent les langues du monde !","potentialAction":[{"@type":"SearchAction","target":{"@type":"EntryPoint","urlTemplate":"https:\/\/www.sorosoro.org\/es\/?s={search_term_string}"},"query-input":{"@type":"PropertyValueSpecification","valueRequired":true,"valueName":"search_term_string"}}],"inLanguage":"es"}]}},"_links":{"self":[{"href":"https:\/\/www.sorosoro.org\/es\/wp-json\/wp\/v2\/pages\/8050","targetHints":{"allow":["GET"]}}],"collection":[{"href":"https:\/\/www.sorosoro.org\/es\/wp-json\/wp\/v2\/pages"}],"about":[{"href":"https:\/\/www.sorosoro.org\/es\/wp-json\/wp\/v2\/types\/page"}],"author":[{"embeddable":true,"href":"https:\/\/www.sorosoro.org\/es\/wp-json\/wp\/v2\/users\/1"}],"replies":[{"embeddable":true,"href":"https:\/\/www.sorosoro.org\/es\/wp-json\/wp\/v2\/comments?post=8050"}],"version-history":[{"count":0,"href":"https:\/\/www.sorosoro.org\/es\/wp-json\/wp\/v2\/pages\/8050\/revisions"}],"wp:attachment":[{"href":"https:\/\/www.sorosoro.org\/es\/wp-json\/wp\/v2\/media?parent=8050"}],"curies":[{"name":"wp","href":"https:\/\/api.w.org\/{rel}","templated":true}]}}