{"id":8019,"date":"2009-12-08T12:19:58","date_gmt":"2009-12-08T11:19:58","guid":{"rendered":"http:\/\/www.sorosoro.org\/?page_id=8019"},"modified":"2010-03-03T16:29:49","modified_gmt":"2010-03-03T15:29:49","slug":"familia-de-lenguas-cahuapananes","status":"publish","type":"page","link":"https:\/\/www.sorosoro.org\/es\/familia-de-lenguas-cahuapananes\/","title":{"rendered":"Familia de lenguas cahuapanas"},"content":{"rendered":"<h5 style=\"text-align: justify;\">\u00bfD\u00f3nde se hablan las lenguas cahuapanas?<\/h5>\n<p style=\"text-align: justify;\">Estas lenguas son habladas en Am\u00e9rica del sur, en el Per\u00fa.<\/p>\n<h5 style=\"text-align: justify;\">N\u00famero total de hablantes (estimado)<\/h5>\n<p style=\"text-align: justify;\">Aproximadamente son 7000 seg\u00fan las cifras dadas por Mary Ruth Wise (1999) (MRW)<\/p>\n<p style=\"text-align: justify;\">Aproximadamente son 10 000 seg\u00fan la UNESCO (UN)<\/p>\n<p style=\"text-align: justify;\">Esta familia cuenta con dos lenguas activas.<\/p>\n<h5 style=\"text-align: justify;\">Clasificaci\u00f3n<\/h5>\n<p style=\"text-align: justify;\"><strong>Chayahuita <\/strong>(nombre alternativo: shawi)\t7000 hablantes seg\u00fan MRW y10 000 seg\u00fan la  UNESCO<\/p>\n<p style=\"text-align: justify;\"><strong>Jebero<\/strong> 100 hablantes seg\u00fan la UNESCO<\/p>\n<h5 style=\"text-align: justify;\">Comentarios sobre la clasificaci\u00f3n :<\/h5>\n<p style=\"text-align: justify;\">Hasta el momento, sobre estas lenguas se ha hecho poco trabajo comparativo. Seg\u00fan Wise (1999) las dos lenguas ser\u00edan cercanas aunque no se entiendan mutuamente.<\/p>\n<h5 style=\"text-align: justify;\">\u00bfEst\u00e1n en peligro las lenguas cahuapanas?<\/h5>\n<p style=\"text-align: justify;\">S\u00ed, las dos lenguas est\u00e1n en peligro. S\u00f3lo con algunos hablantes mayores, el jebero estar\u00eda pr\u00f3ximo a desaparecer. La UNESCO ha precisado que el n\u00famero de hablantes es aproximativa y que el n\u00famero real sea probablemente menor. Con algunos milles de hablantes, el chayahuita est\u00e1 tambi\u00e9n amenazada.<\/p>\n<h5 style=\"text-align: justify;\"><strong>Fuentes:<\/strong><\/h5>\n<p style=\"text-align: justify;\">Mary Ruth Wise. <em>\u201cSmall language families and isolates in Peru\u201d<\/em> in <em>The Amazonian languages,<\/em> R.M.W. Dixon and Alexandra Y.Aikhenvald, Cambridge University Press, 1999<\/p>\n","protected":false},"excerpt":{"rendered":"<p>\u00bfD\u00f3nde se hablan las lenguas cahuapanas? Estas lenguas son habladas en Am\u00e9rica del sur, en el Per\u00fa. N\u00famero total de hablantes (estimado) Aproximadamente son 7000 seg\u00fan las cifras dadas por Mary Ruth Wise (1999) (MRW) Aproximadamente son 10 000 seg\u00fan la UNESCO (UN) Esta familia cuenta con dos lenguas activas. Clasificaci\u00f3n Chayahuita (nombre alternativo: shawi) [&hellip;]<\/p>\n","protected":false},"author":1,"featured_media":0,"parent":0,"menu_order":0,"comment_status":"closed","ping_status":"open","template":"","meta":{"footnotes":""},"class_list":["post-8019","page","type-page","status-publish","hentry"],"yoast_head":"<!-- This site is optimized with the Yoast SEO plugin v27.0 - https:\/\/yoast.com\/product\/yoast-seo-wordpress\/ -->\n<title>Familia de lenguas cahuapanas - Sorosoro<\/title>\n<meta name=\"robots\" content=\"index, follow, max-snippet:-1, max-image-preview:large, max-video-preview:-1\" \/>\n<link rel=\"canonical\" href=\"https:\/\/www.sorosoro.org\/es\/familia-de-lenguas-cahuapananes\/\" \/>\n<meta property=\"og:locale\" content=\"es_ES\" \/>\n<meta property=\"og:type\" content=\"article\" \/>\n<meta property=\"og:title\" content=\"Familia de lenguas cahuapanas - Sorosoro\" \/>\n<meta property=\"og:description\" content=\"\u00bfD\u00f3nde se hablan las lenguas cahuapanas? Estas lenguas son habladas en Am\u00e9rica del sur, en el Per\u00fa. N\u00famero total de hablantes (estimado) Aproximadamente son 7000 seg\u00fan las cifras dadas por Mary Ruth Wise (1999) (MRW) Aproximadamente son 10 000 seg\u00fan la UNESCO (UN) Esta familia cuenta con dos lenguas activas. Clasificaci\u00f3n Chayahuita (nombre alternativo: shawi) [&hellip;]\" \/>\n<meta property=\"og:url\" content=\"https:\/\/www.sorosoro.org\/es\/familia-de-lenguas-cahuapananes\/\" \/>\n<meta property=\"og:site_name\" content=\"Sorosoro\" \/>\n<meta property=\"article:modified_time\" content=\"2010-03-03T15:29:49+00:00\" \/>\n<meta name=\"twitter:card\" content=\"summary_large_image\" \/>\n<meta name=\"twitter:label1\" content=\"Tiempo de lectura\" \/>\n\t<meta name=\"twitter:data1\" content=\"1 minuto\" \/>\n<script type=\"application\/ld+json\" class=\"yoast-schema-graph\">{\"@context\":\"https:\/\/schema.org\",\"@graph\":[{\"@type\":\"WebPage\",\"@id\":\"https:\/\/www.sorosoro.org\/es\/familia-de-lenguas-cahuapananes\/\",\"url\":\"https:\/\/www.sorosoro.org\/es\/familia-de-lenguas-cahuapananes\/\",\"name\":\"Familia de lenguas cahuapanas - Sorosoro\",\"isPartOf\":{\"@id\":\"https:\/\/www.sorosoro.org\/es\/#website\"},\"datePublished\":\"2009-12-08T11:19:58+00:00\",\"dateModified\":\"2010-03-03T15:29:49+00:00\",\"breadcrumb\":{\"@id\":\"https:\/\/www.sorosoro.org\/es\/familia-de-lenguas-cahuapananes\/#breadcrumb\"},\"inLanguage\":\"es\",\"potentialAction\":[{\"@type\":\"ReadAction\",\"target\":[\"https:\/\/www.sorosoro.org\/es\/familia-de-lenguas-cahuapananes\/\"]}]},{\"@type\":\"BreadcrumbList\",\"@id\":\"https:\/\/www.sorosoro.org\/es\/familia-de-lenguas-cahuapananes\/#breadcrumb\",\"itemListElement\":[{\"@type\":\"ListItem\",\"position\":1,\"name\":\"Accueil\",\"item\":\"https:\/\/www.sorosoro.org\/es\/\"},{\"@type\":\"ListItem\",\"position\":2,\"name\":\"Familia de lenguas cahuapanas\"}]},{\"@type\":\"WebSite\",\"@id\":\"https:\/\/www.sorosoro.org\/es\/#website\",\"url\":\"https:\/\/www.sorosoro.org\/es\/\",\"name\":\"Sorosoro\",\"description\":\"Pour que vivent les langues du monde !\",\"potentialAction\":[{\"@type\":\"SearchAction\",\"target\":{\"@type\":\"EntryPoint\",\"urlTemplate\":\"https:\/\/www.sorosoro.org\/es\/?s={search_term_string}\"},\"query-input\":{\"@type\":\"PropertyValueSpecification\",\"valueRequired\":true,\"valueName\":\"search_term_string\"}}],\"inLanguage\":\"es\"}]}<\/script>\n<!-- \/ Yoast SEO plugin. -->","yoast_head_json":{"title":"Familia de lenguas cahuapanas - Sorosoro","robots":{"index":"index","follow":"follow","max-snippet":"max-snippet:-1","max-image-preview":"max-image-preview:large","max-video-preview":"max-video-preview:-1"},"canonical":"https:\/\/www.sorosoro.org\/es\/familia-de-lenguas-cahuapananes\/","og_locale":"es_ES","og_type":"article","og_title":"Familia de lenguas cahuapanas - Sorosoro","og_description":"\u00bfD\u00f3nde se hablan las lenguas cahuapanas? Estas lenguas son habladas en Am\u00e9rica del sur, en el Per\u00fa. N\u00famero total de hablantes (estimado) Aproximadamente son 7000 seg\u00fan las cifras dadas por Mary Ruth Wise (1999) (MRW) Aproximadamente son 10 000 seg\u00fan la UNESCO (UN) Esta familia cuenta con dos lenguas activas. Clasificaci\u00f3n Chayahuita (nombre alternativo: shawi) [&hellip;]","og_url":"https:\/\/www.sorosoro.org\/es\/familia-de-lenguas-cahuapananes\/","og_site_name":"Sorosoro","article_modified_time":"2010-03-03T15:29:49+00:00","twitter_card":"summary_large_image","twitter_misc":{"Tiempo de lectura":"1 minuto"},"schema":{"@context":"https:\/\/schema.org","@graph":[{"@type":"WebPage","@id":"https:\/\/www.sorosoro.org\/es\/familia-de-lenguas-cahuapananes\/","url":"https:\/\/www.sorosoro.org\/es\/familia-de-lenguas-cahuapananes\/","name":"Familia de lenguas cahuapanas - Sorosoro","isPartOf":{"@id":"https:\/\/www.sorosoro.org\/es\/#website"},"datePublished":"2009-12-08T11:19:58+00:00","dateModified":"2010-03-03T15:29:49+00:00","breadcrumb":{"@id":"https:\/\/www.sorosoro.org\/es\/familia-de-lenguas-cahuapananes\/#breadcrumb"},"inLanguage":"es","potentialAction":[{"@type":"ReadAction","target":["https:\/\/www.sorosoro.org\/es\/familia-de-lenguas-cahuapananes\/"]}]},{"@type":"BreadcrumbList","@id":"https:\/\/www.sorosoro.org\/es\/familia-de-lenguas-cahuapananes\/#breadcrumb","itemListElement":[{"@type":"ListItem","position":1,"name":"Accueil","item":"https:\/\/www.sorosoro.org\/es\/"},{"@type":"ListItem","position":2,"name":"Familia de lenguas cahuapanas"}]},{"@type":"WebSite","@id":"https:\/\/www.sorosoro.org\/es\/#website","url":"https:\/\/www.sorosoro.org\/es\/","name":"Sorosoro","description":"Pour que vivent les langues du monde !","potentialAction":[{"@type":"SearchAction","target":{"@type":"EntryPoint","urlTemplate":"https:\/\/www.sorosoro.org\/es\/?s={search_term_string}"},"query-input":{"@type":"PropertyValueSpecification","valueRequired":true,"valueName":"search_term_string"}}],"inLanguage":"es"}]}},"_links":{"self":[{"href":"https:\/\/www.sorosoro.org\/es\/wp-json\/wp\/v2\/pages\/8019","targetHints":{"allow":["GET"]}}],"collection":[{"href":"https:\/\/www.sorosoro.org\/es\/wp-json\/wp\/v2\/pages"}],"about":[{"href":"https:\/\/www.sorosoro.org\/es\/wp-json\/wp\/v2\/types\/page"}],"author":[{"embeddable":true,"href":"https:\/\/www.sorosoro.org\/es\/wp-json\/wp\/v2\/users\/1"}],"replies":[{"embeddable":true,"href":"https:\/\/www.sorosoro.org\/es\/wp-json\/wp\/v2\/comments?post=8019"}],"version-history":[{"count":0,"href":"https:\/\/www.sorosoro.org\/es\/wp-json\/wp\/v2\/pages\/8019\/revisions"}],"wp:attachment":[{"href":"https:\/\/www.sorosoro.org\/es\/wp-json\/wp\/v2\/media?parent=8019"}],"curies":[{"name":"wp","href":"https:\/\/api.w.org\/{rel}","templated":true}]}}