{"id":8013,"date":"2009-12-08T12:11:04","date_gmt":"2009-12-08T11:11:04","guid":{"rendered":"http:\/\/www.sorosoro.org\/?page_id=8013"},"modified":"2010-03-03T16:22:51","modified_gmt":"2010-03-03T15:22:51","slug":"familia-de-lenguas-barbacoanes","status":"publish","type":"page","link":"https:\/\/www.sorosoro.org\/es\/familia-de-lenguas-barbacoanes\/","title":{"rendered":"Familia de lenguas barbacoanas"},"content":{"rendered":"<h5 style=\"text-align: justify;\">\u00bf D\u00f3nde se hablan las lenguas barbacoanes ?<\/h5>\n<p style=\"text-align: justify;\">Constituyen las lenguas aut\u00f3ctonas de Am\u00e9rica del sur y son habladas en Colombia y en Ecuador.<\/p>\n<h5 style=\"text-align: justify;\">N\u00famero total de hablantes (estimado) :<\/h5>\n<p style=\"text-align: justify;\">Aproximadamente  15 000 seg\u00fan la UNESCO<\/p>\n<p style=\"text-align: justify;\">Aroximadamente 34 000 seg\u00fan el site ethnologue.com (SIL)<\/p>\n<h5 style=\"text-align: justify;\">Clasificaci\u00f3n<\/h5>\n<p style=\"text-align: justify;\">La familia de las lenguas barbacoanes, a la actualidad, cuenta 3 lenguas activas.<\/p>\n<p style=\"padding-left: 30px; text-align: justify;\">Grupo Norte<\/p>\n<p style=\"padding-left: 60px; text-align: justify;\"><strong>Coaiquer <\/strong>(nombre alternativo: Awa Pit) : 9 400 hablantes seg\u00fan la UNESCO y 22 000 seg\u00fan SIL<\/p>\n<p style=\"padding-left: 60px; text-align: justify;\"><strong>Muellama<\/strong>: extinta<\/p>\n<p style=\"padding-left: 60px; text-align: justify;\"><strong>Pasto<\/strong> : extinta<\/p>\n<p style=\"padding-left: 60px; text-align: justify;\"><strong>Guambiano <\/strong>23 000 hablantes seg\u00fan la Unesco<\/p>\n<p style=\"padding-left: 60px; text-align: justify;\"><strong>Totor\u00f3 <\/strong>4 hablantes seg\u00fan la Unesco<\/p>\n<p style=\"padding-left: 60px; text-align: justify;\"><strong>Coconuco<em> <\/em><\/strong>\u00e9teint<\/p>\n<p style=\"padding-left: 30px; text-align: justify;\">Grupo Sur<\/p>\n<p style=\"padding-left: 60px; text-align: justify;\"><strong>Cayapa<\/strong> (nombres alternativos : chachi ; cha\u2019palaachi) : 4000 hablantes seg\u00fan la UNESCO y 9500 seg\u00fan SIL<\/p>\n<p style=\"padding-left: 60px; text-align: justify;\"><strong>Caranqui<\/strong> : extinta<\/p>\n<p style=\"padding-left: 60px; text-align: justify;\"><strong>Ts\u00e1fiki<\/strong> (nombres alternativos : colorado ; colima ; campaz) : 2000 hablantes seg\u00fan la UNESCO y 2300 seg\u00fan SIL<\/p>\n<h5 style=\"text-align: justify;\">Comentarios sobre la clasificaci\u00f3n de las lenguas barbacoanes :<\/h5>\n<p style=\"text-align: justify;\">Seguimos la clasificaci\u00f3n propuesta por Campbell (1997).<\/p>\n<p style=\"text-align: justify;\">La familia barbacoane  siempre ha sido relacionado con el p\u00e1ez, pero seg\u00fan Campbell esta aproximaci\u00f3n actualmente no es verdaderamente sostenida.<\/p>\n<h5 style=\"text-align: justify;\">\u00bfLas lenguas barbacoanes est\u00e1n en peligro?<\/h5>\n<p style=\"text-align: justify;\">S\u00ed, todas las lenguas barbacoanes est\u00e1n en peligro.<\/p>\n<p style=\"text-align: justify;\">La mitad de las lenguas de la familia est\u00e1n muertas y el coaiquer estar\u00eda a punto de extinguirse , seg\u00fan la UNESCO. Las otras lenguas de la familia est\u00e1n en peligro.<\/p>\n<h5 style=\"text-align: justify;\"><strong>Fuentes<\/strong><\/h5>\n<p style=\"text-align: justify;\">Campbell, Lyle. <em>American Indian languages: the historical linguistics of Native America<\/em>. Oxford: Oxford University Press (1997).<\/p>\n<p style=\"text-align: justify;\">Curnow, Timothy &amp; Liddicoat, Anthony (1998). <em>The Barbacoan Languages of Colombia and Ecuador<\/em>, Anthropological Linguistics, 40:3<\/p>\n<p style=\"text-align: justify;\"><strong><br \/>\n<\/strong><\/p>\n","protected":false},"excerpt":{"rendered":"<p>\u00bf D\u00f3nde se hablan las lenguas barbacoanes ? Constituyen las lenguas aut\u00f3ctonas de Am\u00e9rica del sur y son habladas en Colombia y en Ecuador. N\u00famero total de hablantes (estimado) : Aproximadamente 15 000 seg\u00fan la UNESCO Aroximadamente 34 000 seg\u00fan el site ethnologue.com (SIL) Clasificaci\u00f3n La familia de las lenguas barbacoanes, a la actualidad, cuenta [&hellip;]<\/p>\n","protected":false},"author":1,"featured_media":0,"parent":0,"menu_order":0,"comment_status":"closed","ping_status":"open","template":"","meta":{"footnotes":""},"class_list":["post-8013","page","type-page","status-publish","hentry"],"yoast_head":"<!-- This site is optimized with the Yoast SEO plugin v27.0 - https:\/\/yoast.com\/product\/yoast-seo-wordpress\/ -->\n<title>Familia de lenguas barbacoanas - Sorosoro<\/title>\n<meta name=\"robots\" content=\"index, follow, max-snippet:-1, max-image-preview:large, max-video-preview:-1\" \/>\n<link rel=\"canonical\" href=\"https:\/\/www.sorosoro.org\/es\/familia-de-lenguas-barbacoanes\/\" \/>\n<meta property=\"og:locale\" content=\"es_ES\" \/>\n<meta property=\"og:type\" content=\"article\" \/>\n<meta property=\"og:title\" content=\"Familia de lenguas barbacoanas - Sorosoro\" \/>\n<meta property=\"og:description\" content=\"\u00bf D\u00f3nde se hablan las lenguas barbacoanes ? Constituyen las lenguas aut\u00f3ctonas de Am\u00e9rica del sur y son habladas en Colombia y en Ecuador. N\u00famero total de hablantes (estimado) : Aproximadamente 15 000 seg\u00fan la UNESCO Aroximadamente 34 000 seg\u00fan el site ethnologue.com (SIL) Clasificaci\u00f3n La familia de las lenguas barbacoanes, a la actualidad, cuenta [&hellip;]\" \/>\n<meta property=\"og:url\" content=\"https:\/\/www.sorosoro.org\/es\/familia-de-lenguas-barbacoanes\/\" \/>\n<meta property=\"og:site_name\" content=\"Sorosoro\" \/>\n<meta property=\"article:modified_time\" content=\"2010-03-03T15:22:51+00:00\" \/>\n<meta name=\"twitter:card\" content=\"summary_large_image\" \/>\n<meta name=\"twitter:label1\" content=\"Tiempo de lectura\" \/>\n\t<meta name=\"twitter:data1\" content=\"1 minuto\" \/>\n<script type=\"application\/ld+json\" class=\"yoast-schema-graph\">{\"@context\":\"https:\/\/schema.org\",\"@graph\":[{\"@type\":\"WebPage\",\"@id\":\"https:\/\/www.sorosoro.org\/es\/familia-de-lenguas-barbacoanes\/\",\"url\":\"https:\/\/www.sorosoro.org\/es\/familia-de-lenguas-barbacoanes\/\",\"name\":\"Familia de lenguas barbacoanas - Sorosoro\",\"isPartOf\":{\"@id\":\"https:\/\/www.sorosoro.org\/es\/#website\"},\"datePublished\":\"2009-12-08T11:11:04+00:00\",\"dateModified\":\"2010-03-03T15:22:51+00:00\",\"breadcrumb\":{\"@id\":\"https:\/\/www.sorosoro.org\/es\/familia-de-lenguas-barbacoanes\/#breadcrumb\"},\"inLanguage\":\"es\",\"potentialAction\":[{\"@type\":\"ReadAction\",\"target\":[\"https:\/\/www.sorosoro.org\/es\/familia-de-lenguas-barbacoanes\/\"]}]},{\"@type\":\"BreadcrumbList\",\"@id\":\"https:\/\/www.sorosoro.org\/es\/familia-de-lenguas-barbacoanes\/#breadcrumb\",\"itemListElement\":[{\"@type\":\"ListItem\",\"position\":1,\"name\":\"Accueil\",\"item\":\"https:\/\/www.sorosoro.org\/es\/\"},{\"@type\":\"ListItem\",\"position\":2,\"name\":\"Familia de lenguas barbacoanas\"}]},{\"@type\":\"WebSite\",\"@id\":\"https:\/\/www.sorosoro.org\/es\/#website\",\"url\":\"https:\/\/www.sorosoro.org\/es\/\",\"name\":\"Sorosoro\",\"description\":\"Pour que vivent les langues du monde !\",\"potentialAction\":[{\"@type\":\"SearchAction\",\"target\":{\"@type\":\"EntryPoint\",\"urlTemplate\":\"https:\/\/www.sorosoro.org\/es\/?s={search_term_string}\"},\"query-input\":{\"@type\":\"PropertyValueSpecification\",\"valueRequired\":true,\"valueName\":\"search_term_string\"}}],\"inLanguage\":\"es\"}]}<\/script>\n<!-- \/ Yoast SEO plugin. -->","yoast_head_json":{"title":"Familia de lenguas barbacoanas - Sorosoro","robots":{"index":"index","follow":"follow","max-snippet":"max-snippet:-1","max-image-preview":"max-image-preview:large","max-video-preview":"max-video-preview:-1"},"canonical":"https:\/\/www.sorosoro.org\/es\/familia-de-lenguas-barbacoanes\/","og_locale":"es_ES","og_type":"article","og_title":"Familia de lenguas barbacoanas - Sorosoro","og_description":"\u00bf D\u00f3nde se hablan las lenguas barbacoanes ? Constituyen las lenguas aut\u00f3ctonas de Am\u00e9rica del sur y son habladas en Colombia y en Ecuador. N\u00famero total de hablantes (estimado) : Aproximadamente 15 000 seg\u00fan la UNESCO Aroximadamente 34 000 seg\u00fan el site ethnologue.com (SIL) Clasificaci\u00f3n La familia de las lenguas barbacoanes, a la actualidad, cuenta [&hellip;]","og_url":"https:\/\/www.sorosoro.org\/es\/familia-de-lenguas-barbacoanes\/","og_site_name":"Sorosoro","article_modified_time":"2010-03-03T15:22:51+00:00","twitter_card":"summary_large_image","twitter_misc":{"Tiempo de lectura":"1 minuto"},"schema":{"@context":"https:\/\/schema.org","@graph":[{"@type":"WebPage","@id":"https:\/\/www.sorosoro.org\/es\/familia-de-lenguas-barbacoanes\/","url":"https:\/\/www.sorosoro.org\/es\/familia-de-lenguas-barbacoanes\/","name":"Familia de lenguas barbacoanas - Sorosoro","isPartOf":{"@id":"https:\/\/www.sorosoro.org\/es\/#website"},"datePublished":"2009-12-08T11:11:04+00:00","dateModified":"2010-03-03T15:22:51+00:00","breadcrumb":{"@id":"https:\/\/www.sorosoro.org\/es\/familia-de-lenguas-barbacoanes\/#breadcrumb"},"inLanguage":"es","potentialAction":[{"@type":"ReadAction","target":["https:\/\/www.sorosoro.org\/es\/familia-de-lenguas-barbacoanes\/"]}]},{"@type":"BreadcrumbList","@id":"https:\/\/www.sorosoro.org\/es\/familia-de-lenguas-barbacoanes\/#breadcrumb","itemListElement":[{"@type":"ListItem","position":1,"name":"Accueil","item":"https:\/\/www.sorosoro.org\/es\/"},{"@type":"ListItem","position":2,"name":"Familia de lenguas barbacoanas"}]},{"@type":"WebSite","@id":"https:\/\/www.sorosoro.org\/es\/#website","url":"https:\/\/www.sorosoro.org\/es\/","name":"Sorosoro","description":"Pour que vivent les langues du monde !","potentialAction":[{"@type":"SearchAction","target":{"@type":"EntryPoint","urlTemplate":"https:\/\/www.sorosoro.org\/es\/?s={search_term_string}"},"query-input":{"@type":"PropertyValueSpecification","valueRequired":true,"valueName":"search_term_string"}}],"inLanguage":"es"}]}},"_links":{"self":[{"href":"https:\/\/www.sorosoro.org\/es\/wp-json\/wp\/v2\/pages\/8013","targetHints":{"allow":["GET"]}}],"collection":[{"href":"https:\/\/www.sorosoro.org\/es\/wp-json\/wp\/v2\/pages"}],"about":[{"href":"https:\/\/www.sorosoro.org\/es\/wp-json\/wp\/v2\/types\/page"}],"author":[{"embeddable":true,"href":"https:\/\/www.sorosoro.org\/es\/wp-json\/wp\/v2\/users\/1"}],"replies":[{"embeddable":true,"href":"https:\/\/www.sorosoro.org\/es\/wp-json\/wp\/v2\/comments?post=8013"}],"version-history":[{"count":0,"href":"https:\/\/www.sorosoro.org\/es\/wp-json\/wp\/v2\/pages\/8013\/revisions"}],"wp:attachment":[{"href":"https:\/\/www.sorosoro.org\/es\/wp-json\/wp\/v2\/media?parent=8013"}],"curies":[{"name":"wp","href":"https:\/\/api.w.org\/{rel}","templated":true}]}}