{"id":8007,"date":"2009-12-10T11:26:26","date_gmt":"2009-12-10T10:26:26","guid":{"rendered":"http:\/\/www.sorosoro.org\/?page_id=8007"},"modified":"2010-03-03T15:33:36","modified_gmt":"2010-03-03T14:33:36","slug":"familia-de-lengua-aimara","status":"publish","type":"page","link":"https:\/\/www.sorosoro.org\/es\/familia-de-lengua-aimara\/","title":{"rendered":"Familia de lengua aimara"},"content":{"rendered":"<h5 style=\"text-align: justify;\">\u00bfD\u00f3nde se hablan las lenguas aimara ?<\/h5>\n<p style=\"text-align: justify;\">Estas lenguas son habladas en la regi\u00f3n de la Cordillera de Los Andes llamada  \u00abEl altiplano \u00bb en el Per\u00fa, Chile, Bolivia y Argentina<\/p>\n<h5 style=\"text-align: justify;\">N\u00famero total de hablantes (estimado) :<\/h5>\n<p style=\"text-align: justify;\">Seg\u00fan la SIL, aproximadamente son  2 200 000 todos hablantes de la lengua aimara ; las otras dos lenguas totalizan menos de 800 hablantes<\/p>\n<h5 style=\"text-align: justify;\">Clasificaci\u00f3n:<\/h5>\n<p style=\"text-align: justify;\">Seg\u00fan las fuentes, la familia aimara cuenta con dos o tres lenguas.<\/p>\n<p style=\"padding-left: 60px; text-align: justify;\"><strong>Aimara <\/strong>: 2 262 900 hablantes seg\u00fan SIL<\/p>\n<p style=\"padding-left: 30px; text-align: justify;\">RamaTupe<\/p>\n<p style=\"padding-left: 60px; text-align: justify;\"><strong>Jaqaru haqearu<\/strong> (nombre alternativo : haq\u2019aru) : 750 hablantes seg\u00fan SIL<\/p>\n<p style=\"padding-left: 60px; text-align: justify;\"><strong>Kawki<\/strong> (nombre alternativo: cachuy) : puede ser un dialecto muy pr\u00f3ximo del jaqaru, no habr\u00eda m\u00e1s de 5 hablantes,  fuente  Wiki ?<\/p>\n<h5 style=\"text-align: justify;\">Comentarios sobre la clasificaci\u00f3n de la lengua aimara<\/h5>\n<p style=\"text-align: justify;\">Nosotros seguimos la clasificaci\u00f3n dada por Campbell (1997).<\/p>\n<p style=\"text-align: justify;\">El aimara es un conjunto de dialectos hablados en todo el Altiplano, pero la mayor\u00eda de los hablantes viven en Bolivia.<\/p>\n<p style=\"text-align: justify;\">El jaqaru es un conjunto de dialectos hablados en el Per\u00fa cuya clasificaci\u00f3n no es un\u00e1nime entre los ling\u00fcistas.<\/p>\n<p style=\"text-align: justify;\">El kawki, a menudo, es considerado como una variante del jaqaru ; ha sido poco documentado y estudiado.<\/p>\n<p style=\"text-align: justify;\">Estas lenguas geogr\u00e1ficamente son pr\u00f3ximas a la lengua quechua, y ha sido propuesto de reagruparlas en una macro-familia \u00ab quechumara \u00bb. Sin embargo, seg\u00fan Campbell (1997) las similitudes entre estas dos lenguas  son de hecho, ligadas a los mutuos pr\u00e9stamos debido a su proximidad geogr\u00e1fica.<\/p>\n<h5 style=\"text-align: justify;\">\u00bfEst\u00e1n en peligro las lenguas aimaras ?<\/h5>\n<p style=\"text-align: justify;\">S\u00ed, el jaqaru est\u00e1 considerado \u00ab verdadermente en peligro \u00bb por la UNESCO, y el kawki tendr\u00eda menos de media docena de hablantes ancianos.<\/p>\n<p style=\"text-align: justify;\">\n<p style=\"text-align: justify;\">El aimara con m\u00e1s de dos millones de hablantes est\u00e1 menos amenazado, ya que es considerado como la lengua oficial en el Per\u00fa y en Bolivia. Sin embargo, el n\u00famero de hablantes  parece decrecer; algunos la abandonan por el espa\u00f1ol o por una lengua quechua.  La UNESCO considera que el dialecto aimara del sur es vulnerable.<\/p>\n<h5 style=\"text-align: justify;\">Fuentes<\/h5>\n<p style=\"text-align: justify;\">Campbell, Lyle (1997). <em>American Indian languages: the historical linguistics of Native America<\/em>. Oxford: Oxford University Press.<\/p>\n<p style=\"text-align: justify;\"><strong> <\/strong><\/p>\n","protected":false},"excerpt":{"rendered":"<p>\u00bfD\u00f3nde se hablan las lenguas aimara ? Estas lenguas son habladas en la regi\u00f3n de la Cordillera de Los Andes llamada \u00abEl altiplano \u00bb en el Per\u00fa, Chile, Bolivia y Argentina N\u00famero total de hablantes (estimado) : Seg\u00fan la SIL, aproximadamente son 2 200 000 todos hablantes de la lengua aimara ; las otras dos [&hellip;]<\/p>\n","protected":false},"author":1,"featured_media":0,"parent":0,"menu_order":0,"comment_status":"closed","ping_status":"open","template":"","meta":{"footnotes":""},"class_list":["post-8007","page","type-page","status-publish","hentry"],"yoast_head":"<!-- This site is optimized with the Yoast SEO plugin v27.0 - https:\/\/yoast.com\/product\/yoast-seo-wordpress\/ -->\n<title>Familia de lengua aimara - Sorosoro<\/title>\n<meta name=\"robots\" content=\"index, follow, max-snippet:-1, max-image-preview:large, max-video-preview:-1\" \/>\n<link rel=\"canonical\" href=\"https:\/\/www.sorosoro.org\/es\/familia-de-lengua-aimara\/\" \/>\n<meta property=\"og:locale\" content=\"es_ES\" \/>\n<meta property=\"og:type\" content=\"article\" \/>\n<meta property=\"og:title\" content=\"Familia de lengua aimara - Sorosoro\" \/>\n<meta property=\"og:description\" content=\"\u00bfD\u00f3nde se hablan las lenguas aimara ? Estas lenguas son habladas en la regi\u00f3n de la Cordillera de Los Andes llamada \u00abEl altiplano \u00bb en el Per\u00fa, Chile, Bolivia y Argentina N\u00famero total de hablantes (estimado) : Seg\u00fan la SIL, aproximadamente son 2 200 000 todos hablantes de la lengua aimara ; las otras dos [&hellip;]\" \/>\n<meta property=\"og:url\" content=\"https:\/\/www.sorosoro.org\/es\/familia-de-lengua-aimara\/\" \/>\n<meta property=\"og:site_name\" content=\"Sorosoro\" \/>\n<meta property=\"article:modified_time\" content=\"2010-03-03T14:33:36+00:00\" \/>\n<meta name=\"twitter:card\" content=\"summary_large_image\" \/>\n<meta name=\"twitter:label1\" content=\"Tiempo de lectura\" \/>\n\t<meta name=\"twitter:data1\" content=\"2 minutos\" \/>\n<script type=\"application\/ld+json\" class=\"yoast-schema-graph\">{\"@context\":\"https:\/\/schema.org\",\"@graph\":[{\"@type\":\"WebPage\",\"@id\":\"https:\/\/www.sorosoro.org\/es\/familia-de-lengua-aimara\/\",\"url\":\"https:\/\/www.sorosoro.org\/es\/familia-de-lengua-aimara\/\",\"name\":\"Familia de lengua aimara - Sorosoro\",\"isPartOf\":{\"@id\":\"https:\/\/www.sorosoro.org\/es\/#website\"},\"datePublished\":\"2009-12-10T10:26:26+00:00\",\"dateModified\":\"2010-03-03T14:33:36+00:00\",\"breadcrumb\":{\"@id\":\"https:\/\/www.sorosoro.org\/es\/familia-de-lengua-aimara\/#breadcrumb\"},\"inLanguage\":\"es\",\"potentialAction\":[{\"@type\":\"ReadAction\",\"target\":[\"https:\/\/www.sorosoro.org\/es\/familia-de-lengua-aimara\/\"]}]},{\"@type\":\"BreadcrumbList\",\"@id\":\"https:\/\/www.sorosoro.org\/es\/familia-de-lengua-aimara\/#breadcrumb\",\"itemListElement\":[{\"@type\":\"ListItem\",\"position\":1,\"name\":\"Accueil\",\"item\":\"https:\/\/www.sorosoro.org\/es\/\"},{\"@type\":\"ListItem\",\"position\":2,\"name\":\"Familia de lengua aimara\"}]},{\"@type\":\"WebSite\",\"@id\":\"https:\/\/www.sorosoro.org\/es\/#website\",\"url\":\"https:\/\/www.sorosoro.org\/es\/\",\"name\":\"Sorosoro\",\"description\":\"Pour que vivent les langues du monde !\",\"potentialAction\":[{\"@type\":\"SearchAction\",\"target\":{\"@type\":\"EntryPoint\",\"urlTemplate\":\"https:\/\/www.sorosoro.org\/es\/?s={search_term_string}\"},\"query-input\":{\"@type\":\"PropertyValueSpecification\",\"valueRequired\":true,\"valueName\":\"search_term_string\"}}],\"inLanguage\":\"es\"}]}<\/script>\n<!-- \/ Yoast SEO plugin. -->","yoast_head_json":{"title":"Familia de lengua aimara - Sorosoro","robots":{"index":"index","follow":"follow","max-snippet":"max-snippet:-1","max-image-preview":"max-image-preview:large","max-video-preview":"max-video-preview:-1"},"canonical":"https:\/\/www.sorosoro.org\/es\/familia-de-lengua-aimara\/","og_locale":"es_ES","og_type":"article","og_title":"Familia de lengua aimara - Sorosoro","og_description":"\u00bfD\u00f3nde se hablan las lenguas aimara ? Estas lenguas son habladas en la regi\u00f3n de la Cordillera de Los Andes llamada \u00abEl altiplano \u00bb en el Per\u00fa, Chile, Bolivia y Argentina N\u00famero total de hablantes (estimado) : Seg\u00fan la SIL, aproximadamente son 2 200 000 todos hablantes de la lengua aimara ; las otras dos [&hellip;]","og_url":"https:\/\/www.sorosoro.org\/es\/familia-de-lengua-aimara\/","og_site_name":"Sorosoro","article_modified_time":"2010-03-03T14:33:36+00:00","twitter_card":"summary_large_image","twitter_misc":{"Tiempo de lectura":"2 minutos"},"schema":{"@context":"https:\/\/schema.org","@graph":[{"@type":"WebPage","@id":"https:\/\/www.sorosoro.org\/es\/familia-de-lengua-aimara\/","url":"https:\/\/www.sorosoro.org\/es\/familia-de-lengua-aimara\/","name":"Familia de lengua aimara - Sorosoro","isPartOf":{"@id":"https:\/\/www.sorosoro.org\/es\/#website"},"datePublished":"2009-12-10T10:26:26+00:00","dateModified":"2010-03-03T14:33:36+00:00","breadcrumb":{"@id":"https:\/\/www.sorosoro.org\/es\/familia-de-lengua-aimara\/#breadcrumb"},"inLanguage":"es","potentialAction":[{"@type":"ReadAction","target":["https:\/\/www.sorosoro.org\/es\/familia-de-lengua-aimara\/"]}]},{"@type":"BreadcrumbList","@id":"https:\/\/www.sorosoro.org\/es\/familia-de-lengua-aimara\/#breadcrumb","itemListElement":[{"@type":"ListItem","position":1,"name":"Accueil","item":"https:\/\/www.sorosoro.org\/es\/"},{"@type":"ListItem","position":2,"name":"Familia de lengua aimara"}]},{"@type":"WebSite","@id":"https:\/\/www.sorosoro.org\/es\/#website","url":"https:\/\/www.sorosoro.org\/es\/","name":"Sorosoro","description":"Pour que vivent les langues du monde !","potentialAction":[{"@type":"SearchAction","target":{"@type":"EntryPoint","urlTemplate":"https:\/\/www.sorosoro.org\/es\/?s={search_term_string}"},"query-input":{"@type":"PropertyValueSpecification","valueRequired":true,"valueName":"search_term_string"}}],"inLanguage":"es"}]}},"_links":{"self":[{"href":"https:\/\/www.sorosoro.org\/es\/wp-json\/wp\/v2\/pages\/8007","targetHints":{"allow":["GET"]}}],"collection":[{"href":"https:\/\/www.sorosoro.org\/es\/wp-json\/wp\/v2\/pages"}],"about":[{"href":"https:\/\/www.sorosoro.org\/es\/wp-json\/wp\/v2\/types\/page"}],"author":[{"embeddable":true,"href":"https:\/\/www.sorosoro.org\/es\/wp-json\/wp\/v2\/users\/1"}],"replies":[{"embeddable":true,"href":"https:\/\/www.sorosoro.org\/es\/wp-json\/wp\/v2\/comments?post=8007"}],"version-history":[{"count":0,"href":"https:\/\/www.sorosoro.org\/es\/wp-json\/wp\/v2\/pages\/8007\/revisions"}],"wp:attachment":[{"href":"https:\/\/www.sorosoro.org\/es\/wp-json\/wp\/v2\/media?parent=8007"}],"curies":[{"name":"wp","href":"https:\/\/api.w.org\/{rel}","templated":true}]}}