{"id":7979,"date":"2009-12-08T11:07:19","date_gmt":"2009-12-08T10:07:19","guid":{"rendered":"http:\/\/www.sorosoro.org\/?page_id=7979"},"modified":"2010-03-03T15:51:38","modified_gmt":"2010-03-03T14:51:38","slug":"familia-de-lenguas-araua-o-arawa","status":"publish","type":"page","link":"https:\/\/www.sorosoro.org\/es\/familia-de-lenguas-araua-o-arawa\/","title":{"rendered":"Familia de lenguas araua o araw\u00e1"},"content":{"rendered":"<h5 style=\"text-align: justify;\">\u00bf D\u00f3nde se hablan  las lenguas araua ?<\/h5>\n<p style=\"text-align: justify;\">Estas lenguas son habladas en los estados del Amazonas y en  el Acre del Brasil y en el Per\u00fa.<\/p>\n<p style=\"text-align: justify;\">N\u00famero total de hablantes (estimado) :<\/p>\n<p style=\"text-align: justify;\">6891 seg\u00fan la UNESCO<\/p>\n<p style=\"text-align: justify;\">Seg\u00fan Dixon (1999) las cifras dadas son aproximadamente 4620.<\/p>\n<h5 style=\"text-align: justify;\">Clasificaci\u00f3n<\/h5>\n<p style=\"text-align: justify;\">La familia de las lenguas araua hasta hoy en d\u00eda cuenta con 5 lenguas activas.<\/p>\n<p style=\"padding-left: 30px; text-align: justify;\"><strong>Madi<\/strong> (3 dialectos) : 1 090 hablantes seg\u00fan la  UNESCO y 420 seg\u00fan Dixon<\/p>\n<p style=\"padding-left: 30px; text-align: justify;\"><strong>Paumari<\/strong> : 290 hablantes seg\u00fan la UNESCO y 600 seg\u00fan Dixon<\/p>\n<p style=\"padding-left: 30px; text-align: justify;\"><strong>Sorowaha<\/strong> (nombre alternativo : suruah\u00e1) : 136 hablantes seg\u00fan la UNESCO y 100 seg\u00fan Dixon<\/p>\n<p style=\"text-align: justify;\">Sub familia de  deni-kulina<\/p>\n<p style=\"padding-left: 30px; text-align: justify;\"><strong>Arawa<\/strong>: extinguida<\/p>\n<p style=\"padding-left: 30px; text-align: justify;\"><strong>Den\u00ed<\/strong> : 875 hablantes seg\u00fan UNESCO y 1000 seg\u00fan Dixon<\/p>\n<p style=\"padding-left: 30px; text-align: justify;\"><strong>Kulina<\/strong> : 4500 hablantes seg\u00fan UNESCO y 2500 seg\u00fan Dixon<\/p>\n<h5 style=\"text-align: justify;\">Comentarios sobre la clasificaci\u00f3n de las lengues araua:<\/h5>\n<p style=\"text-align: justify;\">Aqu\u00ed seguimos la clasificaci\u00f3n de Dixon (1999).<\/p>\n<p style=\"text-align: justify;\">Estas lenguas no est\u00e1n emparentadas a ninguna de las familias de lenguas  conocidas.<\/p>\n<p style=\"text-align: justify;\">En lo que concierne a el madi, seg\u00fan las fuentes, se trata de un conjunto que comprende tres o cuatro dialectos<\/p>\n<p style=\"text-align: justify;\">Algunas fuentes los consideran como lenguas.<\/p>\n<p style=\"text-align: justify;\">Dixon, respecto a \u00e9l, reconoci\u00f3 en el madi tres dialectos : el jarawara, el jamamadi y el banaw\u00e1, que consider\u00f3 como tres variantes de una misma lengua.<\/p>\n<h5 style=\"text-align: justify;\">\u00bfLas lenguas arawa est\u00e1n en peligro?<\/h5>\n<p style=\"text-align: justify;\">Todas las lenguas\u00a0 araua est\u00e1n amenazadas.<\/p>\n<p style=\"text-align: justify;\">Seg\u00fan la UNESCO, la m\u00e1s amenazada ser\u00eda el paumari, considerada \u00ab seriamente en peligro \u00bb (nivel 3 sobre una escala de 5).<\/p>\n<h5 style=\"text-align: justify;\">Fuentes<\/h5>\n<p style=\"text-align: justify;\">Dienst, Stefan. \u201c<em>The internal classification of the Arawan languages<\/em>.\u201d LIAMES 8. (2008)<\/p>\n<p style=\"text-align: justify;\">Dixon, R.M.W. \u201c<em>Araw\u00e1<\/em>\u201d in R.M.W. Dixon and Alexandra Y.Aikhenvald (Eds), The Amazonian Languages, (PP 293-306), Cambridge University Press. (1999)<\/p>\n","protected":false},"excerpt":{"rendered":"<p>\u00bf D\u00f3nde se hablan las lenguas araua ? Estas lenguas son habladas en los estados del Amazonas y en el Acre del Brasil y en el Per\u00fa. N\u00famero total de hablantes (estimado) : 6891 seg\u00fan la UNESCO Seg\u00fan Dixon (1999) las cifras dadas son aproximadamente 4620. Clasificaci\u00f3n La familia de las lenguas araua hasta hoy [&hellip;]<\/p>\n","protected":false},"author":1,"featured_media":0,"parent":0,"menu_order":0,"comment_status":"closed","ping_status":"open","template":"","meta":{"footnotes":""},"class_list":["post-7979","page","type-page","status-publish","hentry"],"yoast_head":"<!-- This site is optimized with the Yoast SEO plugin v27.0 - https:\/\/yoast.com\/product\/yoast-seo-wordpress\/ -->\n<title>Familia de lenguas araua o araw\u00e1 - Sorosoro<\/title>\n<meta name=\"robots\" content=\"index, follow, max-snippet:-1, max-image-preview:large, max-video-preview:-1\" \/>\n<link rel=\"canonical\" href=\"https:\/\/www.sorosoro.org\/es\/familia-de-lenguas-araua-o-arawa\/\" \/>\n<meta property=\"og:locale\" content=\"es_ES\" \/>\n<meta property=\"og:type\" content=\"article\" \/>\n<meta property=\"og:title\" content=\"Familia de lenguas araua o araw\u00e1 - Sorosoro\" \/>\n<meta property=\"og:description\" content=\"\u00bf D\u00f3nde se hablan las lenguas araua ? Estas lenguas son habladas en los estados del Amazonas y en el Acre del Brasil y en el Per\u00fa. N\u00famero total de hablantes (estimado) : 6891 seg\u00fan la UNESCO Seg\u00fan Dixon (1999) las cifras dadas son aproximadamente 4620. Clasificaci\u00f3n La familia de las lenguas araua hasta hoy [&hellip;]\" \/>\n<meta property=\"og:url\" content=\"https:\/\/www.sorosoro.org\/es\/familia-de-lenguas-araua-o-arawa\/\" \/>\n<meta property=\"og:site_name\" content=\"Sorosoro\" \/>\n<meta property=\"article:modified_time\" content=\"2010-03-03T14:51:38+00:00\" \/>\n<meta name=\"twitter:card\" content=\"summary_large_image\" \/>\n<meta name=\"twitter:label1\" content=\"Tiempo de lectura\" \/>\n\t<meta name=\"twitter:data1\" content=\"1 minuto\" \/>\n<script type=\"application\/ld+json\" class=\"yoast-schema-graph\">{\"@context\":\"https:\/\/schema.org\",\"@graph\":[{\"@type\":\"WebPage\",\"@id\":\"https:\/\/www.sorosoro.org\/es\/familia-de-lenguas-araua-o-arawa\/\",\"url\":\"https:\/\/www.sorosoro.org\/es\/familia-de-lenguas-araua-o-arawa\/\",\"name\":\"Familia de lenguas araua o araw\u00e1 - Sorosoro\",\"isPartOf\":{\"@id\":\"https:\/\/www.sorosoro.org\/es\/#website\"},\"datePublished\":\"2009-12-08T10:07:19+00:00\",\"dateModified\":\"2010-03-03T14:51:38+00:00\",\"breadcrumb\":{\"@id\":\"https:\/\/www.sorosoro.org\/es\/familia-de-lenguas-araua-o-arawa\/#breadcrumb\"},\"inLanguage\":\"es\",\"potentialAction\":[{\"@type\":\"ReadAction\",\"target\":[\"https:\/\/www.sorosoro.org\/es\/familia-de-lenguas-araua-o-arawa\/\"]}]},{\"@type\":\"BreadcrumbList\",\"@id\":\"https:\/\/www.sorosoro.org\/es\/familia-de-lenguas-araua-o-arawa\/#breadcrumb\",\"itemListElement\":[{\"@type\":\"ListItem\",\"position\":1,\"name\":\"Accueil\",\"item\":\"https:\/\/www.sorosoro.org\/es\/\"},{\"@type\":\"ListItem\",\"position\":2,\"name\":\"Familia de lenguas araua o araw\u00e1\"}]},{\"@type\":\"WebSite\",\"@id\":\"https:\/\/www.sorosoro.org\/es\/#website\",\"url\":\"https:\/\/www.sorosoro.org\/es\/\",\"name\":\"Sorosoro\",\"description\":\"Pour que vivent les langues du monde !\",\"potentialAction\":[{\"@type\":\"SearchAction\",\"target\":{\"@type\":\"EntryPoint\",\"urlTemplate\":\"https:\/\/www.sorosoro.org\/es\/?s={search_term_string}\"},\"query-input\":{\"@type\":\"PropertyValueSpecification\",\"valueRequired\":true,\"valueName\":\"search_term_string\"}}],\"inLanguage\":\"es\"}]}<\/script>\n<!-- \/ Yoast SEO plugin. -->","yoast_head_json":{"title":"Familia de lenguas araua o araw\u00e1 - Sorosoro","robots":{"index":"index","follow":"follow","max-snippet":"max-snippet:-1","max-image-preview":"max-image-preview:large","max-video-preview":"max-video-preview:-1"},"canonical":"https:\/\/www.sorosoro.org\/es\/familia-de-lenguas-araua-o-arawa\/","og_locale":"es_ES","og_type":"article","og_title":"Familia de lenguas araua o araw\u00e1 - Sorosoro","og_description":"\u00bf D\u00f3nde se hablan las lenguas araua ? Estas lenguas son habladas en los estados del Amazonas y en el Acre del Brasil y en el Per\u00fa. N\u00famero total de hablantes (estimado) : 6891 seg\u00fan la UNESCO Seg\u00fan Dixon (1999) las cifras dadas son aproximadamente 4620. Clasificaci\u00f3n La familia de las lenguas araua hasta hoy [&hellip;]","og_url":"https:\/\/www.sorosoro.org\/es\/familia-de-lenguas-araua-o-arawa\/","og_site_name":"Sorosoro","article_modified_time":"2010-03-03T14:51:38+00:00","twitter_card":"summary_large_image","twitter_misc":{"Tiempo de lectura":"1 minuto"},"schema":{"@context":"https:\/\/schema.org","@graph":[{"@type":"WebPage","@id":"https:\/\/www.sorosoro.org\/es\/familia-de-lenguas-araua-o-arawa\/","url":"https:\/\/www.sorosoro.org\/es\/familia-de-lenguas-araua-o-arawa\/","name":"Familia de lenguas araua o araw\u00e1 - Sorosoro","isPartOf":{"@id":"https:\/\/www.sorosoro.org\/es\/#website"},"datePublished":"2009-12-08T10:07:19+00:00","dateModified":"2010-03-03T14:51:38+00:00","breadcrumb":{"@id":"https:\/\/www.sorosoro.org\/es\/familia-de-lenguas-araua-o-arawa\/#breadcrumb"},"inLanguage":"es","potentialAction":[{"@type":"ReadAction","target":["https:\/\/www.sorosoro.org\/es\/familia-de-lenguas-araua-o-arawa\/"]}]},{"@type":"BreadcrumbList","@id":"https:\/\/www.sorosoro.org\/es\/familia-de-lenguas-araua-o-arawa\/#breadcrumb","itemListElement":[{"@type":"ListItem","position":1,"name":"Accueil","item":"https:\/\/www.sorosoro.org\/es\/"},{"@type":"ListItem","position":2,"name":"Familia de lenguas araua o araw\u00e1"}]},{"@type":"WebSite","@id":"https:\/\/www.sorosoro.org\/es\/#website","url":"https:\/\/www.sorosoro.org\/es\/","name":"Sorosoro","description":"Pour que vivent les langues du monde !","potentialAction":[{"@type":"SearchAction","target":{"@type":"EntryPoint","urlTemplate":"https:\/\/www.sorosoro.org\/es\/?s={search_term_string}"},"query-input":{"@type":"PropertyValueSpecification","valueRequired":true,"valueName":"search_term_string"}}],"inLanguage":"es"}]}},"_links":{"self":[{"href":"https:\/\/www.sorosoro.org\/es\/wp-json\/wp\/v2\/pages\/7979","targetHints":{"allow":["GET"]}}],"collection":[{"href":"https:\/\/www.sorosoro.org\/es\/wp-json\/wp\/v2\/pages"}],"about":[{"href":"https:\/\/www.sorosoro.org\/es\/wp-json\/wp\/v2\/types\/page"}],"author":[{"embeddable":true,"href":"https:\/\/www.sorosoro.org\/es\/wp-json\/wp\/v2\/users\/1"}],"replies":[{"embeddable":true,"href":"https:\/\/www.sorosoro.org\/es\/wp-json\/wp\/v2\/comments?post=7979"}],"version-history":[{"count":0,"href":"https:\/\/www.sorosoro.org\/es\/wp-json\/wp\/v2\/pages\/7979\/revisions"}],"wp:attachment":[{"href":"https:\/\/www.sorosoro.org\/es\/wp-json\/wp\/v2\/media?parent=7979"}],"curies":[{"name":"wp","href":"https:\/\/api.w.org\/{rel}","templated":true}]}}