{"id":67812,"date":"2015-09-28T15:05:37","date_gmt":"2015-09-28T13:05:37","guid":{"rendered":"http:\/\/www.sorosoro.org\/?page_id=67812"},"modified":"2015-10-07T00:41:40","modified_gmt":"2015-10-06T22:41:40","slug":"lenguas-de-europa","status":"publish","type":"page","link":"https:\/\/www.sorosoro.org\/es\/lenguas-de-europa\/","title":{"rendered":"Lenguas de Europa"},"content":{"rendered":"<p>Por preocupaci\u00f3n de legibilidad, no damos aqu\u00ed una lista exhaustiva de todas las lenguas de Europa pero usted encontrar\u00e1 una lista completa est\u00e1 a dentro de la pesta\u00f1a \u00ab<a href=\"https:\/\/www.sorosoro.org\/es\/familias-de-lenguas-en-europa\/\">Familias de lenguas en Europa<\/a>\u00ab, donde est\u00e1n clasificadas por familias ling\u00fc\u00edsticas.<br \/>\nPues proponemos aqu\u00ed s\u00f3lo las lenguas para las cuales hemos establecido fichas descriptivas.<\/p>\n<ul>\n<li><a href=\"\/es\/el-breton\/\">El bret\u00f3n<\/a><\/li>\n<li><a href=\"\/es\/el-gales\/\">El gal\u00e9s<\/a><\/li>\n<li><a href=\"\/es\/el-irlandes\/\">El irland\u00e9s<\/a><\/li>\n<li><a href=\"\/es\/el-occitano\/\">El occitano<\/a><br \/>\n&nbsp;&nbsp;&nbsp;&#8211;&nbsp;<a href=\"\/es\/el-aranes\/\">El aran\u00e9s<\/a><br \/>\n&nbsp;&nbsp;&nbsp;&#8211;&nbsp;<a href=\"\/es\/el-provenzal\/\">El provenzal<\/a><\/li>\n<\/ul>\n<p>&nbsp;<br \/>\n\u00a1 Esperamos extender esta lista en el curso del tiempo y sus contribuciones son bienvenidas!<br \/>\n<a href=\"https:\/\/www.sorosoro.org\/es\/participen\/usted-quiere-informar-sobre-una-lengua-en-peligro-de-desaparicion\/\">Comparta sus informaciones sobre una lengua en peligro<\/a><br \/>\n&nbsp;<br \/>\nMientras tanto hay m\u00e1s fichas descriptivas de lenguas en la <a href=\"http:\/\/www.sorosoro.org\/langues-deurope\/\">versi\u00f3n francesa<\/a> de este sitio.<br \/>\n&nbsp;<br \/>\n<a href=\"\/es\/europa\/\"><img loading=\"lazy\" decoding=\"async\" src=\"\/wp-content\/uploads\/bouton_retour.jpg\" alt=\"bouton_retour\" width=\"20\" height=\"20\" class=\"alignnone size-full wp-image-65133\" \/><\/a>&nbsp;<a href=\"\/es\/europa\/\"><strong>Volver a la p\u00e1gina anterior<\/strong><\/a><\/p>\n","protected":false},"excerpt":{"rendered":"<p>Por preocupaci\u00f3n de legibilidad, no damos aqu\u00ed una lista exhaustiva de todas las lenguas de Europa pero usted encontrar\u00e1 una lista completa est\u00e1 a dentro de la pesta\u00f1a \u00abFamilias de lenguas en Europa\u00ab, donde est\u00e1n clasificadas por familias ling\u00fc\u00edsticas. Pues proponemos aqu\u00ed s\u00f3lo las lenguas para las cuales hemos establecido fichas descriptivas. El bret\u00f3n El [&hellip;]<\/p>\n","protected":false},"author":1,"featured_media":0,"parent":0,"menu_order":0,"comment_status":"closed","ping_status":"closed","template":"","meta":{"footnotes":""},"class_list":["post-67812","page","type-page","status-publish","hentry"],"yoast_head":"<!-- This site is optimized with the Yoast SEO plugin v27.0 - https:\/\/yoast.com\/product\/yoast-seo-wordpress\/ -->\n<title>Lenguas de Europa - Sorosoro<\/title>\n<meta name=\"robots\" content=\"index, follow, max-snippet:-1, max-image-preview:large, max-video-preview:-1\" \/>\n<link rel=\"canonical\" href=\"https:\/\/www.sorosoro.org\/es\/lenguas-de-europa\/\" \/>\n<meta property=\"og:locale\" content=\"es_ES\" \/>\n<meta property=\"og:type\" content=\"article\" \/>\n<meta property=\"og:title\" content=\"Lenguas de Europa - Sorosoro\" \/>\n<meta property=\"og:description\" content=\"Por preocupaci\u00f3n de legibilidad, no damos aqu\u00ed una lista exhaustiva de todas las lenguas de Europa pero usted encontrar\u00e1 una lista completa est\u00e1 a dentro de la pesta\u00f1a \u00abFamilias de lenguas en Europa\u00ab, donde est\u00e1n clasificadas por familias ling\u00fc\u00edsticas. Pues proponemos aqu\u00ed s\u00f3lo las lenguas para las cuales hemos establecido fichas descriptivas. El bret\u00f3n El [&hellip;]\" \/>\n<meta property=\"og:url\" content=\"https:\/\/www.sorosoro.org\/es\/lenguas-de-europa\/\" \/>\n<meta property=\"og:site_name\" content=\"Sorosoro\" \/>\n<meta property=\"article:modified_time\" content=\"2015-10-06T22:41:40+00:00\" \/>\n<meta name=\"twitter:card\" content=\"summary_large_image\" \/>\n<meta name=\"twitter:label1\" content=\"Tiempo de lectura\" \/>\n\t<meta name=\"twitter:data1\" content=\"1 minuto\" \/>\n<script type=\"application\/ld+json\" class=\"yoast-schema-graph\">{\"@context\":\"https:\/\/schema.org\",\"@graph\":[{\"@type\":\"WebPage\",\"@id\":\"https:\/\/www.sorosoro.org\/es\/lenguas-de-europa\/\",\"url\":\"https:\/\/www.sorosoro.org\/es\/lenguas-de-europa\/\",\"name\":\"Lenguas de Europa - Sorosoro\",\"isPartOf\":{\"@id\":\"https:\/\/www.sorosoro.org\/es\/#website\"},\"datePublished\":\"2015-09-28T13:05:37+00:00\",\"dateModified\":\"2015-10-06T22:41:40+00:00\",\"breadcrumb\":{\"@id\":\"https:\/\/www.sorosoro.org\/es\/lenguas-de-europa\/#breadcrumb\"},\"inLanguage\":\"es\",\"potentialAction\":[{\"@type\":\"ReadAction\",\"target\":[\"https:\/\/www.sorosoro.org\/es\/lenguas-de-europa\/\"]}]},{\"@type\":\"BreadcrumbList\",\"@id\":\"https:\/\/www.sorosoro.org\/es\/lenguas-de-europa\/#breadcrumb\",\"itemListElement\":[{\"@type\":\"ListItem\",\"position\":1,\"name\":\"Accueil\",\"item\":\"https:\/\/www.sorosoro.org\/es\/\"},{\"@type\":\"ListItem\",\"position\":2,\"name\":\"Lenguas de Europa\"}]},{\"@type\":\"WebSite\",\"@id\":\"https:\/\/www.sorosoro.org\/es\/#website\",\"url\":\"https:\/\/www.sorosoro.org\/es\/\",\"name\":\"Sorosoro\",\"description\":\"Pour que vivent les langues du monde !\",\"potentialAction\":[{\"@type\":\"SearchAction\",\"target\":{\"@type\":\"EntryPoint\",\"urlTemplate\":\"https:\/\/www.sorosoro.org\/es\/?s={search_term_string}\"},\"query-input\":{\"@type\":\"PropertyValueSpecification\",\"valueRequired\":true,\"valueName\":\"search_term_string\"}}],\"inLanguage\":\"es\"}]}<\/script>\n<!-- \/ Yoast SEO plugin. -->","yoast_head_json":{"title":"Lenguas de Europa - Sorosoro","robots":{"index":"index","follow":"follow","max-snippet":"max-snippet:-1","max-image-preview":"max-image-preview:large","max-video-preview":"max-video-preview:-1"},"canonical":"https:\/\/www.sorosoro.org\/es\/lenguas-de-europa\/","og_locale":"es_ES","og_type":"article","og_title":"Lenguas de Europa - Sorosoro","og_description":"Por preocupaci\u00f3n de legibilidad, no damos aqu\u00ed una lista exhaustiva de todas las lenguas de Europa pero usted encontrar\u00e1 una lista completa est\u00e1 a dentro de la pesta\u00f1a \u00abFamilias de lenguas en Europa\u00ab, donde est\u00e1n clasificadas por familias ling\u00fc\u00edsticas. Pues proponemos aqu\u00ed s\u00f3lo las lenguas para las cuales hemos establecido fichas descriptivas. El bret\u00f3n El [&hellip;]","og_url":"https:\/\/www.sorosoro.org\/es\/lenguas-de-europa\/","og_site_name":"Sorosoro","article_modified_time":"2015-10-06T22:41:40+00:00","twitter_card":"summary_large_image","twitter_misc":{"Tiempo de lectura":"1 minuto"},"schema":{"@context":"https:\/\/schema.org","@graph":[{"@type":"WebPage","@id":"https:\/\/www.sorosoro.org\/es\/lenguas-de-europa\/","url":"https:\/\/www.sorosoro.org\/es\/lenguas-de-europa\/","name":"Lenguas de Europa - Sorosoro","isPartOf":{"@id":"https:\/\/www.sorosoro.org\/es\/#website"},"datePublished":"2015-09-28T13:05:37+00:00","dateModified":"2015-10-06T22:41:40+00:00","breadcrumb":{"@id":"https:\/\/www.sorosoro.org\/es\/lenguas-de-europa\/#breadcrumb"},"inLanguage":"es","potentialAction":[{"@type":"ReadAction","target":["https:\/\/www.sorosoro.org\/es\/lenguas-de-europa\/"]}]},{"@type":"BreadcrumbList","@id":"https:\/\/www.sorosoro.org\/es\/lenguas-de-europa\/#breadcrumb","itemListElement":[{"@type":"ListItem","position":1,"name":"Accueil","item":"https:\/\/www.sorosoro.org\/es\/"},{"@type":"ListItem","position":2,"name":"Lenguas de Europa"}]},{"@type":"WebSite","@id":"https:\/\/www.sorosoro.org\/es\/#website","url":"https:\/\/www.sorosoro.org\/es\/","name":"Sorosoro","description":"Pour que vivent les langues du monde !","potentialAction":[{"@type":"SearchAction","target":{"@type":"EntryPoint","urlTemplate":"https:\/\/www.sorosoro.org\/es\/?s={search_term_string}"},"query-input":{"@type":"PropertyValueSpecification","valueRequired":true,"valueName":"search_term_string"}}],"inLanguage":"es"}]}},"_links":{"self":[{"href":"https:\/\/www.sorosoro.org\/es\/wp-json\/wp\/v2\/pages\/67812","targetHints":{"allow":["GET"]}}],"collection":[{"href":"https:\/\/www.sorosoro.org\/es\/wp-json\/wp\/v2\/pages"}],"about":[{"href":"https:\/\/www.sorosoro.org\/es\/wp-json\/wp\/v2\/types\/page"}],"author":[{"embeddable":true,"href":"https:\/\/www.sorosoro.org\/es\/wp-json\/wp\/v2\/users\/1"}],"replies":[{"embeddable":true,"href":"https:\/\/www.sorosoro.org\/es\/wp-json\/wp\/v2\/comments?post=67812"}],"version-history":[{"count":0,"href":"https:\/\/www.sorosoro.org\/es\/wp-json\/wp\/v2\/pages\/67812\/revisions"}],"wp:attachment":[{"href":"https:\/\/www.sorosoro.org\/es\/wp-json\/wp\/v2\/media?parent=67812"}],"curies":[{"name":"wp","href":"https:\/\/api.w.org\/{rel}","templated":true}]}}