{"id":67781,"date":"2015-09-28T14:46:41","date_gmt":"2015-09-28T12:46:41","guid":{"rendered":"http:\/\/www.sorosoro.org\/?page_id=67781"},"modified":"2015-10-06T21:50:28","modified_gmt":"2015-10-06T19:50:28","slug":"lenguas-de-asia","status":"publish","type":"page","link":"https:\/\/www.sorosoro.org\/es\/lenguas-de-asia\/","title":{"rendered":"Lenguas de Asia"},"content":{"rendered":"<p>\u00a1Dar una lista exhaustiva de todas las lenguas de Asia de manera legible ser\u00eda dif\u00edcil porque hay cerca de 2000! Esta lista completa est\u00e1 dentro de la pesta\u00f1a \u00ab<a href=\"https:\/\/www.sorosoro.org\/es\/familias-de-lenguas-en-asia\/\">Familias de lenguas en  Asia<\/a>\u00ab, est\u00e1n  clasificadas por familias ling\u00fc\u00edsticas.<br \/>\nPues proponemos aqu\u00ed s\u00f3lo los idiomas y grupos de idiomas para las cuales hemos establecido fichas descriptivas.<br \/>\n\u00a1Esperamos enriquecer esta lista en el curso del tiempo y sus contribuciones son bienvenidas!<\/p>\n<ul>\n<li><a href=\"\/es\/el-alutor\/\">El alutor<\/a><\/li>\n<li><a href=\"\/es\/el-itelmen\/\">El itelmen<\/a> <\/li>\n<li><a href=\"\/es\/el-kokborok\/\">El kokborok<\/a><\/li>\n<li><a href=\"\/es\/el-koryak\/\">El koryak<\/a> <\/li>\n<li><a href=\"\/es\/el-chucoto\/\">El chucoto<\/a><\/li>\n<\/ul>\n<p>&nbsp;<br \/>\n<a href=\"\/es\/asia-2\/\"><img loading=\"lazy\" decoding=\"async\" src=\"\/wp-content\/uploads\/bouton_retour.jpg\" alt=\"bouton_retour\" width=\"20\" height=\"20\" class=\"alignnone size-full wp-image-65133\" \/><\/a>&nbsp;<a href=\"\/es\/asia-2\/\"><strong>Volver a la p\u00e1gina anterior<\/strong><\/a><\/p>\n","protected":false},"excerpt":{"rendered":"<p>\u00a1Dar una lista exhaustiva de todas las lenguas de Asia de manera legible ser\u00eda dif\u00edcil porque hay cerca de 2000! Esta lista completa est\u00e1 dentro de la pesta\u00f1a \u00abFamilias de lenguas en Asia\u00ab, est\u00e1n clasificadas por familias ling\u00fc\u00edsticas. Pues proponemos aqu\u00ed s\u00f3lo los idiomas y grupos de idiomas para las cuales hemos establecido fichas descriptivas. [&hellip;]<\/p>\n","protected":false},"author":1,"featured_media":0,"parent":0,"menu_order":0,"comment_status":"closed","ping_status":"closed","template":"","meta":{"footnotes":""},"class_list":["post-67781","page","type-page","status-publish","hentry"],"yoast_head":"<!-- This site is optimized with the Yoast SEO plugin v27.0 - https:\/\/yoast.com\/product\/yoast-seo-wordpress\/ -->\n<title>Lenguas de Asia - Sorosoro<\/title>\n<meta name=\"robots\" content=\"index, follow, max-snippet:-1, max-image-preview:large, max-video-preview:-1\" \/>\n<link rel=\"canonical\" href=\"https:\/\/www.sorosoro.org\/es\/lenguas-de-asia\/\" \/>\n<meta property=\"og:locale\" content=\"es_ES\" \/>\n<meta property=\"og:type\" content=\"article\" \/>\n<meta property=\"og:title\" content=\"Lenguas de Asia - Sorosoro\" \/>\n<meta property=\"og:description\" content=\"\u00a1Dar una lista exhaustiva de todas las lenguas de Asia de manera legible ser\u00eda dif\u00edcil porque hay cerca de 2000! Esta lista completa est\u00e1 dentro de la pesta\u00f1a \u00abFamilias de lenguas en Asia\u00ab, est\u00e1n clasificadas por familias ling\u00fc\u00edsticas. Pues proponemos aqu\u00ed s\u00f3lo los idiomas y grupos de idiomas para las cuales hemos establecido fichas descriptivas. [&hellip;]\" \/>\n<meta property=\"og:url\" content=\"https:\/\/www.sorosoro.org\/es\/lenguas-de-asia\/\" \/>\n<meta property=\"og:site_name\" content=\"Sorosoro\" \/>\n<meta property=\"article:modified_time\" content=\"2015-10-06T19:50:28+00:00\" \/>\n<meta name=\"twitter:card\" content=\"summary_large_image\" \/>\n<script type=\"application\/ld+json\" class=\"yoast-schema-graph\">{\"@context\":\"https:\/\/schema.org\",\"@graph\":[{\"@type\":\"WebPage\",\"@id\":\"https:\/\/www.sorosoro.org\/es\/lenguas-de-asia\/\",\"url\":\"https:\/\/www.sorosoro.org\/es\/lenguas-de-asia\/\",\"name\":\"Lenguas de Asia - Sorosoro\",\"isPartOf\":{\"@id\":\"https:\/\/www.sorosoro.org\/es\/#website\"},\"datePublished\":\"2015-09-28T12:46:41+00:00\",\"dateModified\":\"2015-10-06T19:50:28+00:00\",\"breadcrumb\":{\"@id\":\"https:\/\/www.sorosoro.org\/es\/lenguas-de-asia\/#breadcrumb\"},\"inLanguage\":\"es\",\"potentialAction\":[{\"@type\":\"ReadAction\",\"target\":[\"https:\/\/www.sorosoro.org\/es\/lenguas-de-asia\/\"]}]},{\"@type\":\"BreadcrumbList\",\"@id\":\"https:\/\/www.sorosoro.org\/es\/lenguas-de-asia\/#breadcrumb\",\"itemListElement\":[{\"@type\":\"ListItem\",\"position\":1,\"name\":\"Accueil\",\"item\":\"https:\/\/www.sorosoro.org\/es\/\"},{\"@type\":\"ListItem\",\"position\":2,\"name\":\"Lenguas de Asia\"}]},{\"@type\":\"WebSite\",\"@id\":\"https:\/\/www.sorosoro.org\/es\/#website\",\"url\":\"https:\/\/www.sorosoro.org\/es\/\",\"name\":\"Sorosoro\",\"description\":\"Pour que vivent les langues du monde !\",\"potentialAction\":[{\"@type\":\"SearchAction\",\"target\":{\"@type\":\"EntryPoint\",\"urlTemplate\":\"https:\/\/www.sorosoro.org\/es\/?s={search_term_string}\"},\"query-input\":{\"@type\":\"PropertyValueSpecification\",\"valueRequired\":true,\"valueName\":\"search_term_string\"}}],\"inLanguage\":\"es\"}]}<\/script>\n<!-- \/ Yoast SEO plugin. -->","yoast_head_json":{"title":"Lenguas de Asia - Sorosoro","robots":{"index":"index","follow":"follow","max-snippet":"max-snippet:-1","max-image-preview":"max-image-preview:large","max-video-preview":"max-video-preview:-1"},"canonical":"https:\/\/www.sorosoro.org\/es\/lenguas-de-asia\/","og_locale":"es_ES","og_type":"article","og_title":"Lenguas de Asia - Sorosoro","og_description":"\u00a1Dar una lista exhaustiva de todas las lenguas de Asia de manera legible ser\u00eda dif\u00edcil porque hay cerca de 2000! Esta lista completa est\u00e1 dentro de la pesta\u00f1a \u00abFamilias de lenguas en Asia\u00ab, est\u00e1n clasificadas por familias ling\u00fc\u00edsticas. Pues proponemos aqu\u00ed s\u00f3lo los idiomas y grupos de idiomas para las cuales hemos establecido fichas descriptivas. [&hellip;]","og_url":"https:\/\/www.sorosoro.org\/es\/lenguas-de-asia\/","og_site_name":"Sorosoro","article_modified_time":"2015-10-06T19:50:28+00:00","twitter_card":"summary_large_image","schema":{"@context":"https:\/\/schema.org","@graph":[{"@type":"WebPage","@id":"https:\/\/www.sorosoro.org\/es\/lenguas-de-asia\/","url":"https:\/\/www.sorosoro.org\/es\/lenguas-de-asia\/","name":"Lenguas de Asia - Sorosoro","isPartOf":{"@id":"https:\/\/www.sorosoro.org\/es\/#website"},"datePublished":"2015-09-28T12:46:41+00:00","dateModified":"2015-10-06T19:50:28+00:00","breadcrumb":{"@id":"https:\/\/www.sorosoro.org\/es\/lenguas-de-asia\/#breadcrumb"},"inLanguage":"es","potentialAction":[{"@type":"ReadAction","target":["https:\/\/www.sorosoro.org\/es\/lenguas-de-asia\/"]}]},{"@type":"BreadcrumbList","@id":"https:\/\/www.sorosoro.org\/es\/lenguas-de-asia\/#breadcrumb","itemListElement":[{"@type":"ListItem","position":1,"name":"Accueil","item":"https:\/\/www.sorosoro.org\/es\/"},{"@type":"ListItem","position":2,"name":"Lenguas de Asia"}]},{"@type":"WebSite","@id":"https:\/\/www.sorosoro.org\/es\/#website","url":"https:\/\/www.sorosoro.org\/es\/","name":"Sorosoro","description":"Pour que vivent les langues du monde !","potentialAction":[{"@type":"SearchAction","target":{"@type":"EntryPoint","urlTemplate":"https:\/\/www.sorosoro.org\/es\/?s={search_term_string}"},"query-input":{"@type":"PropertyValueSpecification","valueRequired":true,"valueName":"search_term_string"}}],"inLanguage":"es"}]}},"_links":{"self":[{"href":"https:\/\/www.sorosoro.org\/es\/wp-json\/wp\/v2\/pages\/67781","targetHints":{"allow":["GET"]}}],"collection":[{"href":"https:\/\/www.sorosoro.org\/es\/wp-json\/wp\/v2\/pages"}],"about":[{"href":"https:\/\/www.sorosoro.org\/es\/wp-json\/wp\/v2\/types\/page"}],"author":[{"embeddable":true,"href":"https:\/\/www.sorosoro.org\/es\/wp-json\/wp\/v2\/users\/1"}],"replies":[{"embeddable":true,"href":"https:\/\/www.sorosoro.org\/es\/wp-json\/wp\/v2\/comments?post=67781"}],"version-history":[{"count":0,"href":"https:\/\/www.sorosoro.org\/es\/wp-json\/wp\/v2\/pages\/67781\/revisions"}],"wp:attachment":[{"href":"https:\/\/www.sorosoro.org\/es\/wp-json\/wp\/v2\/media?parent=67781"}],"curies":[{"name":"wp","href":"https:\/\/api.w.org\/{rel}","templated":true}]}}