{"id":67706,"date":"2015-09-28T01:25:02","date_gmt":"2015-09-27T23:25:02","guid":{"rendered":"http:\/\/www.sorosoro.org\/?page_id=67706"},"modified":"2015-10-05T20:16:03","modified_gmt":"2015-10-05T18:16:03","slug":"familias-de-lenguas-en-america-del-norte","status":"publish","type":"page","link":"https:\/\/www.sorosoro.org\/es\/familias-de-lenguas-en-america-del-norte\/","title":{"rendered":"Familias de lenguas en Am\u00e9rica del Norte"},"content":{"rendered":"<p>As\u00ed como la Am\u00e9rica Latina, Am\u00e9rica del Norte se caracteriza por una gran diversidad ling\u00fc\u00edstica, con cerca de 30 familias de lenguas.<br \/>\nEsta riqueza ling\u00fc\u00edstica, por otro lado, es una de las m\u00e1s amenazadas del mundo. Los cient\u00edficos consideran en efecto que el 90% de estos idiomas pueden desaparecer en el curso de este siglo. Muchos ya se apagaron antes de haber podido ser estudiados.<br \/>\nLa situaci\u00f3n es comparable a la que se encuentra en Australia, donde el 90% de las lenguas abor\u00edgenes tambi\u00e9n podr\u00eda desaparecer en las pr\u00f3ximas d\u00e9cadas. De un lado como del otro, las lenguas nativas conocen la misma dificultad: deben luchar para existir frente a la supremac\u00eda del ingl\u00e9s.<br \/>\n&nbsp;<\/p>\n<ul>\n<li><a href=\"\/es\/familia-de-lenguas-algicas-o-algonquinas\/\">Familia de lenguas \u00e1lgicas (o algonquinas)<\/a><\/li>\n<li><a href=\"\/es\/familia-de-las-lenguas-mayas\/\">Familia de las lenguas mayas<\/a><\/li>\n<li><a href=\"\/es\/familia-de-las-lenguas-mixe-zoqueanas\/\">Familia de las lenguas mixe-zoqueanas <\/a><\/li>\n<li><a href=\"\/es\/familia-de-lenguas-oto-mangues\/\">Familia de lenguas oto-mangues<\/a><\/li>\n<li><a href=\"\/es\/familia-de-lenguas-tequistlatecas\/\">Familia de lenguas tequistlatecas<\/a><\/li>\n<li><a href=\"\/es\/familia-de-lenguas-totonacas\/\">Familia de lenguas totonacas <\/a><\/li>\n<li><a href=\"\/es\/familia-de-lenguas-uto-aztecas\/\">Familia de lenguas uto-aztecas<\/a><\/li>\n<li><a href=\"\/es\/familia-de-las-lenguas-inuit-yupik-aleutas\/\">Familia de las lenguas inuit-yupik-aleutas<\/a> <\/li>\n<li><a href=\"\/es\/familia-de-lenguas-yumano-cochimies\/\">Familia de lenguas yumano-cochim\u00edes<\/a> <\/li>\n<\/ul>\n<p>&nbsp;&nbsp;&nbsp;&nbsp;&nbsp;&nbsp;&nbsp;&nbsp;\u25ca\u25ca\u25ca\u25ca\u25ca\u25ca<\/p>\n<ul>\n<li><a href=\"\/es\/lenguas-aisladas-y-lenguas-no-clasificadas-en-america-del-norte\/\">Lenguas aisladas y lenguas no clasificadas<\/a><\/li>\n<\/ul>\n<p>&nbsp;<br \/>\n<a href=\"\/es\/america-del-norte\/\"><img loading=\"lazy\" decoding=\"async\" src=\"\/wp-content\/uploads\/bouton_retour.jpg\" alt=\"bouton_retour\" width=\"20\" height=\"20\" class=\"alignnone size-full wp-image-65133\" \/><\/a>&nbsp;<a href=\"\/es\/america-del-norte\/\"><strong>Volver a la p\u00e1gina anterior<\/strong><\/a><\/p>\n","protected":false},"excerpt":{"rendered":"<p>As\u00ed como la Am\u00e9rica Latina, Am\u00e9rica del Norte se caracteriza por una gran diversidad ling\u00fc\u00edstica, con cerca de 30 familias de lenguas. Esta riqueza ling\u00fc\u00edstica, por otro lado, es una de las m\u00e1s amenazadas del mundo. Los cient\u00edficos consideran en efecto que el 90% de estos idiomas pueden desaparecer en el curso de este siglo. [&hellip;]<\/p>\n","protected":false},"author":1,"featured_media":0,"parent":0,"menu_order":0,"comment_status":"closed","ping_status":"closed","template":"","meta":{"footnotes":""},"class_list":["post-67706","page","type-page","status-publish","hentry"],"yoast_head":"<!-- This site is optimized with the Yoast SEO plugin v27.0 - https:\/\/yoast.com\/product\/yoast-seo-wordpress\/ -->\n<title>Familias de lenguas en Am\u00e9rica del Norte - Sorosoro<\/title>\n<meta name=\"robots\" content=\"index, follow, max-snippet:-1, max-image-preview:large, max-video-preview:-1\" \/>\n<link rel=\"canonical\" href=\"https:\/\/www.sorosoro.org\/es\/familias-de-lenguas-en-america-del-norte\/\" \/>\n<meta property=\"og:locale\" content=\"es_ES\" \/>\n<meta property=\"og:type\" content=\"article\" \/>\n<meta property=\"og:title\" content=\"Familias de lenguas en Am\u00e9rica del Norte - Sorosoro\" \/>\n<meta property=\"og:description\" content=\"As\u00ed como la Am\u00e9rica Latina, Am\u00e9rica del Norte se caracteriza por una gran diversidad ling\u00fc\u00edstica, con cerca de 30 familias de lenguas. Esta riqueza ling\u00fc\u00edstica, por otro lado, es una de las m\u00e1s amenazadas del mundo. Los cient\u00edficos consideran en efecto que el 90% de estos idiomas pueden desaparecer en el curso de este siglo. [&hellip;]\" \/>\n<meta property=\"og:url\" content=\"https:\/\/www.sorosoro.org\/es\/familias-de-lenguas-en-america-del-norte\/\" \/>\n<meta property=\"og:site_name\" content=\"Sorosoro\" \/>\n<meta property=\"article:modified_time\" content=\"2015-10-05T18:16:03+00:00\" \/>\n<meta name=\"twitter:card\" content=\"summary_large_image\" \/>\n<meta name=\"twitter:label1\" content=\"Tiempo de lectura\" \/>\n\t<meta name=\"twitter:data1\" content=\"1 minuto\" \/>\n<script type=\"application\/ld+json\" class=\"yoast-schema-graph\">{\"@context\":\"https:\/\/schema.org\",\"@graph\":[{\"@type\":\"WebPage\",\"@id\":\"https:\/\/www.sorosoro.org\/es\/familias-de-lenguas-en-america-del-norte\/\",\"url\":\"https:\/\/www.sorosoro.org\/es\/familias-de-lenguas-en-america-del-norte\/\",\"name\":\"Familias de lenguas en Am\u00e9rica del Norte - Sorosoro\",\"isPartOf\":{\"@id\":\"https:\/\/www.sorosoro.org\/es\/#website\"},\"datePublished\":\"2015-09-27T23:25:02+00:00\",\"dateModified\":\"2015-10-05T18:16:03+00:00\",\"breadcrumb\":{\"@id\":\"https:\/\/www.sorosoro.org\/es\/familias-de-lenguas-en-america-del-norte\/#breadcrumb\"},\"inLanguage\":\"es\",\"potentialAction\":[{\"@type\":\"ReadAction\",\"target\":[\"https:\/\/www.sorosoro.org\/es\/familias-de-lenguas-en-america-del-norte\/\"]}]},{\"@type\":\"BreadcrumbList\",\"@id\":\"https:\/\/www.sorosoro.org\/es\/familias-de-lenguas-en-america-del-norte\/#breadcrumb\",\"itemListElement\":[{\"@type\":\"ListItem\",\"position\":1,\"name\":\"Accueil\",\"item\":\"https:\/\/www.sorosoro.org\/es\/\"},{\"@type\":\"ListItem\",\"position\":2,\"name\":\"Familias de lenguas en Am\u00e9rica del Norte\"}]},{\"@type\":\"WebSite\",\"@id\":\"https:\/\/www.sorosoro.org\/es\/#website\",\"url\":\"https:\/\/www.sorosoro.org\/es\/\",\"name\":\"Sorosoro\",\"description\":\"Pour que vivent les langues du monde !\",\"potentialAction\":[{\"@type\":\"SearchAction\",\"target\":{\"@type\":\"EntryPoint\",\"urlTemplate\":\"https:\/\/www.sorosoro.org\/es\/?s={search_term_string}\"},\"query-input\":{\"@type\":\"PropertyValueSpecification\",\"valueRequired\":true,\"valueName\":\"search_term_string\"}}],\"inLanguage\":\"es\"}]}<\/script>\n<!-- \/ Yoast SEO plugin. -->","yoast_head_json":{"title":"Familias de lenguas en Am\u00e9rica del Norte - Sorosoro","robots":{"index":"index","follow":"follow","max-snippet":"max-snippet:-1","max-image-preview":"max-image-preview:large","max-video-preview":"max-video-preview:-1"},"canonical":"https:\/\/www.sorosoro.org\/es\/familias-de-lenguas-en-america-del-norte\/","og_locale":"es_ES","og_type":"article","og_title":"Familias de lenguas en Am\u00e9rica del Norte - Sorosoro","og_description":"As\u00ed como la Am\u00e9rica Latina, Am\u00e9rica del Norte se caracteriza por una gran diversidad ling\u00fc\u00edstica, con cerca de 30 familias de lenguas. Esta riqueza ling\u00fc\u00edstica, por otro lado, es una de las m\u00e1s amenazadas del mundo. Los cient\u00edficos consideran en efecto que el 90% de estos idiomas pueden desaparecer en el curso de este siglo. [&hellip;]","og_url":"https:\/\/www.sorosoro.org\/es\/familias-de-lenguas-en-america-del-norte\/","og_site_name":"Sorosoro","article_modified_time":"2015-10-05T18:16:03+00:00","twitter_card":"summary_large_image","twitter_misc":{"Tiempo de lectura":"1 minuto"},"schema":{"@context":"https:\/\/schema.org","@graph":[{"@type":"WebPage","@id":"https:\/\/www.sorosoro.org\/es\/familias-de-lenguas-en-america-del-norte\/","url":"https:\/\/www.sorosoro.org\/es\/familias-de-lenguas-en-america-del-norte\/","name":"Familias de lenguas en Am\u00e9rica del Norte - Sorosoro","isPartOf":{"@id":"https:\/\/www.sorosoro.org\/es\/#website"},"datePublished":"2015-09-27T23:25:02+00:00","dateModified":"2015-10-05T18:16:03+00:00","breadcrumb":{"@id":"https:\/\/www.sorosoro.org\/es\/familias-de-lenguas-en-america-del-norte\/#breadcrumb"},"inLanguage":"es","potentialAction":[{"@type":"ReadAction","target":["https:\/\/www.sorosoro.org\/es\/familias-de-lenguas-en-america-del-norte\/"]}]},{"@type":"BreadcrumbList","@id":"https:\/\/www.sorosoro.org\/es\/familias-de-lenguas-en-america-del-norte\/#breadcrumb","itemListElement":[{"@type":"ListItem","position":1,"name":"Accueil","item":"https:\/\/www.sorosoro.org\/es\/"},{"@type":"ListItem","position":2,"name":"Familias de lenguas en Am\u00e9rica del Norte"}]},{"@type":"WebSite","@id":"https:\/\/www.sorosoro.org\/es\/#website","url":"https:\/\/www.sorosoro.org\/es\/","name":"Sorosoro","description":"Pour que vivent les langues du monde !","potentialAction":[{"@type":"SearchAction","target":{"@type":"EntryPoint","urlTemplate":"https:\/\/www.sorosoro.org\/es\/?s={search_term_string}"},"query-input":{"@type":"PropertyValueSpecification","valueRequired":true,"valueName":"search_term_string"}}],"inLanguage":"es"}]}},"_links":{"self":[{"href":"https:\/\/www.sorosoro.org\/es\/wp-json\/wp\/v2\/pages\/67706","targetHints":{"allow":["GET"]}}],"collection":[{"href":"https:\/\/www.sorosoro.org\/es\/wp-json\/wp\/v2\/pages"}],"about":[{"href":"https:\/\/www.sorosoro.org\/es\/wp-json\/wp\/v2\/types\/page"}],"author":[{"embeddable":true,"href":"https:\/\/www.sorosoro.org\/es\/wp-json\/wp\/v2\/users\/1"}],"replies":[{"embeddable":true,"href":"https:\/\/www.sorosoro.org\/es\/wp-json\/wp\/v2\/comments?post=67706"}],"version-history":[{"count":0,"href":"https:\/\/www.sorosoro.org\/es\/wp-json\/wp\/v2\/pages\/67706\/revisions"}],"wp:attachment":[{"href":"https:\/\/www.sorosoro.org\/es\/wp-json\/wp\/v2\/media?parent=67706"}],"curies":[{"name":"wp","href":"https:\/\/api.w.org\/{rel}","templated":true}]}}