{"id":67699,"date":"2015-09-28T01:15:07","date_gmt":"2015-09-27T23:15:07","guid":{"rendered":"http:\/\/www.sorosoro.org\/?page_id=67699"},"modified":"2015-10-06T21:42:00","modified_gmt":"2015-10-06T19:42:00","slug":"lenguas-de-america-del-norte","status":"publish","type":"page","link":"https:\/\/www.sorosoro.org\/es\/lenguas-de-america-del-norte\/","title":{"rendered":"Lenguas de Am\u00e9rica del Norte"},"content":{"rendered":"<p>Dar una lista exhaustiva de todas las lenguas de Am\u00e9rica del Norte de manera legible ser\u00eda dif\u00edcil. Esta lista completa est\u00e1 a dentro de la pesta\u00f1a \u00ab<a href=\"https:\/\/www.sorosoro.org\/es\/familias-de-lenguas-en-america-del-norte\/\">Familias de lenguas en Am\u00e9rica del Norte<\/a>\u00ab, donde son clasificadas dentro de las varias familias ling\u00fc\u00edsticas del continente<br \/>\nPues proponemos aqu\u00ed s\u00f3lo las lenguas para las cuales hemos establecido fichas descriptivas.<\/p>\n<ul>\n<li><a href=\"\/es\/el-chontal\/\">El chontal<\/a> <\/li>\n<li><a href=\"\/es\/el-chuj\/\">El chuj<\/a> <\/li>\n<li><a href=\"\/es\/el-cora\/\">El cora<\/a> <\/li>\n<li><a href=\"\/es\/el-cucapa\/\">El cucap\u00e1<\/a><\/li>\n<li><a href=\"\/es\/el-kikapu\/\">El kikap\u00fa<\/a><\/li>\n<li><a href=\"\/es\/el-guarijio\/\">El guarij\u00edo<\/a><\/li>\n<li><a href=\"\/es\/el-huasteco\/\">El huasteco<\/a> <\/li>\n<li><a href=\"\/es\/el-huichol\/\">El huichol<\/a><\/li>\n<li><a href=\"\/es\/el-kiliwa-2\/\">El kiliwa\/<\/a> <\/li>\n<li><a href=\"\/es\/el-kumeyaay\/\">El kumeyaay<\/a><\/li>\n<li><a href=\"\/es\/el-nahuatl\/\">El n\u00e1huatl<\/a><\/li>\n<li><a href=\"\/es\/el-qanjobal\/\">El q&#8217;anjob&#8217;al<\/a><\/li>\n<\/ul>\n<p>&nbsp;<br \/>\n<a href=\"\/es\/america-del-norte\/\"><img loading=\"lazy\" decoding=\"async\" src=\"\/wp-content\/uploads\/bouton_retour.jpg\" alt=\"bouton_retour\" width=\"20\" height=\"20\" class=\"alignnone size-full wp-image-65133\" \/><\/a>&nbsp;<a href=\"\/es\/america-del-norte\/\"><strong>Volver a la p\u00e1gina anterior<\/strong><\/a><\/p>\n","protected":false},"excerpt":{"rendered":"<p>Dar una lista exhaustiva de todas las lenguas de Am\u00e9rica del Norte de manera legible ser\u00eda dif\u00edcil. Esta lista completa est\u00e1 a dentro de la pesta\u00f1a \u00abFamilias de lenguas en Am\u00e9rica del Norte\u00ab, donde son clasificadas dentro de las varias familias ling\u00fc\u00edsticas del continente Pues proponemos aqu\u00ed s\u00f3lo las lenguas para las cuales hemos establecido [&hellip;]<\/p>\n","protected":false},"author":1,"featured_media":0,"parent":0,"menu_order":0,"comment_status":"closed","ping_status":"closed","template":"","meta":{"footnotes":""},"class_list":["post-67699","page","type-page","status-publish","hentry"],"yoast_head":"<!-- This site is optimized with the Yoast SEO plugin v27.0 - https:\/\/yoast.com\/product\/yoast-seo-wordpress\/ -->\n<title>Lenguas de Am\u00e9rica del Norte - Sorosoro<\/title>\n<meta name=\"robots\" content=\"index, follow, max-snippet:-1, max-image-preview:large, max-video-preview:-1\" \/>\n<link rel=\"canonical\" href=\"https:\/\/www.sorosoro.org\/es\/lenguas-de-america-del-norte\/\" \/>\n<meta property=\"og:locale\" content=\"es_ES\" \/>\n<meta property=\"og:type\" content=\"article\" \/>\n<meta property=\"og:title\" content=\"Lenguas de Am\u00e9rica del Norte - Sorosoro\" \/>\n<meta property=\"og:description\" content=\"Dar una lista exhaustiva de todas las lenguas de Am\u00e9rica del Norte de manera legible ser\u00eda dif\u00edcil. Esta lista completa est\u00e1 a dentro de la pesta\u00f1a \u00abFamilias de lenguas en Am\u00e9rica del Norte\u00ab, donde son clasificadas dentro de las varias familias ling\u00fc\u00edsticas del continente Pues proponemos aqu\u00ed s\u00f3lo las lenguas para las cuales hemos establecido [&hellip;]\" \/>\n<meta property=\"og:url\" content=\"https:\/\/www.sorosoro.org\/es\/lenguas-de-america-del-norte\/\" \/>\n<meta property=\"og:site_name\" content=\"Sorosoro\" \/>\n<meta property=\"article:modified_time\" content=\"2015-10-06T19:42:00+00:00\" \/>\n<meta name=\"twitter:card\" content=\"summary_large_image\" \/>\n<script type=\"application\/ld+json\" class=\"yoast-schema-graph\">{\"@context\":\"https:\/\/schema.org\",\"@graph\":[{\"@type\":\"WebPage\",\"@id\":\"https:\/\/www.sorosoro.org\/es\/lenguas-de-america-del-norte\/\",\"url\":\"https:\/\/www.sorosoro.org\/es\/lenguas-de-america-del-norte\/\",\"name\":\"Lenguas de Am\u00e9rica del Norte - Sorosoro\",\"isPartOf\":{\"@id\":\"https:\/\/www.sorosoro.org\/es\/#website\"},\"datePublished\":\"2015-09-27T23:15:07+00:00\",\"dateModified\":\"2015-10-06T19:42:00+00:00\",\"breadcrumb\":{\"@id\":\"https:\/\/www.sorosoro.org\/es\/lenguas-de-america-del-norte\/#breadcrumb\"},\"inLanguage\":\"es\",\"potentialAction\":[{\"@type\":\"ReadAction\",\"target\":[\"https:\/\/www.sorosoro.org\/es\/lenguas-de-america-del-norte\/\"]}]},{\"@type\":\"BreadcrumbList\",\"@id\":\"https:\/\/www.sorosoro.org\/es\/lenguas-de-america-del-norte\/#breadcrumb\",\"itemListElement\":[{\"@type\":\"ListItem\",\"position\":1,\"name\":\"Accueil\",\"item\":\"https:\/\/www.sorosoro.org\/es\/\"},{\"@type\":\"ListItem\",\"position\":2,\"name\":\"Lenguas de Am\u00e9rica del Norte\"}]},{\"@type\":\"WebSite\",\"@id\":\"https:\/\/www.sorosoro.org\/es\/#website\",\"url\":\"https:\/\/www.sorosoro.org\/es\/\",\"name\":\"Sorosoro\",\"description\":\"Pour que vivent les langues du monde !\",\"potentialAction\":[{\"@type\":\"SearchAction\",\"target\":{\"@type\":\"EntryPoint\",\"urlTemplate\":\"https:\/\/www.sorosoro.org\/es\/?s={search_term_string}\"},\"query-input\":{\"@type\":\"PropertyValueSpecification\",\"valueRequired\":true,\"valueName\":\"search_term_string\"}}],\"inLanguage\":\"es\"}]}<\/script>\n<!-- \/ Yoast SEO plugin. -->","yoast_head_json":{"title":"Lenguas de Am\u00e9rica del Norte - Sorosoro","robots":{"index":"index","follow":"follow","max-snippet":"max-snippet:-1","max-image-preview":"max-image-preview:large","max-video-preview":"max-video-preview:-1"},"canonical":"https:\/\/www.sorosoro.org\/es\/lenguas-de-america-del-norte\/","og_locale":"es_ES","og_type":"article","og_title":"Lenguas de Am\u00e9rica del Norte - Sorosoro","og_description":"Dar una lista exhaustiva de todas las lenguas de Am\u00e9rica del Norte de manera legible ser\u00eda dif\u00edcil. Esta lista completa est\u00e1 a dentro de la pesta\u00f1a \u00abFamilias de lenguas en Am\u00e9rica del Norte\u00ab, donde son clasificadas dentro de las varias familias ling\u00fc\u00edsticas del continente Pues proponemos aqu\u00ed s\u00f3lo las lenguas para las cuales hemos establecido [&hellip;]","og_url":"https:\/\/www.sorosoro.org\/es\/lenguas-de-america-del-norte\/","og_site_name":"Sorosoro","article_modified_time":"2015-10-06T19:42:00+00:00","twitter_card":"summary_large_image","schema":{"@context":"https:\/\/schema.org","@graph":[{"@type":"WebPage","@id":"https:\/\/www.sorosoro.org\/es\/lenguas-de-america-del-norte\/","url":"https:\/\/www.sorosoro.org\/es\/lenguas-de-america-del-norte\/","name":"Lenguas de Am\u00e9rica del Norte - Sorosoro","isPartOf":{"@id":"https:\/\/www.sorosoro.org\/es\/#website"},"datePublished":"2015-09-27T23:15:07+00:00","dateModified":"2015-10-06T19:42:00+00:00","breadcrumb":{"@id":"https:\/\/www.sorosoro.org\/es\/lenguas-de-america-del-norte\/#breadcrumb"},"inLanguage":"es","potentialAction":[{"@type":"ReadAction","target":["https:\/\/www.sorosoro.org\/es\/lenguas-de-america-del-norte\/"]}]},{"@type":"BreadcrumbList","@id":"https:\/\/www.sorosoro.org\/es\/lenguas-de-america-del-norte\/#breadcrumb","itemListElement":[{"@type":"ListItem","position":1,"name":"Accueil","item":"https:\/\/www.sorosoro.org\/es\/"},{"@type":"ListItem","position":2,"name":"Lenguas de Am\u00e9rica del Norte"}]},{"@type":"WebSite","@id":"https:\/\/www.sorosoro.org\/es\/#website","url":"https:\/\/www.sorosoro.org\/es\/","name":"Sorosoro","description":"Pour que vivent les langues du monde !","potentialAction":[{"@type":"SearchAction","target":{"@type":"EntryPoint","urlTemplate":"https:\/\/www.sorosoro.org\/es\/?s={search_term_string}"},"query-input":{"@type":"PropertyValueSpecification","valueRequired":true,"valueName":"search_term_string"}}],"inLanguage":"es"}]}},"_links":{"self":[{"href":"https:\/\/www.sorosoro.org\/es\/wp-json\/wp\/v2\/pages\/67699","targetHints":{"allow":["GET"]}}],"collection":[{"href":"https:\/\/www.sorosoro.org\/es\/wp-json\/wp\/v2\/pages"}],"about":[{"href":"https:\/\/www.sorosoro.org\/es\/wp-json\/wp\/v2\/types\/page"}],"author":[{"embeddable":true,"href":"https:\/\/www.sorosoro.org\/es\/wp-json\/wp\/v2\/users\/1"}],"replies":[{"embeddable":true,"href":"https:\/\/www.sorosoro.org\/es\/wp-json\/wp\/v2\/comments?post=67699"}],"version-history":[{"count":0,"href":"https:\/\/www.sorosoro.org\/es\/wp-json\/wp\/v2\/pages\/67699\/revisions"}],"wp:attachment":[{"href":"https:\/\/www.sorosoro.org\/es\/wp-json\/wp\/v2\/media?parent=67699"}],"curies":[{"name":"wp","href":"https:\/\/api.w.org\/{rel}","templated":true}]}}