{"id":67685,"date":"2015-09-28T01:08:31","date_gmt":"2015-09-27T23:08:31","guid":{"rendered":"http:\/\/www.sorosoro.org\/?page_id=67685"},"modified":"2015-10-05T20:26:26","modified_gmt":"2015-10-05T18:26:26","slug":"familias-de-lenguas-en-europa","status":"publish","type":"page","link":"https:\/\/www.sorosoro.org\/es\/familias-de-lenguas-en-europa\/","title":{"rendered":"Familias de Lenguas en Europa"},"content":{"rendered":"<p>El continente europeo est\u00e1 \u00abdominado\u00bb por la familia de las lenguas indoeuropeas, a la que pertenecen, por ejemplo, el franc\u00e9s, el ingl\u00e9s y el espa\u00f1ol, pero tambi\u00e9n el ruso, el farsi, o a\u00fan el hindi y el nepal\u00ed, sin olvidar las lenguas en peligro como el bret\u00f3n, el yiddish, el sorabe, el kachoubien etc.<br \/>\nLa familia indoeuropea es la familia m\u00e1s importante del mundo por el n\u00famero de hablantes: cuenta con  m\u00e1s de 3 mil millones repartidos en los cinco continentes.<br \/>\n Por otra parte, algunas otras familias distintas est\u00e1n presentes en Europa: las lenguas ur\u00e1licas (incluyendo el finland\u00e9s y el h\u00fangaro), las tres familias de lenguas del C\u00e1ucaso, y  hasta el vasco que no aproxima a ninguna otra lengua conocida.<br \/>\n&nbsp;<\/p>\n<ul>\n<li><a href=\"\/es\/familia-de-lenguas-caucasicas-del-noroeste-o-lenguas-abjaso-adigue\/\" target=\"_blank\">Familia de lenguas cauc\u00e1sicas del noroeste o lenguas abjaso-adigu\u00e9<\/a><\/li>\n<li><a href=\"\/es\/familia-de-lenguas-caucasicas-del-sur-o-lenguas-kartvelianas\/\" target=\"_blank\">Familia de lenguas cauc\u00e1sicas del sur o lenguas kartvelianas<\/a><\/li>\n<li><a href=\"\/es\/familia-de-lenguas-indoeuropeas\/\" target=\"_blank\">Familia de lenguas indoeuropeas<\/a><\/li>\n<\/ul>\n<p>&nbsp;&nbsp;&nbsp;&nbsp;&nbsp;&nbsp;&nbsp;&nbsp;\u25ca\u25ca\u25ca\u25ca\u25ca\u25ca<\/p>\n<ul>\n<li><a href=\"\/isolats-et-langues-non-classees-en-europe\/\">Lenguas aisladas y lenguas no clasificadas<\/a><\/li>\n<\/ul>\n<p>&nbsp;<br \/>\n<a href=\"\/es\/europa\/\"><img loading=\"lazy\" decoding=\"async\" src=\"\/wp-content\/uploads\/bouton_retour.jpg\" alt=\"bouton_retour\" width=\"20\" height=\"20\" class=\"alignnone size-full wp-image-65133\" \/><\/a>&nbsp;<a href=\"\/es\/europa\/\"><strong>Volver a la p\u00e1gina anterior<\/strong><\/a><\/p>\n","protected":false},"excerpt":{"rendered":"<p>El continente europeo est\u00e1 \u00abdominado\u00bb por la familia de las lenguas indoeuropeas, a la que pertenecen, por ejemplo, el franc\u00e9s, el ingl\u00e9s y el espa\u00f1ol, pero tambi\u00e9n el ruso, el farsi, o a\u00fan el hindi y el nepal\u00ed, sin olvidar las lenguas en peligro como el bret\u00f3n, el yiddish, el sorabe, el kachoubien etc. La [&hellip;]<\/p>\n","protected":false},"author":1,"featured_media":0,"parent":0,"menu_order":0,"comment_status":"closed","ping_status":"open","template":"","meta":{"footnotes":""},"class_list":["post-67685","page","type-page","status-publish","hentry"],"yoast_head":"<!-- This site is optimized with the Yoast SEO plugin v27.0 - https:\/\/yoast.com\/product\/yoast-seo-wordpress\/ -->\n<title>Familias de Lenguas en Europa - Sorosoro<\/title>\n<meta name=\"robots\" content=\"index, follow, max-snippet:-1, max-image-preview:large, max-video-preview:-1\" \/>\n<link rel=\"canonical\" href=\"https:\/\/www.sorosoro.org\/es\/familias-de-lenguas-en-europa\/\" \/>\n<meta property=\"og:locale\" content=\"es_ES\" \/>\n<meta property=\"og:type\" content=\"article\" \/>\n<meta property=\"og:title\" content=\"Familias de Lenguas en Europa - Sorosoro\" \/>\n<meta property=\"og:description\" content=\"El continente europeo est\u00e1 \u00abdominado\u00bb por la familia de las lenguas indoeuropeas, a la que pertenecen, por ejemplo, el franc\u00e9s, el ingl\u00e9s y el espa\u00f1ol, pero tambi\u00e9n el ruso, el farsi, o a\u00fan el hindi y el nepal\u00ed, sin olvidar las lenguas en peligro como el bret\u00f3n, el yiddish, el sorabe, el kachoubien etc. La [&hellip;]\" \/>\n<meta property=\"og:url\" content=\"https:\/\/www.sorosoro.org\/es\/familias-de-lenguas-en-europa\/\" \/>\n<meta property=\"og:site_name\" content=\"Sorosoro\" \/>\n<meta property=\"article:modified_time\" content=\"2015-10-05T18:26:26+00:00\" \/>\n<meta name=\"twitter:card\" content=\"summary_large_image\" \/>\n<meta name=\"twitter:label1\" content=\"Tiempo de lectura\" \/>\n\t<meta name=\"twitter:data1\" content=\"1 minuto\" \/>\n<script type=\"application\/ld+json\" class=\"yoast-schema-graph\">{\"@context\":\"https:\/\/schema.org\",\"@graph\":[{\"@type\":\"WebPage\",\"@id\":\"https:\/\/www.sorosoro.org\/es\/familias-de-lenguas-en-europa\/\",\"url\":\"https:\/\/www.sorosoro.org\/es\/familias-de-lenguas-en-europa\/\",\"name\":\"Familias de Lenguas en Europa - Sorosoro\",\"isPartOf\":{\"@id\":\"https:\/\/www.sorosoro.org\/es\/#website\"},\"datePublished\":\"2015-09-27T23:08:31+00:00\",\"dateModified\":\"2015-10-05T18:26:26+00:00\",\"breadcrumb\":{\"@id\":\"https:\/\/www.sorosoro.org\/es\/familias-de-lenguas-en-europa\/#breadcrumb\"},\"inLanguage\":\"es\",\"potentialAction\":[{\"@type\":\"ReadAction\",\"target\":[\"https:\/\/www.sorosoro.org\/es\/familias-de-lenguas-en-europa\/\"]}]},{\"@type\":\"BreadcrumbList\",\"@id\":\"https:\/\/www.sorosoro.org\/es\/familias-de-lenguas-en-europa\/#breadcrumb\",\"itemListElement\":[{\"@type\":\"ListItem\",\"position\":1,\"name\":\"Accueil\",\"item\":\"https:\/\/www.sorosoro.org\/es\/\"},{\"@type\":\"ListItem\",\"position\":2,\"name\":\"Familias de Lenguas en Europa\"}]},{\"@type\":\"WebSite\",\"@id\":\"https:\/\/www.sorosoro.org\/es\/#website\",\"url\":\"https:\/\/www.sorosoro.org\/es\/\",\"name\":\"Sorosoro\",\"description\":\"Pour que vivent les langues du monde !\",\"potentialAction\":[{\"@type\":\"SearchAction\",\"target\":{\"@type\":\"EntryPoint\",\"urlTemplate\":\"https:\/\/www.sorosoro.org\/es\/?s={search_term_string}\"},\"query-input\":{\"@type\":\"PropertyValueSpecification\",\"valueRequired\":true,\"valueName\":\"search_term_string\"}}],\"inLanguage\":\"es\"}]}<\/script>\n<!-- \/ Yoast SEO plugin. -->","yoast_head_json":{"title":"Familias de Lenguas en Europa - Sorosoro","robots":{"index":"index","follow":"follow","max-snippet":"max-snippet:-1","max-image-preview":"max-image-preview:large","max-video-preview":"max-video-preview:-1"},"canonical":"https:\/\/www.sorosoro.org\/es\/familias-de-lenguas-en-europa\/","og_locale":"es_ES","og_type":"article","og_title":"Familias de Lenguas en Europa - Sorosoro","og_description":"El continente europeo est\u00e1 \u00abdominado\u00bb por la familia de las lenguas indoeuropeas, a la que pertenecen, por ejemplo, el franc\u00e9s, el ingl\u00e9s y el espa\u00f1ol, pero tambi\u00e9n el ruso, el farsi, o a\u00fan el hindi y el nepal\u00ed, sin olvidar las lenguas en peligro como el bret\u00f3n, el yiddish, el sorabe, el kachoubien etc. La [&hellip;]","og_url":"https:\/\/www.sorosoro.org\/es\/familias-de-lenguas-en-europa\/","og_site_name":"Sorosoro","article_modified_time":"2015-10-05T18:26:26+00:00","twitter_card":"summary_large_image","twitter_misc":{"Tiempo de lectura":"1 minuto"},"schema":{"@context":"https:\/\/schema.org","@graph":[{"@type":"WebPage","@id":"https:\/\/www.sorosoro.org\/es\/familias-de-lenguas-en-europa\/","url":"https:\/\/www.sorosoro.org\/es\/familias-de-lenguas-en-europa\/","name":"Familias de Lenguas en Europa - Sorosoro","isPartOf":{"@id":"https:\/\/www.sorosoro.org\/es\/#website"},"datePublished":"2015-09-27T23:08:31+00:00","dateModified":"2015-10-05T18:26:26+00:00","breadcrumb":{"@id":"https:\/\/www.sorosoro.org\/es\/familias-de-lenguas-en-europa\/#breadcrumb"},"inLanguage":"es","potentialAction":[{"@type":"ReadAction","target":["https:\/\/www.sorosoro.org\/es\/familias-de-lenguas-en-europa\/"]}]},{"@type":"BreadcrumbList","@id":"https:\/\/www.sorosoro.org\/es\/familias-de-lenguas-en-europa\/#breadcrumb","itemListElement":[{"@type":"ListItem","position":1,"name":"Accueil","item":"https:\/\/www.sorosoro.org\/es\/"},{"@type":"ListItem","position":2,"name":"Familias de Lenguas en Europa"}]},{"@type":"WebSite","@id":"https:\/\/www.sorosoro.org\/es\/#website","url":"https:\/\/www.sorosoro.org\/es\/","name":"Sorosoro","description":"Pour que vivent les langues du monde !","potentialAction":[{"@type":"SearchAction","target":{"@type":"EntryPoint","urlTemplate":"https:\/\/www.sorosoro.org\/es\/?s={search_term_string}"},"query-input":{"@type":"PropertyValueSpecification","valueRequired":true,"valueName":"search_term_string"}}],"inLanguage":"es"}]}},"_links":{"self":[{"href":"https:\/\/www.sorosoro.org\/es\/wp-json\/wp\/v2\/pages\/67685","targetHints":{"allow":["GET"]}}],"collection":[{"href":"https:\/\/www.sorosoro.org\/es\/wp-json\/wp\/v2\/pages"}],"about":[{"href":"https:\/\/www.sorosoro.org\/es\/wp-json\/wp\/v2\/types\/page"}],"author":[{"embeddable":true,"href":"https:\/\/www.sorosoro.org\/es\/wp-json\/wp\/v2\/users\/1"}],"replies":[{"embeddable":true,"href":"https:\/\/www.sorosoro.org\/es\/wp-json\/wp\/v2\/comments?post=67685"}],"version-history":[{"count":0,"href":"https:\/\/www.sorosoro.org\/es\/wp-json\/wp\/v2\/pages\/67685\/revisions"}],"wp:attachment":[{"href":"https:\/\/www.sorosoro.org\/es\/wp-json\/wp\/v2\/media?parent=67685"}],"curies":[{"name":"wp","href":"https:\/\/api.w.org\/{rel}","templated":true}]}}