{"id":67660,"date":"2015-09-28T00:10:19","date_gmt":"2015-09-27T22:10:19","guid":{"rendered":"http:\/\/www.sorosoro.org\/?page_id=67660"},"modified":"2015-10-02T18:26:16","modified_gmt":"2015-10-02T16:26:16","slug":"textos-sobre-las-lenguase-de-europa","status":"publish","type":"page","link":"https:\/\/www.sorosoro.org\/es\/textos-sobre-las-lenguase-de-europa\/","title":{"rendered":"Textos sobre las lenguas de Europa"},"content":{"rendered":"<p><strong><a href=\"\/es\/2015\/09\/los-samis-un-pueblo-ejemplar-gracias-a-su-capacidad-para-combinar-tradicion-y-modernidad\/\" >Los samis: Un pueblo ejemplar, gracias a su capacidad para combinar tradici\u00f3n y modernidad<\/a><\/strong><br \/>\n<span style=\"font-size:12px\">por Marie Rou\u00e9 <\/span><br \/>\n&nbsp;<br \/>\n<strong><a href=\"\/es\/2015\/09\/las-lenguas-celticas-de-la-decadencia-al-renacimiento\/\">Las lenguas c\u00e9lticas \u2013 \u00bfde la decadencia al renacimiento?<\/a><\/strong><br \/>\n<span style=\"font-size:12px\">por James Costa<\/span><br \/>\n&nbsp;<br \/>\n<strong><a href=\"\/es\/2015\/09\/cual-es-el-lugar-del-occitano-en-la-republica-francesa\/\">\u00bfCu\u00e1l es el lugar del occitano en la Rep\u00fablica Francesa?<\/a><\/strong><br \/>\n<span style=\"font-size:12px\">por Marie Jeanne Verny<\/span><br \/>\n&nbsp;<br \/>\n<strong><a href=\"\/es\/2009\/10\/el-simbolo\/\">El \u00ab s\u00edmbolo \u00bb<\/a><\/strong><br \/>\n<span style=\"font-size:12px\">por Rozenn Milin  <\/span><br \/>\n&nbsp;<br \/>\n<strong><a href=\"\/es\/2015\/09\/la-diversidad-cultural-y-su-exitotambien-en-el-territorio-frances\/\">\u00a1La diversidad cultural y su \u00e9xito\u2026tambi\u00e9n en el territorio franc\u00e9s!<\/a><\/strong><br \/>\n<span style=\"font-size:12px\">por Rozenn Milin<\/span><br \/>\n&nbsp;<br \/>\n<strong><a href=\"\/es\/2010\/02\/como-salvar-un-idioma-cuando-pierde-su-dinamismo\/\">\u00bfC\u00f3mo salvar un idioma cuando pierde su dinamismo?<\/a><\/strong><br \/>\n<span style=\"font-size:12px\">por Rozenn Milin<\/span><br \/>\n&nbsp;<br \/>\n<strong><a href=\"\/es\/2015\/09\/la-ecologia-linguistica-en-luxemburgo\/\">La ecolog\u00eda ling\u00fc\u00edstica en Luxemburgo<\/a><\/strong><br \/>\n<span style=\"font-size:12px\">por Sabine Ehrhart<\/span><br \/>\n&nbsp;<br \/>\n<strong><a href=\"\/es\/2015\/09\/lengua-e-identidad-en-groenlandia\/\">Lengua e identidad en Groenlandia<\/a><\/strong><br \/>\n<span style=\"font-size:12px\">por Lenore Grenoble<\/span><br \/>\n&nbsp;<br \/>\n<strong><a href=\"\/es\/2015\/09\/inuits-de-groenlandia-y-problemas-de-ensenanza-de-las-lenguas\/\">Inuits de Groenlandia y problemas de ense\u00f1anza de las lenguas<\/a><\/strong><br \/>\n<span style=\"font-size:12px\">por Jean-Michel Huctin <\/span><br \/>\n&nbsp;<br \/>\n<a href=\"\/es\/europa\/\"><img loading=\"lazy\" decoding=\"async\" src=\"\/wp-content\/uploads\/bouton_retour.jpg\" width=\"20\" height=\"20\" class=\"alignnone size-full wp-image-65133\" \/><\/a>&nbsp;<a href=\"\/es\/europa\/\"><strong>Volver a la p\u00e1gina anterior<\/strong><\/a><\/p>\n","protected":false},"excerpt":{"rendered":"<p>Los samis: Un pueblo ejemplar, gracias a su capacidad para combinar tradici\u00f3n y modernidad por Marie Rou\u00e9 &nbsp; Las lenguas c\u00e9lticas \u2013 \u00bfde la decadencia al renacimiento? por James Costa &nbsp; \u00bfCu\u00e1l es el lugar del occitano en la Rep\u00fablica Francesa? por Marie Jeanne Verny &nbsp; El \u00ab s\u00edmbolo \u00bb por Rozenn Milin &nbsp; \u00a1La [&hellip;]<\/p>\n","protected":false},"author":1,"featured_media":0,"parent":0,"menu_order":0,"comment_status":"closed","ping_status":"open","template":"","meta":{"footnotes":""},"class_list":["post-67660","page","type-page","status-publish","hentry"],"yoast_head":"<!-- This site is optimized with the Yoast SEO plugin v27.0 - https:\/\/yoast.com\/product\/yoast-seo-wordpress\/ -->\n<title>Textos sobre las lenguas de Europa - Sorosoro<\/title>\n<meta name=\"robots\" content=\"index, follow, max-snippet:-1, max-image-preview:large, max-video-preview:-1\" \/>\n<link rel=\"canonical\" href=\"https:\/\/www.sorosoro.org\/es\/textos-sobre-las-lenguase-de-europa\/\" \/>\n<meta property=\"og:locale\" content=\"es_ES\" \/>\n<meta property=\"og:type\" content=\"article\" \/>\n<meta property=\"og:title\" content=\"Textos sobre las lenguas de Europa - Sorosoro\" \/>\n<meta property=\"og:description\" content=\"Los samis: Un pueblo ejemplar, gracias a su capacidad para combinar tradici\u00f3n y modernidad por Marie Rou\u00e9 &nbsp; Las lenguas c\u00e9lticas \u2013 \u00bfde la decadencia al renacimiento? por James Costa &nbsp; \u00bfCu\u00e1l es el lugar del occitano en la Rep\u00fablica Francesa? por Marie Jeanne Verny &nbsp; El \u00ab s\u00edmbolo \u00bb por Rozenn Milin &nbsp; \u00a1La [&hellip;]\" \/>\n<meta property=\"og:url\" content=\"https:\/\/www.sorosoro.org\/es\/textos-sobre-las-lenguase-de-europa\/\" \/>\n<meta property=\"og:site_name\" content=\"Sorosoro\" \/>\n<meta property=\"article:modified_time\" content=\"2015-10-02T16:26:16+00:00\" \/>\n<meta name=\"twitter:card\" content=\"summary_large_image\" \/>\n<meta name=\"twitter:label1\" content=\"Tiempo de lectura\" \/>\n\t<meta name=\"twitter:data1\" content=\"1 minuto\" \/>\n<script type=\"application\/ld+json\" class=\"yoast-schema-graph\">{\"@context\":\"https:\/\/schema.org\",\"@graph\":[{\"@type\":\"WebPage\",\"@id\":\"https:\/\/www.sorosoro.org\/es\/textos-sobre-las-lenguase-de-europa\/\",\"url\":\"https:\/\/www.sorosoro.org\/es\/textos-sobre-las-lenguase-de-europa\/\",\"name\":\"Textos sobre las lenguas de Europa - Sorosoro\",\"isPartOf\":{\"@id\":\"https:\/\/www.sorosoro.org\/es\/#website\"},\"datePublished\":\"2015-09-27T22:10:19+00:00\",\"dateModified\":\"2015-10-02T16:26:16+00:00\",\"breadcrumb\":{\"@id\":\"https:\/\/www.sorosoro.org\/es\/textos-sobre-las-lenguase-de-europa\/#breadcrumb\"},\"inLanguage\":\"es\",\"potentialAction\":[{\"@type\":\"ReadAction\",\"target\":[\"https:\/\/www.sorosoro.org\/es\/textos-sobre-las-lenguase-de-europa\/\"]}]},{\"@type\":\"BreadcrumbList\",\"@id\":\"https:\/\/www.sorosoro.org\/es\/textos-sobre-las-lenguase-de-europa\/#breadcrumb\",\"itemListElement\":[{\"@type\":\"ListItem\",\"position\":1,\"name\":\"Accueil\",\"item\":\"https:\/\/www.sorosoro.org\/es\/\"},{\"@type\":\"ListItem\",\"position\":2,\"name\":\"Textos sobre las lenguas de Europa\"}]},{\"@type\":\"WebSite\",\"@id\":\"https:\/\/www.sorosoro.org\/es\/#website\",\"url\":\"https:\/\/www.sorosoro.org\/es\/\",\"name\":\"Sorosoro\",\"description\":\"Pour que vivent les langues du monde !\",\"potentialAction\":[{\"@type\":\"SearchAction\",\"target\":{\"@type\":\"EntryPoint\",\"urlTemplate\":\"https:\/\/www.sorosoro.org\/es\/?s={search_term_string}\"},\"query-input\":{\"@type\":\"PropertyValueSpecification\",\"valueRequired\":true,\"valueName\":\"search_term_string\"}}],\"inLanguage\":\"es\"}]}<\/script>\n<!-- \/ Yoast SEO plugin. -->","yoast_head_json":{"title":"Textos sobre las lenguas de Europa - Sorosoro","robots":{"index":"index","follow":"follow","max-snippet":"max-snippet:-1","max-image-preview":"max-image-preview:large","max-video-preview":"max-video-preview:-1"},"canonical":"https:\/\/www.sorosoro.org\/es\/textos-sobre-las-lenguase-de-europa\/","og_locale":"es_ES","og_type":"article","og_title":"Textos sobre las lenguas de Europa - Sorosoro","og_description":"Los samis: Un pueblo ejemplar, gracias a su capacidad para combinar tradici\u00f3n y modernidad por Marie Rou\u00e9 &nbsp; Las lenguas c\u00e9lticas \u2013 \u00bfde la decadencia al renacimiento? por James Costa &nbsp; \u00bfCu\u00e1l es el lugar del occitano en la Rep\u00fablica Francesa? por Marie Jeanne Verny &nbsp; El \u00ab s\u00edmbolo \u00bb por Rozenn Milin &nbsp; \u00a1La [&hellip;]","og_url":"https:\/\/www.sorosoro.org\/es\/textos-sobre-las-lenguase-de-europa\/","og_site_name":"Sorosoro","article_modified_time":"2015-10-02T16:26:16+00:00","twitter_card":"summary_large_image","twitter_misc":{"Tiempo de lectura":"1 minuto"},"schema":{"@context":"https:\/\/schema.org","@graph":[{"@type":"WebPage","@id":"https:\/\/www.sorosoro.org\/es\/textos-sobre-las-lenguase-de-europa\/","url":"https:\/\/www.sorosoro.org\/es\/textos-sobre-las-lenguase-de-europa\/","name":"Textos sobre las lenguas de Europa - Sorosoro","isPartOf":{"@id":"https:\/\/www.sorosoro.org\/es\/#website"},"datePublished":"2015-09-27T22:10:19+00:00","dateModified":"2015-10-02T16:26:16+00:00","breadcrumb":{"@id":"https:\/\/www.sorosoro.org\/es\/textos-sobre-las-lenguase-de-europa\/#breadcrumb"},"inLanguage":"es","potentialAction":[{"@type":"ReadAction","target":["https:\/\/www.sorosoro.org\/es\/textos-sobre-las-lenguase-de-europa\/"]}]},{"@type":"BreadcrumbList","@id":"https:\/\/www.sorosoro.org\/es\/textos-sobre-las-lenguase-de-europa\/#breadcrumb","itemListElement":[{"@type":"ListItem","position":1,"name":"Accueil","item":"https:\/\/www.sorosoro.org\/es\/"},{"@type":"ListItem","position":2,"name":"Textos sobre las lenguas de Europa"}]},{"@type":"WebSite","@id":"https:\/\/www.sorosoro.org\/es\/#website","url":"https:\/\/www.sorosoro.org\/es\/","name":"Sorosoro","description":"Pour que vivent les langues du monde !","potentialAction":[{"@type":"SearchAction","target":{"@type":"EntryPoint","urlTemplate":"https:\/\/www.sorosoro.org\/es\/?s={search_term_string}"},"query-input":{"@type":"PropertyValueSpecification","valueRequired":true,"valueName":"search_term_string"}}],"inLanguage":"es"}]}},"_links":{"self":[{"href":"https:\/\/www.sorosoro.org\/es\/wp-json\/wp\/v2\/pages\/67660","targetHints":{"allow":["GET"]}}],"collection":[{"href":"https:\/\/www.sorosoro.org\/es\/wp-json\/wp\/v2\/pages"}],"about":[{"href":"https:\/\/www.sorosoro.org\/es\/wp-json\/wp\/v2\/types\/page"}],"author":[{"embeddable":true,"href":"https:\/\/www.sorosoro.org\/es\/wp-json\/wp\/v2\/users\/1"}],"replies":[{"embeddable":true,"href":"https:\/\/www.sorosoro.org\/es\/wp-json\/wp\/v2\/comments?post=67660"}],"version-history":[{"count":0,"href":"https:\/\/www.sorosoro.org\/es\/wp-json\/wp\/v2\/pages\/67660\/revisions"}],"wp:attachment":[{"href":"https:\/\/www.sorosoro.org\/es\/wp-json\/wp\/v2\/media?parent=67660"}],"curies":[{"name":"wp","href":"https:\/\/api.w.org\/{rel}","templated":true}]}}