{"id":67647,"date":"2015-09-27T23:52:53","date_gmt":"2015-09-27T21:52:53","guid":{"rendered":"http:\/\/www.sorosoro.org\/?page_id=67647"},"modified":"2015-10-05T20:27:03","modified_gmt":"2015-10-05T18:27:03","slug":"familias-de-lenguas-en-oceania","status":"publish","type":"page","link":"https:\/\/www.sorosoro.org\/es\/familias-de-lenguas-en-oceania\/","title":{"rendered":"Familias de lenguas en Ocean\u00eda"},"content":{"rendered":"<p>Entre las lenguas de Ocean\u00eda, la familia de las lenguas austronesianas es la m\u00e1s importante en n\u00famero de hablantes. Estas lenguas son habladas en el sudeste asi\u00e1tico, en muchas islas del Pac\u00edfico y hasta en Madagascar.<br \/>\nEn cuanto a Pap\u00faa Nueva Guinea es uno de los territorios que cuentan la mayor diversidad ling\u00fc\u00edstica en el mundo. Se estima que m\u00e1s de 800 idiomas son hablados all\u00ed, repartidos en un gran n\u00famero de familias distintas. Indonesia no est\u00e1 lejos, con cerca de 700 lenguas&#8230;<br \/>\nEn fin, las lenguas abor\u00edgenes de Australia pertenecen a varias otras familias. Quedar\u00edan solamente una centena de idiomas nativos sobre los 700 que habr\u00eda habido en el pa\u00eds antes de la colonizaci\u00f3n. La gran mayor\u00eda de ellos est\u00e1n  extremadamente amenazados.<br \/>\n&nbsp;<\/p>\n<ul>\n<li><a href=\"\/es\/idiomas-macro-pama-nyungan\/\" target=\"_blank\">Idiomas Macro-Pama-Nyungan<\/a><\/li>\n<\/ul>\n<p>&nbsp;&nbsp;&nbsp;&nbsp;&nbsp;&nbsp;&nbsp;&nbsp;\u25ca\u25ca\u25ca\u25ca\u25ca\u25ca<\/p>\n<ul>\n<li><a href=\"\/isolats-et-langues-non-classees-en-oceanie\/\">Lenguas aisladas y lenguas no clasificadas<\/a><\/li>\n<\/ul>\n<p>&nbsp;<br \/>\n<a href=\"\/es\/oceania-2\/\"><img loading=\"lazy\" decoding=\"async\" src=\"\/wp-content\/uploads\/bouton_retour.jpg\" alt=\"bouton_retour\" width=\"20\" height=\"20\" class=\"alignnone size-full wp-image-65133\" \/><\/a>&nbsp;<a href=\"\/es\/oceania-2\/\"><strong>Volver a la p\u00e1gina anterior<\/strong><\/a><\/p>\n","protected":false},"excerpt":{"rendered":"<p>Entre las lenguas de Ocean\u00eda, la familia de las lenguas austronesianas es la m\u00e1s importante en n\u00famero de hablantes. Estas lenguas son habladas en el sudeste asi\u00e1tico, en muchas islas del Pac\u00edfico y hasta en Madagascar. En cuanto a Pap\u00faa Nueva Guinea es uno de los territorios que cuentan la mayor diversidad ling\u00fc\u00edstica en el [&hellip;]<\/p>\n","protected":false},"author":1,"featured_media":0,"parent":0,"menu_order":0,"comment_status":"closed","ping_status":"open","template":"","meta":{"footnotes":""},"class_list":["post-67647","page","type-page","status-publish","hentry"],"yoast_head":"<!-- This site is optimized with the Yoast SEO plugin v27.0 - https:\/\/yoast.com\/product\/yoast-seo-wordpress\/ -->\n<title>Familias de lenguas en Ocean\u00eda - Sorosoro<\/title>\n<meta name=\"robots\" content=\"index, follow, max-snippet:-1, max-image-preview:large, max-video-preview:-1\" \/>\n<link rel=\"canonical\" href=\"https:\/\/www.sorosoro.org\/es\/familias-de-lenguas-en-oceania\/\" \/>\n<meta property=\"og:locale\" content=\"es_ES\" \/>\n<meta property=\"og:type\" content=\"article\" \/>\n<meta property=\"og:title\" content=\"Familias de lenguas en Ocean\u00eda - Sorosoro\" \/>\n<meta property=\"og:description\" content=\"Entre las lenguas de Ocean\u00eda, la familia de las lenguas austronesianas es la m\u00e1s importante en n\u00famero de hablantes. Estas lenguas son habladas en el sudeste asi\u00e1tico, en muchas islas del Pac\u00edfico y hasta en Madagascar. En cuanto a Pap\u00faa Nueva Guinea es uno de los territorios que cuentan la mayor diversidad ling\u00fc\u00edstica en el [&hellip;]\" \/>\n<meta property=\"og:url\" content=\"https:\/\/www.sorosoro.org\/es\/familias-de-lenguas-en-oceania\/\" \/>\n<meta property=\"og:site_name\" content=\"Sorosoro\" \/>\n<meta property=\"article:modified_time\" content=\"2015-10-05T18:27:03+00:00\" \/>\n<meta name=\"twitter:card\" content=\"summary_large_image\" \/>\n<meta name=\"twitter:label1\" content=\"Tiempo de lectura\" \/>\n\t<meta name=\"twitter:data1\" content=\"1 minuto\" \/>\n<script type=\"application\/ld+json\" class=\"yoast-schema-graph\">{\"@context\":\"https:\/\/schema.org\",\"@graph\":[{\"@type\":\"WebPage\",\"@id\":\"https:\/\/www.sorosoro.org\/es\/familias-de-lenguas-en-oceania\/\",\"url\":\"https:\/\/www.sorosoro.org\/es\/familias-de-lenguas-en-oceania\/\",\"name\":\"Familias de lenguas en Ocean\u00eda - Sorosoro\",\"isPartOf\":{\"@id\":\"https:\/\/www.sorosoro.org\/es\/#website\"},\"datePublished\":\"2015-09-27T21:52:53+00:00\",\"dateModified\":\"2015-10-05T18:27:03+00:00\",\"breadcrumb\":{\"@id\":\"https:\/\/www.sorosoro.org\/es\/familias-de-lenguas-en-oceania\/#breadcrumb\"},\"inLanguage\":\"es\",\"potentialAction\":[{\"@type\":\"ReadAction\",\"target\":[\"https:\/\/www.sorosoro.org\/es\/familias-de-lenguas-en-oceania\/\"]}]},{\"@type\":\"BreadcrumbList\",\"@id\":\"https:\/\/www.sorosoro.org\/es\/familias-de-lenguas-en-oceania\/#breadcrumb\",\"itemListElement\":[{\"@type\":\"ListItem\",\"position\":1,\"name\":\"Accueil\",\"item\":\"https:\/\/www.sorosoro.org\/es\/\"},{\"@type\":\"ListItem\",\"position\":2,\"name\":\"Familias de lenguas en Ocean\u00eda\"}]},{\"@type\":\"WebSite\",\"@id\":\"https:\/\/www.sorosoro.org\/es\/#website\",\"url\":\"https:\/\/www.sorosoro.org\/es\/\",\"name\":\"Sorosoro\",\"description\":\"Pour que vivent les langues du monde !\",\"potentialAction\":[{\"@type\":\"SearchAction\",\"target\":{\"@type\":\"EntryPoint\",\"urlTemplate\":\"https:\/\/www.sorosoro.org\/es\/?s={search_term_string}\"},\"query-input\":{\"@type\":\"PropertyValueSpecification\",\"valueRequired\":true,\"valueName\":\"search_term_string\"}}],\"inLanguage\":\"es\"}]}<\/script>\n<!-- \/ Yoast SEO plugin. -->","yoast_head_json":{"title":"Familias de lenguas en Ocean\u00eda - Sorosoro","robots":{"index":"index","follow":"follow","max-snippet":"max-snippet:-1","max-image-preview":"max-image-preview:large","max-video-preview":"max-video-preview:-1"},"canonical":"https:\/\/www.sorosoro.org\/es\/familias-de-lenguas-en-oceania\/","og_locale":"es_ES","og_type":"article","og_title":"Familias de lenguas en Ocean\u00eda - Sorosoro","og_description":"Entre las lenguas de Ocean\u00eda, la familia de las lenguas austronesianas es la m\u00e1s importante en n\u00famero de hablantes. Estas lenguas son habladas en el sudeste asi\u00e1tico, en muchas islas del Pac\u00edfico y hasta en Madagascar. En cuanto a Pap\u00faa Nueva Guinea es uno de los territorios que cuentan la mayor diversidad ling\u00fc\u00edstica en el [&hellip;]","og_url":"https:\/\/www.sorosoro.org\/es\/familias-de-lenguas-en-oceania\/","og_site_name":"Sorosoro","article_modified_time":"2015-10-05T18:27:03+00:00","twitter_card":"summary_large_image","twitter_misc":{"Tiempo de lectura":"1 minuto"},"schema":{"@context":"https:\/\/schema.org","@graph":[{"@type":"WebPage","@id":"https:\/\/www.sorosoro.org\/es\/familias-de-lenguas-en-oceania\/","url":"https:\/\/www.sorosoro.org\/es\/familias-de-lenguas-en-oceania\/","name":"Familias de lenguas en Ocean\u00eda - Sorosoro","isPartOf":{"@id":"https:\/\/www.sorosoro.org\/es\/#website"},"datePublished":"2015-09-27T21:52:53+00:00","dateModified":"2015-10-05T18:27:03+00:00","breadcrumb":{"@id":"https:\/\/www.sorosoro.org\/es\/familias-de-lenguas-en-oceania\/#breadcrumb"},"inLanguage":"es","potentialAction":[{"@type":"ReadAction","target":["https:\/\/www.sorosoro.org\/es\/familias-de-lenguas-en-oceania\/"]}]},{"@type":"BreadcrumbList","@id":"https:\/\/www.sorosoro.org\/es\/familias-de-lenguas-en-oceania\/#breadcrumb","itemListElement":[{"@type":"ListItem","position":1,"name":"Accueil","item":"https:\/\/www.sorosoro.org\/es\/"},{"@type":"ListItem","position":2,"name":"Familias de lenguas en Ocean\u00eda"}]},{"@type":"WebSite","@id":"https:\/\/www.sorosoro.org\/es\/#website","url":"https:\/\/www.sorosoro.org\/es\/","name":"Sorosoro","description":"Pour que vivent les langues du monde !","potentialAction":[{"@type":"SearchAction","target":{"@type":"EntryPoint","urlTemplate":"https:\/\/www.sorosoro.org\/es\/?s={search_term_string}"},"query-input":{"@type":"PropertyValueSpecification","valueRequired":true,"valueName":"search_term_string"}}],"inLanguage":"es"}]}},"_links":{"self":[{"href":"https:\/\/www.sorosoro.org\/es\/wp-json\/wp\/v2\/pages\/67647","targetHints":{"allow":["GET"]}}],"collection":[{"href":"https:\/\/www.sorosoro.org\/es\/wp-json\/wp\/v2\/pages"}],"about":[{"href":"https:\/\/www.sorosoro.org\/es\/wp-json\/wp\/v2\/types\/page"}],"author":[{"embeddable":true,"href":"https:\/\/www.sorosoro.org\/es\/wp-json\/wp\/v2\/users\/1"}],"replies":[{"embeddable":true,"href":"https:\/\/www.sorosoro.org\/es\/wp-json\/wp\/v2\/comments?post=67647"}],"version-history":[{"count":0,"href":"https:\/\/www.sorosoro.org\/es\/wp-json\/wp\/v2\/pages\/67647\/revisions"}],"wp:attachment":[{"href":"https:\/\/www.sorosoro.org\/es\/wp-json\/wp\/v2\/media?parent=67647"}],"curies":[{"name":"wp","href":"https:\/\/api.w.org\/{rel}","templated":true}]}}