{"id":67642,"date":"2015-09-27T23:50:15","date_gmt":"2015-09-27T21:50:15","guid":{"rendered":"http:\/\/www.sorosoro.org\/?page_id=67642"},"modified":"2015-10-02T17:39:16","modified_gmt":"2015-10-02T15:39:16","slug":"textos-sobre-las-lenguas-de-oceania","status":"publish","type":"page","link":"https:\/\/www.sorosoro.org\/es\/textos-sobre-las-lenguas-de-oceania\/","title":{"rendered":"Textos sobre las lenguas de Ocean\u00eda"},"content":{"rendered":"<p><strong><a href=\"\/es\/2015\/09\/el-continente-oceanico-campeon-del-plurilinguismo\/\" >El continente oce\u00e1nico, \u00bfcampe\u00f3n del plurilinguismo?<\/a><\/strong><br \/>\n<span style=\"font-size:12px\">por Claire Moyse-Faurie <\/span><br \/>\n&nbsp;<br \/>\n<strong><a href=\"\/es\/2015\/09\/cuando-las-lenguas-dominantes-amenazan-el-plurilinguismo-en-oceania\/\">Cuando las lenguas dominantes amenazan el plurilinguismo en Ocean\u00eda<\/a><\/strong><br \/>\n<span style=\"font-size:12px\">por Claire Moyse-Faurie<\/span><br \/>\n&nbsp;<br \/>\n<strong><a href=\"\/es\/2015\/09\/lenguas-kanak-en-peligro\/\">Lenguas kanak en peligro<\/a><\/strong><br \/>\n<span style=\"font-size:12px\">por Fabrice Wacalie<\/span><br \/>\n&nbsp;<br \/>\n<strong><a href=\"\/es\/2015\/09\/las-lenguas-kanak-en-la-escuela-en-nueva-caledonia-un-largo-camino\/\">Las lenguas kanak en la escuela en Nueva-Caledonia: un largo camino<\/a><\/strong><br \/>\n<span style=\"font-size:12px\">por Jacques Vernaudon<\/span><br \/>\n&nbsp;<br \/>\n<strong><a href=\"\/es\/2015\/09\/contar-en-su-lengua-para-contar-mejor-en-la-otra\/\">Contar en su lengua para contar mejor en la otra<\/a><\/strong><br \/>\n<span style=\"font-size:12px\">por G\u00e9rard Lavigne<\/span><br \/>\n&nbsp;<br \/>\n<strong><a href=\"\/es\/2015\/09\/la-ensenanza-en-maori-en-nueva-zelanda-su-progreso-y-lo-que-esta-en-juego\/\">La ense\u00f1anza en maor\u00ed en Nueva-Zelanda: su progreso y lo que est\u00e1 en juego<\/a><\/strong><br \/>\n<span style=\"font-size:12px\">por Richard Hill<\/span><br \/>\n&nbsp;<br \/>\n<strong><a href=\"\/es\/2015\/09\/el-vanuatu-una-diversidad-linguistica-excepcional\/\">El Vanuatu: una diversidad ling\u00fc\u00edstica excepcional<\/a><\/strong><br \/>\n<span style=\"font-size:12px\">por Alexandre Fran\u00e7ois <\/span><br \/>\n&nbsp;<br \/>\n<strong><a href=\"\/es\/2015\/09\/el-vanuatu-una-diversidad-fragil\/\">El Vanuatu, una diversidad fr\u00e1gil<\/a><\/strong><br \/>\n<span style=\"font-size:12px\">por Alexandre Fran\u00e7ois<\/span><br \/>\n&nbsp;<br \/>\n<strong><a href=\"\/es\/2015\/09\/la-tradicion-multilingue-australiana-en-el-contexto-post-colonial\/\">La tradici\u00f3n multiling\u00fce australiana en el contexto post-colonial<\/a><\/strong><br \/>\n<span style=\"font-size:12px\">por Ma\u00efa Ponsonnet <\/span><br \/>\n&nbsp;<br \/>\n<strong><a href=\"\/es\/2015\/09\/la-ideologia-del-monolinguismo-en-el-contexto-australiano\/\">La ideolog\u00eda del monoling\u00fcismo en el contexto australiano<\/a><\/strong><br \/>\n<span style=\"font-size:12px\">por Ma\u00efa Ponsonnet <\/span><br \/>\n&nbsp;<br \/>\n<strong><a href=\"\/es\/2015\/09\/la-ensenanza-en-lengua-materna-en-la-francia-de-ultramar\/\">La ense\u00f1anza en lengua materna en la Francia de Ultramar<\/a><\/strong><br \/>\n<span style=\"font-size:12px\">por Michel Launey<\/span><br \/>\n&nbsp;<br \/>\n<a href=\"\/es\/oceania-2\/\"><img loading=\"lazy\" decoding=\"async\" src=\"\/wp-content\/uploads\/bouton_retour.jpg\" width=\"20\" height=\"20\" class=\"alignnone size-full wp-image-65133\" \/><\/a>&nbsp;<a href=\"\/es\/oceania-2\/\"><strong>Volver a la p\u00e1gina anterior<\/strong><\/a><\/p>\n","protected":false},"excerpt":{"rendered":"<p>El continente oce\u00e1nico, \u00bfcampe\u00f3n del plurilinguismo? por Claire Moyse-Faurie &nbsp; Cuando las lenguas dominantes amenazan el plurilinguismo en Ocean\u00eda por Claire Moyse-Faurie &nbsp; Lenguas kanak en peligro por Fabrice Wacalie &nbsp; Las lenguas kanak en la escuela en Nueva-Caledonia: un largo camino por Jacques Vernaudon &nbsp; Contar en su lengua para contar mejor en la [&hellip;]<\/p>\n","protected":false},"author":1,"featured_media":0,"parent":0,"menu_order":0,"comment_status":"closed","ping_status":"open","template":"","meta":{"footnotes":""},"class_list":["post-67642","page","type-page","status-publish","hentry"],"yoast_head":"<!-- This site is optimized with the Yoast SEO plugin v27.0 - https:\/\/yoast.com\/product\/yoast-seo-wordpress\/ -->\n<title>Textos sobre las lenguas de Ocean\u00eda - Sorosoro<\/title>\n<meta name=\"robots\" content=\"index, follow, max-snippet:-1, max-image-preview:large, max-video-preview:-1\" \/>\n<link rel=\"canonical\" href=\"https:\/\/www.sorosoro.org\/es\/textos-sobre-las-lenguas-de-oceania\/\" \/>\n<meta property=\"og:locale\" content=\"es_ES\" \/>\n<meta property=\"og:type\" content=\"article\" \/>\n<meta property=\"og:title\" content=\"Textos sobre las lenguas de Ocean\u00eda - Sorosoro\" \/>\n<meta property=\"og:description\" content=\"El continente oce\u00e1nico, \u00bfcampe\u00f3n del plurilinguismo? por Claire Moyse-Faurie &nbsp; Cuando las lenguas dominantes amenazan el plurilinguismo en Ocean\u00eda por Claire Moyse-Faurie &nbsp; Lenguas kanak en peligro por Fabrice Wacalie &nbsp; Las lenguas kanak en la escuela en Nueva-Caledonia: un largo camino por Jacques Vernaudon &nbsp; Contar en su lengua para contar mejor en la [&hellip;]\" \/>\n<meta property=\"og:url\" content=\"https:\/\/www.sorosoro.org\/es\/textos-sobre-las-lenguas-de-oceania\/\" \/>\n<meta property=\"og:site_name\" content=\"Sorosoro\" \/>\n<meta property=\"article:modified_time\" content=\"2015-10-02T15:39:16+00:00\" \/>\n<meta name=\"twitter:card\" content=\"summary_large_image\" \/>\n<meta name=\"twitter:label1\" content=\"Tiempo de lectura\" \/>\n\t<meta name=\"twitter:data1\" content=\"1 minuto\" \/>\n<script type=\"application\/ld+json\" class=\"yoast-schema-graph\">{\"@context\":\"https:\/\/schema.org\",\"@graph\":[{\"@type\":\"WebPage\",\"@id\":\"https:\/\/www.sorosoro.org\/es\/textos-sobre-las-lenguas-de-oceania\/\",\"url\":\"https:\/\/www.sorosoro.org\/es\/textos-sobre-las-lenguas-de-oceania\/\",\"name\":\"Textos sobre las lenguas de Ocean\u00eda - Sorosoro\",\"isPartOf\":{\"@id\":\"https:\/\/www.sorosoro.org\/es\/#website\"},\"datePublished\":\"2015-09-27T21:50:15+00:00\",\"dateModified\":\"2015-10-02T15:39:16+00:00\",\"breadcrumb\":{\"@id\":\"https:\/\/www.sorosoro.org\/es\/textos-sobre-las-lenguas-de-oceania\/#breadcrumb\"},\"inLanguage\":\"es\",\"potentialAction\":[{\"@type\":\"ReadAction\",\"target\":[\"https:\/\/www.sorosoro.org\/es\/textos-sobre-las-lenguas-de-oceania\/\"]}]},{\"@type\":\"BreadcrumbList\",\"@id\":\"https:\/\/www.sorosoro.org\/es\/textos-sobre-las-lenguas-de-oceania\/#breadcrumb\",\"itemListElement\":[{\"@type\":\"ListItem\",\"position\":1,\"name\":\"Accueil\",\"item\":\"https:\/\/www.sorosoro.org\/es\/\"},{\"@type\":\"ListItem\",\"position\":2,\"name\":\"Textos sobre las lenguas de Ocean\u00eda\"}]},{\"@type\":\"WebSite\",\"@id\":\"https:\/\/www.sorosoro.org\/es\/#website\",\"url\":\"https:\/\/www.sorosoro.org\/es\/\",\"name\":\"Sorosoro\",\"description\":\"Pour que vivent les langues du monde !\",\"potentialAction\":[{\"@type\":\"SearchAction\",\"target\":{\"@type\":\"EntryPoint\",\"urlTemplate\":\"https:\/\/www.sorosoro.org\/es\/?s={search_term_string}\"},\"query-input\":{\"@type\":\"PropertyValueSpecification\",\"valueRequired\":true,\"valueName\":\"search_term_string\"}}],\"inLanguage\":\"es\"}]}<\/script>\n<!-- \/ Yoast SEO plugin. -->","yoast_head_json":{"title":"Textos sobre las lenguas de Ocean\u00eda - Sorosoro","robots":{"index":"index","follow":"follow","max-snippet":"max-snippet:-1","max-image-preview":"max-image-preview:large","max-video-preview":"max-video-preview:-1"},"canonical":"https:\/\/www.sorosoro.org\/es\/textos-sobre-las-lenguas-de-oceania\/","og_locale":"es_ES","og_type":"article","og_title":"Textos sobre las lenguas de Ocean\u00eda - Sorosoro","og_description":"El continente oce\u00e1nico, \u00bfcampe\u00f3n del plurilinguismo? por Claire Moyse-Faurie &nbsp; Cuando las lenguas dominantes amenazan el plurilinguismo en Ocean\u00eda por Claire Moyse-Faurie &nbsp; Lenguas kanak en peligro por Fabrice Wacalie &nbsp; Las lenguas kanak en la escuela en Nueva-Caledonia: un largo camino por Jacques Vernaudon &nbsp; Contar en su lengua para contar mejor en la [&hellip;]","og_url":"https:\/\/www.sorosoro.org\/es\/textos-sobre-las-lenguas-de-oceania\/","og_site_name":"Sorosoro","article_modified_time":"2015-10-02T15:39:16+00:00","twitter_card":"summary_large_image","twitter_misc":{"Tiempo de lectura":"1 minuto"},"schema":{"@context":"https:\/\/schema.org","@graph":[{"@type":"WebPage","@id":"https:\/\/www.sorosoro.org\/es\/textos-sobre-las-lenguas-de-oceania\/","url":"https:\/\/www.sorosoro.org\/es\/textos-sobre-las-lenguas-de-oceania\/","name":"Textos sobre las lenguas de Ocean\u00eda - Sorosoro","isPartOf":{"@id":"https:\/\/www.sorosoro.org\/es\/#website"},"datePublished":"2015-09-27T21:50:15+00:00","dateModified":"2015-10-02T15:39:16+00:00","breadcrumb":{"@id":"https:\/\/www.sorosoro.org\/es\/textos-sobre-las-lenguas-de-oceania\/#breadcrumb"},"inLanguage":"es","potentialAction":[{"@type":"ReadAction","target":["https:\/\/www.sorosoro.org\/es\/textos-sobre-las-lenguas-de-oceania\/"]}]},{"@type":"BreadcrumbList","@id":"https:\/\/www.sorosoro.org\/es\/textos-sobre-las-lenguas-de-oceania\/#breadcrumb","itemListElement":[{"@type":"ListItem","position":1,"name":"Accueil","item":"https:\/\/www.sorosoro.org\/es\/"},{"@type":"ListItem","position":2,"name":"Textos sobre las lenguas de Ocean\u00eda"}]},{"@type":"WebSite","@id":"https:\/\/www.sorosoro.org\/es\/#website","url":"https:\/\/www.sorosoro.org\/es\/","name":"Sorosoro","description":"Pour que vivent les langues du monde !","potentialAction":[{"@type":"SearchAction","target":{"@type":"EntryPoint","urlTemplate":"https:\/\/www.sorosoro.org\/es\/?s={search_term_string}"},"query-input":{"@type":"PropertyValueSpecification","valueRequired":true,"valueName":"search_term_string"}}],"inLanguage":"es"}]}},"_links":{"self":[{"href":"https:\/\/www.sorosoro.org\/es\/wp-json\/wp\/v2\/pages\/67642","targetHints":{"allow":["GET"]}}],"collection":[{"href":"https:\/\/www.sorosoro.org\/es\/wp-json\/wp\/v2\/pages"}],"about":[{"href":"https:\/\/www.sorosoro.org\/es\/wp-json\/wp\/v2\/types\/page"}],"author":[{"embeddable":true,"href":"https:\/\/www.sorosoro.org\/es\/wp-json\/wp\/v2\/users\/1"}],"replies":[{"embeddable":true,"href":"https:\/\/www.sorosoro.org\/es\/wp-json\/wp\/v2\/comments?post=67642"}],"version-history":[{"count":0,"href":"https:\/\/www.sorosoro.org\/es\/wp-json\/wp\/v2\/pages\/67642\/revisions"}],"wp:attachment":[{"href":"https:\/\/www.sorosoro.org\/es\/wp-json\/wp\/v2\/media?parent=67642"}],"curies":[{"name":"wp","href":"https:\/\/api.w.org\/{rel}","templated":true}]}}