{"id":67638,"date":"2015-09-27T23:45:45","date_gmt":"2015-09-27T21:45:45","guid":{"rendered":"http:\/\/www.sorosoro.org\/?page_id=67638"},"modified":"2015-10-06T20:26:26","modified_gmt":"2015-10-06T18:26:26","slug":"lenguas-de-oceania","status":"publish","type":"page","link":"https:\/\/www.sorosoro.org\/es\/lenguas-de-oceania\/","title":{"rendered":"Lenguas de Ocean\u00eda"},"content":{"rendered":"<p>\u00a1Dar una lista exhaustiva de todas las lenguas de Ocean\u00eda de manera legible ser\u00eda dif\u00edcil porque hay cerca de 2.000 ! Esta lista completa est\u00e1 dentro de la pesta\u00f1a \u00ab<a href=\"https:\/\/www.sorosoro.org\/es\/familias-de-lenguas-en-oceania\/\">Familias de lenguas en Ocean\u00eda<\/a>\u00ab, donde las lenguas son clasificadas por familias ling\u00fc\u00edsticas.<br \/>\nPues proponemos aqu\u00ed s\u00f3lo las lenguas para las cuales hemos establecido fichas descriptivas, por orden alfab\u00e9tico<\/p>\n<ul>\n<li><a href=\"\/es\/el-gumbaynggir\/\">El gumbaynggir<\/a><\/li>\n<li><a href=\"\/es\/el-idioma-hiw\/\">El idioma hiw<\/a><\/li>\n<li><a href=\"\/es\/las-lenguas-kanak\/\">Las lenguas kanak<\/a> :<br \/>\n&nbsp;&nbsp;&nbsp;&#8211;&nbsp;<a href=\"\/es\/el-hamea-tiri\/\">El hamea-tiri<\/a><br \/>\n&nbsp;&nbsp;&nbsp;&#8211;&nbsp;<a href=\"\/es\/el-xaracuu\/\">El x\u00e2r\u00e2c\u00f9\u00f9<\/a><br \/>\n&nbsp;&nbsp;&nbsp;&#8211;&nbsp;<a href=\"\/es\/el-xaragure\/\">El x\u00e2r\u00e2gur\u00e8<\/a> <\/li>\n<li><a href=\"\/es\/el-maori\/\">El maor\u00ed<\/a><\/li>\n<li><a href=\"\/es\/el-paakantyi\/\">El paakantyi<\/a><\/li>\n<li><a href=\"\/es\/el-wargamay\/\">El wargamay<\/a><\/li>\n<\/ul>\n<p>&nbsp;<br \/>\n<a href=\"\/es\/oceania-2\/\"><img loading=\"lazy\" decoding=\"async\" src=\"\/wp-content\/uploads\/bouton_retour.jpg\" alt=\"bouton_retour\" width=\"20\" height=\"20\" class=\"alignnone size-full wp-image-65133\" \/><\/a>&nbsp;<a href=\"\/es\/oceania-2\/\"><strong>Volver a la p\u00e1gina anterior<\/strong><\/a><\/p>\n","protected":false},"excerpt":{"rendered":"<p>\u00a1Dar una lista exhaustiva de todas las lenguas de Ocean\u00eda de manera legible ser\u00eda dif\u00edcil porque hay cerca de 2.000 ! Esta lista completa est\u00e1 dentro de la pesta\u00f1a \u00abFamilias de lenguas en Ocean\u00eda\u00ab, donde las lenguas son clasificadas por familias ling\u00fc\u00edsticas. Pues proponemos aqu\u00ed s\u00f3lo las lenguas para las cuales hemos establecido fichas descriptivas, [&hellip;]<\/p>\n","protected":false},"author":1,"featured_media":0,"parent":0,"menu_order":0,"comment_status":"closed","ping_status":"closed","template":"","meta":{"footnotes":""},"class_list":["post-67638","page","type-page","status-publish","hentry"],"yoast_head":"<!-- This site is optimized with the Yoast SEO plugin v27.0 - https:\/\/yoast.com\/product\/yoast-seo-wordpress\/ -->\n<title>Lenguas de Ocean\u00eda - Sorosoro<\/title>\n<meta name=\"robots\" content=\"index, follow, max-snippet:-1, max-image-preview:large, max-video-preview:-1\" \/>\n<link rel=\"canonical\" href=\"https:\/\/www.sorosoro.org\/es\/lenguas-de-oceania\/\" \/>\n<meta property=\"og:locale\" content=\"es_ES\" \/>\n<meta property=\"og:type\" content=\"article\" \/>\n<meta property=\"og:title\" content=\"Lenguas de Ocean\u00eda - Sorosoro\" \/>\n<meta property=\"og:description\" content=\"\u00a1Dar una lista exhaustiva de todas las lenguas de Ocean\u00eda de manera legible ser\u00eda dif\u00edcil porque hay cerca de 2.000 ! Esta lista completa est\u00e1 dentro de la pesta\u00f1a \u00abFamilias de lenguas en Ocean\u00eda\u00ab, donde las lenguas son clasificadas por familias ling\u00fc\u00edsticas. Pues proponemos aqu\u00ed s\u00f3lo las lenguas para las cuales hemos establecido fichas descriptivas, [&hellip;]\" \/>\n<meta property=\"og:url\" content=\"https:\/\/www.sorosoro.org\/es\/lenguas-de-oceania\/\" \/>\n<meta property=\"og:site_name\" content=\"Sorosoro\" \/>\n<meta property=\"article:modified_time\" content=\"2015-10-06T18:26:26+00:00\" \/>\n<meta name=\"twitter:card\" content=\"summary_large_image\" \/>\n<meta name=\"twitter:label1\" content=\"Tiempo de lectura\" \/>\n\t<meta name=\"twitter:data1\" content=\"1 minuto\" \/>\n<script type=\"application\/ld+json\" class=\"yoast-schema-graph\">{\"@context\":\"https:\/\/schema.org\",\"@graph\":[{\"@type\":\"WebPage\",\"@id\":\"https:\/\/www.sorosoro.org\/es\/lenguas-de-oceania\/\",\"url\":\"https:\/\/www.sorosoro.org\/es\/lenguas-de-oceania\/\",\"name\":\"Lenguas de Ocean\u00eda - Sorosoro\",\"isPartOf\":{\"@id\":\"https:\/\/www.sorosoro.org\/es\/#website\"},\"datePublished\":\"2015-09-27T21:45:45+00:00\",\"dateModified\":\"2015-10-06T18:26:26+00:00\",\"breadcrumb\":{\"@id\":\"https:\/\/www.sorosoro.org\/es\/lenguas-de-oceania\/#breadcrumb\"},\"inLanguage\":\"es\",\"potentialAction\":[{\"@type\":\"ReadAction\",\"target\":[\"https:\/\/www.sorosoro.org\/es\/lenguas-de-oceania\/\"]}]},{\"@type\":\"BreadcrumbList\",\"@id\":\"https:\/\/www.sorosoro.org\/es\/lenguas-de-oceania\/#breadcrumb\",\"itemListElement\":[{\"@type\":\"ListItem\",\"position\":1,\"name\":\"Accueil\",\"item\":\"https:\/\/www.sorosoro.org\/es\/\"},{\"@type\":\"ListItem\",\"position\":2,\"name\":\"Lenguas de Ocean\u00eda\"}]},{\"@type\":\"WebSite\",\"@id\":\"https:\/\/www.sorosoro.org\/es\/#website\",\"url\":\"https:\/\/www.sorosoro.org\/es\/\",\"name\":\"Sorosoro\",\"description\":\"Pour que vivent les langues du monde !\",\"potentialAction\":[{\"@type\":\"SearchAction\",\"target\":{\"@type\":\"EntryPoint\",\"urlTemplate\":\"https:\/\/www.sorosoro.org\/es\/?s={search_term_string}\"},\"query-input\":{\"@type\":\"PropertyValueSpecification\",\"valueRequired\":true,\"valueName\":\"search_term_string\"}}],\"inLanguage\":\"es\"}]}<\/script>\n<!-- \/ Yoast SEO plugin. -->","yoast_head_json":{"title":"Lenguas de Ocean\u00eda - Sorosoro","robots":{"index":"index","follow":"follow","max-snippet":"max-snippet:-1","max-image-preview":"max-image-preview:large","max-video-preview":"max-video-preview:-1"},"canonical":"https:\/\/www.sorosoro.org\/es\/lenguas-de-oceania\/","og_locale":"es_ES","og_type":"article","og_title":"Lenguas de Ocean\u00eda - Sorosoro","og_description":"\u00a1Dar una lista exhaustiva de todas las lenguas de Ocean\u00eda de manera legible ser\u00eda dif\u00edcil porque hay cerca de 2.000 ! Esta lista completa est\u00e1 dentro de la pesta\u00f1a \u00abFamilias de lenguas en Ocean\u00eda\u00ab, donde las lenguas son clasificadas por familias ling\u00fc\u00edsticas. Pues proponemos aqu\u00ed s\u00f3lo las lenguas para las cuales hemos establecido fichas descriptivas, [&hellip;]","og_url":"https:\/\/www.sorosoro.org\/es\/lenguas-de-oceania\/","og_site_name":"Sorosoro","article_modified_time":"2015-10-06T18:26:26+00:00","twitter_card":"summary_large_image","twitter_misc":{"Tiempo de lectura":"1 minuto"},"schema":{"@context":"https:\/\/schema.org","@graph":[{"@type":"WebPage","@id":"https:\/\/www.sorosoro.org\/es\/lenguas-de-oceania\/","url":"https:\/\/www.sorosoro.org\/es\/lenguas-de-oceania\/","name":"Lenguas de Ocean\u00eda - Sorosoro","isPartOf":{"@id":"https:\/\/www.sorosoro.org\/es\/#website"},"datePublished":"2015-09-27T21:45:45+00:00","dateModified":"2015-10-06T18:26:26+00:00","breadcrumb":{"@id":"https:\/\/www.sorosoro.org\/es\/lenguas-de-oceania\/#breadcrumb"},"inLanguage":"es","potentialAction":[{"@type":"ReadAction","target":["https:\/\/www.sorosoro.org\/es\/lenguas-de-oceania\/"]}]},{"@type":"BreadcrumbList","@id":"https:\/\/www.sorosoro.org\/es\/lenguas-de-oceania\/#breadcrumb","itemListElement":[{"@type":"ListItem","position":1,"name":"Accueil","item":"https:\/\/www.sorosoro.org\/es\/"},{"@type":"ListItem","position":2,"name":"Lenguas de Ocean\u00eda"}]},{"@type":"WebSite","@id":"https:\/\/www.sorosoro.org\/es\/#website","url":"https:\/\/www.sorosoro.org\/es\/","name":"Sorosoro","description":"Pour que vivent les langues du monde !","potentialAction":[{"@type":"SearchAction","target":{"@type":"EntryPoint","urlTemplate":"https:\/\/www.sorosoro.org\/es\/?s={search_term_string}"},"query-input":{"@type":"PropertyValueSpecification","valueRequired":true,"valueName":"search_term_string"}}],"inLanguage":"es"}]}},"_links":{"self":[{"href":"https:\/\/www.sorosoro.org\/es\/wp-json\/wp\/v2\/pages\/67638","targetHints":{"allow":["GET"]}}],"collection":[{"href":"https:\/\/www.sorosoro.org\/es\/wp-json\/wp\/v2\/pages"}],"about":[{"href":"https:\/\/www.sorosoro.org\/es\/wp-json\/wp\/v2\/types\/page"}],"author":[{"embeddable":true,"href":"https:\/\/www.sorosoro.org\/es\/wp-json\/wp\/v2\/users\/1"}],"replies":[{"embeddable":true,"href":"https:\/\/www.sorosoro.org\/es\/wp-json\/wp\/v2\/comments?post=67638"}],"version-history":[{"count":0,"href":"https:\/\/www.sorosoro.org\/es\/wp-json\/wp\/v2\/pages\/67638\/revisions"}],"wp:attachment":[{"href":"https:\/\/www.sorosoro.org\/es\/wp-json\/wp\/v2\/media?parent=67638"}],"curies":[{"name":"wp","href":"https:\/\/api.w.org\/{rel}","templated":true}]}}