{"id":67628,"date":"2015-09-27T22:42:50","date_gmt":"2015-09-27T20:42:50","guid":{"rendered":"http:\/\/www.sorosoro.org\/?page_id=67628"},"modified":"2015-10-05T19:50:31","modified_gmt":"2015-10-05T17:50:31","slug":"familias-de-lenguas-en-america-latina","status":"publish","type":"page","link":"https:\/\/www.sorosoro.org\/es\/familias-de-lenguas-en-america-latina\/","title":{"rendered":"Familias de lenguas en Am\u00e9rica Latina"},"content":{"rendered":"<p>En Am\u00e9rica Latina se encuentra el n\u00famero m\u00e1s grande de familias de lenguas nativas: censamos en efecto m\u00e1s de una cuarenta, sin mencionar las criollas y las lenguas aisladas. Es decir que los idiomas que son hablados en algunos territorios relativamente poco extendidos pueden ser radicalmente diferentes, sin ninguna relaci\u00f3n de parentesco. A modo de comparaci\u00f3n, habr\u00eda que imaginar que dentro de una regi\u00f3n del tama\u00f1o de Andaluc\u00eda se hablan lenguas tan alejadas, unas de las otras, como el japon\u00e9s, el \u00e1rabe y el italiano&#8230;<br \/>\n&nbsp;<\/p>\n<ul>\n<li><a href=\"\/es\/familia-de-lenguas-algicas-o-algonquinas\/\">Familia de lenguas \u00e1lgicas (o algonquinas)<\/a><\/li>\n<li><a href=\"\/es\/familia-de-lenguas-araua-o-arawa\/\">Familia de lenguas araua o araw\u00e1<\/a><\/li>\n<li><a href=\"\/es\/familia-de-lenguas-arawak-o-maipurean\/\">Familia de lenguas arawak o maipurean<\/a><\/li>\n<li><a href=\"\/es\/familia-de-lengua-aimara\/\">Familia de lengua aimara<\/a><\/li>\n<li><a href=\"\/es\/familia-de-lenguas-barbacoanes\/\">Familia de lenguas barbacoanas<\/a><\/li>\n<li><a href=\"\/es\/familia-de-lenguas-cahuapananes\/\">Familia de lenguas cahuapanas<\/a><\/li>\n<li><a href=\"\/es\/familia-de-lenguas-caribes\/\">Familia de lenguas caribes<\/a><\/li>\n<li><a href=\"\/es\/familia-de-lenguas-chapacuranes-o-txapacuranes\/\">Familia de lenguas chapacura o txapacuranas<\/a><\/li>\n<li><a href=\"\/es\/familia-de-lenguas-chibchas\/\">Familia de lenguas chibchas <\/a><\/li>\n<li><a href=\"\/es\/familia-de-las-lenguas-choco\/\">Familia de las lenguas choc\u00f3<\/a><\/li>\n<li><a href=\"\/es\/familia-de-lenguas-chon\/\">Familia de lenguas chon<\/a><\/li>\n<li><a href=\"\/es\/familia-de-las-lenguas-guahibo\/\">Familia de las lenguas guahibo<\/a><\/li>\n<li><a href=\"\/es\/familia-de-familias-guaicuruanes-o-waikuruanes\/\">Familia de lenguas guaicuruanes o waikuruanes<\/a><\/li>\n<li><a href=\"\/es\/familia-de-las-lenguas-jabuti\/\">Familia de las lenguas jabuti<\/a><\/li>\n<li><a href=\"\/es\/familia-de-lenguas-katukinanes\/\">Familia de lenguas katukina<\/a><\/li>\n<li><a href=\"\/es\/familia-de-lenguas-macro-je\/\">Familia de lenguas macro-j\u00ea<\/a><\/li>\n<li><a href=\"\/es\/familia-de-lenguas-maku-o-nadahup-o-puinaveanes\/\">Familia de lenguas mak\u00fa o nadahup o puinav\u00e9anes<\/a><\/li>\n<li><a href=\"\/es\/familia-de-lenguas-mascoyanas\/\">Familia de lenguas mascoyanas o enlhet-enenlhet<\/a><\/li>\n<li><a href=\"\/es\/familia-de-lenguas-matacoanes\/\">Familia de lenguas matacoanas <\/a><\/li>\n<li><a href=\"\/es\/familia-de-las-lenguas-mayas\/\">Familia de las lenguas mayas<\/a><\/li>\n<li><a href=\"\/es\/familia-de-las-lenguas-misumalpa\/\">Familia de las lenguas misumalpa<\/a><\/li>\n<li><a href=\"\/es\/familia-de-las-lenguas-mixe-zoqueanas\/\">Familia de las lenguas mixe-zoqueanas<\/a> <\/li>\n<li><a href=\"\/es\/familia-de-lenguas-mosetenanes\/\">Familia de lenguas moset\u00e9n<\/a><\/li>\n<li><a href=\"\/es\/familia-de-lenguas-nambicuara-o-nambiquara\/\">Familia de lenguas nambicuara o nambiquara <\/a><\/li>\n<li><a href=\"\/es\/familia-de-lenguas-oto-mangues\/\">Familia de lenguas oto-mangues<\/a><\/li>\n<li><a href=\"\/es\/familia-de-lenguas-paez-o-paezanas\/\">Familia de lenguas paez o paezanas<\/a><\/li>\n<li><a href=\"\/es\/familia-de-lenguas-peba-yagua\/\">Familia de lenguas peba-yagua <\/a><\/li>\n<li><a href=\"\/es\/familia-de-las-lenguas-quechua2\/\">Familia de las lenguas quechua<\/a><\/li>\n<li><a href=\"\/es\/familia-de-lenguas-salivanes-o-salibanes\/\">Familia de lenguas salibanas <\/a><\/li>\n<li><a href=\"\/es\/familia-de-lenguas-shuar-o-jivaro\/\">Familia de lenguas shuar o j\u00edvaro<\/a><\/li>\n<li><a href=\"\/es\/familia-de-lenguas-tucanoanes\/\">Familia de lenguas tucanas <\/a><\/li>\n<li><a href=\"\/es\/familia-de-lenguas-tequistlatecas\/\">Familia de lenguas tequistlatecas<\/a><\/li>\n<li><a href=\"\/es\/familia-de-lenguas-totonacas\/\">Familia de lenguas totonacas <\/a><\/li>\n<li><a href=\"\/es\/familia-de-lenguas-tupi-guarani\/\">Familia de lenguas tupi<\/a><\/li>\n<li><a href=\"\/es\/familia-de-lenguas-uru-chipaya\/\">Familia de lenguas uru-chipaya<\/a><\/li>\n<li><a href=\"\/es\/familia-de-lenguas-uto-aztecas\/\">Familia de lenguas uto-aztecas<\/a><\/li>\n<li><a href=\"\/es\/familia-de-las-lenguas-witotoanas-o-bora-witoto\/\">Familia de las lenguas witoto(ana)(s) o bora-witoto<\/a><\/li>\n<li><a href=\"\/es\/familia-de-lenguas-yanomami\/\">Familia de lenguas yanomami<\/a><\/li>\n<li><a href=\"\/es\/familia-de-lenguas-yumano-cochimies\/\">Familia de lenguas yumano-cochim\u00edes<\/a><\/li>\n<li><a href=\"\/es\/familia-de-familias-zamucoanes\/\">Familia de lenguas zamucanas o zamuco<\/a><\/li>\n<li><a href=\"\/es\/familia-de-las-lenguas-zaparo-o-saparo\/\">Familia de las lenguas zaparo o s\u00e1paro<\/a><\/li>\n<li><a href=\"\/es\/criollos-de-base-portuguesa\/\">Criollos de base portuguesa<\/a><\/li>\n<\/ul>\n<p>&nbsp;&nbsp;&nbsp;&nbsp;&nbsp;&nbsp;&nbsp;&nbsp;\u25ca\u25ca\u25ca\u25ca\u25ca\u25ca<\/p>\n<ul>\n<li><a href=\"\/es\/lenguas-aisladas-y-lenguas-no-clasificadas-en-america-latina\/\">Lenguas aisladas y lenguas no clasificadas<\/a><\/li>\n<\/ul>\n<p>&nbsp;<br \/>\n<a href=\"\/es\/america-latina\/\"><img loading=\"lazy\" decoding=\"async\" src=\"\/wp-content\/uploads\/bouton_retour.jpg\" alt=\"bouton_retour\" width=\"20\" height=\"20\" class=\"alignnone size-full wp-image-65133\" \/><\/a>&nbsp;<a href=\"\/es\/america-latina\/\"><strong>Volver a la p\u00e1gina anterior<\/strong><\/a><\/p>\n","protected":false},"excerpt":{"rendered":"<p>En Am\u00e9rica Latina se encuentra el n\u00famero m\u00e1s grande de familias de lenguas nativas: censamos en efecto m\u00e1s de una cuarenta, sin mencionar las criollas y las lenguas aisladas. Es decir que los idiomas que son hablados en algunos territorios relativamente poco extendidos pueden ser radicalmente diferentes, sin ninguna relaci\u00f3n de parentesco. A modo de [&hellip;]<\/p>\n","protected":false},"author":1,"featured_media":0,"parent":0,"menu_order":0,"comment_status":"closed","ping_status":"closed","template":"","meta":{"footnotes":""},"class_list":["post-67628","page","type-page","status-publish","hentry"],"yoast_head":"<!-- This site is optimized with the Yoast SEO plugin v27.0 - https:\/\/yoast.com\/product\/yoast-seo-wordpress\/ -->\n<title>Familias de lenguas en Am\u00e9rica Latina - Sorosoro<\/title>\n<meta name=\"robots\" content=\"index, follow, max-snippet:-1, max-image-preview:large, max-video-preview:-1\" \/>\n<link rel=\"canonical\" href=\"https:\/\/www.sorosoro.org\/es\/familias-de-lenguas-en-america-latina\/\" \/>\n<meta property=\"og:locale\" content=\"es_ES\" \/>\n<meta property=\"og:type\" content=\"article\" \/>\n<meta property=\"og:title\" content=\"Familias de lenguas en Am\u00e9rica Latina - Sorosoro\" \/>\n<meta property=\"og:description\" content=\"En Am\u00e9rica Latina se encuentra el n\u00famero m\u00e1s grande de familias de lenguas nativas: censamos en efecto m\u00e1s de una cuarenta, sin mencionar las criollas y las lenguas aisladas. Es decir que los idiomas que son hablados en algunos territorios relativamente poco extendidos pueden ser radicalmente diferentes, sin ninguna relaci\u00f3n de parentesco. A modo de [&hellip;]\" \/>\n<meta property=\"og:url\" content=\"https:\/\/www.sorosoro.org\/es\/familias-de-lenguas-en-america-latina\/\" \/>\n<meta property=\"og:site_name\" content=\"Sorosoro\" \/>\n<meta property=\"article:modified_time\" content=\"2015-10-05T17:50:31+00:00\" \/>\n<meta name=\"twitter:card\" content=\"summary_large_image\" \/>\n<meta name=\"twitter:label1\" content=\"Tiempo de lectura\" \/>\n\t<meta name=\"twitter:data1\" content=\"2 minutos\" \/>\n<script type=\"application\/ld+json\" class=\"yoast-schema-graph\">{\"@context\":\"https:\/\/schema.org\",\"@graph\":[{\"@type\":\"WebPage\",\"@id\":\"https:\/\/www.sorosoro.org\/es\/familias-de-lenguas-en-america-latina\/\",\"url\":\"https:\/\/www.sorosoro.org\/es\/familias-de-lenguas-en-america-latina\/\",\"name\":\"Familias de lenguas en Am\u00e9rica Latina - Sorosoro\",\"isPartOf\":{\"@id\":\"https:\/\/www.sorosoro.org\/es\/#website\"},\"datePublished\":\"2015-09-27T20:42:50+00:00\",\"dateModified\":\"2015-10-05T17:50:31+00:00\",\"breadcrumb\":{\"@id\":\"https:\/\/www.sorosoro.org\/es\/familias-de-lenguas-en-america-latina\/#breadcrumb\"},\"inLanguage\":\"es\",\"potentialAction\":[{\"@type\":\"ReadAction\",\"target\":[\"https:\/\/www.sorosoro.org\/es\/familias-de-lenguas-en-america-latina\/\"]}]},{\"@type\":\"BreadcrumbList\",\"@id\":\"https:\/\/www.sorosoro.org\/es\/familias-de-lenguas-en-america-latina\/#breadcrumb\",\"itemListElement\":[{\"@type\":\"ListItem\",\"position\":1,\"name\":\"Accueil\",\"item\":\"https:\/\/www.sorosoro.org\/es\/\"},{\"@type\":\"ListItem\",\"position\":2,\"name\":\"Familias de lenguas en Am\u00e9rica Latina\"}]},{\"@type\":\"WebSite\",\"@id\":\"https:\/\/www.sorosoro.org\/es\/#website\",\"url\":\"https:\/\/www.sorosoro.org\/es\/\",\"name\":\"Sorosoro\",\"description\":\"Pour que vivent les langues du monde !\",\"potentialAction\":[{\"@type\":\"SearchAction\",\"target\":{\"@type\":\"EntryPoint\",\"urlTemplate\":\"https:\/\/www.sorosoro.org\/es\/?s={search_term_string}\"},\"query-input\":{\"@type\":\"PropertyValueSpecification\",\"valueRequired\":true,\"valueName\":\"search_term_string\"}}],\"inLanguage\":\"es\"}]}<\/script>\n<!-- \/ Yoast SEO plugin. -->","yoast_head_json":{"title":"Familias de lenguas en Am\u00e9rica Latina - Sorosoro","robots":{"index":"index","follow":"follow","max-snippet":"max-snippet:-1","max-image-preview":"max-image-preview:large","max-video-preview":"max-video-preview:-1"},"canonical":"https:\/\/www.sorosoro.org\/es\/familias-de-lenguas-en-america-latina\/","og_locale":"es_ES","og_type":"article","og_title":"Familias de lenguas en Am\u00e9rica Latina - Sorosoro","og_description":"En Am\u00e9rica Latina se encuentra el n\u00famero m\u00e1s grande de familias de lenguas nativas: censamos en efecto m\u00e1s de una cuarenta, sin mencionar las criollas y las lenguas aisladas. Es decir que los idiomas que son hablados en algunos territorios relativamente poco extendidos pueden ser radicalmente diferentes, sin ninguna relaci\u00f3n de parentesco. A modo de [&hellip;]","og_url":"https:\/\/www.sorosoro.org\/es\/familias-de-lenguas-en-america-latina\/","og_site_name":"Sorosoro","article_modified_time":"2015-10-05T17:50:31+00:00","twitter_card":"summary_large_image","twitter_misc":{"Tiempo de lectura":"2 minutos"},"schema":{"@context":"https:\/\/schema.org","@graph":[{"@type":"WebPage","@id":"https:\/\/www.sorosoro.org\/es\/familias-de-lenguas-en-america-latina\/","url":"https:\/\/www.sorosoro.org\/es\/familias-de-lenguas-en-america-latina\/","name":"Familias de lenguas en Am\u00e9rica Latina - Sorosoro","isPartOf":{"@id":"https:\/\/www.sorosoro.org\/es\/#website"},"datePublished":"2015-09-27T20:42:50+00:00","dateModified":"2015-10-05T17:50:31+00:00","breadcrumb":{"@id":"https:\/\/www.sorosoro.org\/es\/familias-de-lenguas-en-america-latina\/#breadcrumb"},"inLanguage":"es","potentialAction":[{"@type":"ReadAction","target":["https:\/\/www.sorosoro.org\/es\/familias-de-lenguas-en-america-latina\/"]}]},{"@type":"BreadcrumbList","@id":"https:\/\/www.sorosoro.org\/es\/familias-de-lenguas-en-america-latina\/#breadcrumb","itemListElement":[{"@type":"ListItem","position":1,"name":"Accueil","item":"https:\/\/www.sorosoro.org\/es\/"},{"@type":"ListItem","position":2,"name":"Familias de lenguas en Am\u00e9rica Latina"}]},{"@type":"WebSite","@id":"https:\/\/www.sorosoro.org\/es\/#website","url":"https:\/\/www.sorosoro.org\/es\/","name":"Sorosoro","description":"Pour que vivent les langues du monde !","potentialAction":[{"@type":"SearchAction","target":{"@type":"EntryPoint","urlTemplate":"https:\/\/www.sorosoro.org\/es\/?s={search_term_string}"},"query-input":{"@type":"PropertyValueSpecification","valueRequired":true,"valueName":"search_term_string"}}],"inLanguage":"es"}]}},"_links":{"self":[{"href":"https:\/\/www.sorosoro.org\/es\/wp-json\/wp\/v2\/pages\/67628","targetHints":{"allow":["GET"]}}],"collection":[{"href":"https:\/\/www.sorosoro.org\/es\/wp-json\/wp\/v2\/pages"}],"about":[{"href":"https:\/\/www.sorosoro.org\/es\/wp-json\/wp\/v2\/types\/page"}],"author":[{"embeddable":true,"href":"https:\/\/www.sorosoro.org\/es\/wp-json\/wp\/v2\/users\/1"}],"replies":[{"embeddable":true,"href":"https:\/\/www.sorosoro.org\/es\/wp-json\/wp\/v2\/comments?post=67628"}],"version-history":[{"count":0,"href":"https:\/\/www.sorosoro.org\/es\/wp-json\/wp\/v2\/pages\/67628\/revisions"}],"wp:attachment":[{"href":"https:\/\/www.sorosoro.org\/es\/wp-json\/wp\/v2\/media?parent=67628"}],"curies":[{"name":"wp","href":"https:\/\/api.w.org\/{rel}","templated":true}]}}