{"id":67590,"date":"2015-09-27T20:45:41","date_gmt":"2015-09-27T18:45:41","guid":{"rendered":"http:\/\/www.sorosoro.org\/?page_id=67590"},"modified":"2015-10-05T17:54:20","modified_gmt":"2015-10-05T15:54:20","slug":"familias-de-lenguas-en-africa","status":"publish","type":"page","link":"https:\/\/www.sorosoro.org\/es\/familias-de-lenguas-en-africa\/","title":{"rendered":"Familias de lenguas en \u00c1frica"},"content":{"rendered":"<p>Las 2.000 lenguas que cuenta \u00c1frica se reparten dentro de un n\u00famero relativamente restringido de grandes familias (aproximadamente una quincena).<br \/>\nLa familia de las lenguas nig\u00e9ro-congolesas es hablada en una mayor parte del continente, es el grupo m\u00e1s importante de idiomas en el mundo (alrededor de 1.300 idiomas).<br \/>\nEntre las dem\u00e1s familias, est\u00e1 la afro-asi\u00e1tica (en la cual se encuentran, por ejemplo,  el hebreo, los dialectos \u00e1rabe y las lenguas de Egipto antiguo), la familia nilo-sahariana (a lo largo del curso inferior del Nilo) la familia de las lenguas mand\u00e9s (\u00c1frica del oeste) etc.<br \/>\nMuchas de estas lenguas han sido poco estudiadas, y el n\u00famero de familias y de agrupaciones var\u00eda a medida que progresa la ciencia, revelando una riqueza ling\u00fc\u00edstica inmensa, en gran parte amenazada.<br \/>\n&nbsp;<\/p>\n<ul>\n<li><a href=\"\/es\/familia-de-lenguas-dogon\/\" target=\"_blank\">Familia de lenguas dogon<\/a><\/li>\n<li><a href=\"\/es\/las-lenguas-songhay\/\" target=\"_blank\">Las lenguas songhay<\/a><\/li>\n<li><a href=\"\/es\/criollos-de-base-portuguesa\/\" target=\"_blank\">Criollos de base portuguesa<\/a><\/li>\n<\/ul>\n<p>&nbsp;&nbsp;&nbsp;&nbsp;&nbsp;&nbsp;&nbsp;&nbsp;\u25ca\u25ca\u25ca\u25ca\u25ca\u25ca<\/p>\n<ul>\n<li><a href=\"\/es\/lenguas-aisladas-y-lenguas-no-clasificadas-en-africa\/\">Lenguas aisladas y lenguas no clasificadas<\/a><\/li>\n<\/ul>\n<p>&nbsp;<br \/>\nNB: s\u00f3lo una parte de estas lenguas criollas es hablada en el continente africano<br \/>\n&nbsp;<br \/>\n<a href=\"\/es\/afric\/\"><img loading=\"lazy\" decoding=\"async\" src=\"\/wp-content\/uploads\/bouton_retour.jpg\" alt=\"bouton_retour\" width=\"20\" height=\"20\" class=\"alignnone size-full wp-image-65133\" \/><\/a>&nbsp;<a href=\"\/es\/afric\/\"><strong>Volver a la p\u00e1gina anterior<\/strong><\/a><\/p>\n","protected":false},"excerpt":{"rendered":"<p>Las 2.000 lenguas que cuenta \u00c1frica se reparten dentro de un n\u00famero relativamente restringido de grandes familias (aproximadamente una quincena). La familia de las lenguas nig\u00e9ro-congolesas es hablada en una mayor parte del continente, es el grupo m\u00e1s importante de idiomas en el mundo (alrededor de 1.300 idiomas). Entre las dem\u00e1s familias, est\u00e1 la afro-asi\u00e1tica [&hellip;]<\/p>\n","protected":false},"author":1,"featured_media":0,"parent":0,"menu_order":0,"comment_status":"closed","ping_status":"open","template":"","meta":{"footnotes":""},"class_list":["post-67590","page","type-page","status-publish","hentry"],"yoast_head":"<!-- This site is optimized with the Yoast SEO plugin v27.0 - https:\/\/yoast.com\/product\/yoast-seo-wordpress\/ -->\n<title>Familias de lenguas en \u00c1frica - Sorosoro<\/title>\n<meta name=\"robots\" content=\"index, follow, max-snippet:-1, max-image-preview:large, max-video-preview:-1\" \/>\n<link rel=\"canonical\" href=\"https:\/\/www.sorosoro.org\/es\/familias-de-lenguas-en-africa\/\" \/>\n<meta property=\"og:locale\" content=\"es_ES\" \/>\n<meta property=\"og:type\" content=\"article\" \/>\n<meta property=\"og:title\" content=\"Familias de lenguas en \u00c1frica - Sorosoro\" \/>\n<meta property=\"og:description\" content=\"Las 2.000 lenguas que cuenta \u00c1frica se reparten dentro de un n\u00famero relativamente restringido de grandes familias (aproximadamente una quincena). La familia de las lenguas nig\u00e9ro-congolesas es hablada en una mayor parte del continente, es el grupo m\u00e1s importante de idiomas en el mundo (alrededor de 1.300 idiomas). Entre las dem\u00e1s familias, est\u00e1 la afro-asi\u00e1tica [&hellip;]\" \/>\n<meta property=\"og:url\" content=\"https:\/\/www.sorosoro.org\/es\/familias-de-lenguas-en-africa\/\" \/>\n<meta property=\"og:site_name\" content=\"Sorosoro\" \/>\n<meta property=\"article:modified_time\" content=\"2015-10-05T15:54:20+00:00\" \/>\n<meta name=\"twitter:card\" content=\"summary_large_image\" \/>\n<meta name=\"twitter:label1\" content=\"Tiempo de lectura\" \/>\n\t<meta name=\"twitter:data1\" content=\"1 minuto\" \/>\n<script type=\"application\/ld+json\" class=\"yoast-schema-graph\">{\"@context\":\"https:\/\/schema.org\",\"@graph\":[{\"@type\":\"WebPage\",\"@id\":\"https:\/\/www.sorosoro.org\/es\/familias-de-lenguas-en-africa\/\",\"url\":\"https:\/\/www.sorosoro.org\/es\/familias-de-lenguas-en-africa\/\",\"name\":\"Familias de lenguas en \u00c1frica - Sorosoro\",\"isPartOf\":{\"@id\":\"https:\/\/www.sorosoro.org\/es\/#website\"},\"datePublished\":\"2015-09-27T18:45:41+00:00\",\"dateModified\":\"2015-10-05T15:54:20+00:00\",\"breadcrumb\":{\"@id\":\"https:\/\/www.sorosoro.org\/es\/familias-de-lenguas-en-africa\/#breadcrumb\"},\"inLanguage\":\"es\",\"potentialAction\":[{\"@type\":\"ReadAction\",\"target\":[\"https:\/\/www.sorosoro.org\/es\/familias-de-lenguas-en-africa\/\"]}]},{\"@type\":\"BreadcrumbList\",\"@id\":\"https:\/\/www.sorosoro.org\/es\/familias-de-lenguas-en-africa\/#breadcrumb\",\"itemListElement\":[{\"@type\":\"ListItem\",\"position\":1,\"name\":\"Accueil\",\"item\":\"https:\/\/www.sorosoro.org\/es\/\"},{\"@type\":\"ListItem\",\"position\":2,\"name\":\"Familias de lenguas en \u00c1frica\"}]},{\"@type\":\"WebSite\",\"@id\":\"https:\/\/www.sorosoro.org\/es\/#website\",\"url\":\"https:\/\/www.sorosoro.org\/es\/\",\"name\":\"Sorosoro\",\"description\":\"Pour que vivent les langues du monde !\",\"potentialAction\":[{\"@type\":\"SearchAction\",\"target\":{\"@type\":\"EntryPoint\",\"urlTemplate\":\"https:\/\/www.sorosoro.org\/es\/?s={search_term_string}\"},\"query-input\":{\"@type\":\"PropertyValueSpecification\",\"valueRequired\":true,\"valueName\":\"search_term_string\"}}],\"inLanguage\":\"es\"}]}<\/script>\n<!-- \/ Yoast SEO plugin. -->","yoast_head_json":{"title":"Familias de lenguas en \u00c1frica - Sorosoro","robots":{"index":"index","follow":"follow","max-snippet":"max-snippet:-1","max-image-preview":"max-image-preview:large","max-video-preview":"max-video-preview:-1"},"canonical":"https:\/\/www.sorosoro.org\/es\/familias-de-lenguas-en-africa\/","og_locale":"es_ES","og_type":"article","og_title":"Familias de lenguas en \u00c1frica - Sorosoro","og_description":"Las 2.000 lenguas que cuenta \u00c1frica se reparten dentro de un n\u00famero relativamente restringido de grandes familias (aproximadamente una quincena). La familia de las lenguas nig\u00e9ro-congolesas es hablada en una mayor parte del continente, es el grupo m\u00e1s importante de idiomas en el mundo (alrededor de 1.300 idiomas). Entre las dem\u00e1s familias, est\u00e1 la afro-asi\u00e1tica [&hellip;]","og_url":"https:\/\/www.sorosoro.org\/es\/familias-de-lenguas-en-africa\/","og_site_name":"Sorosoro","article_modified_time":"2015-10-05T15:54:20+00:00","twitter_card":"summary_large_image","twitter_misc":{"Tiempo de lectura":"1 minuto"},"schema":{"@context":"https:\/\/schema.org","@graph":[{"@type":"WebPage","@id":"https:\/\/www.sorosoro.org\/es\/familias-de-lenguas-en-africa\/","url":"https:\/\/www.sorosoro.org\/es\/familias-de-lenguas-en-africa\/","name":"Familias de lenguas en \u00c1frica - Sorosoro","isPartOf":{"@id":"https:\/\/www.sorosoro.org\/es\/#website"},"datePublished":"2015-09-27T18:45:41+00:00","dateModified":"2015-10-05T15:54:20+00:00","breadcrumb":{"@id":"https:\/\/www.sorosoro.org\/es\/familias-de-lenguas-en-africa\/#breadcrumb"},"inLanguage":"es","potentialAction":[{"@type":"ReadAction","target":["https:\/\/www.sorosoro.org\/es\/familias-de-lenguas-en-africa\/"]}]},{"@type":"BreadcrumbList","@id":"https:\/\/www.sorosoro.org\/es\/familias-de-lenguas-en-africa\/#breadcrumb","itemListElement":[{"@type":"ListItem","position":1,"name":"Accueil","item":"https:\/\/www.sorosoro.org\/es\/"},{"@type":"ListItem","position":2,"name":"Familias de lenguas en \u00c1frica"}]},{"@type":"WebSite","@id":"https:\/\/www.sorosoro.org\/es\/#website","url":"https:\/\/www.sorosoro.org\/es\/","name":"Sorosoro","description":"Pour que vivent les langues du monde !","potentialAction":[{"@type":"SearchAction","target":{"@type":"EntryPoint","urlTemplate":"https:\/\/www.sorosoro.org\/es\/?s={search_term_string}"},"query-input":{"@type":"PropertyValueSpecification","valueRequired":true,"valueName":"search_term_string"}}],"inLanguage":"es"}]}},"_links":{"self":[{"href":"https:\/\/www.sorosoro.org\/es\/wp-json\/wp\/v2\/pages\/67590","targetHints":{"allow":["GET"]}}],"collection":[{"href":"https:\/\/www.sorosoro.org\/es\/wp-json\/wp\/v2\/pages"}],"about":[{"href":"https:\/\/www.sorosoro.org\/es\/wp-json\/wp\/v2\/types\/page"}],"author":[{"embeddable":true,"href":"https:\/\/www.sorosoro.org\/es\/wp-json\/wp\/v2\/users\/1"}],"replies":[{"embeddable":true,"href":"https:\/\/www.sorosoro.org\/es\/wp-json\/wp\/v2\/comments?post=67590"}],"version-history":[{"count":0,"href":"https:\/\/www.sorosoro.org\/es\/wp-json\/wp\/v2\/pages\/67590\/revisions"}],"wp:attachment":[{"href":"https:\/\/www.sorosoro.org\/es\/wp-json\/wp\/v2\/media?parent=67590"}],"curies":[{"name":"wp","href":"https:\/\/api.w.org\/{rel}","templated":true}]}}