{"id":67586,"date":"2015-09-27T20:44:42","date_gmt":"2015-09-27T18:44:42","guid":{"rendered":"http:\/\/www.sorosoro.org\/?page_id=67586"},"modified":"2015-10-05T22:11:57","modified_gmt":"2015-10-05T20:11:57","slug":"lenguas-de-africa","status":"publish","type":"page","link":"https:\/\/www.sorosoro.org\/es\/lenguas-de-africa\/","title":{"rendered":"Lenguas de \u00c1frica"},"content":{"rendered":"<p>\u00a1Dar una lista exhaustiva de todas las lenguas de \u00c1frica de manera legible ser\u00eda dif\u00edcil porque se cuentan por miles! Esta lista completa est\u00e1 dentro de la pesta\u00f1a \u00ab<a href=\"https:\/\/www.sorosoro.org\/es\/familias-de-lenguas-en-africa\/\">Familias de lenguas en  \u00c1frica<\/a>\u00ab, donde son clasificadas por familias ling\u00fc\u00edsticas.<br \/>\nPues proponemos aqu\u00ed s\u00f3lo los idiomas y grupos de idiomas para las cuales hemos establecido fichas descriptivas.<br \/>\n\u00a1Esperamos enriquecer esta lista en el transcurso del tiempo y sus contribuciones son bienvenidas!<\/p>\n<ul>\n<li><a href=\"\/es\/el-akele\/\">El akele<\/a><\/li>\n<li><a href=\"\/es\/el-baka\/\">El baka<\/a><\/li>\n<li><a href=\"\/es\/el-bekwel\/\">El bekwel<\/a><\/li>\n<li><a href=\"\/es\/el-benga\/\">El benga<\/a><\/li>\n<li><a href=\"\/es\/el-caboverdiano\/\">El caboverdiano<\/a><\/li>\n<li><a href=\"\/es\/el-criollo-casamances\/\">El criollo casamanc\u00e9s<\/a><\/li>\n<li><a href=\"\/es\/el-criollo-bissauguineano\/\">El criollo bissauguineano<\/a><\/li>\n<li><a href=\"\/es\/el-geviya\/\">El geviya<\/a><\/li>\n<li><a href=\"\/es\/el-korandje\/\">El korandj\u00e9<\/a><\/li>\n<li><a href=\"\/es\/el-mpongwe\/\">El mpongw\u00e8<\/a> <\/li>\n<li><a href=\"\/es\/el-punu\/\">El punu<\/a><\/li>\n<li><a href=\"\/es\/el-tamazight\/\">El tamazight<\/a><\/li>\n<li><a href=\"\/es\/el-tasawaq\/\">El tasawaq<\/a><\/li>\n<\/ul>\n<p>&nbsp;<br \/>\n<a href=\"\/es\/afric\/\"><img loading=\"lazy\" decoding=\"async\" src=\"\/wp-content\/uploads\/bouton_retour.jpg\" alt=\"bouton_retour\" width=\"20\" height=\"20\" class=\"alignnone size-full wp-image-65133\" \/><\/a>&nbsp;<a href=\"\/es\/afric\/\"><strong>Volver a la p\u00e1gina anterior<\/strong><\/a><\/p>\n","protected":false},"excerpt":{"rendered":"<p>\u00a1Dar una lista exhaustiva de todas las lenguas de \u00c1frica de manera legible ser\u00eda dif\u00edcil porque se cuentan por miles! Esta lista completa est\u00e1 dentro de la pesta\u00f1a \u00abFamilias de lenguas en \u00c1frica\u00ab, donde son clasificadas por familias ling\u00fc\u00edsticas. Pues proponemos aqu\u00ed s\u00f3lo los idiomas y grupos de idiomas para las cuales hemos establecido fichas [&hellip;]<\/p>\n","protected":false},"author":1,"featured_media":0,"parent":0,"menu_order":0,"comment_status":"closed","ping_status":"open","template":"","meta":{"footnotes":""},"class_list":["post-67586","page","type-page","status-publish","hentry"],"yoast_head":"<!-- This site is optimized with the Yoast SEO plugin v27.0 - https:\/\/yoast.com\/product\/yoast-seo-wordpress\/ -->\n<title>Lenguas de \u00c1frica - Sorosoro<\/title>\n<meta name=\"robots\" content=\"index, follow, max-snippet:-1, max-image-preview:large, max-video-preview:-1\" \/>\n<link rel=\"canonical\" href=\"https:\/\/www.sorosoro.org\/es\/lenguas-de-africa\/\" \/>\n<meta property=\"og:locale\" content=\"es_ES\" \/>\n<meta property=\"og:type\" content=\"article\" \/>\n<meta property=\"og:title\" content=\"Lenguas de \u00c1frica - Sorosoro\" \/>\n<meta property=\"og:description\" content=\"\u00a1Dar una lista exhaustiva de todas las lenguas de \u00c1frica de manera legible ser\u00eda dif\u00edcil porque se cuentan por miles! Esta lista completa est\u00e1 dentro de la pesta\u00f1a \u00abFamilias de lenguas en \u00c1frica\u00ab, donde son clasificadas por familias ling\u00fc\u00edsticas. Pues proponemos aqu\u00ed s\u00f3lo los idiomas y grupos de idiomas para las cuales hemos establecido fichas [&hellip;]\" \/>\n<meta property=\"og:url\" content=\"https:\/\/www.sorosoro.org\/es\/lenguas-de-africa\/\" \/>\n<meta property=\"og:site_name\" content=\"Sorosoro\" \/>\n<meta property=\"article:modified_time\" content=\"2015-10-05T20:11:57+00:00\" \/>\n<meta name=\"twitter:card\" content=\"summary_large_image\" \/>\n<meta name=\"twitter:label1\" content=\"Tiempo de lectura\" \/>\n\t<meta name=\"twitter:data1\" content=\"1 minuto\" \/>\n<script type=\"application\/ld+json\" class=\"yoast-schema-graph\">{\"@context\":\"https:\/\/schema.org\",\"@graph\":[{\"@type\":\"WebPage\",\"@id\":\"https:\/\/www.sorosoro.org\/es\/lenguas-de-africa\/\",\"url\":\"https:\/\/www.sorosoro.org\/es\/lenguas-de-africa\/\",\"name\":\"Lenguas de \u00c1frica - Sorosoro\",\"isPartOf\":{\"@id\":\"https:\/\/www.sorosoro.org\/es\/#website\"},\"datePublished\":\"2015-09-27T18:44:42+00:00\",\"dateModified\":\"2015-10-05T20:11:57+00:00\",\"breadcrumb\":{\"@id\":\"https:\/\/www.sorosoro.org\/es\/lenguas-de-africa\/#breadcrumb\"},\"inLanguage\":\"es\",\"potentialAction\":[{\"@type\":\"ReadAction\",\"target\":[\"https:\/\/www.sorosoro.org\/es\/lenguas-de-africa\/\"]}]},{\"@type\":\"BreadcrumbList\",\"@id\":\"https:\/\/www.sorosoro.org\/es\/lenguas-de-africa\/#breadcrumb\",\"itemListElement\":[{\"@type\":\"ListItem\",\"position\":1,\"name\":\"Accueil\",\"item\":\"https:\/\/www.sorosoro.org\/es\/\"},{\"@type\":\"ListItem\",\"position\":2,\"name\":\"Lenguas de \u00c1frica\"}]},{\"@type\":\"WebSite\",\"@id\":\"https:\/\/www.sorosoro.org\/es\/#website\",\"url\":\"https:\/\/www.sorosoro.org\/es\/\",\"name\":\"Sorosoro\",\"description\":\"Pour que vivent les langues du monde !\",\"potentialAction\":[{\"@type\":\"SearchAction\",\"target\":{\"@type\":\"EntryPoint\",\"urlTemplate\":\"https:\/\/www.sorosoro.org\/es\/?s={search_term_string}\"},\"query-input\":{\"@type\":\"PropertyValueSpecification\",\"valueRequired\":true,\"valueName\":\"search_term_string\"}}],\"inLanguage\":\"es\"}]}<\/script>\n<!-- \/ Yoast SEO plugin. -->","yoast_head_json":{"title":"Lenguas de \u00c1frica - Sorosoro","robots":{"index":"index","follow":"follow","max-snippet":"max-snippet:-1","max-image-preview":"max-image-preview:large","max-video-preview":"max-video-preview:-1"},"canonical":"https:\/\/www.sorosoro.org\/es\/lenguas-de-africa\/","og_locale":"es_ES","og_type":"article","og_title":"Lenguas de \u00c1frica - Sorosoro","og_description":"\u00a1Dar una lista exhaustiva de todas las lenguas de \u00c1frica de manera legible ser\u00eda dif\u00edcil porque se cuentan por miles! Esta lista completa est\u00e1 dentro de la pesta\u00f1a \u00abFamilias de lenguas en \u00c1frica\u00ab, donde son clasificadas por familias ling\u00fc\u00edsticas. Pues proponemos aqu\u00ed s\u00f3lo los idiomas y grupos de idiomas para las cuales hemos establecido fichas [&hellip;]","og_url":"https:\/\/www.sorosoro.org\/es\/lenguas-de-africa\/","og_site_name":"Sorosoro","article_modified_time":"2015-10-05T20:11:57+00:00","twitter_card":"summary_large_image","twitter_misc":{"Tiempo de lectura":"1 minuto"},"schema":{"@context":"https:\/\/schema.org","@graph":[{"@type":"WebPage","@id":"https:\/\/www.sorosoro.org\/es\/lenguas-de-africa\/","url":"https:\/\/www.sorosoro.org\/es\/lenguas-de-africa\/","name":"Lenguas de \u00c1frica - Sorosoro","isPartOf":{"@id":"https:\/\/www.sorosoro.org\/es\/#website"},"datePublished":"2015-09-27T18:44:42+00:00","dateModified":"2015-10-05T20:11:57+00:00","breadcrumb":{"@id":"https:\/\/www.sorosoro.org\/es\/lenguas-de-africa\/#breadcrumb"},"inLanguage":"es","potentialAction":[{"@type":"ReadAction","target":["https:\/\/www.sorosoro.org\/es\/lenguas-de-africa\/"]}]},{"@type":"BreadcrumbList","@id":"https:\/\/www.sorosoro.org\/es\/lenguas-de-africa\/#breadcrumb","itemListElement":[{"@type":"ListItem","position":1,"name":"Accueil","item":"https:\/\/www.sorosoro.org\/es\/"},{"@type":"ListItem","position":2,"name":"Lenguas de \u00c1frica"}]},{"@type":"WebSite","@id":"https:\/\/www.sorosoro.org\/es\/#website","url":"https:\/\/www.sorosoro.org\/es\/","name":"Sorosoro","description":"Pour que vivent les langues du monde !","potentialAction":[{"@type":"SearchAction","target":{"@type":"EntryPoint","urlTemplate":"https:\/\/www.sorosoro.org\/es\/?s={search_term_string}"},"query-input":{"@type":"PropertyValueSpecification","valueRequired":true,"valueName":"search_term_string"}}],"inLanguage":"es"}]}},"_links":{"self":[{"href":"https:\/\/www.sorosoro.org\/es\/wp-json\/wp\/v2\/pages\/67586","targetHints":{"allow":["GET"]}}],"collection":[{"href":"https:\/\/www.sorosoro.org\/es\/wp-json\/wp\/v2\/pages"}],"about":[{"href":"https:\/\/www.sorosoro.org\/es\/wp-json\/wp\/v2\/types\/page"}],"author":[{"embeddable":true,"href":"https:\/\/www.sorosoro.org\/es\/wp-json\/wp\/v2\/users\/1"}],"replies":[{"embeddable":true,"href":"https:\/\/www.sorosoro.org\/es\/wp-json\/wp\/v2\/comments?post=67586"}],"version-history":[{"count":0,"href":"https:\/\/www.sorosoro.org\/es\/wp-json\/wp\/v2\/pages\/67586\/revisions"}],"wp:attachment":[{"href":"https:\/\/www.sorosoro.org\/es\/wp-json\/wp\/v2\/media?parent=67586"}],"curies":[{"name":"wp","href":"https:\/\/api.w.org\/{rel}","templated":true}]}}