{"id":67582,"date":"2015-09-27T20:42:58","date_gmt":"2015-09-27T18:42:58","guid":{"rendered":"http:\/\/www.sorosoro.org\/?page_id=67582"},"modified":"2015-10-02T17:24:25","modified_gmt":"2015-10-02T15:24:25","slug":"textos-sobre-las-lenguas-de-africa","status":"publish","type":"page","link":"https:\/\/www.sorosoro.org\/es\/textos-sobre-las-lenguas-de-africa\/","title":{"rendered":"Textos sobre las lenguas de \u00c1frica"},"content":{"rendered":"<p><strong><a href=\"\/es\/2015\/09\/el-plurilinguismo-en-senegal\/\">El plurilinguismo en Senegal<\/a><\/strong><br \/>\n<span style=\"font-size:12px\">por Caroline Juillard<\/span><br \/>\n&nbsp;<br \/>\n<strong><a href=\"\/es\/2015\/09\/el-plurilinguismo-en-africa-y-en-el-escrito\/\">El plurilinguismo en \u00c1frica: \u00bfY en el escrito?<\/a><\/strong><br \/>\n<span style=\"font-size:12px\">por A\u00efssatou Mbodj<\/span><br \/>\n&nbsp;<br \/>\n<strong><a href=\"\/es\/2009\/10\/el-simbolo\/\">El \u00ab s\u00edmbolo \u00bb<\/a><\/strong><br \/>\n<span style=\"font-size:12px\">por Rozenn Milin<\/span><br \/>\n&nbsp;<br \/>\n<strong><a href=\"\/es\/2010\/01\/el-simbolo-continuacion-en-burkina-faso\/\">El s\u00edmbolo, continuaci\u00f3n : en Burkina Faso<\/a><\/strong><br \/>\n<span style=\"font-size:12px\">por Rozenn Milin<\/span><br \/>\n&nbsp;<br \/>\n<strong><a href=\"\/es\/2015\/09\/de-africa-del-oeste-a-las-antillas-los-dinamicos-creoles-portugueses\/\">De \u00c1frica del Oeste a las Antillas, los din\u00e1micos creoles portugueses<\/a><\/strong><br \/>\n<span style=\"font-size:12px\">por Nicolas Quint<\/span><br \/>\n&nbsp;<br \/>\n<strong><a href=\"\/es\/2015\/09\/preguntas-en-torno-a-la-genesis-de-las-lenguas-criollas\/\">Preguntas en torno a la g\u00e9nesis de las lenguas criollas<\/a><\/strong><br \/>\n<span style=\"font-size:12px\">por Marie-Christine Haza\u00ebl-Massieux <\/span><br \/>\n&nbsp;<br \/>\n<strong><a href=\"\/es\/2010\/02\/como-salvar-un-idioma-cuando-pierde-su-dinamismo\/\">\u00bfC\u00f3mo salvar un idioma cuando pierde su dinamismo?<\/a><\/strong><br \/>\n<span style=\"font-size:12px\">por Rozenn Milin <\/span><br \/>\n&nbsp;<br \/>\n<strong><a href=\"\/es\/2015\/09\/por-que-la-duracion-de-la-ensenanza-a-traves-de-la-lengua-materna-deberia-ser-de-6-a-8-anos\/\">\u00bfPor qu\u00e9 la duraci\u00f3n de la ense\u00f1anza a trav\u00e9s de la lengua materna deber\u00eda ser de 6 a 8 a\u00f1os?<\/a><\/strong><br \/>\n<span style=\"font-size:12px\">por la sociolinguiste finlandaise Tove Skutnabb-Kangas<\/span><br \/>\n&nbsp;<br \/>\n<strong><a href=\"\/es\/2015\/09\/la-ensenanza-en-lengua-materna-en-la-francia-de-ultramar\/\">La ense\u00f1anza en lengua materna en la Francia de Ultramar<\/a><\/strong><br \/>\n<span style=\"font-size:12px\">por Michel Launey<\/span><br \/>\n&nbsp;<br \/>\n<a href=\"\/es\/afric\/\"><img loading=\"lazy\" decoding=\"async\" src=\"\/wp-content\/uploads\/bouton_retour.jpg\" width=\"20\" height=\"20\" class=\"alignnone size-full wp-image-65133\" \/><\/a>&nbsp;<a href=\"\/es\/afric\/\"><strong>Volver a la p\u00e1gina anterior<\/strong><\/a><\/p>\n","protected":false},"excerpt":{"rendered":"<p>El plurilinguismo en Senegal por Caroline Juillard &nbsp; El plurilinguismo en \u00c1frica: \u00bfY en el escrito? por A\u00efssatou Mbodj &nbsp; El \u00ab s\u00edmbolo \u00bb por Rozenn Milin &nbsp; El s\u00edmbolo, continuaci\u00f3n : en Burkina Faso por Rozenn Milin &nbsp; De \u00c1frica del Oeste a las Antillas, los din\u00e1micos creoles portugueses por Nicolas Quint &nbsp; Preguntas [&hellip;]<\/p>\n","protected":false},"author":1,"featured_media":0,"parent":0,"menu_order":0,"comment_status":"closed","ping_status":"open","template":"","meta":{"footnotes":""},"class_list":["post-67582","page","type-page","status-publish","hentry"],"yoast_head":"<!-- This site is optimized with the Yoast SEO plugin v27.0 - https:\/\/yoast.com\/product\/yoast-seo-wordpress\/ -->\n<title>Textos sobre las lenguas de \u00c1frica - Sorosoro<\/title>\n<meta name=\"robots\" content=\"index, follow, max-snippet:-1, max-image-preview:large, max-video-preview:-1\" \/>\n<link rel=\"canonical\" href=\"https:\/\/www.sorosoro.org\/es\/textos-sobre-las-lenguas-de-africa\/\" \/>\n<meta property=\"og:locale\" content=\"es_ES\" \/>\n<meta property=\"og:type\" content=\"article\" \/>\n<meta property=\"og:title\" content=\"Textos sobre las lenguas de \u00c1frica - Sorosoro\" \/>\n<meta property=\"og:description\" content=\"El plurilinguismo en Senegal por Caroline Juillard &nbsp; El plurilinguismo en \u00c1frica: \u00bfY en el escrito? por A\u00efssatou Mbodj &nbsp; El \u00ab s\u00edmbolo \u00bb por Rozenn Milin &nbsp; El s\u00edmbolo, continuaci\u00f3n : en Burkina Faso por Rozenn Milin &nbsp; De \u00c1frica del Oeste a las Antillas, los din\u00e1micos creoles portugueses por Nicolas Quint &nbsp; Preguntas [&hellip;]\" \/>\n<meta property=\"og:url\" content=\"https:\/\/www.sorosoro.org\/es\/textos-sobre-las-lenguas-de-africa\/\" \/>\n<meta property=\"og:site_name\" content=\"Sorosoro\" \/>\n<meta property=\"article:modified_time\" content=\"2015-10-02T15:24:25+00:00\" \/>\n<meta name=\"twitter:card\" content=\"summary_large_image\" \/>\n<meta name=\"twitter:label1\" content=\"Tiempo de lectura\" \/>\n\t<meta name=\"twitter:data1\" content=\"1 minuto\" \/>\n<script type=\"application\/ld+json\" class=\"yoast-schema-graph\">{\"@context\":\"https:\/\/schema.org\",\"@graph\":[{\"@type\":\"WebPage\",\"@id\":\"https:\/\/www.sorosoro.org\/es\/textos-sobre-las-lenguas-de-africa\/\",\"url\":\"https:\/\/www.sorosoro.org\/es\/textos-sobre-las-lenguas-de-africa\/\",\"name\":\"Textos sobre las lenguas de \u00c1frica - Sorosoro\",\"isPartOf\":{\"@id\":\"https:\/\/www.sorosoro.org\/es\/#website\"},\"datePublished\":\"2015-09-27T18:42:58+00:00\",\"dateModified\":\"2015-10-02T15:24:25+00:00\",\"breadcrumb\":{\"@id\":\"https:\/\/www.sorosoro.org\/es\/textos-sobre-las-lenguas-de-africa\/#breadcrumb\"},\"inLanguage\":\"es\",\"potentialAction\":[{\"@type\":\"ReadAction\",\"target\":[\"https:\/\/www.sorosoro.org\/es\/textos-sobre-las-lenguas-de-africa\/\"]}]},{\"@type\":\"BreadcrumbList\",\"@id\":\"https:\/\/www.sorosoro.org\/es\/textos-sobre-las-lenguas-de-africa\/#breadcrumb\",\"itemListElement\":[{\"@type\":\"ListItem\",\"position\":1,\"name\":\"Accueil\",\"item\":\"https:\/\/www.sorosoro.org\/es\/\"},{\"@type\":\"ListItem\",\"position\":2,\"name\":\"Textos sobre las lenguas de \u00c1frica\"}]},{\"@type\":\"WebSite\",\"@id\":\"https:\/\/www.sorosoro.org\/es\/#website\",\"url\":\"https:\/\/www.sorosoro.org\/es\/\",\"name\":\"Sorosoro\",\"description\":\"Pour que vivent les langues du monde !\",\"potentialAction\":[{\"@type\":\"SearchAction\",\"target\":{\"@type\":\"EntryPoint\",\"urlTemplate\":\"https:\/\/www.sorosoro.org\/es\/?s={search_term_string}\"},\"query-input\":{\"@type\":\"PropertyValueSpecification\",\"valueRequired\":true,\"valueName\":\"search_term_string\"}}],\"inLanguage\":\"es\"}]}<\/script>\n<!-- \/ Yoast SEO plugin. -->","yoast_head_json":{"title":"Textos sobre las lenguas de \u00c1frica - Sorosoro","robots":{"index":"index","follow":"follow","max-snippet":"max-snippet:-1","max-image-preview":"max-image-preview:large","max-video-preview":"max-video-preview:-1"},"canonical":"https:\/\/www.sorosoro.org\/es\/textos-sobre-las-lenguas-de-africa\/","og_locale":"es_ES","og_type":"article","og_title":"Textos sobre las lenguas de \u00c1frica - Sorosoro","og_description":"El plurilinguismo en Senegal por Caroline Juillard &nbsp; El plurilinguismo en \u00c1frica: \u00bfY en el escrito? por A\u00efssatou Mbodj &nbsp; El \u00ab s\u00edmbolo \u00bb por Rozenn Milin &nbsp; El s\u00edmbolo, continuaci\u00f3n : en Burkina Faso por Rozenn Milin &nbsp; De \u00c1frica del Oeste a las Antillas, los din\u00e1micos creoles portugueses por Nicolas Quint &nbsp; Preguntas [&hellip;]","og_url":"https:\/\/www.sorosoro.org\/es\/textos-sobre-las-lenguas-de-africa\/","og_site_name":"Sorosoro","article_modified_time":"2015-10-02T15:24:25+00:00","twitter_card":"summary_large_image","twitter_misc":{"Tiempo de lectura":"1 minuto"},"schema":{"@context":"https:\/\/schema.org","@graph":[{"@type":"WebPage","@id":"https:\/\/www.sorosoro.org\/es\/textos-sobre-las-lenguas-de-africa\/","url":"https:\/\/www.sorosoro.org\/es\/textos-sobre-las-lenguas-de-africa\/","name":"Textos sobre las lenguas de \u00c1frica - Sorosoro","isPartOf":{"@id":"https:\/\/www.sorosoro.org\/es\/#website"},"datePublished":"2015-09-27T18:42:58+00:00","dateModified":"2015-10-02T15:24:25+00:00","breadcrumb":{"@id":"https:\/\/www.sorosoro.org\/es\/textos-sobre-las-lenguas-de-africa\/#breadcrumb"},"inLanguage":"es","potentialAction":[{"@type":"ReadAction","target":["https:\/\/www.sorosoro.org\/es\/textos-sobre-las-lenguas-de-africa\/"]}]},{"@type":"BreadcrumbList","@id":"https:\/\/www.sorosoro.org\/es\/textos-sobre-las-lenguas-de-africa\/#breadcrumb","itemListElement":[{"@type":"ListItem","position":1,"name":"Accueil","item":"https:\/\/www.sorosoro.org\/es\/"},{"@type":"ListItem","position":2,"name":"Textos sobre las lenguas de \u00c1frica"}]},{"@type":"WebSite","@id":"https:\/\/www.sorosoro.org\/es\/#website","url":"https:\/\/www.sorosoro.org\/es\/","name":"Sorosoro","description":"Pour que vivent les langues du monde !","potentialAction":[{"@type":"SearchAction","target":{"@type":"EntryPoint","urlTemplate":"https:\/\/www.sorosoro.org\/es\/?s={search_term_string}"},"query-input":{"@type":"PropertyValueSpecification","valueRequired":true,"valueName":"search_term_string"}}],"inLanguage":"es"}]}},"_links":{"self":[{"href":"https:\/\/www.sorosoro.org\/es\/wp-json\/wp\/v2\/pages\/67582","targetHints":{"allow":["GET"]}}],"collection":[{"href":"https:\/\/www.sorosoro.org\/es\/wp-json\/wp\/v2\/pages"}],"about":[{"href":"https:\/\/www.sorosoro.org\/es\/wp-json\/wp\/v2\/types\/page"}],"author":[{"embeddable":true,"href":"https:\/\/www.sorosoro.org\/es\/wp-json\/wp\/v2\/users\/1"}],"replies":[{"embeddable":true,"href":"https:\/\/www.sorosoro.org\/es\/wp-json\/wp\/v2\/comments?post=67582"}],"version-history":[{"count":0,"href":"https:\/\/www.sorosoro.org\/es\/wp-json\/wp\/v2\/pages\/67582\/revisions"}],"wp:attachment":[{"href":"https:\/\/www.sorosoro.org\/es\/wp-json\/wp\/v2\/media?parent=67582"}],"curies":[{"name":"wp","href":"https:\/\/api.w.org\/{rel}","templated":true}]}}