{"id":67307,"date":"2015-09-16T18:39:49","date_gmt":"2015-09-16T16:39:49","guid":{"rendered":"http:\/\/www.sorosoro.org\/?page_id=67307"},"modified":"2015-09-16T20:51:06","modified_gmt":"2015-09-16T18:51:06","slug":"revitalizacion-de-lenguas-amenazadas","status":"publish","type":"page","link":"https:\/\/www.sorosoro.org\/es\/revitalizacion-de-lenguas-amenazadas\/","title":{"rendered":"Revitalizaci\u00f3n de lenguas amenazadas"},"content":{"rendered":"<p><strong>Lucia Dumont<\/strong><br \/>\n<a href=\"\/es\/2015\/09\/la-revitalizacion-del-navajo-en-estados-unidos\/\">La revitalizaci\u00f3n del navajo en Estados Unidos<\/a><br \/>\n&nbsp;<br \/>\n<strong>James Costa<\/strong><br \/>\n<a href=\"\/es\/2015\/09\/las-lenguas-celticas-de-la-decadencia-al-renacimiento\/\">Las lenguas c\u00e9lticas \u2013 \u00bfde la decadencia al renacimiento?<\/a><br \/>\n&nbsp;<br \/>\n<strong>Rozenn Milin<\/strong><br \/>\n<a href=\"\/es\/2010\/02\/como-salvar-un-idioma-cuando-pierde-su-dinamismo\/\" target=\"_blank\">\u00bfC\u00f3mo salvar un idioma cuando pierde su dinamismo?<\/a><br \/>\n<a href=\"\/es\/2015\/09\/cuando-el-mundo-academico-se-compromete-con-las-poblaciones\/\" target=\"_blank\">Cuando el mundo acad\u00e9mico se compromete con las poblaciones\u2026<\/a><br \/>\n&nbsp;<br \/>\n<strong>Marie-Jeanne Verny<\/strong><br \/>\n<a href=\"\/es\/2015\/09\/cual-es-el-lugar-del-occitano-en-la-republica-francesa\/\" target=\"_blank\">\u00bfCu\u00e1l es el lugar del occitano en la Rep\u00fablica Francesa?<\/a><br \/>\n&nbsp;<br \/>\n<strong>Fabrice Wacalie<\/strong><br \/>\n<a href=\"\/es\/2015\/09\/lenguas-kanak-en-peligro\/\" target=\"_blank\">Lenguas kanak en peligro<\/a><br \/>\n&nbsp;<br \/>\n<strong>Anne-Ga\u00ebl Bilhaut<\/strong><br \/>\n<a href=\"\/es\/2015\/09\/cuando-faltan-locutores-a-proposito-de-la-escuela-sapara-de-ecuador\/\" target=\"_blank\">Cuando faltan locutores\u2026 a prop\u00f3sito de la escuela s\u00e1para de Ecuador<\/a><br \/>\n&nbsp;<br \/>\n<strong>Colette Grinevald et James Costa<\/strong><br \/>\n<a href=\"\/es\/ser-linguista\/\" target=\"_blank\">Ser ling\u00fcista<\/a><br \/>\n&nbsp;<br \/>\n<strong>Lenore Grenoble<\/strong><br \/>\n<a href=\"\/es\/2015\/09\/lengua-e-identidad-en-groenlandia\/\" target=\"_blank\">Lengua e identidad en Groenlandia<\/a><br \/>\n&nbsp;<br \/>\n<strong>Joseph Pulinthanath<\/strong><br \/>\n<a href=\"\/es\/2015\/09\/el-jadu-kolija-en-el-corazon-de-la-lengua-kokborok\/\" target=\"_blank\">El Jadu Kolija, en el coraz\u00f3n de la lengua kokborok<\/a><br \/>\n&nbsp;<br \/>\n<a href=\"\/es\/textos-por-tema\/\"><img loading=\"lazy\" decoding=\"async\" src=\"\/wp-content\/uploads\/bouton_retour.jpg\" alt=\"bouton_retour\" width=\"20\" height=\"20\" class=\"alignnone size-full wp-image-65133\" \/><\/a>&nbsp;<a href=\"\/es\/textos-por-tema\/\"><strong>Volver a la p\u00e1gina anterior<\/strong><\/a><\/p>\n","protected":false},"excerpt":{"rendered":"<p>Lucia Dumont La revitalizaci\u00f3n del navajo en Estados Unidos &nbsp; James Costa Las lenguas c\u00e9lticas \u2013 \u00bfde la decadencia al renacimiento? &nbsp; Rozenn Milin \u00bfC\u00f3mo salvar un idioma cuando pierde su dinamismo? Cuando el mundo acad\u00e9mico se compromete con las poblaciones\u2026 &nbsp; Marie-Jeanne Verny \u00bfCu\u00e1l es el lugar del occitano en la Rep\u00fablica Francesa? &nbsp; [&hellip;]<\/p>\n","protected":false},"author":1,"featured_media":0,"parent":0,"menu_order":0,"comment_status":"closed","ping_status":"open","template":"","meta":{"footnotes":""},"class_list":["post-67307","page","type-page","status-publish","hentry"],"yoast_head":"<!-- This site is optimized with the Yoast SEO plugin v27.0 - https:\/\/yoast.com\/product\/yoast-seo-wordpress\/ -->\n<title>Revitalizaci\u00f3n de lenguas amenazadas - Sorosoro<\/title>\n<meta name=\"robots\" content=\"index, follow, max-snippet:-1, max-image-preview:large, max-video-preview:-1\" \/>\n<link rel=\"canonical\" href=\"https:\/\/www.sorosoro.org\/es\/revitalizacion-de-lenguas-amenazadas\/\" \/>\n<meta property=\"og:locale\" content=\"es_ES\" \/>\n<meta property=\"og:type\" content=\"article\" \/>\n<meta property=\"og:title\" content=\"Revitalizaci\u00f3n de lenguas amenazadas - Sorosoro\" \/>\n<meta property=\"og:description\" content=\"Lucia Dumont La revitalizaci\u00f3n del navajo en Estados Unidos &nbsp; James Costa Las lenguas c\u00e9lticas \u2013 \u00bfde la decadencia al renacimiento? &nbsp; Rozenn Milin \u00bfC\u00f3mo salvar un idioma cuando pierde su dinamismo? Cuando el mundo acad\u00e9mico se compromete con las poblaciones\u2026 &nbsp; Marie-Jeanne Verny \u00bfCu\u00e1l es el lugar del occitano en la Rep\u00fablica Francesa? &nbsp; [&hellip;]\" \/>\n<meta property=\"og:url\" content=\"https:\/\/www.sorosoro.org\/es\/revitalizacion-de-lenguas-amenazadas\/\" \/>\n<meta property=\"og:site_name\" content=\"Sorosoro\" \/>\n<meta property=\"article:modified_time\" content=\"2015-09-16T18:51:06+00:00\" \/>\n<meta name=\"twitter:card\" content=\"summary_large_image\" \/>\n<meta name=\"twitter:label1\" content=\"Tiempo de lectura\" \/>\n\t<meta name=\"twitter:data1\" content=\"1 minuto\" \/>\n<script type=\"application\/ld+json\" class=\"yoast-schema-graph\">{\"@context\":\"https:\/\/schema.org\",\"@graph\":[{\"@type\":\"WebPage\",\"@id\":\"https:\/\/www.sorosoro.org\/es\/revitalizacion-de-lenguas-amenazadas\/\",\"url\":\"https:\/\/www.sorosoro.org\/es\/revitalizacion-de-lenguas-amenazadas\/\",\"name\":\"Revitalizaci\u00f3n de lenguas amenazadas - Sorosoro\",\"isPartOf\":{\"@id\":\"https:\/\/www.sorosoro.org\/es\/#website\"},\"datePublished\":\"2015-09-16T16:39:49+00:00\",\"dateModified\":\"2015-09-16T18:51:06+00:00\",\"breadcrumb\":{\"@id\":\"https:\/\/www.sorosoro.org\/es\/revitalizacion-de-lenguas-amenazadas\/#breadcrumb\"},\"inLanguage\":\"es\",\"potentialAction\":[{\"@type\":\"ReadAction\",\"target\":[\"https:\/\/www.sorosoro.org\/es\/revitalizacion-de-lenguas-amenazadas\/\"]}]},{\"@type\":\"BreadcrumbList\",\"@id\":\"https:\/\/www.sorosoro.org\/es\/revitalizacion-de-lenguas-amenazadas\/#breadcrumb\",\"itemListElement\":[{\"@type\":\"ListItem\",\"position\":1,\"name\":\"Accueil\",\"item\":\"https:\/\/www.sorosoro.org\/es\/\"},{\"@type\":\"ListItem\",\"position\":2,\"name\":\"Revitalizaci\u00f3n de lenguas amenazadas\"}]},{\"@type\":\"WebSite\",\"@id\":\"https:\/\/www.sorosoro.org\/es\/#website\",\"url\":\"https:\/\/www.sorosoro.org\/es\/\",\"name\":\"Sorosoro\",\"description\":\"Pour que vivent les langues du monde !\",\"potentialAction\":[{\"@type\":\"SearchAction\",\"target\":{\"@type\":\"EntryPoint\",\"urlTemplate\":\"https:\/\/www.sorosoro.org\/es\/?s={search_term_string}\"},\"query-input\":{\"@type\":\"PropertyValueSpecification\",\"valueRequired\":true,\"valueName\":\"search_term_string\"}}],\"inLanguage\":\"es\"}]}<\/script>\n<!-- \/ Yoast SEO plugin. -->","yoast_head_json":{"title":"Revitalizaci\u00f3n de lenguas amenazadas - Sorosoro","robots":{"index":"index","follow":"follow","max-snippet":"max-snippet:-1","max-image-preview":"max-image-preview:large","max-video-preview":"max-video-preview:-1"},"canonical":"https:\/\/www.sorosoro.org\/es\/revitalizacion-de-lenguas-amenazadas\/","og_locale":"es_ES","og_type":"article","og_title":"Revitalizaci\u00f3n de lenguas amenazadas - Sorosoro","og_description":"Lucia Dumont La revitalizaci\u00f3n del navajo en Estados Unidos &nbsp; James Costa Las lenguas c\u00e9lticas \u2013 \u00bfde la decadencia al renacimiento? &nbsp; Rozenn Milin \u00bfC\u00f3mo salvar un idioma cuando pierde su dinamismo? Cuando el mundo acad\u00e9mico se compromete con las poblaciones\u2026 &nbsp; Marie-Jeanne Verny \u00bfCu\u00e1l es el lugar del occitano en la Rep\u00fablica Francesa? &nbsp; [&hellip;]","og_url":"https:\/\/www.sorosoro.org\/es\/revitalizacion-de-lenguas-amenazadas\/","og_site_name":"Sorosoro","article_modified_time":"2015-09-16T18:51:06+00:00","twitter_card":"summary_large_image","twitter_misc":{"Tiempo de lectura":"1 minuto"},"schema":{"@context":"https:\/\/schema.org","@graph":[{"@type":"WebPage","@id":"https:\/\/www.sorosoro.org\/es\/revitalizacion-de-lenguas-amenazadas\/","url":"https:\/\/www.sorosoro.org\/es\/revitalizacion-de-lenguas-amenazadas\/","name":"Revitalizaci\u00f3n de lenguas amenazadas - Sorosoro","isPartOf":{"@id":"https:\/\/www.sorosoro.org\/es\/#website"},"datePublished":"2015-09-16T16:39:49+00:00","dateModified":"2015-09-16T18:51:06+00:00","breadcrumb":{"@id":"https:\/\/www.sorosoro.org\/es\/revitalizacion-de-lenguas-amenazadas\/#breadcrumb"},"inLanguage":"es","potentialAction":[{"@type":"ReadAction","target":["https:\/\/www.sorosoro.org\/es\/revitalizacion-de-lenguas-amenazadas\/"]}]},{"@type":"BreadcrumbList","@id":"https:\/\/www.sorosoro.org\/es\/revitalizacion-de-lenguas-amenazadas\/#breadcrumb","itemListElement":[{"@type":"ListItem","position":1,"name":"Accueil","item":"https:\/\/www.sorosoro.org\/es\/"},{"@type":"ListItem","position":2,"name":"Revitalizaci\u00f3n de lenguas amenazadas"}]},{"@type":"WebSite","@id":"https:\/\/www.sorosoro.org\/es\/#website","url":"https:\/\/www.sorosoro.org\/es\/","name":"Sorosoro","description":"Pour que vivent les langues du monde !","potentialAction":[{"@type":"SearchAction","target":{"@type":"EntryPoint","urlTemplate":"https:\/\/www.sorosoro.org\/es\/?s={search_term_string}"},"query-input":{"@type":"PropertyValueSpecification","valueRequired":true,"valueName":"search_term_string"}}],"inLanguage":"es"}]}},"_links":{"self":[{"href":"https:\/\/www.sorosoro.org\/es\/wp-json\/wp\/v2\/pages\/67307","targetHints":{"allow":["GET"]}}],"collection":[{"href":"https:\/\/www.sorosoro.org\/es\/wp-json\/wp\/v2\/pages"}],"about":[{"href":"https:\/\/www.sorosoro.org\/es\/wp-json\/wp\/v2\/types\/page"}],"author":[{"embeddable":true,"href":"https:\/\/www.sorosoro.org\/es\/wp-json\/wp\/v2\/users\/1"}],"replies":[{"embeddable":true,"href":"https:\/\/www.sorosoro.org\/es\/wp-json\/wp\/v2\/comments?post=67307"}],"version-history":[{"count":0,"href":"https:\/\/www.sorosoro.org\/es\/wp-json\/wp\/v2\/pages\/67307\/revisions"}],"wp:attachment":[{"href":"https:\/\/www.sorosoro.org\/es\/wp-json\/wp\/v2\/media?parent=67307"}],"curies":[{"name":"wp","href":"https:\/\/api.w.org\/{rel}","templated":true}]}}