{"id":67303,"date":"2015-09-16T18:38:26","date_gmt":"2015-09-16T16:38:26","guid":{"rendered":"http:\/\/www.sorosoro.org\/?page_id=67303"},"modified":"2015-09-16T20:31:05","modified_gmt":"2015-09-16T18:31:05","slug":"politicas-linguisticas","status":"publish","type":"page","link":"https:\/\/www.sorosoro.org\/es\/politicas-linguisticas\/","title":{"rendered":"Pol\u00edticas ling\u00fc\u00edsticas"},"content":{"rendered":"<p><strong>Claire Moyse-Faurie<\/strong><br \/>\n<a href=\"\/es\/2015\/09\/cuando-las-lenguas-dominantes-amenazan-el-plurilinguismo-en-oceania\/\">Cuando las lenguas dominantes amenazan el plurilinguismo en Ocean\u00eda<\/a><br \/>\n&nbsp;<br \/>\n<strong>Ma\u00efa Ponsonnet<\/strong><br \/>\n<a href=\"\/es\/2015\/09\/la-ideologia-del-monolinguismo-en-el-contexto-australiano\/\" target=\"_blank\">La ideolog\u00eda del monoling\u00fcismo en el contexto australiano<\/a><br \/>\n&nbsp;<br \/>\n<strong>Rozenn Milin<\/strong><br \/>\n<a href=\"\/es\/2009\/10\/el-simbolo\/\">El \u00ab s\u00edmbolo \u00bb<\/a><br \/>\n<a href=\"\/es\/2010\/01\/el-simbolo-continuacion-en-burkina-faso\/\">El s\u00edmbolo, continuaci\u00f3n : en Burkina Faso<\/a><br \/>\n&nbsp;<br \/>\n<strong>Marie-Jeanne Verny<\/strong><br \/>\n<a href=\"\/es\/2015\/09\/cual-es-el-lugar-del-occitano-en-la-republica-francesa\/\" >\u00bfCu\u00e1l es el lugar del occitano en la Rep\u00fablica Francesa?<\/a><br \/>\n&nbsp;<br \/>\n<strong>Denis Costaouec<\/strong><br \/>\n<a href=\"\/es\/2015\/09\/del-monolinguismo-popular-tradicional-al-monolinguismo-de-lengua-de-estado-un-obstaculo-para-el-plurilinguismo\/\">Del monoling\u00fcismo popular tradicional al monoling\u00fcismo de lengua de Estado: un obst\u00e1culo para el plurilinguismo<\/a><br \/>\n&nbsp;<br \/>\n<strong>Lenore Grenoble<\/strong><br \/>\n<a href=\"\/es\/2015\/09\/lengua-e-identidad-en-groenlandia\/\">Lengua e identidad en Groenlandia<\/a><br \/>\n&nbsp;<br \/>\n<strong>Emilie Maj<\/strong><br \/>\n<a href=\"\/es\/2015\/09\/siberia-la-cuestion-de-la-lengua-materna\/\" >Siberia: la cuesti\u00f3n de la lengua materna<\/a><br \/>\n&nbsp;<br \/>\n<strong>Valentina Vapnarsky<\/strong><br \/>\n<a href=\"\/es\/2015\/09\/dejemos-de-encerrar-a-los-mayas-en-sus-piramides\/\" >\u00a1Dejemos de encerrar a los mayas en sus pir\u00e1mides!<\/a><br \/>\n&nbsp;<br \/>\n<a href=\"\/es\/textos-por-tema\/\"><img loading=\"lazy\" decoding=\"async\" src=\"\/wp-content\/uploads\/bouton_retour.jpg\" alt=\"bouton_retour\" width=\"20\" height=\"20\" class=\"alignnone size-full wp-image-65133\" \/><\/a>&nbsp;<a href=\"\/es\/textos-por-tema\/\"><strong>Volver a la p\u00e1gina anterior<\/strong><\/a><\/p>\n","protected":false},"excerpt":{"rendered":"<p>Claire Moyse-Faurie Cuando las lenguas dominantes amenazan el plurilinguismo en Ocean\u00eda &nbsp; Ma\u00efa Ponsonnet La ideolog\u00eda del monoling\u00fcismo en el contexto australiano &nbsp; Rozenn Milin El \u00ab s\u00edmbolo \u00bb El s\u00edmbolo, continuaci\u00f3n : en Burkina Faso &nbsp; Marie-Jeanne Verny \u00bfCu\u00e1l es el lugar del occitano en la Rep\u00fablica Francesa? &nbsp; Denis Costaouec Del monoling\u00fcismo popular [&hellip;]<\/p>\n","protected":false},"author":1,"featured_media":0,"parent":0,"menu_order":0,"comment_status":"closed","ping_status":"open","template":"","meta":{"footnotes":""},"class_list":["post-67303","page","type-page","status-publish","hentry"],"yoast_head":"<!-- This site is optimized with the Yoast SEO plugin v27.0 - https:\/\/yoast.com\/product\/yoast-seo-wordpress\/ -->\n<title>Pol\u00edticas ling\u00fc\u00edsticas - Sorosoro<\/title>\n<meta name=\"robots\" content=\"index, follow, max-snippet:-1, max-image-preview:large, max-video-preview:-1\" \/>\n<link rel=\"canonical\" href=\"https:\/\/www.sorosoro.org\/es\/politicas-linguisticas\/\" \/>\n<meta property=\"og:locale\" content=\"es_ES\" \/>\n<meta property=\"og:type\" content=\"article\" \/>\n<meta property=\"og:title\" content=\"Pol\u00edticas ling\u00fc\u00edsticas - Sorosoro\" \/>\n<meta property=\"og:description\" content=\"Claire Moyse-Faurie Cuando las lenguas dominantes amenazan el plurilinguismo en Ocean\u00eda &nbsp; Ma\u00efa Ponsonnet La ideolog\u00eda del monoling\u00fcismo en el contexto australiano &nbsp; Rozenn Milin El \u00ab s\u00edmbolo \u00bb El s\u00edmbolo, continuaci\u00f3n : en Burkina Faso &nbsp; Marie-Jeanne Verny \u00bfCu\u00e1l es el lugar del occitano en la Rep\u00fablica Francesa? &nbsp; Denis Costaouec Del monoling\u00fcismo popular [&hellip;]\" \/>\n<meta property=\"og:url\" content=\"https:\/\/www.sorosoro.org\/es\/politicas-linguisticas\/\" \/>\n<meta property=\"og:site_name\" content=\"Sorosoro\" \/>\n<meta property=\"article:modified_time\" content=\"2015-09-16T18:31:05+00:00\" \/>\n<meta name=\"twitter:card\" content=\"summary_large_image\" \/>\n<meta name=\"twitter:label1\" content=\"Tiempo de lectura\" \/>\n\t<meta name=\"twitter:data1\" content=\"1 minuto\" \/>\n<script type=\"application\/ld+json\" class=\"yoast-schema-graph\">{\"@context\":\"https:\/\/schema.org\",\"@graph\":[{\"@type\":\"WebPage\",\"@id\":\"https:\/\/www.sorosoro.org\/es\/politicas-linguisticas\/\",\"url\":\"https:\/\/www.sorosoro.org\/es\/politicas-linguisticas\/\",\"name\":\"Pol\u00edticas ling\u00fc\u00edsticas - Sorosoro\",\"isPartOf\":{\"@id\":\"https:\/\/www.sorosoro.org\/es\/#website\"},\"datePublished\":\"2015-09-16T16:38:26+00:00\",\"dateModified\":\"2015-09-16T18:31:05+00:00\",\"breadcrumb\":{\"@id\":\"https:\/\/www.sorosoro.org\/es\/politicas-linguisticas\/#breadcrumb\"},\"inLanguage\":\"es\",\"potentialAction\":[{\"@type\":\"ReadAction\",\"target\":[\"https:\/\/www.sorosoro.org\/es\/politicas-linguisticas\/\"]}]},{\"@type\":\"BreadcrumbList\",\"@id\":\"https:\/\/www.sorosoro.org\/es\/politicas-linguisticas\/#breadcrumb\",\"itemListElement\":[{\"@type\":\"ListItem\",\"position\":1,\"name\":\"Accueil\",\"item\":\"https:\/\/www.sorosoro.org\/es\/\"},{\"@type\":\"ListItem\",\"position\":2,\"name\":\"Pol\u00edticas ling\u00fc\u00edsticas\"}]},{\"@type\":\"WebSite\",\"@id\":\"https:\/\/www.sorosoro.org\/es\/#website\",\"url\":\"https:\/\/www.sorosoro.org\/es\/\",\"name\":\"Sorosoro\",\"description\":\"Pour que vivent les langues du monde !\",\"potentialAction\":[{\"@type\":\"SearchAction\",\"target\":{\"@type\":\"EntryPoint\",\"urlTemplate\":\"https:\/\/www.sorosoro.org\/es\/?s={search_term_string}\"},\"query-input\":{\"@type\":\"PropertyValueSpecification\",\"valueRequired\":true,\"valueName\":\"search_term_string\"}}],\"inLanguage\":\"es\"}]}<\/script>\n<!-- \/ Yoast SEO plugin. -->","yoast_head_json":{"title":"Pol\u00edticas ling\u00fc\u00edsticas - Sorosoro","robots":{"index":"index","follow":"follow","max-snippet":"max-snippet:-1","max-image-preview":"max-image-preview:large","max-video-preview":"max-video-preview:-1"},"canonical":"https:\/\/www.sorosoro.org\/es\/politicas-linguisticas\/","og_locale":"es_ES","og_type":"article","og_title":"Pol\u00edticas ling\u00fc\u00edsticas - Sorosoro","og_description":"Claire Moyse-Faurie Cuando las lenguas dominantes amenazan el plurilinguismo en Ocean\u00eda &nbsp; Ma\u00efa Ponsonnet La ideolog\u00eda del monoling\u00fcismo en el contexto australiano &nbsp; Rozenn Milin El \u00ab s\u00edmbolo \u00bb El s\u00edmbolo, continuaci\u00f3n : en Burkina Faso &nbsp; Marie-Jeanne Verny \u00bfCu\u00e1l es el lugar del occitano en la Rep\u00fablica Francesa? &nbsp; Denis Costaouec Del monoling\u00fcismo popular [&hellip;]","og_url":"https:\/\/www.sorosoro.org\/es\/politicas-linguisticas\/","og_site_name":"Sorosoro","article_modified_time":"2015-09-16T18:31:05+00:00","twitter_card":"summary_large_image","twitter_misc":{"Tiempo de lectura":"1 minuto"},"schema":{"@context":"https:\/\/schema.org","@graph":[{"@type":"WebPage","@id":"https:\/\/www.sorosoro.org\/es\/politicas-linguisticas\/","url":"https:\/\/www.sorosoro.org\/es\/politicas-linguisticas\/","name":"Pol\u00edticas ling\u00fc\u00edsticas - Sorosoro","isPartOf":{"@id":"https:\/\/www.sorosoro.org\/es\/#website"},"datePublished":"2015-09-16T16:38:26+00:00","dateModified":"2015-09-16T18:31:05+00:00","breadcrumb":{"@id":"https:\/\/www.sorosoro.org\/es\/politicas-linguisticas\/#breadcrumb"},"inLanguage":"es","potentialAction":[{"@type":"ReadAction","target":["https:\/\/www.sorosoro.org\/es\/politicas-linguisticas\/"]}]},{"@type":"BreadcrumbList","@id":"https:\/\/www.sorosoro.org\/es\/politicas-linguisticas\/#breadcrumb","itemListElement":[{"@type":"ListItem","position":1,"name":"Accueil","item":"https:\/\/www.sorosoro.org\/es\/"},{"@type":"ListItem","position":2,"name":"Pol\u00edticas ling\u00fc\u00edsticas"}]},{"@type":"WebSite","@id":"https:\/\/www.sorosoro.org\/es\/#website","url":"https:\/\/www.sorosoro.org\/es\/","name":"Sorosoro","description":"Pour que vivent les langues du monde !","potentialAction":[{"@type":"SearchAction","target":{"@type":"EntryPoint","urlTemplate":"https:\/\/www.sorosoro.org\/es\/?s={search_term_string}"},"query-input":{"@type":"PropertyValueSpecification","valueRequired":true,"valueName":"search_term_string"}}],"inLanguage":"es"}]}},"_links":{"self":[{"href":"https:\/\/www.sorosoro.org\/es\/wp-json\/wp\/v2\/pages\/67303","targetHints":{"allow":["GET"]}}],"collection":[{"href":"https:\/\/www.sorosoro.org\/es\/wp-json\/wp\/v2\/pages"}],"about":[{"href":"https:\/\/www.sorosoro.org\/es\/wp-json\/wp\/v2\/types\/page"}],"author":[{"embeddable":true,"href":"https:\/\/www.sorosoro.org\/es\/wp-json\/wp\/v2\/users\/1"}],"replies":[{"embeddable":true,"href":"https:\/\/www.sorosoro.org\/es\/wp-json\/wp\/v2\/comments?post=67303"}],"version-history":[{"count":0,"href":"https:\/\/www.sorosoro.org\/es\/wp-json\/wp\/v2\/pages\/67303\/revisions"}],"wp:attachment":[{"href":"https:\/\/www.sorosoro.org\/es\/wp-json\/wp\/v2\/media?parent=67303"}],"curies":[{"name":"wp","href":"https:\/\/api.w.org\/{rel}","templated":true}]}}