{"id":67298,"date":"2015-09-16T18:37:18","date_gmt":"2015-09-16T16:37:18","guid":{"rendered":"http:\/\/www.sorosoro.org\/?page_id=67298"},"modified":"2015-09-16T20:17:04","modified_gmt":"2015-09-16T18:17:04","slug":"multilinguismo","status":"publish","type":"page","link":"https:\/\/www.sorosoro.org\/es\/multilinguismo\/","title":{"rendered":"Multiling\u00fcismo"},"content":{"rendered":"<p><strong>Rozenn Milin<\/strong><br \/>\n<a href=\"\/es\/2015\/09\/los-beneficios-del-plurilinguismo\/\">Los beneficios del plurilinguismo<\/a><br \/>\n&nbsp;<br \/>\n<strong>Claire Moyse-Faurie<\/strong><br \/>\n<a href=\"\/es\/2015\/09\/el-continente-oceanico-campeon-del-plurilinguismo\/\">El continente oce\u00e1nico, \u00bfcampe\u00f3n del plurilinguismo?<\/a><br \/>\n<a href=\"\/es\/2015\/09\/cuando-las-lenguas-dominantes-amenazan-el-plurilinguismo-en-oceania\/\">Cuando las lenguas dominantes amenazan el plurilinguismo en Ocean\u00eda<\/a><br \/>\n&nbsp;<br \/>\n<strong>Ma\u00efa Ponsonnet<\/strong><br \/>\n<a href=\"\/es\/2015\/09\/la-tradicion-multilingue-australiana-en-el-contexto-post-colonial\/\">La tradici\u00f3n multiling\u00fce australiana en el contexto post-colonial<\/a><br \/>\n<a href=\"\/es\/2015\/09\/la-ideologia-del-monolinguismo-en-el-contexto-australiano\/\">La ideolog\u00eda del monoling\u00fcismo en el contexto australiano<\/a><br \/>\n&nbsp;<br \/>\n<strong>Alexandre Fran\u00e7ois<\/strong><br \/>\n<a href=\"\/es\/2015\/09\/el-vanuatu-una-diversidad-linguistica-excepcional\/\">El Vanuatu: una diversidad ling\u00fc\u00edstica excepcional<\/a><br \/>\n<a href=\"\/es\/2015\/09\/el-vanuatu-una-diversidad-fragil\/\">El Vanuatu, una diversidad fr\u00e1gil<\/a><br \/>\n&nbsp;<br \/>\n<strong>A\u00efssatou Mbodj<\/strong><br \/>\n<a href=\"\/es\/2015\/09\/el-plurilinguismo-en-africa-y-en-el-escrito\/\">El plurilinguismo en \u00c1frica: \u00bfY en el escrito?<\/a><br \/>\n&nbsp;<br \/>\n<strong>Caroline Juillard<\/strong><br \/>\n<a href=\"\/es\/2015\/09\/el-plurilinguismo-en-senegal\/\">El plurilinguismo en Senegal<\/a><br \/>\n&nbsp;<br \/>\n<strong>Matthias Weinreich<\/strong><br \/>\n<a href=\"\/es\/2015\/09\/el-multilinguismo-una-practica-generalizada-en-pakistan\/\">El multiling\u00fcismo: una pr\u00e1ctica generalizada en Pakist\u00e1n<\/a><br \/>\n&nbsp;<br \/>\n<strong>Natalia Bochkareva<\/strong><br \/>\n<a href=\"\/es\/2015\/09\/el-multilinguismo-en-la-republica-de-saja-yakutia\/\">El Multiling\u00fcismo en la Rep\u00fablica de Saj\u00e1 (Yakutia)<\/a><br \/>\n&nbsp;<br \/>\n<strong>Emilie Maj<\/strong><br \/>\n<a href=\"\/es\/2015\/09\/siberia-la-cuestion-de-la-lengua-materna\/\">Siberia: la cuesti\u00f3n de la lengua materna<\/a><br \/>\n&nbsp;<br \/>\n<strong>Sabine Ehrhart<\/strong><br \/>\n<a href=\"\/es\/2015\/09\/la-ecologia-linguistica-en-luxemburgo\/\">La ecolog\u00eda ling\u00fc\u00edstica en Luxemburgo<\/a><br \/>\n&nbsp;<br \/>\n<strong>Barbara Abdelilah-Bauer<\/strong><br \/>\n<a href=\"\/es\/2015\/09\/defensa-en-favor-el-plurilinguismo-de-los-ninos-nacidos-de-la-inmigracion\/\">Defensa en favor el plurilinguismo de los ni\u00f1os nacidos de la inmigraci\u00f3n<\/a><br \/>\n&nbsp;<br \/>\n<strong>Anna Stevanato<\/strong><br \/>\n<a href=\"\/es\/2015\/09\/la-asistencia-a-familias-multilingues\/\">La asistencia a familias multiling\u00fces<\/a><br \/>\n&nbsp;<br \/>\n<strong>Astrid Guillaume<\/strong><br \/>\n<a href=\"\/es\/2015\/09\/la-traduccion-como-herramienta-necesaria-para-el-plurilinguismo\/\">La traducci\u00f3n como herramienta necesaria para el plurilinguismo\/a><br \/>\n&nbsp;<br \/>\n<strong>Fran\u00e7ois Grosjean<\/strong><br \/>\n<a href=\"\/es\/2015\/09\/algunas-reflexiones-sobre-el-bilinguismo\/\">Algunas reflexiones sobre el biling\u00fcismo<\/a><br \/>\n&nbsp;<br \/>\n<strong>Denis Costaouec<\/strong><br \/>\n<a href=\"\/es\/2015\/09\/del-monolinguismo-popular-tradicional-al-monolinguismo-de-lengua-de-estado-un-obstaculo-para-el-plurilinguismo\/\">Del monoling\u00fcismo popular tradicional al monoling\u00fcismo de lengua de Estado: un obst\u00e1culo para el plurilinguismo<\/a><br \/>\n&nbsp;<br \/>\n<strong>Christine Pic-Gillard<\/strong><br \/>\n<a href=\"\/es\/2015\/09\/la-resistencia-monolingue-guarani-en-paraguay\/\">La resistencia monoling\u00fce guaran\u00ed en Paraguay<\/a><br \/>\n&nbsp;<br \/>\n<strong>Elsa Gomez-Imbert<\/strong><br \/>\n<a href=\"\/es\/2015\/09\/testimonio-de-una-linguista-de-campo-en-amazonia\/\">Testimonio de una ling\u00fcista de campo en Amazon\u00eda<\/a><br \/>\n&nbsp;<br \/>\n<a href=\"\/es\/textos-por-tema\/\"><img loading=\"lazy\" decoding=\"async\" src=\"\/wp-content\/uploads\/bouton_retour.jpg\" alt=\"bouton_retour\" width=\"20\" height=\"20\" class=\"alignnone size-full wp-image-65133\" \/><\/a>&nbsp;<a href=\"\/es\/textos-por-tema\/\"><strong>Volver a la p\u00e1gina anterior<\/strong><\/a><\/p>\n","protected":false},"excerpt":{"rendered":"<p>Rozenn Milin Los beneficios del plurilinguismo &nbsp; Claire Moyse-Faurie El continente oce\u00e1nico, \u00bfcampe\u00f3n del plurilinguismo? Cuando las lenguas dominantes amenazan el plurilinguismo en Ocean\u00eda &nbsp; Ma\u00efa Ponsonnet La tradici\u00f3n multiling\u00fce australiana en el contexto post-colonial La ideolog\u00eda del monoling\u00fcismo en el contexto australiano &nbsp; Alexandre Fran\u00e7ois El Vanuatu: una diversidad ling\u00fc\u00edstica excepcional El Vanuatu, una [&hellip;]<\/p>\n","protected":false},"author":1,"featured_media":0,"parent":0,"menu_order":0,"comment_status":"closed","ping_status":"open","template":"","meta":{"footnotes":""},"class_list":["post-67298","page","type-page","status-publish","hentry"],"yoast_head":"<!-- This site is optimized with the Yoast SEO plugin v27.0 - https:\/\/yoast.com\/product\/yoast-seo-wordpress\/ -->\n<title>Multiling\u00fcismo - Sorosoro<\/title>\n<meta name=\"robots\" content=\"index, follow, max-snippet:-1, max-image-preview:large, max-video-preview:-1\" \/>\n<link rel=\"canonical\" href=\"https:\/\/www.sorosoro.org\/es\/multilinguismo\/\" \/>\n<meta property=\"og:locale\" content=\"es_ES\" \/>\n<meta property=\"og:type\" content=\"article\" \/>\n<meta property=\"og:title\" content=\"Multiling\u00fcismo - Sorosoro\" \/>\n<meta property=\"og:description\" content=\"Rozenn Milin Los beneficios del plurilinguismo &nbsp; Claire Moyse-Faurie El continente oce\u00e1nico, \u00bfcampe\u00f3n del plurilinguismo? Cuando las lenguas dominantes amenazan el plurilinguismo en Ocean\u00eda &nbsp; Ma\u00efa Ponsonnet La tradici\u00f3n multiling\u00fce australiana en el contexto post-colonial La ideolog\u00eda del monoling\u00fcismo en el contexto australiano &nbsp; Alexandre Fran\u00e7ois El Vanuatu: una diversidad ling\u00fc\u00edstica excepcional El Vanuatu, una [&hellip;]\" \/>\n<meta property=\"og:url\" content=\"https:\/\/www.sorosoro.org\/es\/multilinguismo\/\" \/>\n<meta property=\"og:site_name\" content=\"Sorosoro\" \/>\n<meta property=\"article:modified_time\" content=\"2015-09-16T18:17:04+00:00\" \/>\n<meta name=\"twitter:card\" content=\"summary_large_image\" \/>\n<meta name=\"twitter:label1\" content=\"Tiempo de lectura\" \/>\n\t<meta name=\"twitter:data1\" content=\"1 minuto\" \/>\n<script type=\"application\/ld+json\" class=\"yoast-schema-graph\">{\"@context\":\"https:\/\/schema.org\",\"@graph\":[{\"@type\":\"WebPage\",\"@id\":\"https:\/\/www.sorosoro.org\/es\/multilinguismo\/\",\"url\":\"https:\/\/www.sorosoro.org\/es\/multilinguismo\/\",\"name\":\"Multiling\u00fcismo - Sorosoro\",\"isPartOf\":{\"@id\":\"https:\/\/www.sorosoro.org\/es\/#website\"},\"datePublished\":\"2015-09-16T16:37:18+00:00\",\"dateModified\":\"2015-09-16T18:17:04+00:00\",\"breadcrumb\":{\"@id\":\"https:\/\/www.sorosoro.org\/es\/multilinguismo\/#breadcrumb\"},\"inLanguage\":\"es\",\"potentialAction\":[{\"@type\":\"ReadAction\",\"target\":[\"https:\/\/www.sorosoro.org\/es\/multilinguismo\/\"]}]},{\"@type\":\"BreadcrumbList\",\"@id\":\"https:\/\/www.sorosoro.org\/es\/multilinguismo\/#breadcrumb\",\"itemListElement\":[{\"@type\":\"ListItem\",\"position\":1,\"name\":\"Accueil\",\"item\":\"https:\/\/www.sorosoro.org\/es\/\"},{\"@type\":\"ListItem\",\"position\":2,\"name\":\"Multiling\u00fcismo\"}]},{\"@type\":\"WebSite\",\"@id\":\"https:\/\/www.sorosoro.org\/es\/#website\",\"url\":\"https:\/\/www.sorosoro.org\/es\/\",\"name\":\"Sorosoro\",\"description\":\"Pour que vivent les langues du monde !\",\"potentialAction\":[{\"@type\":\"SearchAction\",\"target\":{\"@type\":\"EntryPoint\",\"urlTemplate\":\"https:\/\/www.sorosoro.org\/es\/?s={search_term_string}\"},\"query-input\":{\"@type\":\"PropertyValueSpecification\",\"valueRequired\":true,\"valueName\":\"search_term_string\"}}],\"inLanguage\":\"es\"}]}<\/script>\n<!-- \/ Yoast SEO plugin. -->","yoast_head_json":{"title":"Multiling\u00fcismo - Sorosoro","robots":{"index":"index","follow":"follow","max-snippet":"max-snippet:-1","max-image-preview":"max-image-preview:large","max-video-preview":"max-video-preview:-1"},"canonical":"https:\/\/www.sorosoro.org\/es\/multilinguismo\/","og_locale":"es_ES","og_type":"article","og_title":"Multiling\u00fcismo - Sorosoro","og_description":"Rozenn Milin Los beneficios del plurilinguismo &nbsp; Claire Moyse-Faurie El continente oce\u00e1nico, \u00bfcampe\u00f3n del plurilinguismo? Cuando las lenguas dominantes amenazan el plurilinguismo en Ocean\u00eda &nbsp; Ma\u00efa Ponsonnet La tradici\u00f3n multiling\u00fce australiana en el contexto post-colonial La ideolog\u00eda del monoling\u00fcismo en el contexto australiano &nbsp; Alexandre Fran\u00e7ois El Vanuatu: una diversidad ling\u00fc\u00edstica excepcional El Vanuatu, una [&hellip;]","og_url":"https:\/\/www.sorosoro.org\/es\/multilinguismo\/","og_site_name":"Sorosoro","article_modified_time":"2015-09-16T18:17:04+00:00","twitter_card":"summary_large_image","twitter_misc":{"Tiempo de lectura":"1 minuto"},"schema":{"@context":"https:\/\/schema.org","@graph":[{"@type":"WebPage","@id":"https:\/\/www.sorosoro.org\/es\/multilinguismo\/","url":"https:\/\/www.sorosoro.org\/es\/multilinguismo\/","name":"Multiling\u00fcismo - Sorosoro","isPartOf":{"@id":"https:\/\/www.sorosoro.org\/es\/#website"},"datePublished":"2015-09-16T16:37:18+00:00","dateModified":"2015-09-16T18:17:04+00:00","breadcrumb":{"@id":"https:\/\/www.sorosoro.org\/es\/multilinguismo\/#breadcrumb"},"inLanguage":"es","potentialAction":[{"@type":"ReadAction","target":["https:\/\/www.sorosoro.org\/es\/multilinguismo\/"]}]},{"@type":"BreadcrumbList","@id":"https:\/\/www.sorosoro.org\/es\/multilinguismo\/#breadcrumb","itemListElement":[{"@type":"ListItem","position":1,"name":"Accueil","item":"https:\/\/www.sorosoro.org\/es\/"},{"@type":"ListItem","position":2,"name":"Multiling\u00fcismo"}]},{"@type":"WebSite","@id":"https:\/\/www.sorosoro.org\/es\/#website","url":"https:\/\/www.sorosoro.org\/es\/","name":"Sorosoro","description":"Pour que vivent les langues du monde !","potentialAction":[{"@type":"SearchAction","target":{"@type":"EntryPoint","urlTemplate":"https:\/\/www.sorosoro.org\/es\/?s={search_term_string}"},"query-input":{"@type":"PropertyValueSpecification","valueRequired":true,"valueName":"search_term_string"}}],"inLanguage":"es"}]}},"_links":{"self":[{"href":"https:\/\/www.sorosoro.org\/es\/wp-json\/wp\/v2\/pages\/67298","targetHints":{"allow":["GET"]}}],"collection":[{"href":"https:\/\/www.sorosoro.org\/es\/wp-json\/wp\/v2\/pages"}],"about":[{"href":"https:\/\/www.sorosoro.org\/es\/wp-json\/wp\/v2\/types\/page"}],"author":[{"embeddable":true,"href":"https:\/\/www.sorosoro.org\/es\/wp-json\/wp\/v2\/users\/1"}],"replies":[{"embeddable":true,"href":"https:\/\/www.sorosoro.org\/es\/wp-json\/wp\/v2\/comments?post=67298"}],"version-history":[{"count":0,"href":"https:\/\/www.sorosoro.org\/es\/wp-json\/wp\/v2\/pages\/67298\/revisions"}],"wp:attachment":[{"href":"https:\/\/www.sorosoro.org\/es\/wp-json\/wp\/v2\/media?parent=67298"}],"curies":[{"name":"wp","href":"https:\/\/api.w.org\/{rel}","templated":true}]}}