{"id":67290,"date":"2015-09-16T18:34:44","date_gmt":"2015-09-16T16:34:44","guid":{"rendered":"http:\/\/www.sorosoro.org\/?page_id=67290"},"modified":"2015-09-16T19:44:37","modified_gmt":"2015-09-16T17:44:37","slug":"lenguas-e-inmigracion","status":"publish","type":"page","link":"https:\/\/www.sorosoro.org\/es\/lenguas-e-inmigracion\/","title":{"rendered":"Lenguas e inmigraci\u00f3n"},"content":{"rendered":"<p><strong>Anna Stevanato<\/strong><br \/>\n<a href=\"\/es\/2015\/09\/el-reconocimiento-del-bilinguismo-en-hijos-de-emigrantes-un-triunfo-para-la-integracion\/\">El reconocimiento del biling\u00fcismo en hijos de emigrantes: Un triunfo para la integraci\u00f3n<\/a><br \/>\n&nbsp;<br \/>\n<strong>Barbara Abdelilah-Bauer<\/strong><br \/>\n<a href=\"\/es\/2015\/09\/defensa-en-favor-el-plurilinguismo-de-los-ninos-nacidos-de-la-inmigracion\/\">Defensa en favor el plurilinguismo de los ni\u00f1os nacidos de la inmigraci\u00f3n<\/a><br \/>\n&nbsp;<br \/>\n<a href=\"\/es\/textos-por-tema\/\"><img loading=\"lazy\" decoding=\"async\" src=\"\/wp-content\/uploads\/bouton_retour.jpg\" alt=\"bouton_retour\" width=\"20\" height=\"20\" class=\"alignnone size-full wp-image-65133\" \/><\/a>&nbsp;<a href=\"\/es\/textos-por-tema\/\"><strong>Volver a la p\u00e1gina anterior<\/strong><\/a><\/p>\n","protected":false},"excerpt":{"rendered":"<p>Anna Stevanato El reconocimiento del biling\u00fcismo en hijos de emigrantes: Un triunfo para la integraci\u00f3n &nbsp; Barbara Abdelilah-Bauer Defensa en favor el plurilinguismo de los ni\u00f1os nacidos de la inmigraci\u00f3n &nbsp; &nbsp;Volver a la p\u00e1gina anterior<\/p>\n","protected":false},"author":1,"featured_media":0,"parent":0,"menu_order":0,"comment_status":"closed","ping_status":"open","template":"","meta":{"footnotes":""},"class_list":["post-67290","page","type-page","status-publish","hentry"],"yoast_head":"<!-- This site is optimized with the Yoast SEO plugin v27.0 - https:\/\/yoast.com\/product\/yoast-seo-wordpress\/ -->\n<title>Lenguas e inmigraci\u00f3n - Sorosoro<\/title>\n<meta name=\"robots\" content=\"index, follow, max-snippet:-1, max-image-preview:large, max-video-preview:-1\" \/>\n<link rel=\"canonical\" href=\"https:\/\/www.sorosoro.org\/es\/lenguas-e-inmigracion\/\" \/>\n<meta property=\"og:locale\" content=\"es_ES\" \/>\n<meta property=\"og:type\" content=\"article\" \/>\n<meta property=\"og:title\" content=\"Lenguas e inmigraci\u00f3n - Sorosoro\" \/>\n<meta property=\"og:description\" content=\"Anna Stevanato El reconocimiento del biling\u00fcismo en hijos de emigrantes: Un triunfo para la integraci\u00f3n &nbsp; Barbara Abdelilah-Bauer Defensa en favor el plurilinguismo de los ni\u00f1os nacidos de la inmigraci\u00f3n &nbsp; &nbsp;Volver a la p\u00e1gina anterior\" \/>\n<meta property=\"og:url\" content=\"https:\/\/www.sorosoro.org\/es\/lenguas-e-inmigracion\/\" \/>\n<meta property=\"og:site_name\" content=\"Sorosoro\" \/>\n<meta property=\"article:modified_time\" content=\"2015-09-16T17:44:37+00:00\" \/>\n<meta name=\"twitter:card\" content=\"summary_large_image\" \/>\n<script type=\"application\/ld+json\" class=\"yoast-schema-graph\">{\"@context\":\"https:\/\/schema.org\",\"@graph\":[{\"@type\":\"WebPage\",\"@id\":\"https:\/\/www.sorosoro.org\/es\/lenguas-e-inmigracion\/\",\"url\":\"https:\/\/www.sorosoro.org\/es\/lenguas-e-inmigracion\/\",\"name\":\"Lenguas e inmigraci\u00f3n - Sorosoro\",\"isPartOf\":{\"@id\":\"https:\/\/www.sorosoro.org\/es\/#website\"},\"datePublished\":\"2015-09-16T16:34:44+00:00\",\"dateModified\":\"2015-09-16T17:44:37+00:00\",\"breadcrumb\":{\"@id\":\"https:\/\/www.sorosoro.org\/es\/lenguas-e-inmigracion\/#breadcrumb\"},\"inLanguage\":\"es\",\"potentialAction\":[{\"@type\":\"ReadAction\",\"target\":[\"https:\/\/www.sorosoro.org\/es\/lenguas-e-inmigracion\/\"]}]},{\"@type\":\"BreadcrumbList\",\"@id\":\"https:\/\/www.sorosoro.org\/es\/lenguas-e-inmigracion\/#breadcrumb\",\"itemListElement\":[{\"@type\":\"ListItem\",\"position\":1,\"name\":\"Accueil\",\"item\":\"https:\/\/www.sorosoro.org\/es\/\"},{\"@type\":\"ListItem\",\"position\":2,\"name\":\"Lenguas e inmigraci\u00f3n\"}]},{\"@type\":\"WebSite\",\"@id\":\"https:\/\/www.sorosoro.org\/es\/#website\",\"url\":\"https:\/\/www.sorosoro.org\/es\/\",\"name\":\"Sorosoro\",\"description\":\"Pour que vivent les langues du monde !\",\"potentialAction\":[{\"@type\":\"SearchAction\",\"target\":{\"@type\":\"EntryPoint\",\"urlTemplate\":\"https:\/\/www.sorosoro.org\/es\/?s={search_term_string}\"},\"query-input\":{\"@type\":\"PropertyValueSpecification\",\"valueRequired\":true,\"valueName\":\"search_term_string\"}}],\"inLanguage\":\"es\"}]}<\/script>\n<!-- \/ Yoast SEO plugin. -->","yoast_head_json":{"title":"Lenguas e inmigraci\u00f3n - Sorosoro","robots":{"index":"index","follow":"follow","max-snippet":"max-snippet:-1","max-image-preview":"max-image-preview:large","max-video-preview":"max-video-preview:-1"},"canonical":"https:\/\/www.sorosoro.org\/es\/lenguas-e-inmigracion\/","og_locale":"es_ES","og_type":"article","og_title":"Lenguas e inmigraci\u00f3n - Sorosoro","og_description":"Anna Stevanato El reconocimiento del biling\u00fcismo en hijos de emigrantes: Un triunfo para la integraci\u00f3n &nbsp; Barbara Abdelilah-Bauer Defensa en favor el plurilinguismo de los ni\u00f1os nacidos de la inmigraci\u00f3n &nbsp; &nbsp;Volver a la p\u00e1gina anterior","og_url":"https:\/\/www.sorosoro.org\/es\/lenguas-e-inmigracion\/","og_site_name":"Sorosoro","article_modified_time":"2015-09-16T17:44:37+00:00","twitter_card":"summary_large_image","schema":{"@context":"https:\/\/schema.org","@graph":[{"@type":"WebPage","@id":"https:\/\/www.sorosoro.org\/es\/lenguas-e-inmigracion\/","url":"https:\/\/www.sorosoro.org\/es\/lenguas-e-inmigracion\/","name":"Lenguas e inmigraci\u00f3n - Sorosoro","isPartOf":{"@id":"https:\/\/www.sorosoro.org\/es\/#website"},"datePublished":"2015-09-16T16:34:44+00:00","dateModified":"2015-09-16T17:44:37+00:00","breadcrumb":{"@id":"https:\/\/www.sorosoro.org\/es\/lenguas-e-inmigracion\/#breadcrumb"},"inLanguage":"es","potentialAction":[{"@type":"ReadAction","target":["https:\/\/www.sorosoro.org\/es\/lenguas-e-inmigracion\/"]}]},{"@type":"BreadcrumbList","@id":"https:\/\/www.sorosoro.org\/es\/lenguas-e-inmigracion\/#breadcrumb","itemListElement":[{"@type":"ListItem","position":1,"name":"Accueil","item":"https:\/\/www.sorosoro.org\/es\/"},{"@type":"ListItem","position":2,"name":"Lenguas e inmigraci\u00f3n"}]},{"@type":"WebSite","@id":"https:\/\/www.sorosoro.org\/es\/#website","url":"https:\/\/www.sorosoro.org\/es\/","name":"Sorosoro","description":"Pour que vivent les langues du monde !","potentialAction":[{"@type":"SearchAction","target":{"@type":"EntryPoint","urlTemplate":"https:\/\/www.sorosoro.org\/es\/?s={search_term_string}"},"query-input":{"@type":"PropertyValueSpecification","valueRequired":true,"valueName":"search_term_string"}}],"inLanguage":"es"}]}},"_links":{"self":[{"href":"https:\/\/www.sorosoro.org\/es\/wp-json\/wp\/v2\/pages\/67290","targetHints":{"allow":["GET"]}}],"collection":[{"href":"https:\/\/www.sorosoro.org\/es\/wp-json\/wp\/v2\/pages"}],"about":[{"href":"https:\/\/www.sorosoro.org\/es\/wp-json\/wp\/v2\/types\/page"}],"author":[{"embeddable":true,"href":"https:\/\/www.sorosoro.org\/es\/wp-json\/wp\/v2\/users\/1"}],"replies":[{"embeddable":true,"href":"https:\/\/www.sorosoro.org\/es\/wp-json\/wp\/v2\/comments?post=67290"}],"version-history":[{"count":0,"href":"https:\/\/www.sorosoro.org\/es\/wp-json\/wp\/v2\/pages\/67290\/revisions"}],"wp:attachment":[{"href":"https:\/\/www.sorosoro.org\/es\/wp-json\/wp\/v2\/media?parent=67290"}],"curies":[{"name":"wp","href":"https:\/\/api.w.org\/{rel}","templated":true}]}}