{"id":67286,"date":"2015-09-16T18:34:01","date_gmt":"2015-09-16T16:34:01","guid":{"rendered":"http:\/\/www.sorosoro.org\/?page_id=67286"},"modified":"2015-09-16T19:40:48","modified_gmt":"2015-09-16T17:40:48","slug":"lengua-y-cultura","status":"publish","type":"page","link":"https:\/\/www.sorosoro.org\/es\/lengua-y-cultura\/","title":{"rendered":"Lengua y cultura"},"content":{"rendered":"<p><strong>Marie Rou\u00e9<\/strong><br \/>\n<a href=\"\/es\/2015\/09\/los-samis-un-pueblo-ejemplar-gracias-a-su-capacidad-para-combinar-tradicion-y-modernidad\/\">Los samis: Un pueblo ejemplar, gracias a su capacidad para combinar tradici\u00f3n y modernidad<\/a><br \/>\n&nbsp;<br \/>\n<strong>Lenore Grenoble<\/strong><br \/>\n<a href=\"\/es\/2015\/09\/lengua-e-identidad-en-groenlandia\/\">Lengua e identidad en Groenlandia<\/a><br \/>\n&nbsp;<br \/>\n<strong>Valentina Vapnarsky<\/strong><br \/>\n<a href=\"\/es\/2015\/09\/dejemos-de-encerrar-a-los-mayas-en-sus-piramides\/\">\u00a1Dejemos de encerrar a los mayas en sus pir\u00e1mides!<\/a><br \/>\n&nbsp;<br \/>\n<strong>Joseph Pulinthanath<\/strong><br \/>\n<a href=\"\/es\/2015\/09\/el-jadu-kolija-en-el-corazon-de-la-lengua-kokborok\/\">El Jadu Kolija, en el coraz\u00f3n de la lengua kokborok<\/a><br \/>\n&nbsp;<br \/>\n<a href=\"\/es\/textos-por-tema\/\"><img loading=\"lazy\" decoding=\"async\" src=\"\/wp-content\/uploads\/bouton_retour.jpg\" alt=\"bouton_retour\" width=\"20\" height=\"20\" class=\"alignnone size-full wp-image-65133\" \/><\/a>&nbsp;<a href=\"\/es\/textos-por-tema\/\"><strong>Volver a la p\u00e1gina anterior<\/strong><\/a><\/p>\n","protected":false},"excerpt":{"rendered":"<p>Marie Rou\u00e9 Los samis: Un pueblo ejemplar, gracias a su capacidad para combinar tradici\u00f3n y modernidad &nbsp; Lenore Grenoble Lengua e identidad en Groenlandia &nbsp; Valentina Vapnarsky \u00a1Dejemos de encerrar a los mayas en sus pir\u00e1mides! &nbsp; Joseph Pulinthanath El Jadu Kolija, en el coraz\u00f3n de la lengua kokborok &nbsp; &nbsp;Volver a la p\u00e1gina anterior<\/p>\n","protected":false},"author":1,"featured_media":0,"parent":0,"menu_order":0,"comment_status":"closed","ping_status":"open","template":"","meta":{"footnotes":""},"class_list":["post-67286","page","type-page","status-publish","hentry"],"yoast_head":"<!-- This site is optimized with the Yoast SEO plugin v27.0 - https:\/\/yoast.com\/product\/yoast-seo-wordpress\/ -->\n<title>Lengua y cultura - Sorosoro<\/title>\n<meta name=\"robots\" content=\"index, follow, max-snippet:-1, max-image-preview:large, max-video-preview:-1\" \/>\n<link rel=\"canonical\" href=\"https:\/\/www.sorosoro.org\/es\/lengua-y-cultura\/\" \/>\n<meta property=\"og:locale\" content=\"es_ES\" \/>\n<meta property=\"og:type\" content=\"article\" \/>\n<meta property=\"og:title\" content=\"Lengua y cultura - Sorosoro\" \/>\n<meta property=\"og:description\" content=\"Marie Rou\u00e9 Los samis: Un pueblo ejemplar, gracias a su capacidad para combinar tradici\u00f3n y modernidad &nbsp; Lenore Grenoble Lengua e identidad en Groenlandia &nbsp; Valentina Vapnarsky \u00a1Dejemos de encerrar a los mayas en sus pir\u00e1mides! &nbsp; Joseph Pulinthanath El Jadu Kolija, en el coraz\u00f3n de la lengua kokborok &nbsp; &nbsp;Volver a la p\u00e1gina anterior\" \/>\n<meta property=\"og:url\" content=\"https:\/\/www.sorosoro.org\/es\/lengua-y-cultura\/\" \/>\n<meta property=\"og:site_name\" content=\"Sorosoro\" \/>\n<meta property=\"article:modified_time\" content=\"2015-09-16T17:40:48+00:00\" \/>\n<meta name=\"twitter:card\" content=\"summary_large_image\" \/>\n<script type=\"application\/ld+json\" class=\"yoast-schema-graph\">{\"@context\":\"https:\/\/schema.org\",\"@graph\":[{\"@type\":\"WebPage\",\"@id\":\"https:\/\/www.sorosoro.org\/es\/lengua-y-cultura\/\",\"url\":\"https:\/\/www.sorosoro.org\/es\/lengua-y-cultura\/\",\"name\":\"Lengua y cultura - Sorosoro\",\"isPartOf\":{\"@id\":\"https:\/\/www.sorosoro.org\/es\/#website\"},\"datePublished\":\"2015-09-16T16:34:01+00:00\",\"dateModified\":\"2015-09-16T17:40:48+00:00\",\"breadcrumb\":{\"@id\":\"https:\/\/www.sorosoro.org\/es\/lengua-y-cultura\/#breadcrumb\"},\"inLanguage\":\"es\",\"potentialAction\":[{\"@type\":\"ReadAction\",\"target\":[\"https:\/\/www.sorosoro.org\/es\/lengua-y-cultura\/\"]}]},{\"@type\":\"BreadcrumbList\",\"@id\":\"https:\/\/www.sorosoro.org\/es\/lengua-y-cultura\/#breadcrumb\",\"itemListElement\":[{\"@type\":\"ListItem\",\"position\":1,\"name\":\"Accueil\",\"item\":\"https:\/\/www.sorosoro.org\/es\/\"},{\"@type\":\"ListItem\",\"position\":2,\"name\":\"Lengua y cultura\"}]},{\"@type\":\"WebSite\",\"@id\":\"https:\/\/www.sorosoro.org\/es\/#website\",\"url\":\"https:\/\/www.sorosoro.org\/es\/\",\"name\":\"Sorosoro\",\"description\":\"Pour que vivent les langues du monde !\",\"potentialAction\":[{\"@type\":\"SearchAction\",\"target\":{\"@type\":\"EntryPoint\",\"urlTemplate\":\"https:\/\/www.sorosoro.org\/es\/?s={search_term_string}\"},\"query-input\":{\"@type\":\"PropertyValueSpecification\",\"valueRequired\":true,\"valueName\":\"search_term_string\"}}],\"inLanguage\":\"es\"}]}<\/script>\n<!-- \/ Yoast SEO plugin. -->","yoast_head_json":{"title":"Lengua y cultura - Sorosoro","robots":{"index":"index","follow":"follow","max-snippet":"max-snippet:-1","max-image-preview":"max-image-preview:large","max-video-preview":"max-video-preview:-1"},"canonical":"https:\/\/www.sorosoro.org\/es\/lengua-y-cultura\/","og_locale":"es_ES","og_type":"article","og_title":"Lengua y cultura - Sorosoro","og_description":"Marie Rou\u00e9 Los samis: Un pueblo ejemplar, gracias a su capacidad para combinar tradici\u00f3n y modernidad &nbsp; Lenore Grenoble Lengua e identidad en Groenlandia &nbsp; Valentina Vapnarsky \u00a1Dejemos de encerrar a los mayas en sus pir\u00e1mides! &nbsp; Joseph Pulinthanath El Jadu Kolija, en el coraz\u00f3n de la lengua kokborok &nbsp; &nbsp;Volver a la p\u00e1gina anterior","og_url":"https:\/\/www.sorosoro.org\/es\/lengua-y-cultura\/","og_site_name":"Sorosoro","article_modified_time":"2015-09-16T17:40:48+00:00","twitter_card":"summary_large_image","schema":{"@context":"https:\/\/schema.org","@graph":[{"@type":"WebPage","@id":"https:\/\/www.sorosoro.org\/es\/lengua-y-cultura\/","url":"https:\/\/www.sorosoro.org\/es\/lengua-y-cultura\/","name":"Lengua y cultura - Sorosoro","isPartOf":{"@id":"https:\/\/www.sorosoro.org\/es\/#website"},"datePublished":"2015-09-16T16:34:01+00:00","dateModified":"2015-09-16T17:40:48+00:00","breadcrumb":{"@id":"https:\/\/www.sorosoro.org\/es\/lengua-y-cultura\/#breadcrumb"},"inLanguage":"es","potentialAction":[{"@type":"ReadAction","target":["https:\/\/www.sorosoro.org\/es\/lengua-y-cultura\/"]}]},{"@type":"BreadcrumbList","@id":"https:\/\/www.sorosoro.org\/es\/lengua-y-cultura\/#breadcrumb","itemListElement":[{"@type":"ListItem","position":1,"name":"Accueil","item":"https:\/\/www.sorosoro.org\/es\/"},{"@type":"ListItem","position":2,"name":"Lengua y cultura"}]},{"@type":"WebSite","@id":"https:\/\/www.sorosoro.org\/es\/#website","url":"https:\/\/www.sorosoro.org\/es\/","name":"Sorosoro","description":"Pour que vivent les langues du monde !","potentialAction":[{"@type":"SearchAction","target":{"@type":"EntryPoint","urlTemplate":"https:\/\/www.sorosoro.org\/es\/?s={search_term_string}"},"query-input":{"@type":"PropertyValueSpecification","valueRequired":true,"valueName":"search_term_string"}}],"inLanguage":"es"}]}},"_links":{"self":[{"href":"https:\/\/www.sorosoro.org\/es\/wp-json\/wp\/v2\/pages\/67286","targetHints":{"allow":["GET"]}}],"collection":[{"href":"https:\/\/www.sorosoro.org\/es\/wp-json\/wp\/v2\/pages"}],"about":[{"href":"https:\/\/www.sorosoro.org\/es\/wp-json\/wp\/v2\/types\/page"}],"author":[{"embeddable":true,"href":"https:\/\/www.sorosoro.org\/es\/wp-json\/wp\/v2\/users\/1"}],"replies":[{"embeddable":true,"href":"https:\/\/www.sorosoro.org\/es\/wp-json\/wp\/v2\/comments?post=67286"}],"version-history":[{"count":0,"href":"https:\/\/www.sorosoro.org\/es\/wp-json\/wp\/v2\/pages\/67286\/revisions"}],"wp:attachment":[{"href":"https:\/\/www.sorosoro.org\/es\/wp-json\/wp\/v2\/media?parent=67286"}],"curies":[{"name":"wp","href":"https:\/\/api.w.org\/{rel}","templated":true}]}}