{"id":67281,"date":"2015-09-16T18:31:45","date_gmt":"2015-09-16T16:31:45","guid":{"rendered":"http:\/\/www.sorosoro.org\/?page_id=67281"},"modified":"2015-09-16T19:29:50","modified_gmt":"2015-09-16T17:29:50","slug":"lenguas-en-grave-peligro","status":"publish","type":"page","link":"https:\/\/www.sorosoro.org\/es\/lenguas-en-grave-peligro\/","title":{"rendered":"Lenguas en grave peligro"},"content":{"rendered":"<p><strong>Fabrice Wacalie<\/strong><br \/>\n<a href=\"\/es\/2015\/09\/lenguas-kanak-en-peligro\/\">Lenguas kanak en peligro<\/a><br \/>\n&nbsp;<br \/>\n<strong>Alexandre Fran\u00e7ois<\/strong><br \/>\n<a href=\"\/es\/2015\/09\/el-vanuatu-una-diversidad-fragil\/\">El Vanuatu, una diversidad fr\u00e1gil<\/a><br \/>\n&nbsp;<br \/>\n<strong>Elise Miranda<\/strong><br \/>\n<a href=\"\/es\/2015\/09\/las-lenguas-autoctonas-en-nuevo-brunswick-un-patrimonio-amenazado\/\">Las lenguas aut\u00f3ctonas en Nuevo Brunswick: un patrimonio amenazado<\/a><br \/>\n&nbsp;<br \/>\n<strong>Anne-Ga\u00ebl Bilhaut<\/strong><br \/>\n<a href=\"\/es\/2015\/09\/cuando-faltan-locutores-a-proposito-de-la-escuela-sapara-de-ecuador\/\" >Cuando faltan locutores\u2026 a prop\u00f3sito de la escuela s\u00e1para de Ecuador<\/a><br \/>\n&nbsp;<br \/>\n<strong>Colette Grinevald<\/strong><br \/>\n<a href=\"\/es\/2015\/09\/como-ensenar-una-lengua-maternacuando-ya-no-es-lengua-materna\/\" >\u00bfC\u00f3mo ense\u00f1ar una lengua materna\u2026cuando ya no es lengua materna?<\/a><br \/>\n&nbsp;<br \/>\n<strong>Emilie Maj<\/strong><br \/>\n<a href=\"\/es\/2015\/09\/siberia-la-cuestion-de-la-lengua-materna\/\" >Siberia: la cuesti\u00f3n de la lengua materna<\/a><br \/>\n&nbsp;<br \/>\n<a href=\"\/es\/textos-por-tema\/\"><img loading=\"lazy\" decoding=\"async\" src=\"\/wp-content\/uploads\/bouton_retour.jpg\" alt=\"bouton_retour\" width=\"20\" height=\"20\" class=\"alignnone size-full wp-image-65133\" \/><\/a>&nbsp;<a href=\"\/es\/textos-por-tema\/\"><strong>Volver a la p\u00e1gina anterior<\/strong><\/a><\/p>\n","protected":false},"excerpt":{"rendered":"<p>Fabrice Wacalie Lenguas kanak en peligro &nbsp; Alexandre Fran\u00e7ois El Vanuatu, una diversidad fr\u00e1gil &nbsp; Elise Miranda Las lenguas aut\u00f3ctonas en Nuevo Brunswick: un patrimonio amenazado &nbsp; Anne-Ga\u00ebl Bilhaut Cuando faltan locutores\u2026 a prop\u00f3sito de la escuela s\u00e1para de Ecuador &nbsp; Colette Grinevald \u00bfC\u00f3mo ense\u00f1ar una lengua materna\u2026cuando ya no es lengua materna? &nbsp; Emilie [&hellip;]<\/p>\n","protected":false},"author":1,"featured_media":0,"parent":0,"menu_order":0,"comment_status":"closed","ping_status":"open","template":"","meta":{"footnotes":""},"class_list":["post-67281","page","type-page","status-publish","hentry"],"yoast_head":"<!-- This site is optimized with the Yoast SEO plugin v27.0 - https:\/\/yoast.com\/product\/yoast-seo-wordpress\/ -->\n<title>Lenguas en grave peligro - Sorosoro<\/title>\n<meta name=\"robots\" content=\"index, follow, max-snippet:-1, max-image-preview:large, max-video-preview:-1\" \/>\n<link rel=\"canonical\" href=\"https:\/\/www.sorosoro.org\/es\/lenguas-en-grave-peligro\/\" \/>\n<meta property=\"og:locale\" content=\"es_ES\" \/>\n<meta property=\"og:type\" content=\"article\" \/>\n<meta property=\"og:title\" content=\"Lenguas en grave peligro - Sorosoro\" \/>\n<meta property=\"og:description\" content=\"Fabrice Wacalie Lenguas kanak en peligro &nbsp; Alexandre Fran\u00e7ois El Vanuatu, una diversidad fr\u00e1gil &nbsp; Elise Miranda Las lenguas aut\u00f3ctonas en Nuevo Brunswick: un patrimonio amenazado &nbsp; Anne-Ga\u00ebl Bilhaut Cuando faltan locutores\u2026 a prop\u00f3sito de la escuela s\u00e1para de Ecuador &nbsp; Colette Grinevald \u00bfC\u00f3mo ense\u00f1ar una lengua materna\u2026cuando ya no es lengua materna? &nbsp; Emilie [&hellip;]\" \/>\n<meta property=\"og:url\" content=\"https:\/\/www.sorosoro.org\/es\/lenguas-en-grave-peligro\/\" \/>\n<meta property=\"og:site_name\" content=\"Sorosoro\" \/>\n<meta property=\"article:modified_time\" content=\"2015-09-16T17:29:50+00:00\" \/>\n<meta name=\"twitter:card\" content=\"summary_large_image\" \/>\n<script type=\"application\/ld+json\" class=\"yoast-schema-graph\">{\"@context\":\"https:\/\/schema.org\",\"@graph\":[{\"@type\":\"WebPage\",\"@id\":\"https:\/\/www.sorosoro.org\/es\/lenguas-en-grave-peligro\/\",\"url\":\"https:\/\/www.sorosoro.org\/es\/lenguas-en-grave-peligro\/\",\"name\":\"Lenguas en grave peligro - Sorosoro\",\"isPartOf\":{\"@id\":\"https:\/\/www.sorosoro.org\/es\/#website\"},\"datePublished\":\"2015-09-16T16:31:45+00:00\",\"dateModified\":\"2015-09-16T17:29:50+00:00\",\"breadcrumb\":{\"@id\":\"https:\/\/www.sorosoro.org\/es\/lenguas-en-grave-peligro\/#breadcrumb\"},\"inLanguage\":\"es\",\"potentialAction\":[{\"@type\":\"ReadAction\",\"target\":[\"https:\/\/www.sorosoro.org\/es\/lenguas-en-grave-peligro\/\"]}]},{\"@type\":\"BreadcrumbList\",\"@id\":\"https:\/\/www.sorosoro.org\/es\/lenguas-en-grave-peligro\/#breadcrumb\",\"itemListElement\":[{\"@type\":\"ListItem\",\"position\":1,\"name\":\"Accueil\",\"item\":\"https:\/\/www.sorosoro.org\/es\/\"},{\"@type\":\"ListItem\",\"position\":2,\"name\":\"Lenguas en grave peligro\"}]},{\"@type\":\"WebSite\",\"@id\":\"https:\/\/www.sorosoro.org\/es\/#website\",\"url\":\"https:\/\/www.sorosoro.org\/es\/\",\"name\":\"Sorosoro\",\"description\":\"Pour que vivent les langues du monde !\",\"potentialAction\":[{\"@type\":\"SearchAction\",\"target\":{\"@type\":\"EntryPoint\",\"urlTemplate\":\"https:\/\/www.sorosoro.org\/es\/?s={search_term_string}\"},\"query-input\":{\"@type\":\"PropertyValueSpecification\",\"valueRequired\":true,\"valueName\":\"search_term_string\"}}],\"inLanguage\":\"es\"}]}<\/script>\n<!-- \/ Yoast SEO plugin. -->","yoast_head_json":{"title":"Lenguas en grave peligro - Sorosoro","robots":{"index":"index","follow":"follow","max-snippet":"max-snippet:-1","max-image-preview":"max-image-preview:large","max-video-preview":"max-video-preview:-1"},"canonical":"https:\/\/www.sorosoro.org\/es\/lenguas-en-grave-peligro\/","og_locale":"es_ES","og_type":"article","og_title":"Lenguas en grave peligro - Sorosoro","og_description":"Fabrice Wacalie Lenguas kanak en peligro &nbsp; Alexandre Fran\u00e7ois El Vanuatu, una diversidad fr\u00e1gil &nbsp; Elise Miranda Las lenguas aut\u00f3ctonas en Nuevo Brunswick: un patrimonio amenazado &nbsp; Anne-Ga\u00ebl Bilhaut Cuando faltan locutores\u2026 a prop\u00f3sito de la escuela s\u00e1para de Ecuador &nbsp; Colette Grinevald \u00bfC\u00f3mo ense\u00f1ar una lengua materna\u2026cuando ya no es lengua materna? &nbsp; Emilie [&hellip;]","og_url":"https:\/\/www.sorosoro.org\/es\/lenguas-en-grave-peligro\/","og_site_name":"Sorosoro","article_modified_time":"2015-09-16T17:29:50+00:00","twitter_card":"summary_large_image","schema":{"@context":"https:\/\/schema.org","@graph":[{"@type":"WebPage","@id":"https:\/\/www.sorosoro.org\/es\/lenguas-en-grave-peligro\/","url":"https:\/\/www.sorosoro.org\/es\/lenguas-en-grave-peligro\/","name":"Lenguas en grave peligro - Sorosoro","isPartOf":{"@id":"https:\/\/www.sorosoro.org\/es\/#website"},"datePublished":"2015-09-16T16:31:45+00:00","dateModified":"2015-09-16T17:29:50+00:00","breadcrumb":{"@id":"https:\/\/www.sorosoro.org\/es\/lenguas-en-grave-peligro\/#breadcrumb"},"inLanguage":"es","potentialAction":[{"@type":"ReadAction","target":["https:\/\/www.sorosoro.org\/es\/lenguas-en-grave-peligro\/"]}]},{"@type":"BreadcrumbList","@id":"https:\/\/www.sorosoro.org\/es\/lenguas-en-grave-peligro\/#breadcrumb","itemListElement":[{"@type":"ListItem","position":1,"name":"Accueil","item":"https:\/\/www.sorosoro.org\/es\/"},{"@type":"ListItem","position":2,"name":"Lenguas en grave peligro"}]},{"@type":"WebSite","@id":"https:\/\/www.sorosoro.org\/es\/#website","url":"https:\/\/www.sorosoro.org\/es\/","name":"Sorosoro","description":"Pour que vivent les langues du monde !","potentialAction":[{"@type":"SearchAction","target":{"@type":"EntryPoint","urlTemplate":"https:\/\/www.sorosoro.org\/es\/?s={search_term_string}"},"query-input":{"@type":"PropertyValueSpecification","valueRequired":true,"valueName":"search_term_string"}}],"inLanguage":"es"}]}},"_links":{"self":[{"href":"https:\/\/www.sorosoro.org\/es\/wp-json\/wp\/v2\/pages\/67281","targetHints":{"allow":["GET"]}}],"collection":[{"href":"https:\/\/www.sorosoro.org\/es\/wp-json\/wp\/v2\/pages"}],"about":[{"href":"https:\/\/www.sorosoro.org\/es\/wp-json\/wp\/v2\/types\/page"}],"author":[{"embeddable":true,"href":"https:\/\/www.sorosoro.org\/es\/wp-json\/wp\/v2\/users\/1"}],"replies":[{"embeddable":true,"href":"https:\/\/www.sorosoro.org\/es\/wp-json\/wp\/v2\/comments?post=67281"}],"version-history":[{"count":0,"href":"https:\/\/www.sorosoro.org\/es\/wp-json\/wp\/v2\/pages\/67281\/revisions"}],"wp:attachment":[{"href":"https:\/\/www.sorosoro.org\/es\/wp-json\/wp\/v2\/media?parent=67281"}],"curies":[{"name":"wp","href":"https:\/\/api.w.org\/{rel}","templated":true}]}}