{"id":67275,"date":"2015-09-16T18:27:54","date_gmt":"2015-09-16T16:27:54","guid":{"rendered":"http:\/\/www.sorosoro.org\/?page_id=67275"},"modified":"2015-09-16T19:22:33","modified_gmt":"2015-09-16T17:22:33","slug":"lenguas-criollas","status":"publish","type":"page","link":"https:\/\/www.sorosoro.org\/es\/lenguas-criollas\/","title":{"rendered":"Lenguas criollas"},"content":{"rendered":"<p><strong>Marie-Christine Haza\u00ebl-Massieux<\/strong><br \/>\n<a href=\"\/es\/2015\/09\/preguntas-en-torno-a-la-genesis-de-las-lenguas-criollas\/\" target=\"_blank\">Preguntas en torno a la g\u00e9nesis de las lenguas criollas<\/a><br \/>\n&nbsp;<br \/>\n<strong>Nicolas Quint<\/strong><br \/>\n<a href=\"\/es\/2015\/09\/de-africa-del-oeste-a-las-antillas-los-dinamicos-creoles-portugueses\/\" target=\"_blank\">De \u00c1frica del Oeste a las Antillas, los din\u00e1micos creoles portugueses<\/a><br \/>\n&nbsp;<br \/>\n<strong>Bart Jacobs<\/strong><br \/>\n<a href=\"\/es\/2015\/09\/el-papiamento-un-criollo-que-se-porta-bien\/\" target=\"_blank\">El papiamento, un criollo que se porta bien<\/a><br \/>\n&nbsp;<br \/>\n<strong>Fritz Berg<\/strong><br \/>\n<a href=\"\/es\/2015\/09\/el-criollo-haitiano-un-lento-ascenso-en-potencia\/\" target=\"_blank\">El criollo haitiano: Un lento ascenso en potencia<\/a><br \/>\n&nbsp;<br \/>\n<a href=\"\/es\/textos-por-tema\/\"><img loading=\"lazy\" decoding=\"async\" src=\"\/wp-content\/uploads\/bouton_retour.jpg\" alt=\"bouton_retour\" width=\"20\" height=\"20\" class=\"alignnone size-full wp-image-65133\" \/><\/a>&nbsp;<a href=\"\/es\/textos-por-tema\/\"><strong>Volver a la p\u00e1gina anterior<\/strong><\/a><\/p>\n","protected":false},"excerpt":{"rendered":"<p>Marie-Christine Haza\u00ebl-Massieux Preguntas en torno a la g\u00e9nesis de las lenguas criollas &nbsp; Nicolas Quint De \u00c1frica del Oeste a las Antillas, los din\u00e1micos creoles portugueses &nbsp; Bart Jacobs El papiamento, un criollo que se porta bien &nbsp; Fritz Berg El criollo haitiano: Un lento ascenso en potencia &nbsp; &nbsp;Volver a la p\u00e1gina anterior<\/p>\n","protected":false},"author":1,"featured_media":0,"parent":0,"menu_order":0,"comment_status":"closed","ping_status":"open","template":"","meta":{"footnotes":""},"class_list":["post-67275","page","type-page","status-publish","hentry"],"yoast_head":"<!-- This site is optimized with the Yoast SEO plugin v27.0 - https:\/\/yoast.com\/product\/yoast-seo-wordpress\/ -->\n<title>Lenguas criollas - Sorosoro<\/title>\n<meta name=\"robots\" content=\"index, follow, max-snippet:-1, max-image-preview:large, max-video-preview:-1\" \/>\n<link rel=\"canonical\" href=\"https:\/\/www.sorosoro.org\/es\/lenguas-criollas\/\" \/>\n<meta property=\"og:locale\" content=\"es_ES\" \/>\n<meta property=\"og:type\" content=\"article\" \/>\n<meta property=\"og:title\" content=\"Lenguas criollas - Sorosoro\" \/>\n<meta property=\"og:description\" content=\"Marie-Christine Haza\u00ebl-Massieux Preguntas en torno a la g\u00e9nesis de las lenguas criollas &nbsp; Nicolas Quint De \u00c1frica del Oeste a las Antillas, los din\u00e1micos creoles portugueses &nbsp; Bart Jacobs El papiamento, un criollo que se porta bien &nbsp; Fritz Berg El criollo haitiano: Un lento ascenso en potencia &nbsp; &nbsp;Volver a la p\u00e1gina anterior\" \/>\n<meta property=\"og:url\" content=\"https:\/\/www.sorosoro.org\/es\/lenguas-criollas\/\" \/>\n<meta property=\"og:site_name\" content=\"Sorosoro\" \/>\n<meta property=\"article:modified_time\" content=\"2015-09-16T17:22:33+00:00\" \/>\n<meta name=\"twitter:card\" content=\"summary_large_image\" \/>\n<script type=\"application\/ld+json\" class=\"yoast-schema-graph\">{\"@context\":\"https:\/\/schema.org\",\"@graph\":[{\"@type\":\"WebPage\",\"@id\":\"https:\/\/www.sorosoro.org\/es\/lenguas-criollas\/\",\"url\":\"https:\/\/www.sorosoro.org\/es\/lenguas-criollas\/\",\"name\":\"Lenguas criollas - Sorosoro\",\"isPartOf\":{\"@id\":\"https:\/\/www.sorosoro.org\/es\/#website\"},\"datePublished\":\"2015-09-16T16:27:54+00:00\",\"dateModified\":\"2015-09-16T17:22:33+00:00\",\"breadcrumb\":{\"@id\":\"https:\/\/www.sorosoro.org\/es\/lenguas-criollas\/#breadcrumb\"},\"inLanguage\":\"es\",\"potentialAction\":[{\"@type\":\"ReadAction\",\"target\":[\"https:\/\/www.sorosoro.org\/es\/lenguas-criollas\/\"]}]},{\"@type\":\"BreadcrumbList\",\"@id\":\"https:\/\/www.sorosoro.org\/es\/lenguas-criollas\/#breadcrumb\",\"itemListElement\":[{\"@type\":\"ListItem\",\"position\":1,\"name\":\"Accueil\",\"item\":\"https:\/\/www.sorosoro.org\/es\/\"},{\"@type\":\"ListItem\",\"position\":2,\"name\":\"Lenguas criollas\"}]},{\"@type\":\"WebSite\",\"@id\":\"https:\/\/www.sorosoro.org\/es\/#website\",\"url\":\"https:\/\/www.sorosoro.org\/es\/\",\"name\":\"Sorosoro\",\"description\":\"Pour que vivent les langues du monde !\",\"potentialAction\":[{\"@type\":\"SearchAction\",\"target\":{\"@type\":\"EntryPoint\",\"urlTemplate\":\"https:\/\/www.sorosoro.org\/es\/?s={search_term_string}\"},\"query-input\":{\"@type\":\"PropertyValueSpecification\",\"valueRequired\":true,\"valueName\":\"search_term_string\"}}],\"inLanguage\":\"es\"}]}<\/script>\n<!-- \/ Yoast SEO plugin. -->","yoast_head_json":{"title":"Lenguas criollas - Sorosoro","robots":{"index":"index","follow":"follow","max-snippet":"max-snippet:-1","max-image-preview":"max-image-preview:large","max-video-preview":"max-video-preview:-1"},"canonical":"https:\/\/www.sorosoro.org\/es\/lenguas-criollas\/","og_locale":"es_ES","og_type":"article","og_title":"Lenguas criollas - Sorosoro","og_description":"Marie-Christine Haza\u00ebl-Massieux Preguntas en torno a la g\u00e9nesis de las lenguas criollas &nbsp; Nicolas Quint De \u00c1frica del Oeste a las Antillas, los din\u00e1micos creoles portugueses &nbsp; Bart Jacobs El papiamento, un criollo que se porta bien &nbsp; Fritz Berg El criollo haitiano: Un lento ascenso en potencia &nbsp; &nbsp;Volver a la p\u00e1gina anterior","og_url":"https:\/\/www.sorosoro.org\/es\/lenguas-criollas\/","og_site_name":"Sorosoro","article_modified_time":"2015-09-16T17:22:33+00:00","twitter_card":"summary_large_image","schema":{"@context":"https:\/\/schema.org","@graph":[{"@type":"WebPage","@id":"https:\/\/www.sorosoro.org\/es\/lenguas-criollas\/","url":"https:\/\/www.sorosoro.org\/es\/lenguas-criollas\/","name":"Lenguas criollas - Sorosoro","isPartOf":{"@id":"https:\/\/www.sorosoro.org\/es\/#website"},"datePublished":"2015-09-16T16:27:54+00:00","dateModified":"2015-09-16T17:22:33+00:00","breadcrumb":{"@id":"https:\/\/www.sorosoro.org\/es\/lenguas-criollas\/#breadcrumb"},"inLanguage":"es","potentialAction":[{"@type":"ReadAction","target":["https:\/\/www.sorosoro.org\/es\/lenguas-criollas\/"]}]},{"@type":"BreadcrumbList","@id":"https:\/\/www.sorosoro.org\/es\/lenguas-criollas\/#breadcrumb","itemListElement":[{"@type":"ListItem","position":1,"name":"Accueil","item":"https:\/\/www.sorosoro.org\/es\/"},{"@type":"ListItem","position":2,"name":"Lenguas criollas"}]},{"@type":"WebSite","@id":"https:\/\/www.sorosoro.org\/es\/#website","url":"https:\/\/www.sorosoro.org\/es\/","name":"Sorosoro","description":"Pour que vivent les langues du monde !","potentialAction":[{"@type":"SearchAction","target":{"@type":"EntryPoint","urlTemplate":"https:\/\/www.sorosoro.org\/es\/?s={search_term_string}"},"query-input":{"@type":"PropertyValueSpecification","valueRequired":true,"valueName":"search_term_string"}}],"inLanguage":"es"}]}},"_links":{"self":[{"href":"https:\/\/www.sorosoro.org\/es\/wp-json\/wp\/v2\/pages\/67275","targetHints":{"allow":["GET"]}}],"collection":[{"href":"https:\/\/www.sorosoro.org\/es\/wp-json\/wp\/v2\/pages"}],"about":[{"href":"https:\/\/www.sorosoro.org\/es\/wp-json\/wp\/v2\/types\/page"}],"author":[{"embeddable":true,"href":"https:\/\/www.sorosoro.org\/es\/wp-json\/wp\/v2\/users\/1"}],"replies":[{"embeddable":true,"href":"https:\/\/www.sorosoro.org\/es\/wp-json\/wp\/v2\/comments?post=67275"}],"version-history":[{"count":0,"href":"https:\/\/www.sorosoro.org\/es\/wp-json\/wp\/v2\/pages\/67275\/revisions"}],"wp:attachment":[{"href":"https:\/\/www.sorosoro.org\/es\/wp-json\/wp\/v2\/media?parent=67275"}],"curies":[{"name":"wp","href":"https:\/\/api.w.org\/{rel}","templated":true}]}}