{"id":67220,"date":"2015-09-11T15:13:35","date_gmt":"2015-09-11T13:13:35","guid":{"rendered":"http:\/\/www.sorosoro.org\/?page_id=67220"},"modified":"2015-09-29T17:13:27","modified_gmt":"2015-09-29T15:13:27","slug":"felicie-dubois-3","status":"publish","type":"page","link":"https:\/\/www.sorosoro.org\/es\/felicie-dubois-3\/","title":{"rendered":"F\u00e9licie Dubois"},"content":{"rendered":"<p><a href=\"https:\/\/www.sorosoro.org\/es\/que-significa-hablar\">Qu\u00e9 significa hablar<\/a><\/p>\n<p><a href=\"https:\/\/www.sorosoro.org\/es\/de-los-dogones-hasta-los-ch%E2%80%99tis\">De los Dogones hasta los Ch\u2019tis<\/a><\/p>\n<p><a href=\"https:\/\/www.sorosoro.org\/es\/soy-el-ultimo-de-los-mios\">Soy el \u00faltimo de los m\u00edos<\/a><\/p>\n<p><a href=\"https:\/\/www.sorosoro.org\/es\/los-sin-lengua\">Los sin lengua<\/a><br \/>\n&nbsp;<\/p>\n<p><strong>F\u00e9licie Dubois<\/strong> es una escritora francesa. Es la m\u00e1s joven del regreso literario de 1989, cuando su primera novela Maria Morena, publicada a los 23 a\u00f1os, es se\u00f1alada por la cr\u00edtica. A continuaci\u00f3n publica un libro cada a\u00f1o hasta 1993 y, despu\u00e9s de cuatro a\u00f1os dedicados a la radio y a la televisi\u00f3n, vuelve con una obra particular: L&#8217;Hypoth\u00e8se de l&#8217;argile (La Hip\u00f3tesis de la arcilla) publicada por Rapha\u00ebl Sorin en Flammarion. En N\u00e9e sous X (Nacida bajo X), explora el concepto de la identidad con un texto musical y r\u00edtmico. Es tambi\u00e9n la autora de una remarcable biograf\u00eda de Tennessee Williams. Su \u00faltima novela De l&#8217;ange \u00e0 l&#8217;hu\u00eetre (Del angel a la ostra) fue publicada en enero 2009 por Ediciones Jean Paul Bayol.\n<\/p>\n<p>Para m\u00e1s informaci\u00f3n: <a href=\"http:\/\/www.feliciedubois.com\">www.feliciedubois.com<\/a><\/p>\n","protected":false},"excerpt":{"rendered":"<p>Qu\u00e9 significa hablar De los Dogones hasta los Ch\u2019tis Soy el \u00faltimo de los m\u00edos Los sin lengua &nbsp; F\u00e9licie Dubois es una escritora francesa. Es la m\u00e1s joven del regreso literario de 1989, cuando su primera novela Maria Morena, publicada a los 23 a\u00f1os, es se\u00f1alada por la cr\u00edtica. A continuaci\u00f3n publica un libro [&hellip;]<\/p>\n","protected":false},"author":1,"featured_media":0,"parent":0,"menu_order":0,"comment_status":"closed","ping_status":"closed","template":"","meta":{"footnotes":""},"class_list":["post-67220","page","type-page","status-publish","hentry"],"yoast_head":"<!-- This site is optimized with the Yoast SEO plugin v27.0 - https:\/\/yoast.com\/product\/yoast-seo-wordpress\/ -->\n<title>F\u00e9licie Dubois - Sorosoro<\/title>\n<meta name=\"robots\" content=\"index, follow, max-snippet:-1, max-image-preview:large, max-video-preview:-1\" \/>\n<link rel=\"canonical\" href=\"https:\/\/www.sorosoro.org\/es\/felicie-dubois-3\/\" \/>\n<meta property=\"og:locale\" content=\"es_ES\" \/>\n<meta property=\"og:type\" content=\"article\" \/>\n<meta property=\"og:title\" content=\"F\u00e9licie Dubois - Sorosoro\" \/>\n<meta property=\"og:description\" content=\"Qu\u00e9 significa hablar De los Dogones hasta los Ch\u2019tis Soy el \u00faltimo de los m\u00edos Los sin lengua &nbsp; F\u00e9licie Dubois es una escritora francesa. Es la m\u00e1s joven del regreso literario de 1989, cuando su primera novela Maria Morena, publicada a los 23 a\u00f1os, es se\u00f1alada por la cr\u00edtica. A continuaci\u00f3n publica un libro [&hellip;]\" \/>\n<meta property=\"og:url\" content=\"https:\/\/www.sorosoro.org\/es\/felicie-dubois-3\/\" \/>\n<meta property=\"og:site_name\" content=\"Sorosoro\" \/>\n<meta property=\"article:modified_time\" content=\"2015-09-29T15:13:27+00:00\" \/>\n<meta name=\"twitter:card\" content=\"summary_large_image\" \/>\n<meta name=\"twitter:label1\" content=\"Tiempo de lectura\" \/>\n\t<meta name=\"twitter:data1\" content=\"1 minuto\" \/>\n<script type=\"application\/ld+json\" class=\"yoast-schema-graph\">{\"@context\":\"https:\/\/schema.org\",\"@graph\":[{\"@type\":\"WebPage\",\"@id\":\"https:\/\/www.sorosoro.org\/es\/felicie-dubois-3\/\",\"url\":\"https:\/\/www.sorosoro.org\/es\/felicie-dubois-3\/\",\"name\":\"F\u00e9licie Dubois - Sorosoro\",\"isPartOf\":{\"@id\":\"https:\/\/www.sorosoro.org\/es\/#website\"},\"datePublished\":\"2015-09-11T13:13:35+00:00\",\"dateModified\":\"2015-09-29T15:13:27+00:00\",\"breadcrumb\":{\"@id\":\"https:\/\/www.sorosoro.org\/es\/felicie-dubois-3\/#breadcrumb\"},\"inLanguage\":\"es\",\"potentialAction\":[{\"@type\":\"ReadAction\",\"target\":[\"https:\/\/www.sorosoro.org\/es\/felicie-dubois-3\/\"]}]},{\"@type\":\"BreadcrumbList\",\"@id\":\"https:\/\/www.sorosoro.org\/es\/felicie-dubois-3\/#breadcrumb\",\"itemListElement\":[{\"@type\":\"ListItem\",\"position\":1,\"name\":\"Accueil\",\"item\":\"https:\/\/www.sorosoro.org\/es\/\"},{\"@type\":\"ListItem\",\"position\":2,\"name\":\"F\u00e9licie Dubois\"}]},{\"@type\":\"WebSite\",\"@id\":\"https:\/\/www.sorosoro.org\/es\/#website\",\"url\":\"https:\/\/www.sorosoro.org\/es\/\",\"name\":\"Sorosoro\",\"description\":\"Pour que vivent les langues du monde !\",\"potentialAction\":[{\"@type\":\"SearchAction\",\"target\":{\"@type\":\"EntryPoint\",\"urlTemplate\":\"https:\/\/www.sorosoro.org\/es\/?s={search_term_string}\"},\"query-input\":{\"@type\":\"PropertyValueSpecification\",\"valueRequired\":true,\"valueName\":\"search_term_string\"}}],\"inLanguage\":\"es\"}]}<\/script>\n<!-- \/ Yoast SEO plugin. -->","yoast_head_json":{"title":"F\u00e9licie Dubois - Sorosoro","robots":{"index":"index","follow":"follow","max-snippet":"max-snippet:-1","max-image-preview":"max-image-preview:large","max-video-preview":"max-video-preview:-1"},"canonical":"https:\/\/www.sorosoro.org\/es\/felicie-dubois-3\/","og_locale":"es_ES","og_type":"article","og_title":"F\u00e9licie Dubois - Sorosoro","og_description":"Qu\u00e9 significa hablar De los Dogones hasta los Ch\u2019tis Soy el \u00faltimo de los m\u00edos Los sin lengua &nbsp; F\u00e9licie Dubois es una escritora francesa. Es la m\u00e1s joven del regreso literario de 1989, cuando su primera novela Maria Morena, publicada a los 23 a\u00f1os, es se\u00f1alada por la cr\u00edtica. A continuaci\u00f3n publica un libro [&hellip;]","og_url":"https:\/\/www.sorosoro.org\/es\/felicie-dubois-3\/","og_site_name":"Sorosoro","article_modified_time":"2015-09-29T15:13:27+00:00","twitter_card":"summary_large_image","twitter_misc":{"Tiempo de lectura":"1 minuto"},"schema":{"@context":"https:\/\/schema.org","@graph":[{"@type":"WebPage","@id":"https:\/\/www.sorosoro.org\/es\/felicie-dubois-3\/","url":"https:\/\/www.sorosoro.org\/es\/felicie-dubois-3\/","name":"F\u00e9licie Dubois - Sorosoro","isPartOf":{"@id":"https:\/\/www.sorosoro.org\/es\/#website"},"datePublished":"2015-09-11T13:13:35+00:00","dateModified":"2015-09-29T15:13:27+00:00","breadcrumb":{"@id":"https:\/\/www.sorosoro.org\/es\/felicie-dubois-3\/#breadcrumb"},"inLanguage":"es","potentialAction":[{"@type":"ReadAction","target":["https:\/\/www.sorosoro.org\/es\/felicie-dubois-3\/"]}]},{"@type":"BreadcrumbList","@id":"https:\/\/www.sorosoro.org\/es\/felicie-dubois-3\/#breadcrumb","itemListElement":[{"@type":"ListItem","position":1,"name":"Accueil","item":"https:\/\/www.sorosoro.org\/es\/"},{"@type":"ListItem","position":2,"name":"F\u00e9licie Dubois"}]},{"@type":"WebSite","@id":"https:\/\/www.sorosoro.org\/es\/#website","url":"https:\/\/www.sorosoro.org\/es\/","name":"Sorosoro","description":"Pour que vivent les langues du monde !","potentialAction":[{"@type":"SearchAction","target":{"@type":"EntryPoint","urlTemplate":"https:\/\/www.sorosoro.org\/es\/?s={search_term_string}"},"query-input":{"@type":"PropertyValueSpecification","valueRequired":true,"valueName":"search_term_string"}}],"inLanguage":"es"}]}},"_links":{"self":[{"href":"https:\/\/www.sorosoro.org\/es\/wp-json\/wp\/v2\/pages\/67220","targetHints":{"allow":["GET"]}}],"collection":[{"href":"https:\/\/www.sorosoro.org\/es\/wp-json\/wp\/v2\/pages"}],"about":[{"href":"https:\/\/www.sorosoro.org\/es\/wp-json\/wp\/v2\/types\/page"}],"author":[{"embeddable":true,"href":"https:\/\/www.sorosoro.org\/es\/wp-json\/wp\/v2\/users\/1"}],"replies":[{"embeddable":true,"href":"https:\/\/www.sorosoro.org\/es\/wp-json\/wp\/v2\/comments?post=67220"}],"version-history":[{"count":0,"href":"https:\/\/www.sorosoro.org\/es\/wp-json\/wp\/v2\/pages\/67220\/revisions"}],"wp:attachment":[{"href":"https:\/\/www.sorosoro.org\/es\/wp-json\/wp\/v2\/media?parent=67220"}],"curies":[{"name":"wp","href":"https:\/\/api.w.org\/{rel}","templated":true}]}}