{"id":67198,"date":"2015-09-11T13:23:20","date_gmt":"2015-09-11T11:23:20","guid":{"rendered":"http:\/\/www.sorosoro.org\/?page_id=67198"},"modified":"2015-09-11T14:58:46","modified_gmt":"2015-09-11T12:58:46","slug":"rozenn-milin-3","status":"publish","type":"page","link":"https:\/\/www.sorosoro.org\/es\/rozenn-milin-3\/","title":{"rendered":"Rozenn Milin"},"content":{"rendered":"<p><a href=\"\/es\/2009\/10\/el-simbolo\/\" target=\"_blank\" >El \u00ab s\u00edmbolo \u00bb<\/a><br \/>\n&nbsp;<br \/>\n<a href=\"\/es\/2010\/01\/el-simbolo-continuacion-en-burkina-faso\/\" target=\"_blank\">El s\u00edmbolo, continuaci\u00f3n : en Burkina Faso<\/a><br \/>\n&nbsp;<br \/>\n<a href=\"\/es\/2015\/09\/los-beneficios-del-plurilinguismo\/\" target=\"_blank\" >Los beneficios del plurilinguismo<\/a><br \/>\n&nbsp;<br \/>\n<a href=\"\/es\/2015\/09\/educacion-en-lengua-materna\/\" target=\"_blank\">Educaci\u00f3n en lengua materna<\/a><br \/>\n&nbsp;<br \/>\n<a href=\"\/es\/2015\/09\/la-diversidad-cultural-y-su-exitotambien-en-el-territorio-frances\/\" target=\"_blank\">\u00a1La diversidad cultural y su \u00e9xito\u2026tambi\u00e9n en el territorio franc\u00e9s!<\/a><br \/>\n&nbsp;<br \/>\n<a href=\"\/es\/2010\/02\/como-salvar-un-idioma-cuando-pierde-su-dinamismo\/\" target=\"_blank\">\u00bfC\u00f3mo salvar un idioma cuando pierde su dinamismo?<\/a><br \/>\n&nbsp;<br \/>\n<a href=\"\/es\/2015\/09\/cuando-el-mundo-academico-se-compromete-con-las-poblaciones\/\" target=\"_blank\">Cuando el mundo acad\u00e9mico se compromete con las poblaciones\u2026<\/a><br \/>\n&nbsp;<br \/>\n<a href=\"\/es\/textos-por-autor\/\"><img loading=\"lazy\" decoding=\"async\" src=\"\/wp-content\/uploads\/bouton_retour.jpg\" alt=\"bouton_retour\" width=\"20\" height=\"20\" class=\"alignnone size-full wp-image-65133\" \/><\/a>&nbsp;<a href=\"\/es\/textos-por-autor\/\"><strong>Volver a la p\u00e1gina anterior<\/strong><\/a><\/p>\n","protected":false},"excerpt":{"rendered":"<p>El \u00ab s\u00edmbolo \u00bb &nbsp; El s\u00edmbolo, continuaci\u00f3n : en Burkina Faso &nbsp; Los beneficios del plurilinguismo &nbsp; Educaci\u00f3n en lengua materna &nbsp; \u00a1La diversidad cultural y su \u00e9xito\u2026tambi\u00e9n en el territorio franc\u00e9s! &nbsp; \u00bfC\u00f3mo salvar un idioma cuando pierde su dinamismo? &nbsp; Cuando el mundo acad\u00e9mico se compromete con las poblaciones\u2026 &nbsp; &nbsp;Volver a [&hellip;]<\/p>\n","protected":false},"author":1,"featured_media":0,"parent":0,"menu_order":0,"comment_status":"closed","ping_status":"closed","template":"","meta":{"footnotes":""},"class_list":["post-67198","page","type-page","status-publish","hentry"],"yoast_head":"<!-- This site is optimized with the Yoast SEO plugin v27.0 - https:\/\/yoast.com\/product\/yoast-seo-wordpress\/ -->\n<title>Rozenn Milin - Sorosoro<\/title>\n<meta name=\"robots\" content=\"index, follow, max-snippet:-1, max-image-preview:large, max-video-preview:-1\" \/>\n<link rel=\"canonical\" href=\"https:\/\/www.sorosoro.org\/es\/rozenn-milin-3\/\" \/>\n<meta property=\"og:locale\" content=\"es_ES\" \/>\n<meta property=\"og:type\" content=\"article\" \/>\n<meta property=\"og:title\" content=\"Rozenn Milin - Sorosoro\" \/>\n<meta property=\"og:description\" content=\"El \u00ab s\u00edmbolo \u00bb &nbsp; El s\u00edmbolo, continuaci\u00f3n : en Burkina Faso &nbsp; Los beneficios del plurilinguismo &nbsp; Educaci\u00f3n en lengua materna &nbsp; \u00a1La diversidad cultural y su \u00e9xito\u2026tambi\u00e9n en el territorio franc\u00e9s! &nbsp; \u00bfC\u00f3mo salvar un idioma cuando pierde su dinamismo? &nbsp; Cuando el mundo acad\u00e9mico se compromete con las poblaciones\u2026 &nbsp; &nbsp;Volver a [&hellip;]\" \/>\n<meta property=\"og:url\" content=\"https:\/\/www.sorosoro.org\/es\/rozenn-milin-3\/\" \/>\n<meta property=\"og:site_name\" content=\"Sorosoro\" \/>\n<meta property=\"article:modified_time\" content=\"2015-09-11T12:58:46+00:00\" \/>\n<meta name=\"twitter:card\" content=\"summary_large_image\" \/>\n<script type=\"application\/ld+json\" class=\"yoast-schema-graph\">{\"@context\":\"https:\/\/schema.org\",\"@graph\":[{\"@type\":\"WebPage\",\"@id\":\"https:\/\/www.sorosoro.org\/es\/rozenn-milin-3\/\",\"url\":\"https:\/\/www.sorosoro.org\/es\/rozenn-milin-3\/\",\"name\":\"Rozenn Milin - Sorosoro\",\"isPartOf\":{\"@id\":\"https:\/\/www.sorosoro.org\/es\/#website\"},\"datePublished\":\"2015-09-11T11:23:20+00:00\",\"dateModified\":\"2015-09-11T12:58:46+00:00\",\"breadcrumb\":{\"@id\":\"https:\/\/www.sorosoro.org\/es\/rozenn-milin-3\/#breadcrumb\"},\"inLanguage\":\"es\",\"potentialAction\":[{\"@type\":\"ReadAction\",\"target\":[\"https:\/\/www.sorosoro.org\/es\/rozenn-milin-3\/\"]}]},{\"@type\":\"BreadcrumbList\",\"@id\":\"https:\/\/www.sorosoro.org\/es\/rozenn-milin-3\/#breadcrumb\",\"itemListElement\":[{\"@type\":\"ListItem\",\"position\":1,\"name\":\"Accueil\",\"item\":\"https:\/\/www.sorosoro.org\/es\/\"},{\"@type\":\"ListItem\",\"position\":2,\"name\":\"Rozenn Milin\"}]},{\"@type\":\"WebSite\",\"@id\":\"https:\/\/www.sorosoro.org\/es\/#website\",\"url\":\"https:\/\/www.sorosoro.org\/es\/\",\"name\":\"Sorosoro\",\"description\":\"Pour que vivent les langues du monde !\",\"potentialAction\":[{\"@type\":\"SearchAction\",\"target\":{\"@type\":\"EntryPoint\",\"urlTemplate\":\"https:\/\/www.sorosoro.org\/es\/?s={search_term_string}\"},\"query-input\":{\"@type\":\"PropertyValueSpecification\",\"valueRequired\":true,\"valueName\":\"search_term_string\"}}],\"inLanguage\":\"es\"}]}<\/script>\n<!-- \/ Yoast SEO plugin. -->","yoast_head_json":{"title":"Rozenn Milin - Sorosoro","robots":{"index":"index","follow":"follow","max-snippet":"max-snippet:-1","max-image-preview":"max-image-preview:large","max-video-preview":"max-video-preview:-1"},"canonical":"https:\/\/www.sorosoro.org\/es\/rozenn-milin-3\/","og_locale":"es_ES","og_type":"article","og_title":"Rozenn Milin - Sorosoro","og_description":"El \u00ab s\u00edmbolo \u00bb &nbsp; El s\u00edmbolo, continuaci\u00f3n : en Burkina Faso &nbsp; Los beneficios del plurilinguismo &nbsp; Educaci\u00f3n en lengua materna &nbsp; \u00a1La diversidad cultural y su \u00e9xito\u2026tambi\u00e9n en el territorio franc\u00e9s! &nbsp; \u00bfC\u00f3mo salvar un idioma cuando pierde su dinamismo? &nbsp; Cuando el mundo acad\u00e9mico se compromete con las poblaciones\u2026 &nbsp; &nbsp;Volver a [&hellip;]","og_url":"https:\/\/www.sorosoro.org\/es\/rozenn-milin-3\/","og_site_name":"Sorosoro","article_modified_time":"2015-09-11T12:58:46+00:00","twitter_card":"summary_large_image","schema":{"@context":"https:\/\/schema.org","@graph":[{"@type":"WebPage","@id":"https:\/\/www.sorosoro.org\/es\/rozenn-milin-3\/","url":"https:\/\/www.sorosoro.org\/es\/rozenn-milin-3\/","name":"Rozenn Milin - Sorosoro","isPartOf":{"@id":"https:\/\/www.sorosoro.org\/es\/#website"},"datePublished":"2015-09-11T11:23:20+00:00","dateModified":"2015-09-11T12:58:46+00:00","breadcrumb":{"@id":"https:\/\/www.sorosoro.org\/es\/rozenn-milin-3\/#breadcrumb"},"inLanguage":"es","potentialAction":[{"@type":"ReadAction","target":["https:\/\/www.sorosoro.org\/es\/rozenn-milin-3\/"]}]},{"@type":"BreadcrumbList","@id":"https:\/\/www.sorosoro.org\/es\/rozenn-milin-3\/#breadcrumb","itemListElement":[{"@type":"ListItem","position":1,"name":"Accueil","item":"https:\/\/www.sorosoro.org\/es\/"},{"@type":"ListItem","position":2,"name":"Rozenn Milin"}]},{"@type":"WebSite","@id":"https:\/\/www.sorosoro.org\/es\/#website","url":"https:\/\/www.sorosoro.org\/es\/","name":"Sorosoro","description":"Pour que vivent les langues du monde !","potentialAction":[{"@type":"SearchAction","target":{"@type":"EntryPoint","urlTemplate":"https:\/\/www.sorosoro.org\/es\/?s={search_term_string}"},"query-input":{"@type":"PropertyValueSpecification","valueRequired":true,"valueName":"search_term_string"}}],"inLanguage":"es"}]}},"_links":{"self":[{"href":"https:\/\/www.sorosoro.org\/es\/wp-json\/wp\/v2\/pages\/67198","targetHints":{"allow":["GET"]}}],"collection":[{"href":"https:\/\/www.sorosoro.org\/es\/wp-json\/wp\/v2\/pages"}],"about":[{"href":"https:\/\/www.sorosoro.org\/es\/wp-json\/wp\/v2\/types\/page"}],"author":[{"embeddable":true,"href":"https:\/\/www.sorosoro.org\/es\/wp-json\/wp\/v2\/users\/1"}],"replies":[{"embeddable":true,"href":"https:\/\/www.sorosoro.org\/es\/wp-json\/wp\/v2\/comments?post=67198"}],"version-history":[{"count":0,"href":"https:\/\/www.sorosoro.org\/es\/wp-json\/wp\/v2\/pages\/67198\/revisions"}],"wp:attachment":[{"href":"https:\/\/www.sorosoro.org\/es\/wp-json\/wp\/v2\/media?parent=67198"}],"curies":[{"name":"wp","href":"https:\/\/api.w.org\/{rel}","templated":true}]}}