{"id":67167,"date":"2015-09-10T23:02:19","date_gmt":"2015-09-10T21:02:19","guid":{"rendered":"http:\/\/www.sorosoro.org\/?page_id=67167"},"modified":"2015-09-11T16:11:05","modified_gmt":"2015-09-11T14:11:05","slug":"textos-por-autor","status":"publish","type":"page","link":"https:\/\/www.sorosoro.org\/es\/textos-por-autor\/","title":{"rendered":"Textos por autor"},"content":{"rendered":"<table width=\"750\" border=\"0\" cellspacing=\"0\" cellpadding=\"5\">\n<tr>\n<td>\n<h5>A \u00e0 J<\/h5>\n<\/td>\n<td>\n<h5>K \u00e0 Z<\/h5>\n<\/td>\n<\/tr>\n<tr>\n<td>\n<p><a href=\"\/es\/2015\/09\/defensa-en-favor-el-plurilinguismo-de-los-ninos-nacidos-de-la-inmigracion\/\" target=\"_blank\">Barbara <strong>Abdelilah-Bauer<\/strong><\/a><\/p>\n<\/td>\n<td>\n<p><a href=\"\/es\/2015\/09\/la-ensenanza-en-lengua-materna-en-la-francia-de-ultramar\/\" target=\"_blank\">Michel <strong>Launey<\/strong><\/a><\/p>\n<\/td>\n<\/tr>\n<tr>\n<td>\n<p><a href=\"\/es\/2015\/09\/el-esperanto-una-lengua-que-se-escoge\/\" target=\"_blank\">Yevgeniya <strong>Amis<\/strong><\/a><\/p>\n<\/td>\n<td>\n<p><a href=\"\/es\/2015\/09\/contar-en-su-lengua-para-contar-mejor-en-la-otra\/\" target=\"_blank\">G\u00e9rard <strong>Lavigne<\/strong><\/a><\/p>\n<\/td>\n<\/tr>\n<tr>\n<td>\n<p><a href=\"\/es\/2015\/09\/el-criollo-haitiano-un-lento-ascenso-en-potencia\/\" target=\"_blank\">Fritz <strong>Berg<\/strong><\/a><\/p>\n<\/td>\n<td>\n<p><a href=\"\/es\/2015\/09\/siberia-la-cuestion-de-la-lengua-materna\/\" target=\"_blank\">Emilie <strong>Maj<\/strong><\/a><\/p>\n<\/td>\n<\/tr>\n<tr>\n<td>\n<p><a href=\"\/es\/2015\/09\/cuando-faltan-locutores-a-proposito-de-la-escuela-sapara-de-ecuador\/\" target=\"_blank\">Anne-Ga\u00ebl<strong> Bilhaut<\/strong><\/a><\/p>\n<\/td>\n<td>\n<p><a href=\"\/es\/2015\/09\/el-plurilinguismo-en-africa-y-en-el-escrito\/\" target=\"_blank\">A\u00efssatou <strong>Mbodj<\/strong><\/a><\/p>\n<\/td>\n<\/tr>\n<tr>\n<td>\n<p><a href=\"\/es\/2015\/09\/el-multilinguismo-en-la-republica-de-saja-yakutia\/\" target=\"_blank\">Natalia <strong>Bochkareva<\/strong><\/a><\/p>\n<\/td>\n<td>\n<p><a href=\"\/es\/rozenn-milin-3\/\" target=\"_blank\">Rozenn <strong>Milin<\/strong><\/a><\/p>\n<\/td>\n<\/tr>\n<tr>\n<td>\n<p><a href=\"\/es\/james-costa-3\/\" target=\"_blank\">James <strong>Costa<\/strong><\/a><\/p>\n<\/td>\n<td>\n<p><a href=\"\/es\/2015\/09\/las-lenguas-autoctonas-en-nuevo-brunswick-un-patrimonio-amenazado\/\" target=\"_blank\">Elise <strong>Miranda<\/strong><\/a><\/p>\n<\/td>\n<\/tr>\n<tr>\n<td>\n<p><a href=\"\/es\/2015\/09\/del-monolinguismo-popular-tradicional-al-monolinguismo-de-lengua-de-estado-un-obstaculo-para-el-plurilinguismo\/\" target=\"_blank\">Denis <strong>Costaouec<\/strong><\/a><\/p>\n<\/td>\n<td>\n<p><a href=\"\/es\/claire-moyse-faurie\/\" target=\"_blank\">Claire <strong>Moyse-Faurie<\/strong><\/a><\/p>\n<\/td>\n<\/tr>\n<tr>\n<td>\n<p><a href=\"\/es\/felicie-dubois-3\/\" target=\"_blank\">F\u00e9licie <strong>Dubois<\/strong><\/a><\/p>\n<\/td>\n<td>\n<p><a href=\"\/es\/2015\/09\/la-resistencia-monolingue-guarani-en-paraguay\/\" target=\"_blank\">Christine <strong>Pic-Gillard<\/strong><\/a><\/p>\n<\/td>\n<\/tr>\n<tr>\n<td>\n<p><a href=\"\/es\/2015\/09\/la-revitalizacion-del-navajo-en-estados-unidos\/\" target=\"_blank\">Lucia <strong>Dumont<\/strong><\/a><\/p>\n<\/td>\n<td>\n<p><a href=\"\/es\/2015\/09\/como-ensenar-una-lengua-maternacuando-ya-no-es-lengua-materna\/\" target=\"_blank\">B\u00e9n\u00e9dicte <strong>Pivot<\/strong><\/a><\/p>\n<\/td>\n<\/tr>\n<tr>\n<td>\n<p><a href=\"\/es\/2015\/09\/la-ecologia-linguistica-en-luxemburgo\/\" target=\"_blank\">Sabine <strong>Ehrhart<\/strong><\/a><\/p>\n<\/td>\n<td>\n<p><a href=\"\/es\/maia-ponsonnet\/\" target=\"_blank\">Ma\u00efa <strong>Ponsonnet<\/strong><\/a><\/p>\n<\/td>\n<\/tr>\n<tr>\n<td>\n<p><a href=\"\/es\/2015\/09\/una-experiencia-escolar-bilingue-guaraniportugues-en-brasil\/\" target=\"_blank\">Andr\u00e9a <strong>Eichenberger<\/strong><\/a><\/p>\n<\/td>\n<td>\n<p><a href=\"\/es\/2015\/09\/el-jadu-kolija-en-el-corazon-de-la-lengua-kokborok\/\" target=\"_blank\">Joseph <strong>Pulinthanath<\/strong><\/a><\/p>\n<\/td>\n<\/tr>\n<tr>\n<td>\n<p><a href=\"\/es\/alexandre-francois\/\" target=\"_blank\">Alexandre <strong>Fran\u00e7ois<\/strong><\/a><\/p>\n<\/td>\n<td>\n<p><a href=\"\/es\/2015\/09\/de-africa-del-oeste-a-las-antillas-los-dinamicos-creoles-portugueses\/\" target=\"_blank\">Nicolas <strong>Quint<\/strong><\/a><\/p>\n<\/td>\n<\/tr>\n<tr>\n<td>\n<p><a href=\"\/es\/2015\/09\/testimonio-de-una-linguista-de-campo-en-amazonia\/\" target=\"_blank\">Elsa <strong>Gomez-Imbert<\/strong><\/a><\/p>\n<\/td>\n<td>\n<p><a href=\"\/es\/el-elfico-de-tolkien\/\" target=\"_blank\">Thorsten <strong>Renk<\/strong><\/a><\/p>\n<\/td>\n<\/tr>\n<tr>\n<td>\n<p><a href=\"\/es\/2015\/09\/lengua-e-identidad-en-groenlandia\/\" target=\"_blank\">Lenore <strong>Grenoble<\/strong><\/a><\/p>\n<\/td>\n<td>\n<p><a href=\"\/es\/2015\/09\/los-samis-un-pueblo-ejemplar-gracias-a-su-capacidad-para-combinar-tradicion-y-modernidad\/\" target=\"_blank\">Marie <strong>Rou\u00e9<\/strong><\/a><\/p>\n<\/td>\n<\/tr>\n<tr>\n<td>\n<p><a href=\"\/es\/colette-grinevald\/\" target=\"_blank\">Colette <strong>Grinevald<\/strong><\/a><\/p>\n<\/td>\n<td>\n<p><a href=\"\/es\/tove-skutnabb-kangas\/\" target=\"_blank\">Tove <strong>Skutnabb-Kangas<\/strong><\/a><\/p>\n<\/td>\n<\/tr>\n<tr>\n<td>\n<p><a href=\"\/es\/2015\/09\/algunas-reflexiones-sobre-el-bilinguismo\/\" target=\"_blank\">Fran\u00e7ois <strong>Grosjean<\/strong><\/a><\/p>\n<\/td>\n<td>\n<p><a href=\"\/es\/anna-stevanato\/\" target=\"_blank\">Anna <strong>Stevanato<\/strong><\/a><\/p>\n<\/td>\n<\/tr>\n<tr>\n<td>\n<p><a href=\"\/es\/2015\/09\/la-traduccion-como-herramienta-necesaria-para-el-plurilinguismo\/\" target=\"_blank\">Astrid <strong>Guillaume<\/strong><\/a><\/p>\n<\/td>\n<td>\n<p><a href=\"\/es\/2015\/09\/las-lenguas-kanak-en-la-escuela-en-nueva-caledonia-un-largo-camino\/\" target=\"_blank\">Jacques <strong>Vernaudon<\/strong><\/a><\/p>\n<\/td>\n<\/tr>\n<tr>\n<td>\n<p><a href=\"\/es\/2015\/09\/preguntas-en-torno-a-la-genesis-de-las-lenguas-criollas\/\" target=\"_blank\">Marie-Christine <strong>Haza\u00ebl-Massieux<\/strong><\/a><\/p>\n<\/td>\n<td>\n<p><a href=\"\/es\/2015\/09\/dejemos-de-encerrar-a-los-mayas-en-sus-piramides\/\" target=\"_blank\">Valentina <strong>Vapnarsky<\/strong><\/a><\/p>\n<\/td>\n<\/tr>\n<tr>\n<td>\n<p><a href=\"\/es\/2015\/09\/la-ensenanza-en-maori-en-nueva-zelanda-su-progreso-y-lo-que-esta-en-juego\/\" target=\"_blank\">Richard <strong>Hill<\/strong><\/a><\/p>\n<\/td>\n<td>\n<p><a href=\"\/es\/2015\/09\/cual-es-el-lugar-del-occitano-en-la-republica-francesa\/\" target=\"_blank\">Marie-Jeanne <strong>Verny<\/strong><\/a><\/p>\n<\/td>\n<\/tr>\n<tr>\n<td>\n<p><a href=\"\/es\/2015\/09\/inuits-de-groenlandia-y-problemas-de-ensenanza-de-las-lenguas\/\" target=\"_blank\">Jean-Michel <strong>Huctin<\/strong><\/a><\/p>\n<\/td>\n<td>\n<p><a href=\"\/es\/2015\/09\/lenguas-kanak-en-peligro\/\" target=\"_blank\">Fabrice <strong>Wacalie<\/strong><\/a><\/p>\n<\/td>\n<\/tr>\n<tr>\n<td>\n<p><a href=\"\/es\/2015\/09\/el-papiamento-un-criollo-que-se-porta-bien\/\" target=\"_blank\">Bart <strong>Jacobs<\/strong><\/a><\/p>\n<\/td>\n<td>\n<p><a href=\"\/es\/2015\/09\/el-multilinguismo-una-practica-generalizada-en-pakistan\/\" target=\"_blank\">Matthias <strong>Weinreich<\/strong><\/a><\/p>\n<\/td>\n<\/tr>\n<tr>\n<td>\n<p><a href=\"\/es\/2015\/09\/el-plurilinguismo-en-senegal\/\" target=\"_blank\">Caroline <strong>Juillard<\/strong><\/a><\/p>\n<\/td>\n<td>&nbsp;<\/td>\n<\/tr>\n<tr>\n<td>\n<p>&nbsp;<\/p>\n<\/td>\n<td>&nbsp;<\/td>\n<\/tr>\n<tr>\n<td>\n<p>&nbsp;<\/p>\n<\/td>\n<td>&nbsp;<\/td>\n<\/tr>\n<tr>\n<td>\n<p>&nbsp;<\/p>\n<\/td>\n<td>&nbsp;<\/td>\n<\/tr>\n<tr>\n<td>\n<p>&nbsp;<\/p>\n<\/td>\n<td>&nbsp;<\/td>\n<\/tr>\n<tr>\n<td>\n<p>&nbsp;<\/p>\n<\/td>\n<td>&nbsp;<\/td>\n<\/tr>\n<tr>\n<td>\n<p>&nbsp;<\/p>\n<\/td>\n<td>&nbsp;<\/td>\n<\/tr>\n<tr>\n<td>\n<p>&nbsp;<\/p>\n<\/td>\n<td>&nbsp;<\/td>\n<\/tr>\n<\/table>\n","protected":false},"excerpt":{"rendered":"<p>A \u00e0 J K \u00e0 Z Barbara Abdelilah-Bauer Michel Launey Yevgeniya Amis G\u00e9rard Lavigne Fritz Berg Emilie Maj Anne-Ga\u00ebl Bilhaut A\u00efssatou Mbodj Natalia Bochkareva Rozenn Milin James Costa Elise Miranda Denis Costaouec Claire Moyse-Faurie F\u00e9licie Dubois Christine Pic-Gillard Lucia Dumont B\u00e9n\u00e9dicte Pivot Sabine Ehrhart Ma\u00efa Ponsonnet Andr\u00e9a Eichenberger Joseph Pulinthanath Alexandre Fran\u00e7ois Nicolas Quint Elsa [&hellip;]<\/p>\n","protected":false},"author":1,"featured_media":0,"parent":0,"menu_order":2,"comment_status":"closed","ping_status":"open","template":"","meta":{"footnotes":""},"class_list":["post-67167","page","type-page","status-publish","hentry"],"yoast_head":"<!-- This site is optimized with the Yoast SEO plugin v27.0 - https:\/\/yoast.com\/product\/yoast-seo-wordpress\/ -->\n<title>Textos por autor - Sorosoro<\/title>\n<meta name=\"robots\" content=\"index, follow, max-snippet:-1, max-image-preview:large, max-video-preview:-1\" \/>\n<link rel=\"canonical\" href=\"https:\/\/www.sorosoro.org\/es\/textos-por-autor\/\" \/>\n<meta property=\"og:locale\" content=\"es_ES\" \/>\n<meta property=\"og:type\" content=\"article\" \/>\n<meta property=\"og:title\" content=\"Textos por autor - Sorosoro\" \/>\n<meta property=\"og:description\" content=\"A \u00e0 J K \u00e0 Z Barbara Abdelilah-Bauer Michel Launey Yevgeniya Amis G\u00e9rard Lavigne Fritz Berg Emilie Maj Anne-Ga\u00ebl Bilhaut A\u00efssatou Mbodj Natalia Bochkareva Rozenn Milin James Costa Elise Miranda Denis Costaouec Claire Moyse-Faurie F\u00e9licie Dubois Christine Pic-Gillard Lucia Dumont B\u00e9n\u00e9dicte Pivot Sabine Ehrhart Ma\u00efa Ponsonnet Andr\u00e9a Eichenberger Joseph Pulinthanath Alexandre Fran\u00e7ois Nicolas Quint Elsa [&hellip;]\" \/>\n<meta property=\"og:url\" content=\"https:\/\/www.sorosoro.org\/es\/textos-por-autor\/\" \/>\n<meta property=\"og:site_name\" content=\"Sorosoro\" \/>\n<meta property=\"article:modified_time\" content=\"2015-09-11T14:11:05+00:00\" \/>\n<meta name=\"twitter:card\" content=\"summary_large_image\" \/>\n<meta name=\"twitter:label1\" content=\"Tiempo de lectura\" \/>\n\t<meta name=\"twitter:data1\" content=\"1 minuto\" \/>\n<script type=\"application\/ld+json\" class=\"yoast-schema-graph\">{\"@context\":\"https:\/\/schema.org\",\"@graph\":[{\"@type\":\"WebPage\",\"@id\":\"https:\/\/www.sorosoro.org\/es\/textos-por-autor\/\",\"url\":\"https:\/\/www.sorosoro.org\/es\/textos-por-autor\/\",\"name\":\"Textos por autor - Sorosoro\",\"isPartOf\":{\"@id\":\"https:\/\/www.sorosoro.org\/es\/#website\"},\"datePublished\":\"2015-09-10T21:02:19+00:00\",\"dateModified\":\"2015-09-11T14:11:05+00:00\",\"breadcrumb\":{\"@id\":\"https:\/\/www.sorosoro.org\/es\/textos-por-autor\/#breadcrumb\"},\"inLanguage\":\"es\",\"potentialAction\":[{\"@type\":\"ReadAction\",\"target\":[\"https:\/\/www.sorosoro.org\/es\/textos-por-autor\/\"]}]},{\"@type\":\"BreadcrumbList\",\"@id\":\"https:\/\/www.sorosoro.org\/es\/textos-por-autor\/#breadcrumb\",\"itemListElement\":[{\"@type\":\"ListItem\",\"position\":1,\"name\":\"Accueil\",\"item\":\"https:\/\/www.sorosoro.org\/es\/\"},{\"@type\":\"ListItem\",\"position\":2,\"name\":\"Textos por autor\"}]},{\"@type\":\"WebSite\",\"@id\":\"https:\/\/www.sorosoro.org\/es\/#website\",\"url\":\"https:\/\/www.sorosoro.org\/es\/\",\"name\":\"Sorosoro\",\"description\":\"Pour que vivent les langues du monde !\",\"potentialAction\":[{\"@type\":\"SearchAction\",\"target\":{\"@type\":\"EntryPoint\",\"urlTemplate\":\"https:\/\/www.sorosoro.org\/es\/?s={search_term_string}\"},\"query-input\":{\"@type\":\"PropertyValueSpecification\",\"valueRequired\":true,\"valueName\":\"search_term_string\"}}],\"inLanguage\":\"es\"}]}<\/script>\n<!-- \/ Yoast SEO plugin. -->","yoast_head_json":{"title":"Textos por autor - Sorosoro","robots":{"index":"index","follow":"follow","max-snippet":"max-snippet:-1","max-image-preview":"max-image-preview:large","max-video-preview":"max-video-preview:-1"},"canonical":"https:\/\/www.sorosoro.org\/es\/textos-por-autor\/","og_locale":"es_ES","og_type":"article","og_title":"Textos por autor - Sorosoro","og_description":"A \u00e0 J K \u00e0 Z Barbara Abdelilah-Bauer Michel Launey Yevgeniya Amis G\u00e9rard Lavigne Fritz Berg Emilie Maj Anne-Ga\u00ebl Bilhaut A\u00efssatou Mbodj Natalia Bochkareva Rozenn Milin James Costa Elise Miranda Denis Costaouec Claire Moyse-Faurie F\u00e9licie Dubois Christine Pic-Gillard Lucia Dumont B\u00e9n\u00e9dicte Pivot Sabine Ehrhart Ma\u00efa Ponsonnet Andr\u00e9a Eichenberger Joseph Pulinthanath Alexandre Fran\u00e7ois Nicolas Quint Elsa [&hellip;]","og_url":"https:\/\/www.sorosoro.org\/es\/textos-por-autor\/","og_site_name":"Sorosoro","article_modified_time":"2015-09-11T14:11:05+00:00","twitter_card":"summary_large_image","twitter_misc":{"Tiempo de lectura":"1 minuto"},"schema":{"@context":"https:\/\/schema.org","@graph":[{"@type":"WebPage","@id":"https:\/\/www.sorosoro.org\/es\/textos-por-autor\/","url":"https:\/\/www.sorosoro.org\/es\/textos-por-autor\/","name":"Textos por autor - Sorosoro","isPartOf":{"@id":"https:\/\/www.sorosoro.org\/es\/#website"},"datePublished":"2015-09-10T21:02:19+00:00","dateModified":"2015-09-11T14:11:05+00:00","breadcrumb":{"@id":"https:\/\/www.sorosoro.org\/es\/textos-por-autor\/#breadcrumb"},"inLanguage":"es","potentialAction":[{"@type":"ReadAction","target":["https:\/\/www.sorosoro.org\/es\/textos-por-autor\/"]}]},{"@type":"BreadcrumbList","@id":"https:\/\/www.sorosoro.org\/es\/textos-por-autor\/#breadcrumb","itemListElement":[{"@type":"ListItem","position":1,"name":"Accueil","item":"https:\/\/www.sorosoro.org\/es\/"},{"@type":"ListItem","position":2,"name":"Textos por autor"}]},{"@type":"WebSite","@id":"https:\/\/www.sorosoro.org\/es\/#website","url":"https:\/\/www.sorosoro.org\/es\/","name":"Sorosoro","description":"Pour que vivent les langues du monde !","potentialAction":[{"@type":"SearchAction","target":{"@type":"EntryPoint","urlTemplate":"https:\/\/www.sorosoro.org\/es\/?s={search_term_string}"},"query-input":{"@type":"PropertyValueSpecification","valueRequired":true,"valueName":"search_term_string"}}],"inLanguage":"es"}]}},"_links":{"self":[{"href":"https:\/\/www.sorosoro.org\/es\/wp-json\/wp\/v2\/pages\/67167","targetHints":{"allow":["GET"]}}],"collection":[{"href":"https:\/\/www.sorosoro.org\/es\/wp-json\/wp\/v2\/pages"}],"about":[{"href":"https:\/\/www.sorosoro.org\/es\/wp-json\/wp\/v2\/types\/page"}],"author":[{"embeddable":true,"href":"https:\/\/www.sorosoro.org\/es\/wp-json\/wp\/v2\/users\/1"}],"replies":[{"embeddable":true,"href":"https:\/\/www.sorosoro.org\/es\/wp-json\/wp\/v2\/comments?post=67167"}],"version-history":[{"count":0,"href":"https:\/\/www.sorosoro.org\/es\/wp-json\/wp\/v2\/pages\/67167\/revisions"}],"wp:attachment":[{"href":"https:\/\/www.sorosoro.org\/es\/wp-json\/wp\/v2\/media?parent=67167"}],"curies":[{"name":"wp","href":"https:\/\/api.w.org\/{rel}","templated":true}]}}