{"id":65183,"date":"2015-06-11T13:42:41","date_gmt":"2015-06-11T11:42:41","guid":{"rendered":"http:\/\/www.sorosoro.org\/?page_id=65183"},"modified":"2015-09-11T17:22:34","modified_gmt":"2015-09-11T15:22:34","slug":"los-koines","status":"publish","type":"page","link":"https:\/\/www.sorosoro.org\/es\/los-koines\/","title":{"rendered":"Los koin\u00e9s"},"content":{"rendered":"<p style=\"text-align: justify;\">Una koin\u00e9 es una variante del \u201cinter-dialecto\u201d de una lengua. Cuando existen numerosas variaciones dialectales de una lengua, puede ocurrir que por consenso se desarrolla una forma com\u00fan, comprensible por todos los hablantes de los diferentes dialectos de una misma\u00a0 lengua. El nombre viene del primer ejemplo conocido hist\u00f3ricamente, el griego koin\u00e9 ( \u00ablenguaje com\u00fan\u00bb) que ha permitido, en la antig\u00fcedad griega tard\u00eda, a todas las entidades pol\u00edticas griegas, mantener\u00a0 relaciones comerciales y diplom\u00e1ticas a pesar de tener cada una su propio dialecto. Se practicaba en toda la cuenca mediterr\u00e1nea. Y al parecer, es la forma ancestral del griego moderno. Aunque una koin\u00e9 es una construcci\u00f3n artificial, debido a su prestigio social, algunos padres la transmiten a sus hijos en lugar de su\u00a0 propia variaci\u00f3n dialectal.<\/p>\n<p style=\"text-align: justify;\">Hay ejemplos contempor\u00e1neos de koin\u00e9s. Como es el caso del \u00e1rabe est\u00e1ndar moderno, en comparaci\u00f3n con el \u00e1rabe dialectal, o el vasco unificado (el batua), el idioma oficial del Pa\u00eds Vasco.<\/p>\n<p>&nbsp;<br \/>\n<a href=\"\/es\/todo-sobre-las-lenguas-en-el-mundo\/los-nuevos-lenguajes\/\"><img loading=\"lazy\" decoding=\"async\" src=\"\/wp-content\/uploads\/bouton_retour.jpg\" alt=\"bouton_retour\" width=\"20\" height=\"20\" class=\"alignnone size-full wp-image-65133\" \/><\/a>&nbsp;<a href=\"\/es\/todo-sobre-las-lenguas-en-el-mundo\/los-nuevos-lenguajes\/\"><strong>Volver a la p\u00e1gina anterior<\/strong><\/a><\/p>\n","protected":false},"excerpt":{"rendered":"<p>Una koin\u00e9 es una variante del \u201cinter-dialecto\u201d de una lengua. Cuando existen numerosas variaciones dialectales de una lengua, puede ocurrir que por consenso se desarrolla una forma com\u00fan, comprensible por todos los hablantes de los diferentes dialectos de una misma\u00a0 lengua. El nombre viene del primer ejemplo conocido hist\u00f3ricamente, el griego koin\u00e9 ( \u00ablenguaje com\u00fan\u00bb) [&hellip;]<\/p>\n","protected":false},"author":1,"featured_media":0,"parent":0,"menu_order":0,"comment_status":"closed","ping_status":"open","template":"","meta":{"footnotes":""},"class_list":["post-65183","page","type-page","status-publish","hentry"],"yoast_head":"<!-- This site is optimized with the Yoast SEO plugin v27.0 - https:\/\/yoast.com\/product\/yoast-seo-wordpress\/ -->\n<title>Los koin\u00e9s - Sorosoro<\/title>\n<meta name=\"robots\" content=\"index, follow, max-snippet:-1, max-image-preview:large, max-video-preview:-1\" \/>\n<link rel=\"canonical\" href=\"https:\/\/www.sorosoro.org\/es\/los-koines\/\" \/>\n<meta property=\"og:locale\" content=\"es_ES\" \/>\n<meta property=\"og:type\" content=\"article\" \/>\n<meta property=\"og:title\" content=\"Los koin\u00e9s - Sorosoro\" \/>\n<meta property=\"og:description\" content=\"Una koin\u00e9 es una variante del \u201cinter-dialecto\u201d de una lengua. Cuando existen numerosas variaciones dialectales de una lengua, puede ocurrir que por consenso se desarrolla una forma com\u00fan, comprensible por todos los hablantes de los diferentes dialectos de una misma\u00a0 lengua. El nombre viene del primer ejemplo conocido hist\u00f3ricamente, el griego koin\u00e9 ( \u00ablenguaje com\u00fan\u00bb) [&hellip;]\" \/>\n<meta property=\"og:url\" content=\"https:\/\/www.sorosoro.org\/es\/los-koines\/\" \/>\n<meta property=\"og:site_name\" content=\"Sorosoro\" \/>\n<meta property=\"article:modified_time\" content=\"2015-09-11T15:22:34+00:00\" \/>\n<meta name=\"twitter:card\" content=\"summary_large_image\" \/>\n<meta name=\"twitter:label1\" content=\"Tiempo de lectura\" \/>\n\t<meta name=\"twitter:data1\" content=\"1 minuto\" \/>\n<script type=\"application\/ld+json\" class=\"yoast-schema-graph\">{\"@context\":\"https:\/\/schema.org\",\"@graph\":[{\"@type\":\"WebPage\",\"@id\":\"https:\/\/www.sorosoro.org\/es\/los-koines\/\",\"url\":\"https:\/\/www.sorosoro.org\/es\/los-koines\/\",\"name\":\"Los koin\u00e9s - Sorosoro\",\"isPartOf\":{\"@id\":\"https:\/\/www.sorosoro.org\/es\/#website\"},\"datePublished\":\"2015-06-11T11:42:41+00:00\",\"dateModified\":\"2015-09-11T15:22:34+00:00\",\"breadcrumb\":{\"@id\":\"https:\/\/www.sorosoro.org\/es\/los-koines\/#breadcrumb\"},\"inLanguage\":\"es\",\"potentialAction\":[{\"@type\":\"ReadAction\",\"target\":[\"https:\/\/www.sorosoro.org\/es\/los-koines\/\"]}]},{\"@type\":\"BreadcrumbList\",\"@id\":\"https:\/\/www.sorosoro.org\/es\/los-koines\/#breadcrumb\",\"itemListElement\":[{\"@type\":\"ListItem\",\"position\":1,\"name\":\"Accueil\",\"item\":\"https:\/\/www.sorosoro.org\/es\/\"},{\"@type\":\"ListItem\",\"position\":2,\"name\":\"Los koin\u00e9s\"}]},{\"@type\":\"WebSite\",\"@id\":\"https:\/\/www.sorosoro.org\/es\/#website\",\"url\":\"https:\/\/www.sorosoro.org\/es\/\",\"name\":\"Sorosoro\",\"description\":\"Pour que vivent les langues du monde !\",\"potentialAction\":[{\"@type\":\"SearchAction\",\"target\":{\"@type\":\"EntryPoint\",\"urlTemplate\":\"https:\/\/www.sorosoro.org\/es\/?s={search_term_string}\"},\"query-input\":{\"@type\":\"PropertyValueSpecification\",\"valueRequired\":true,\"valueName\":\"search_term_string\"}}],\"inLanguage\":\"es\"}]}<\/script>\n<!-- \/ Yoast SEO plugin. -->","yoast_head_json":{"title":"Los koin\u00e9s - Sorosoro","robots":{"index":"index","follow":"follow","max-snippet":"max-snippet:-1","max-image-preview":"max-image-preview:large","max-video-preview":"max-video-preview:-1"},"canonical":"https:\/\/www.sorosoro.org\/es\/los-koines\/","og_locale":"es_ES","og_type":"article","og_title":"Los koin\u00e9s - Sorosoro","og_description":"Una koin\u00e9 es una variante del \u201cinter-dialecto\u201d de una lengua. Cuando existen numerosas variaciones dialectales de una lengua, puede ocurrir que por consenso se desarrolla una forma com\u00fan, comprensible por todos los hablantes de los diferentes dialectos de una misma\u00a0 lengua. El nombre viene del primer ejemplo conocido hist\u00f3ricamente, el griego koin\u00e9 ( \u00ablenguaje com\u00fan\u00bb) [&hellip;]","og_url":"https:\/\/www.sorosoro.org\/es\/los-koines\/","og_site_name":"Sorosoro","article_modified_time":"2015-09-11T15:22:34+00:00","twitter_card":"summary_large_image","twitter_misc":{"Tiempo de lectura":"1 minuto"},"schema":{"@context":"https:\/\/schema.org","@graph":[{"@type":"WebPage","@id":"https:\/\/www.sorosoro.org\/es\/los-koines\/","url":"https:\/\/www.sorosoro.org\/es\/los-koines\/","name":"Los koin\u00e9s - Sorosoro","isPartOf":{"@id":"https:\/\/www.sorosoro.org\/es\/#website"},"datePublished":"2015-06-11T11:42:41+00:00","dateModified":"2015-09-11T15:22:34+00:00","breadcrumb":{"@id":"https:\/\/www.sorosoro.org\/es\/los-koines\/#breadcrumb"},"inLanguage":"es","potentialAction":[{"@type":"ReadAction","target":["https:\/\/www.sorosoro.org\/es\/los-koines\/"]}]},{"@type":"BreadcrumbList","@id":"https:\/\/www.sorosoro.org\/es\/los-koines\/#breadcrumb","itemListElement":[{"@type":"ListItem","position":1,"name":"Accueil","item":"https:\/\/www.sorosoro.org\/es\/"},{"@type":"ListItem","position":2,"name":"Los koin\u00e9s"}]},{"@type":"WebSite","@id":"https:\/\/www.sorosoro.org\/es\/#website","url":"https:\/\/www.sorosoro.org\/es\/","name":"Sorosoro","description":"Pour que vivent les langues du monde !","potentialAction":[{"@type":"SearchAction","target":{"@type":"EntryPoint","urlTemplate":"https:\/\/www.sorosoro.org\/es\/?s={search_term_string}"},"query-input":{"@type":"PropertyValueSpecification","valueRequired":true,"valueName":"search_term_string"}}],"inLanguage":"es"}]}},"_links":{"self":[{"href":"https:\/\/www.sorosoro.org\/es\/wp-json\/wp\/v2\/pages\/65183","targetHints":{"allow":["GET"]}}],"collection":[{"href":"https:\/\/www.sorosoro.org\/es\/wp-json\/wp\/v2\/pages"}],"about":[{"href":"https:\/\/www.sorosoro.org\/es\/wp-json\/wp\/v2\/types\/page"}],"author":[{"embeddable":true,"href":"https:\/\/www.sorosoro.org\/es\/wp-json\/wp\/v2\/users\/1"}],"replies":[{"embeddable":true,"href":"https:\/\/www.sorosoro.org\/es\/wp-json\/wp\/v2\/comments?post=65183"}],"version-history":[{"count":0,"href":"https:\/\/www.sorosoro.org\/es\/wp-json\/wp\/v2\/pages\/65183\/revisions"}],"wp:attachment":[{"href":"https:\/\/www.sorosoro.org\/es\/wp-json\/wp\/v2\/media?parent=65183"}],"curies":[{"name":"wp","href":"https:\/\/api.w.org\/{rel}","templated":true}]}}