{"id":64847,"date":"2015-06-02T14:49:37","date_gmt":"2015-06-02T12:49:37","guid":{"rendered":"http:\/\/www.sorosoro.org\/?page_id=64847"},"modified":"2015-10-04T12:47:53","modified_gmt":"2015-10-04T10:47:53","slug":"asia-2","status":"publish","type":"page","link":"https:\/\/www.sorosoro.org\/es\/asia-2\/","title":{"rendered":"Asia"},"content":{"rendered":"<p style=\"padding-left:50px; padding-right:30px;\"><strong>El padre Yakup Aydin habla le la lengua aramea, hablada por Cristo hace 2000 a\u00f1os y todav\u00eda en uso hoy en d\u00eda entre los cristianos de Oriente&#8230;<\/strong><\/p>\n<p style=\"padding-left:50px; padding-right:30px;\">(V\u00eddeo en franc\u00e9s y subt\u00edtulos en ingl\u00e9s)<\/p>\n<p align=\"center\"><iframe loading=\"lazy\" width=\"658\" height=\"370\" src=\"https:\/\/www.youtube.com\/embed\/P5IfzeYlt7M?feature=oembed\" frameborder=\"0\" allowfullscreen><\/iframe><\/p>\n<p>&nbsp;<\/p>\n<p>Asia se sit\u00faa exactamente detr\u00e1s de \u00c1frica en lo que concierne al n\u00famero de lenguas habladas, una cifra cercana de 2000. Y es la India que figura a la cabeza entre los pa\u00edses del continente, seg\u00fan un censo reciente cont\u00f3 860 idiomas. En cuanto al otro gigante de la regi\u00f3n, China, por razones pol\u00edticas evidentes, es dif\u00edcil de conocer el n\u00famero exacto de lenguas nativas que se practica all\u00e1.<br \/>\nAqu\u00ed le proponemos un conjunto de documentos sobre estos idiomas de Asia: una serie de videos en sir\u00edaco en el Medio Oriente (una \u201cdescendiente\u201d de la lengua aramea que hablaba Cristo), art\u00edculos escritos por ling\u00fcistas, activistas y periodistas, y fichas descriptivas de las lenguas y de las familias de lenguas del continente.<\/p>\n<p>&nbsp;<\/p>\n<table border=\"0\" width=\"755\">\n<tbody>\n<tr>\n<td>\n<div class=\"content_section_title\">\n<h3><a style=\"text-decoration: none;\" href=\"\/es\/videos-sobre-las-lenguas-de-asia\/\">V\u00eddeos sobre las lenguas de Asia<\/a><\/h3>\n<\/div>\n<\/td>\n<td>\n<div class=\"content_section_title\">\n<h3><a style=\"text-decoration: none;\" href=\"\/es\/textos-sobre-las-lenguas-de-asia\/\">Textos sobre las lenguas de Asia<\/a><\/h3>\n<\/div>\n<\/td>\n<\/tr>\n<tr>\n<td style=\"padding-top: 15px;\">\n<div class=\"content_section_title\">\n<h3><a style=\"text-decoration: none;\" href=\"\/es\/familias-de-lenguas-en-asia\/\">Familias de lenguas en Asia<\/a><\/h3>\n<\/div>\n<\/td>\n<td style=\"padding-top: 15px;\">\n<div class=\"content_section_title\">\n<h3><a style=\"text-decoration: none;\" href=\"\/es\/lenguas-de-asia\/\">Lenguas de Asia<\/a><\/h3>\n<\/div>\n<\/td>\n<\/tr>\n<\/tbody>\n<\/table>\n","protected":false},"excerpt":{"rendered":"<p>El padre Yakup Aydin habla le la lengua aramea, hablada por Cristo hace 2000 a\u00f1os y todav\u00eda en uso hoy en d\u00eda entre los cristianos de Oriente&#8230; (V\u00eddeo en franc\u00e9s y subt\u00edtulos en ingl\u00e9s) &nbsp; Asia se sit\u00faa exactamente detr\u00e1s de \u00c1frica en lo que concierne al n\u00famero de lenguas habladas, una cifra cercana de [&hellip;]<\/p>\n","protected":false},"author":1,"featured_media":0,"parent":0,"menu_order":0,"comment_status":"closed","ping_status":"closed","template":"","meta":{"footnotes":""},"class_list":["post-64847","page","type-page","status-publish","hentry"],"yoast_head":"<!-- This site is optimized with the Yoast SEO plugin v27.0 - https:\/\/yoast.com\/product\/yoast-seo-wordpress\/ -->\n<title>Asia - Sorosoro<\/title>\n<meta name=\"robots\" content=\"index, follow, max-snippet:-1, max-image-preview:large, max-video-preview:-1\" \/>\n<link rel=\"canonical\" href=\"https:\/\/www.sorosoro.org\/es\/asia-2\/\" \/>\n<meta property=\"og:locale\" content=\"es_ES\" \/>\n<meta property=\"og:type\" content=\"article\" \/>\n<meta property=\"og:title\" content=\"Asia - Sorosoro\" \/>\n<meta property=\"og:description\" content=\"El padre Yakup Aydin habla le la lengua aramea, hablada por Cristo hace 2000 a\u00f1os y todav\u00eda en uso hoy en d\u00eda entre los cristianos de Oriente&#8230; (V\u00eddeo en franc\u00e9s y subt\u00edtulos en ingl\u00e9s) &nbsp; Asia se sit\u00faa exactamente detr\u00e1s de \u00c1frica en lo que concierne al n\u00famero de lenguas habladas, una cifra cercana de [&hellip;]\" \/>\n<meta property=\"og:url\" content=\"https:\/\/www.sorosoro.org\/es\/asia-2\/\" \/>\n<meta property=\"og:site_name\" content=\"Sorosoro\" \/>\n<meta property=\"article:modified_time\" content=\"2015-10-04T10:47:53+00:00\" \/>\n<meta name=\"twitter:card\" content=\"summary_large_image\" \/>\n<meta name=\"twitter:label1\" content=\"Tiempo de lectura\" \/>\n\t<meta name=\"twitter:data1\" content=\"1 minuto\" \/>\n<script type=\"application\/ld+json\" class=\"yoast-schema-graph\">{\"@context\":\"https:\/\/schema.org\",\"@graph\":[{\"@type\":\"WebPage\",\"@id\":\"https:\/\/www.sorosoro.org\/es\/asia-2\/\",\"url\":\"https:\/\/www.sorosoro.org\/es\/asia-2\/\",\"name\":\"Asia - Sorosoro\",\"isPartOf\":{\"@id\":\"https:\/\/www.sorosoro.org\/es\/#website\"},\"datePublished\":\"2015-06-02T12:49:37+00:00\",\"dateModified\":\"2015-10-04T10:47:53+00:00\",\"breadcrumb\":{\"@id\":\"https:\/\/www.sorosoro.org\/es\/asia-2\/#breadcrumb\"},\"inLanguage\":\"es\",\"potentialAction\":[{\"@type\":\"ReadAction\",\"target\":[\"https:\/\/www.sorosoro.org\/es\/asia-2\/\"]}]},{\"@type\":\"BreadcrumbList\",\"@id\":\"https:\/\/www.sorosoro.org\/es\/asia-2\/#breadcrumb\",\"itemListElement\":[{\"@type\":\"ListItem\",\"position\":1,\"name\":\"Accueil\",\"item\":\"https:\/\/www.sorosoro.org\/es\/\"},{\"@type\":\"ListItem\",\"position\":2,\"name\":\"Asia\"}]},{\"@type\":\"WebSite\",\"@id\":\"https:\/\/www.sorosoro.org\/es\/#website\",\"url\":\"https:\/\/www.sorosoro.org\/es\/\",\"name\":\"Sorosoro\",\"description\":\"Pour que vivent les langues du monde !\",\"potentialAction\":[{\"@type\":\"SearchAction\",\"target\":{\"@type\":\"EntryPoint\",\"urlTemplate\":\"https:\/\/www.sorosoro.org\/es\/?s={search_term_string}\"},\"query-input\":{\"@type\":\"PropertyValueSpecification\",\"valueRequired\":true,\"valueName\":\"search_term_string\"}}],\"inLanguage\":\"es\"}]}<\/script>\n<!-- \/ Yoast SEO plugin. -->","yoast_head_json":{"title":"Asia - Sorosoro","robots":{"index":"index","follow":"follow","max-snippet":"max-snippet:-1","max-image-preview":"max-image-preview:large","max-video-preview":"max-video-preview:-1"},"canonical":"https:\/\/www.sorosoro.org\/es\/asia-2\/","og_locale":"es_ES","og_type":"article","og_title":"Asia - Sorosoro","og_description":"El padre Yakup Aydin habla le la lengua aramea, hablada por Cristo hace 2000 a\u00f1os y todav\u00eda en uso hoy en d\u00eda entre los cristianos de Oriente&#8230; (V\u00eddeo en franc\u00e9s y subt\u00edtulos en ingl\u00e9s) &nbsp; Asia se sit\u00faa exactamente detr\u00e1s de \u00c1frica en lo que concierne al n\u00famero de lenguas habladas, una cifra cercana de [&hellip;]","og_url":"https:\/\/www.sorosoro.org\/es\/asia-2\/","og_site_name":"Sorosoro","article_modified_time":"2015-10-04T10:47:53+00:00","twitter_card":"summary_large_image","twitter_misc":{"Tiempo de lectura":"1 minuto"},"schema":{"@context":"https:\/\/schema.org","@graph":[{"@type":"WebPage","@id":"https:\/\/www.sorosoro.org\/es\/asia-2\/","url":"https:\/\/www.sorosoro.org\/es\/asia-2\/","name":"Asia - Sorosoro","isPartOf":{"@id":"https:\/\/www.sorosoro.org\/es\/#website"},"datePublished":"2015-06-02T12:49:37+00:00","dateModified":"2015-10-04T10:47:53+00:00","breadcrumb":{"@id":"https:\/\/www.sorosoro.org\/es\/asia-2\/#breadcrumb"},"inLanguage":"es","potentialAction":[{"@type":"ReadAction","target":["https:\/\/www.sorosoro.org\/es\/asia-2\/"]}]},{"@type":"BreadcrumbList","@id":"https:\/\/www.sorosoro.org\/es\/asia-2\/#breadcrumb","itemListElement":[{"@type":"ListItem","position":1,"name":"Accueil","item":"https:\/\/www.sorosoro.org\/es\/"},{"@type":"ListItem","position":2,"name":"Asia"}]},{"@type":"WebSite","@id":"https:\/\/www.sorosoro.org\/es\/#website","url":"https:\/\/www.sorosoro.org\/es\/","name":"Sorosoro","description":"Pour que vivent les langues du monde !","potentialAction":[{"@type":"SearchAction","target":{"@type":"EntryPoint","urlTemplate":"https:\/\/www.sorosoro.org\/es\/?s={search_term_string}"},"query-input":{"@type":"PropertyValueSpecification","valueRequired":true,"valueName":"search_term_string"}}],"inLanguage":"es"}]}},"_links":{"self":[{"href":"https:\/\/www.sorosoro.org\/es\/wp-json\/wp\/v2\/pages\/64847","targetHints":{"allow":["GET"]}}],"collection":[{"href":"https:\/\/www.sorosoro.org\/es\/wp-json\/wp\/v2\/pages"}],"about":[{"href":"https:\/\/www.sorosoro.org\/es\/wp-json\/wp\/v2\/types\/page"}],"author":[{"embeddable":true,"href":"https:\/\/www.sorosoro.org\/es\/wp-json\/wp\/v2\/users\/1"}],"replies":[{"embeddable":true,"href":"https:\/\/www.sorosoro.org\/es\/wp-json\/wp\/v2\/comments?post=64847"}],"version-history":[{"count":0,"href":"https:\/\/www.sorosoro.org\/es\/wp-json\/wp\/v2\/pages\/64847\/revisions"}],"wp:attachment":[{"href":"https:\/\/www.sorosoro.org\/es\/wp-json\/wp\/v2\/media?parent=64847"}],"curies":[{"name":"wp","href":"https:\/\/api.w.org\/{rel}","templated":true}]}}