{"id":64841,"date":"2015-06-02T14:45:47","date_gmt":"2015-06-02T12:45:47","guid":{"rendered":"http:\/\/www.sorosoro.org\/?page_id=64841"},"modified":"2015-10-04T12:21:53","modified_gmt":"2015-10-04T10:21:53","slug":"america-del-norte","status":"publish","type":"page","link":"https:\/\/www.sorosoro.org\/es\/america-del-norte\/","title":{"rendered":"Am\u00e9rica del Norte"},"content":{"rendered":"<p style=\"padding-left:50px; padding-right:25px;\"><strong>La ling\u00fcista Lenore Grenoble presenta la lengua kalaallisut de Groenlandia, la \u00fanica lengua \u00e1rtica que no est\u00e1 en peligro&#8230;<\/strong><\/p>\n<p align=\"center\" ><iframe loading=\"lazy\" width=\"658\" height=\"370\" src=\"https:\/\/www.youtube.com\/embed\/iZxW86kuG10?feature=oembed\" frameborder=\"0\" allowfullscreen><\/iframe><\/p>\n<p>&nbsp;<\/p>\n<p>Am\u00e9rica del Norte incluye Canad\u00e1 y, por supuesto, los Estados Unidos, pero algunas clasificaciones a\u00f1aden M\u00e9xico y el Caribe. Escogimos aqu\u00ed no resolver esta tema, as\u00ed que incluimos las lenguas de estas dos entidades (M\u00e9xico y el Caribe), a la vez en Am\u00e9rica del Norte y en Am\u00e9rica Latina.<br \/>\nQue se trate de la una o la otra parte del continente, las lenguas ind\u00edgenas que son habladas all\u00e1 est\u00e1n compitiendo con dos de los idiomas m\u00e1s hegem\u00f3nicos en el mundo, el ingl\u00e9s y el espa\u00f1ol. Muchas de estas lenguas nativas, especialmente en Am\u00e9rica del Norte, son extremadamente amenazadas.<br \/>\nAqu\u00ed le proponemos un conjunto de documentos sobre estos idiomas: un v\u00eddeo de presentaci\u00f3n de la lengua kalaallisut en Groenlandia, art\u00edculos escritos por investigadores, y fichas descriptivas de las lenguas y de las familias de lenguas del continente. <\/p>\n<p>&nbsp;<\/p>\n<table border=\"0\" width=\"755\">\n<tbody>\n<tr>\n<td>\n<div class=\"content_section_title\">\n<h3><a style=\"text-decoration: none;\" href=\"\/es\/videos-sobre-las-lenguas-de-america-del-norte\/\">V\u00eddeos sobre las lenguas de Am\u00e9rica del Norte<\/a><\/h3>\n<\/div>\n<\/td>\n<td>\n<div class=\"content_section_title\">\n<h3><a style=\"text-decoration: none;\" href=\"\/es\/textos-sobre-las-lenguas-de-america-del-norte\/\">Textos sobre las lenguas de Am\u00e9rica del Norte<\/a><\/h3>\n<\/div>\n<\/td>\n<\/tr>\n<tr>\n<td style=\"padding-top: 15px;\">\n<div class=\"content_section_title\">\n<h3><a style=\"text-decoration: none;\" href=\"\/es\/familias-de-lenguas-en-america-del-norte\/\">Familias de lenguas en Am\u00e9rica del Norte<\/a><\/h3>\n<\/div>\n<\/td>\n<td style=\"padding-top: 15px;\">\n<div class=\"content_section_title\">\n<h3><a style=\"text-decoration: none;\" href=\"\/es\/lenguas-de-america-del-norte\/\">Lenguas de Am\u00e9rica del Norte<\/a><\/h3>\n<\/div>\n<\/td>\n<\/tr>\n<\/tbody>\n<\/table>\n","protected":false},"excerpt":{"rendered":"<p>La ling\u00fcista Lenore Grenoble presenta la lengua kalaallisut de Groenlandia, la \u00fanica lengua \u00e1rtica que no est\u00e1 en peligro&#8230; &nbsp; Am\u00e9rica del Norte incluye Canad\u00e1 y, por supuesto, los Estados Unidos, pero algunas clasificaciones a\u00f1aden M\u00e9xico y el Caribe. Escogimos aqu\u00ed no resolver esta tema, as\u00ed que incluimos las lenguas de estas dos entidades (M\u00e9xico [&hellip;]<\/p>\n","protected":false},"author":1,"featured_media":0,"parent":0,"menu_order":0,"comment_status":"closed","ping_status":"open","template":"","meta":{"footnotes":""},"class_list":["post-64841","page","type-page","status-publish","hentry"],"yoast_head":"<!-- This site is optimized with the Yoast SEO plugin v27.0 - https:\/\/yoast.com\/product\/yoast-seo-wordpress\/ -->\n<title>Am\u00e9rica del Norte - Sorosoro<\/title>\n<meta name=\"robots\" content=\"index, follow, max-snippet:-1, max-image-preview:large, max-video-preview:-1\" \/>\n<link rel=\"canonical\" href=\"https:\/\/www.sorosoro.org\/es\/america-del-norte\/\" \/>\n<meta property=\"og:locale\" content=\"es_ES\" \/>\n<meta property=\"og:type\" content=\"article\" \/>\n<meta property=\"og:title\" content=\"Am\u00e9rica del Norte - Sorosoro\" \/>\n<meta property=\"og:description\" content=\"La ling\u00fcista Lenore Grenoble presenta la lengua kalaallisut de Groenlandia, la \u00fanica lengua \u00e1rtica que no est\u00e1 en peligro&#8230; &nbsp; Am\u00e9rica del Norte incluye Canad\u00e1 y, por supuesto, los Estados Unidos, pero algunas clasificaciones a\u00f1aden M\u00e9xico y el Caribe. Escogimos aqu\u00ed no resolver esta tema, as\u00ed que incluimos las lenguas de estas dos entidades (M\u00e9xico [&hellip;]\" \/>\n<meta property=\"og:url\" content=\"https:\/\/www.sorosoro.org\/es\/america-del-norte\/\" \/>\n<meta property=\"og:site_name\" content=\"Sorosoro\" \/>\n<meta property=\"article:modified_time\" content=\"2015-10-04T10:21:53+00:00\" \/>\n<meta name=\"twitter:card\" content=\"summary_large_image\" \/>\n<meta name=\"twitter:label1\" content=\"Tiempo de lectura\" \/>\n\t<meta name=\"twitter:data1\" content=\"1 minuto\" \/>\n<script type=\"application\/ld+json\" class=\"yoast-schema-graph\">{\"@context\":\"https:\/\/schema.org\",\"@graph\":[{\"@type\":\"WebPage\",\"@id\":\"https:\/\/www.sorosoro.org\/es\/america-del-norte\/\",\"url\":\"https:\/\/www.sorosoro.org\/es\/america-del-norte\/\",\"name\":\"Am\u00e9rica del Norte - Sorosoro\",\"isPartOf\":{\"@id\":\"https:\/\/www.sorosoro.org\/es\/#website\"},\"datePublished\":\"2015-06-02T12:45:47+00:00\",\"dateModified\":\"2015-10-04T10:21:53+00:00\",\"breadcrumb\":{\"@id\":\"https:\/\/www.sorosoro.org\/es\/america-del-norte\/#breadcrumb\"},\"inLanguage\":\"es\",\"potentialAction\":[{\"@type\":\"ReadAction\",\"target\":[\"https:\/\/www.sorosoro.org\/es\/america-del-norte\/\"]}]},{\"@type\":\"BreadcrumbList\",\"@id\":\"https:\/\/www.sorosoro.org\/es\/america-del-norte\/#breadcrumb\",\"itemListElement\":[{\"@type\":\"ListItem\",\"position\":1,\"name\":\"Accueil\",\"item\":\"https:\/\/www.sorosoro.org\/es\/\"},{\"@type\":\"ListItem\",\"position\":2,\"name\":\"Am\u00e9rica del Norte\"}]},{\"@type\":\"WebSite\",\"@id\":\"https:\/\/www.sorosoro.org\/es\/#website\",\"url\":\"https:\/\/www.sorosoro.org\/es\/\",\"name\":\"Sorosoro\",\"description\":\"Pour que vivent les langues du monde !\",\"potentialAction\":[{\"@type\":\"SearchAction\",\"target\":{\"@type\":\"EntryPoint\",\"urlTemplate\":\"https:\/\/www.sorosoro.org\/es\/?s={search_term_string}\"},\"query-input\":{\"@type\":\"PropertyValueSpecification\",\"valueRequired\":true,\"valueName\":\"search_term_string\"}}],\"inLanguage\":\"es\"}]}<\/script>\n<!-- \/ Yoast SEO plugin. -->","yoast_head_json":{"title":"Am\u00e9rica del Norte - Sorosoro","robots":{"index":"index","follow":"follow","max-snippet":"max-snippet:-1","max-image-preview":"max-image-preview:large","max-video-preview":"max-video-preview:-1"},"canonical":"https:\/\/www.sorosoro.org\/es\/america-del-norte\/","og_locale":"es_ES","og_type":"article","og_title":"Am\u00e9rica del Norte - Sorosoro","og_description":"La ling\u00fcista Lenore Grenoble presenta la lengua kalaallisut de Groenlandia, la \u00fanica lengua \u00e1rtica que no est\u00e1 en peligro&#8230; &nbsp; Am\u00e9rica del Norte incluye Canad\u00e1 y, por supuesto, los Estados Unidos, pero algunas clasificaciones a\u00f1aden M\u00e9xico y el Caribe. Escogimos aqu\u00ed no resolver esta tema, as\u00ed que incluimos las lenguas de estas dos entidades (M\u00e9xico [&hellip;]","og_url":"https:\/\/www.sorosoro.org\/es\/america-del-norte\/","og_site_name":"Sorosoro","article_modified_time":"2015-10-04T10:21:53+00:00","twitter_card":"summary_large_image","twitter_misc":{"Tiempo de lectura":"1 minuto"},"schema":{"@context":"https:\/\/schema.org","@graph":[{"@type":"WebPage","@id":"https:\/\/www.sorosoro.org\/es\/america-del-norte\/","url":"https:\/\/www.sorosoro.org\/es\/america-del-norte\/","name":"Am\u00e9rica del Norte - Sorosoro","isPartOf":{"@id":"https:\/\/www.sorosoro.org\/es\/#website"},"datePublished":"2015-06-02T12:45:47+00:00","dateModified":"2015-10-04T10:21:53+00:00","breadcrumb":{"@id":"https:\/\/www.sorosoro.org\/es\/america-del-norte\/#breadcrumb"},"inLanguage":"es","potentialAction":[{"@type":"ReadAction","target":["https:\/\/www.sorosoro.org\/es\/america-del-norte\/"]}]},{"@type":"BreadcrumbList","@id":"https:\/\/www.sorosoro.org\/es\/america-del-norte\/#breadcrumb","itemListElement":[{"@type":"ListItem","position":1,"name":"Accueil","item":"https:\/\/www.sorosoro.org\/es\/"},{"@type":"ListItem","position":2,"name":"Am\u00e9rica del Norte"}]},{"@type":"WebSite","@id":"https:\/\/www.sorosoro.org\/es\/#website","url":"https:\/\/www.sorosoro.org\/es\/","name":"Sorosoro","description":"Pour que vivent les langues du monde !","potentialAction":[{"@type":"SearchAction","target":{"@type":"EntryPoint","urlTemplate":"https:\/\/www.sorosoro.org\/es\/?s={search_term_string}"},"query-input":{"@type":"PropertyValueSpecification","valueRequired":true,"valueName":"search_term_string"}}],"inLanguage":"es"}]}},"_links":{"self":[{"href":"https:\/\/www.sorosoro.org\/es\/wp-json\/wp\/v2\/pages\/64841","targetHints":{"allow":["GET"]}}],"collection":[{"href":"https:\/\/www.sorosoro.org\/es\/wp-json\/wp\/v2\/pages"}],"about":[{"href":"https:\/\/www.sorosoro.org\/es\/wp-json\/wp\/v2\/types\/page"}],"author":[{"embeddable":true,"href":"https:\/\/www.sorosoro.org\/es\/wp-json\/wp\/v2\/users\/1"}],"replies":[{"embeddable":true,"href":"https:\/\/www.sorosoro.org\/es\/wp-json\/wp\/v2\/comments?post=64841"}],"version-history":[{"count":0,"href":"https:\/\/www.sorosoro.org\/es\/wp-json\/wp\/v2\/pages\/64841\/revisions"}],"wp:attachment":[{"href":"https:\/\/www.sorosoro.org\/es\/wp-json\/wp\/v2\/media?parent=64841"}],"curies":[{"name":"wp","href":"https:\/\/api.w.org\/{rel}","templated":true}]}}