{"id":64832,"date":"2015-06-02T14:37:39","date_gmt":"2015-06-02T12:37:39","guid":{"rendered":"http:\/\/www.sorosoro.org\/?page_id=64832"},"modified":"2015-10-04T12:15:16","modified_gmt":"2015-10-04T10:15:16","slug":"europa","status":"publish","type":"page","link":"https:\/\/www.sorosoro.org\/es\/europa\/","title":{"rendered":"Europa"},"content":{"rendered":"<p>Las lenguas europeas est\u00e1n agrupadas s\u00f3lo en 7 familias, pero una de ellas, la familia indoeuropea, cuenta con algunos idiomas m\u00e1s difundidos en el mundo, como el ingl\u00e9s, el espa\u00f1ol o el franc\u00e9s. En cambio, las lenguas minoritarias all\u00ed son menos numerosas que en otros lugares, porque generalmente han sido borradas en el curso de los siglos pasados por las lenguas dominantes.<br \/>\nAqu\u00ed le proponemos un conjunto de documentos sobre estos idiomas de Europa: art\u00edculos escritos por ling\u00fcistas, antrop\u00f3logos, profesores y periodistas, y fichas descriptivas de las lenguas y de las familias de lenguas del continente. Esperamos poder tambi\u00e9n publicar v\u00eddeos en estos idiomas en un futuro pr\u00f3ximo.<\/p>\n<p>&nbsp;<\/p>\n<table border=\"0\" width=\"755\">\n<tbody>\n<tr>\n<td>\n<div class=\"content_section_title\">\n<h3><a style=\"text-decoration: none;\" href=\"\/es\/videos-sobre-las-lenguas-de-europa\/\">V\u00eddeos sobre las lenguas de Europa<\/a><\/h3>\n<\/div>\n<\/td>\n<td>\n<div class=\"content_section_title\">\n<h3><a style=\"text-decoration: none;\" href=\"\/es\/textos-sobre-las-lenguase-de-europa\/\">Textos sobre las lenguas de Europa<\/a><\/h3>\n<\/div>\n<\/td>\n<\/tr>\n<tr>\n<td style=\"padding-top: 15px;\">\n<div class=\"content_section_title\">\n<h3><a style=\"text-decoration: none;\" href=\"\/es\/familias-de-lenguas-en-europa\/\">Familias de Lenguas en Europa<\/a><\/h3>\n<\/div>\n<\/td>\n<td style=\"padding-top: 15px;\">\n<div class=\"content_section_title\">\n<h3><a style=\"text-decoration: none;\" href=\"\/es\/lenguas-de-europa\/\">Lenguas de Europa<\/a><\/h3>\n<\/div>\n<\/td>\n<\/tr>\n<\/tbody>\n<\/table>\n","protected":false},"excerpt":{"rendered":"<p>Las lenguas europeas est\u00e1n agrupadas s\u00f3lo en 7 familias, pero una de ellas, la familia indoeuropea, cuenta con algunos idiomas m\u00e1s difundidos en el mundo, como el ingl\u00e9s, el espa\u00f1ol o el franc\u00e9s. En cambio, las lenguas minoritarias all\u00ed son menos numerosas que en otros lugares, porque generalmente han sido borradas en el curso de [&hellip;]<\/p>\n","protected":false},"author":1,"featured_media":0,"parent":0,"menu_order":0,"comment_status":"closed","ping_status":"open","template":"","meta":{"footnotes":""},"class_list":["post-64832","page","type-page","status-publish","hentry"],"yoast_head":"<!-- This site is optimized with the Yoast SEO plugin v27.0 - https:\/\/yoast.com\/product\/yoast-seo-wordpress\/ -->\n<title>Europa - Sorosoro<\/title>\n<meta name=\"robots\" content=\"index, follow, max-snippet:-1, max-image-preview:large, max-video-preview:-1\" \/>\n<link rel=\"canonical\" href=\"https:\/\/www.sorosoro.org\/es\/europa\/\" \/>\n<meta property=\"og:locale\" content=\"es_ES\" \/>\n<meta property=\"og:type\" content=\"article\" \/>\n<meta property=\"og:title\" content=\"Europa - Sorosoro\" \/>\n<meta property=\"og:description\" content=\"Las lenguas europeas est\u00e1n agrupadas s\u00f3lo en 7 familias, pero una de ellas, la familia indoeuropea, cuenta con algunos idiomas m\u00e1s difundidos en el mundo, como el ingl\u00e9s, el espa\u00f1ol o el franc\u00e9s. En cambio, las lenguas minoritarias all\u00ed son menos numerosas que en otros lugares, porque generalmente han sido borradas en el curso de [&hellip;]\" \/>\n<meta property=\"og:url\" content=\"https:\/\/www.sorosoro.org\/es\/europa\/\" \/>\n<meta property=\"og:site_name\" content=\"Sorosoro\" \/>\n<meta property=\"article:modified_time\" content=\"2015-10-04T10:15:16+00:00\" \/>\n<meta name=\"twitter:card\" content=\"summary_large_image\" \/>\n<meta name=\"twitter:label1\" content=\"Tiempo de lectura\" \/>\n\t<meta name=\"twitter:data1\" content=\"1 minuto\" \/>\n<script type=\"application\/ld+json\" class=\"yoast-schema-graph\">{\"@context\":\"https:\/\/schema.org\",\"@graph\":[{\"@type\":\"WebPage\",\"@id\":\"https:\/\/www.sorosoro.org\/es\/europa\/\",\"url\":\"https:\/\/www.sorosoro.org\/es\/europa\/\",\"name\":\"Europa - Sorosoro\",\"isPartOf\":{\"@id\":\"https:\/\/www.sorosoro.org\/es\/#website\"},\"datePublished\":\"2015-06-02T12:37:39+00:00\",\"dateModified\":\"2015-10-04T10:15:16+00:00\",\"breadcrumb\":{\"@id\":\"https:\/\/www.sorosoro.org\/es\/europa\/#breadcrumb\"},\"inLanguage\":\"es\",\"potentialAction\":[{\"@type\":\"ReadAction\",\"target\":[\"https:\/\/www.sorosoro.org\/es\/europa\/\"]}]},{\"@type\":\"BreadcrumbList\",\"@id\":\"https:\/\/www.sorosoro.org\/es\/europa\/#breadcrumb\",\"itemListElement\":[{\"@type\":\"ListItem\",\"position\":1,\"name\":\"Accueil\",\"item\":\"https:\/\/www.sorosoro.org\/es\/\"},{\"@type\":\"ListItem\",\"position\":2,\"name\":\"Europa\"}]},{\"@type\":\"WebSite\",\"@id\":\"https:\/\/www.sorosoro.org\/es\/#website\",\"url\":\"https:\/\/www.sorosoro.org\/es\/\",\"name\":\"Sorosoro\",\"description\":\"Pour que vivent les langues du monde !\",\"potentialAction\":[{\"@type\":\"SearchAction\",\"target\":{\"@type\":\"EntryPoint\",\"urlTemplate\":\"https:\/\/www.sorosoro.org\/es\/?s={search_term_string}\"},\"query-input\":{\"@type\":\"PropertyValueSpecification\",\"valueRequired\":true,\"valueName\":\"search_term_string\"}}],\"inLanguage\":\"es\"}]}<\/script>\n<!-- \/ Yoast SEO plugin. -->","yoast_head_json":{"title":"Europa - Sorosoro","robots":{"index":"index","follow":"follow","max-snippet":"max-snippet:-1","max-image-preview":"max-image-preview:large","max-video-preview":"max-video-preview:-1"},"canonical":"https:\/\/www.sorosoro.org\/es\/europa\/","og_locale":"es_ES","og_type":"article","og_title":"Europa - Sorosoro","og_description":"Las lenguas europeas est\u00e1n agrupadas s\u00f3lo en 7 familias, pero una de ellas, la familia indoeuropea, cuenta con algunos idiomas m\u00e1s difundidos en el mundo, como el ingl\u00e9s, el espa\u00f1ol o el franc\u00e9s. En cambio, las lenguas minoritarias all\u00ed son menos numerosas que en otros lugares, porque generalmente han sido borradas en el curso de [&hellip;]","og_url":"https:\/\/www.sorosoro.org\/es\/europa\/","og_site_name":"Sorosoro","article_modified_time":"2015-10-04T10:15:16+00:00","twitter_card":"summary_large_image","twitter_misc":{"Tiempo de lectura":"1 minuto"},"schema":{"@context":"https:\/\/schema.org","@graph":[{"@type":"WebPage","@id":"https:\/\/www.sorosoro.org\/es\/europa\/","url":"https:\/\/www.sorosoro.org\/es\/europa\/","name":"Europa - Sorosoro","isPartOf":{"@id":"https:\/\/www.sorosoro.org\/es\/#website"},"datePublished":"2015-06-02T12:37:39+00:00","dateModified":"2015-10-04T10:15:16+00:00","breadcrumb":{"@id":"https:\/\/www.sorosoro.org\/es\/europa\/#breadcrumb"},"inLanguage":"es","potentialAction":[{"@type":"ReadAction","target":["https:\/\/www.sorosoro.org\/es\/europa\/"]}]},{"@type":"BreadcrumbList","@id":"https:\/\/www.sorosoro.org\/es\/europa\/#breadcrumb","itemListElement":[{"@type":"ListItem","position":1,"name":"Accueil","item":"https:\/\/www.sorosoro.org\/es\/"},{"@type":"ListItem","position":2,"name":"Europa"}]},{"@type":"WebSite","@id":"https:\/\/www.sorosoro.org\/es\/#website","url":"https:\/\/www.sorosoro.org\/es\/","name":"Sorosoro","description":"Pour que vivent les langues du monde !","potentialAction":[{"@type":"SearchAction","target":{"@type":"EntryPoint","urlTemplate":"https:\/\/www.sorosoro.org\/es\/?s={search_term_string}"},"query-input":{"@type":"PropertyValueSpecification","valueRequired":true,"valueName":"search_term_string"}}],"inLanguage":"es"}]}},"_links":{"self":[{"href":"https:\/\/www.sorosoro.org\/es\/wp-json\/wp\/v2\/pages\/64832","targetHints":{"allow":["GET"]}}],"collection":[{"href":"https:\/\/www.sorosoro.org\/es\/wp-json\/wp\/v2\/pages"}],"about":[{"href":"https:\/\/www.sorosoro.org\/es\/wp-json\/wp\/v2\/types\/page"}],"author":[{"embeddable":true,"href":"https:\/\/www.sorosoro.org\/es\/wp-json\/wp\/v2\/users\/1"}],"replies":[{"embeddable":true,"href":"https:\/\/www.sorosoro.org\/es\/wp-json\/wp\/v2\/comments?post=64832"}],"version-history":[{"count":0,"href":"https:\/\/www.sorosoro.org\/es\/wp-json\/wp\/v2\/pages\/64832\/revisions"}],"wp:attachment":[{"href":"https:\/\/www.sorosoro.org\/es\/wp-json\/wp\/v2\/media?parent=64832"}],"curies":[{"name":"wp","href":"https:\/\/api.w.org\/{rel}","templated":true}]}}