{"id":64824,"date":"2015-06-02T14:30:16","date_gmt":"2015-06-02T12:30:16","guid":{"rendered":"http:\/\/www.sorosoro.org\/?page_id=64824"},"modified":"2015-10-05T19:56:58","modified_gmt":"2015-10-05T17:56:58","slug":"oceania-2","status":"publish","type":"page","link":"https:\/\/www.sorosoro.org\/es\/oceania-2\/","title":{"rendered":"Ocean\u00eda"},"content":{"rendered":"<p style=\"padding-left:50px; padding-right:30px\"><strong>Marie-Ad\u00e8le Jor\u00e9di\u00e9 cuenta c\u00f3mo se fundaron las escuelas en lengua x\u00e2r\u00e2c\u00f9\u00f9, una de las lenguas kanak de Nueva Caledonia.<\/strong><\/p>\n<p align=\"center\"><iframe loading=\"lazy\" width=\"658\" height=\"370\" src=\"https:\/\/www.youtube.com\/embed\/pBvoKpV6164?feature=oembed\" frameborder=\"0\" allowfullscreen><\/iframe><\/p>\n<p>&nbsp;<br \/>\nOcean\u00eda es un para\u00edso para los ling\u00fcistas: \u00a1la Pap\u00faa Nueva Guinea e Indonesia tienen m\u00e1s de 1.500 lenguas por si solas! Vanuatu, un estado peque\u00f1o compuesto por una cadena de islas, es el que tiene la densidad ling\u00fc\u00edstica m\u00e1s grande del mundo: una centena de idiomas para 250 000 habitantes!<br \/>\nAqu\u00ed le proponemos un conjunto de documentos sobre estos idiomas de Ocean\u00eda: v\u00eddeos que provienen de nuestros rodajes de terreno en Nueva Caledonia (idioma X\u00e2r\u00e2c\u00f9\u00f9), art\u00edculos escritos por ling\u00fcistas y profesores, y fichas descriptivas de las lenguas y de las familias de lenguas del continente. <\/p>\n<p>&nbsp;<\/p>\n<table border=\"0\" width=\"755\">\n<tbody>\n<tr>\n<td>\n<div class=\"content_section_title\">\n<h3><a style=\"text-decoration: none;\" href=\"\/es\/videos-sobre-las-lenguas-de-oceania\/\">V\u00eddeos sobre las lenguas de Ocean\u00eda<\/a><\/h3>\n<\/div>\n<\/td>\n<td>\n<div class=\"content_section_title\">\n<h3><a style=\"text-decoration: none;\" href=\"\/es\/textos-sobre-las-lenguas-de-oceania\/\">Textos sobre las lenguas de Ocean\u00eda<\/a><\/h3>\n<\/div>\n<\/td>\n<\/tr>\n<tr>\n<td style=\"padding-top: 15px;\">\n<div class=\"content_section_title\">\n<h3><a style=\"text-decoration: none;\" href=\"\/es\/familias-de-lenguas-en-oceania\/\">Familias de lenguas en Ocean\u00eda<\/a><\/h3>\n<\/div>\n<\/td>\n<td style=\"padding-top: 15px;\">\n<div class=\"content_section_title\">\n<h3><a style=\"text-decoration: none;\" href=\"\/es\/lenguas-de-oceania\/\">Lenguas de Ocean\u00eda<\/a><\/h3>\n<\/div>\n<\/td>\n<\/tr>\n<\/tbody>\n<\/table>\n","protected":false},"excerpt":{"rendered":"<p>Marie-Ad\u00e8le Jor\u00e9di\u00e9 cuenta c\u00f3mo se fundaron las escuelas en lengua x\u00e2r\u00e2c\u00f9\u00f9, una de las lenguas kanak de Nueva Caledonia. &nbsp; Ocean\u00eda es un para\u00edso para los ling\u00fcistas: \u00a1la Pap\u00faa Nueva Guinea e Indonesia tienen m\u00e1s de 1.500 lenguas por si solas! Vanuatu, un estado peque\u00f1o compuesto por una cadena de islas, es el que tiene [&hellip;]<\/p>\n","protected":false},"author":1,"featured_media":0,"parent":0,"menu_order":0,"comment_status":"closed","ping_status":"open","template":"","meta":{"footnotes":""},"class_list":["post-64824","page","type-page","status-publish","hentry"],"yoast_head":"<!-- This site is optimized with the Yoast SEO plugin v27.0 - https:\/\/yoast.com\/product\/yoast-seo-wordpress\/ -->\n<title>Ocean\u00eda - Sorosoro<\/title>\n<meta name=\"robots\" content=\"index, follow, max-snippet:-1, max-image-preview:large, max-video-preview:-1\" \/>\n<link rel=\"canonical\" href=\"https:\/\/www.sorosoro.org\/es\/oceania-2\/\" \/>\n<meta property=\"og:locale\" content=\"es_ES\" \/>\n<meta property=\"og:type\" content=\"article\" \/>\n<meta property=\"og:title\" content=\"Ocean\u00eda - Sorosoro\" \/>\n<meta property=\"og:description\" content=\"Marie-Ad\u00e8le Jor\u00e9di\u00e9 cuenta c\u00f3mo se fundaron las escuelas en lengua x\u00e2r\u00e2c\u00f9\u00f9, una de las lenguas kanak de Nueva Caledonia. &nbsp; Ocean\u00eda es un para\u00edso para los ling\u00fcistas: \u00a1la Pap\u00faa Nueva Guinea e Indonesia tienen m\u00e1s de 1.500 lenguas por si solas! Vanuatu, un estado peque\u00f1o compuesto por una cadena de islas, es el que tiene [&hellip;]\" \/>\n<meta property=\"og:url\" content=\"https:\/\/www.sorosoro.org\/es\/oceania-2\/\" \/>\n<meta property=\"og:site_name\" content=\"Sorosoro\" \/>\n<meta property=\"article:modified_time\" content=\"2015-10-05T17:56:58+00:00\" \/>\n<meta name=\"twitter:card\" content=\"summary_large_image\" \/>\n<meta name=\"twitter:label1\" content=\"Tiempo de lectura\" \/>\n\t<meta name=\"twitter:data1\" content=\"1 minuto\" \/>\n<script type=\"application\/ld+json\" class=\"yoast-schema-graph\">{\"@context\":\"https:\/\/schema.org\",\"@graph\":[{\"@type\":\"WebPage\",\"@id\":\"https:\/\/www.sorosoro.org\/es\/oceania-2\/\",\"url\":\"https:\/\/www.sorosoro.org\/es\/oceania-2\/\",\"name\":\"Ocean\u00eda - Sorosoro\",\"isPartOf\":{\"@id\":\"https:\/\/www.sorosoro.org\/es\/#website\"},\"datePublished\":\"2015-06-02T12:30:16+00:00\",\"dateModified\":\"2015-10-05T17:56:58+00:00\",\"breadcrumb\":{\"@id\":\"https:\/\/www.sorosoro.org\/es\/oceania-2\/#breadcrumb\"},\"inLanguage\":\"es\",\"potentialAction\":[{\"@type\":\"ReadAction\",\"target\":[\"https:\/\/www.sorosoro.org\/es\/oceania-2\/\"]}]},{\"@type\":\"BreadcrumbList\",\"@id\":\"https:\/\/www.sorosoro.org\/es\/oceania-2\/#breadcrumb\",\"itemListElement\":[{\"@type\":\"ListItem\",\"position\":1,\"name\":\"Accueil\",\"item\":\"https:\/\/www.sorosoro.org\/es\/\"},{\"@type\":\"ListItem\",\"position\":2,\"name\":\"Ocean\u00eda\"}]},{\"@type\":\"WebSite\",\"@id\":\"https:\/\/www.sorosoro.org\/es\/#website\",\"url\":\"https:\/\/www.sorosoro.org\/es\/\",\"name\":\"Sorosoro\",\"description\":\"Pour que vivent les langues du monde !\",\"potentialAction\":[{\"@type\":\"SearchAction\",\"target\":{\"@type\":\"EntryPoint\",\"urlTemplate\":\"https:\/\/www.sorosoro.org\/es\/?s={search_term_string}\"},\"query-input\":{\"@type\":\"PropertyValueSpecification\",\"valueRequired\":true,\"valueName\":\"search_term_string\"}}],\"inLanguage\":\"es\"}]}<\/script>\n<!-- \/ Yoast SEO plugin. -->","yoast_head_json":{"title":"Ocean\u00eda - Sorosoro","robots":{"index":"index","follow":"follow","max-snippet":"max-snippet:-1","max-image-preview":"max-image-preview:large","max-video-preview":"max-video-preview:-1"},"canonical":"https:\/\/www.sorosoro.org\/es\/oceania-2\/","og_locale":"es_ES","og_type":"article","og_title":"Ocean\u00eda - Sorosoro","og_description":"Marie-Ad\u00e8le Jor\u00e9di\u00e9 cuenta c\u00f3mo se fundaron las escuelas en lengua x\u00e2r\u00e2c\u00f9\u00f9, una de las lenguas kanak de Nueva Caledonia. &nbsp; Ocean\u00eda es un para\u00edso para los ling\u00fcistas: \u00a1la Pap\u00faa Nueva Guinea e Indonesia tienen m\u00e1s de 1.500 lenguas por si solas! Vanuatu, un estado peque\u00f1o compuesto por una cadena de islas, es el que tiene [&hellip;]","og_url":"https:\/\/www.sorosoro.org\/es\/oceania-2\/","og_site_name":"Sorosoro","article_modified_time":"2015-10-05T17:56:58+00:00","twitter_card":"summary_large_image","twitter_misc":{"Tiempo de lectura":"1 minuto"},"schema":{"@context":"https:\/\/schema.org","@graph":[{"@type":"WebPage","@id":"https:\/\/www.sorosoro.org\/es\/oceania-2\/","url":"https:\/\/www.sorosoro.org\/es\/oceania-2\/","name":"Ocean\u00eda - Sorosoro","isPartOf":{"@id":"https:\/\/www.sorosoro.org\/es\/#website"},"datePublished":"2015-06-02T12:30:16+00:00","dateModified":"2015-10-05T17:56:58+00:00","breadcrumb":{"@id":"https:\/\/www.sorosoro.org\/es\/oceania-2\/#breadcrumb"},"inLanguage":"es","potentialAction":[{"@type":"ReadAction","target":["https:\/\/www.sorosoro.org\/es\/oceania-2\/"]}]},{"@type":"BreadcrumbList","@id":"https:\/\/www.sorosoro.org\/es\/oceania-2\/#breadcrumb","itemListElement":[{"@type":"ListItem","position":1,"name":"Accueil","item":"https:\/\/www.sorosoro.org\/es\/"},{"@type":"ListItem","position":2,"name":"Ocean\u00eda"}]},{"@type":"WebSite","@id":"https:\/\/www.sorosoro.org\/es\/#website","url":"https:\/\/www.sorosoro.org\/es\/","name":"Sorosoro","description":"Pour que vivent les langues du monde !","potentialAction":[{"@type":"SearchAction","target":{"@type":"EntryPoint","urlTemplate":"https:\/\/www.sorosoro.org\/es\/?s={search_term_string}"},"query-input":{"@type":"PropertyValueSpecification","valueRequired":true,"valueName":"search_term_string"}}],"inLanguage":"es"}]}},"_links":{"self":[{"href":"https:\/\/www.sorosoro.org\/es\/wp-json\/wp\/v2\/pages\/64824","targetHints":{"allow":["GET"]}}],"collection":[{"href":"https:\/\/www.sorosoro.org\/es\/wp-json\/wp\/v2\/pages"}],"about":[{"href":"https:\/\/www.sorosoro.org\/es\/wp-json\/wp\/v2\/types\/page"}],"author":[{"embeddable":true,"href":"https:\/\/www.sorosoro.org\/es\/wp-json\/wp\/v2\/users\/1"}],"replies":[{"embeddable":true,"href":"https:\/\/www.sorosoro.org\/es\/wp-json\/wp\/v2\/comments?post=64824"}],"version-history":[{"count":0,"href":"https:\/\/www.sorosoro.org\/es\/wp-json\/wp\/v2\/pages\/64824\/revisions"}],"wp:attachment":[{"href":"https:\/\/www.sorosoro.org\/es\/wp-json\/wp\/v2\/media?parent=64824"}],"curies":[{"name":"wp","href":"https:\/\/api.w.org\/{rel}","templated":true}]}}