{"id":64463,"date":"2015-05-19T10:47:42","date_gmt":"2015-05-19T08:47:42","guid":{"rendered":"http:\/\/www.sorosoro.org\/?page_id=64463"},"modified":"2015-10-04T12:52:23","modified_gmt":"2015-10-04T10:52:23","slug":"america-latina","status":"publish","type":"page","link":"https:\/\/www.sorosoro.org\/es\/america-latina\/","title":{"rendered":"Am\u00e9rica Latina"},"content":{"rendered":"<p style=\"padding-left:50px; padding-right:50px\"><strong>B\u2019alam Tija, ma\u00eetre de c\u00e9r\u00e9monie dans la communaut\u00e9 kaqchikel du Guatemala, parle de la pr\u00e9destination dans le mode de vie traditionnel maya.<\/strong><\/p>\n<p align=\"center\"><iframe loading=\"lazy\" width=\"658\" height=\"370\" src=\"https:\/\/www.youtube.com\/embed\/vNwbwjsnkfw?feature=oembed\" frameborder=\"0\" allowfullscreen><\/iframe><\/p>\n<p>&nbsp;<\/p>\n<p>La Am\u00e9rica Latina, que se extiende desde M\u00e9xico, en el norte, hasta Tierra del Fuego, en el sur, no es uno de los continentes que tienen el mayor n\u00famero de lenguas, pero es el lugar del globo donde se encuentra el mayor n\u00famero de <strong>familias<\/strong> de lenguas, que le confiere una diversidad ling\u00fc\u00edstica particularmente rica.<br \/>\nAqu\u00ed le proponemos un conjunto de documentos sobre estos idiomas de Am\u00e9rica Latina: v\u00eddeos que provienen de nuestros rodajes de terreno (kaqchiqel y tektiteko en Guatemala), art\u00edculos escritos por ling\u00fcistas y antrop\u00f3logos, y fichas descriptivas de las lenguas y de las familias de lenguas del continente.\n<\/p>\n<p>&nbsp;<\/p>\n<table border=\"0\" width=\"755\">\n<tbody>\n<tr>\n<td>\n<div class=\"content_section_title\">\n<h3><a style=\"text-decoration: none;\" href=\"\/es\/videos-sobre-las-lenguas-de-america-latina\/\">V\u00eddeos sobre las lenguas de Am\u00e9rica Latina<\/a><\/h3>\n<\/div>\n<\/td>\n<td>\n<div class=\"content_section_title\">\n<h3><a style=\"text-decoration: none;\" href=\"\/es\/textos-sobre-las-lenguas-de-america-latina\/\">Textos sobre las lenguas de Am\u00e9rica Latina<\/a><\/h3>\n<\/div>\n<\/td>\n<\/tr>\n<tr>\n<td style=\"padding-top: 15px;\">\n<div class=\"content_section_title\">\n<h3><a style=\"text-decoration: none;\" href=\"\/es\/familias-de-lenguas-en-america-latina\/\">Familias de lenguas en Am\u00e9rica Latina<\/a><\/h3>\n<\/div>\n<\/td>\n<td style=\"padding-top: 15px;\">\n<div class=\"content_section_title\">\n<h3><a style=\"text-decoration: none;\" href=\"\/es\/lenguas-de-america-latina\/\">Lenguas de Am\u00e9rica Latina<\/a><\/h3>\n<\/div>\n<\/td>\n<\/tr>\n<\/tbody>\n<\/table>\n","protected":false},"excerpt":{"rendered":"<p>B\u2019alam Tija, ma\u00eetre de c\u00e9r\u00e9monie dans la communaut\u00e9 kaqchikel du Guatemala, parle de la pr\u00e9destination dans le mode de vie traditionnel maya. &nbsp; La Am\u00e9rica Latina, que se extiende desde M\u00e9xico, en el norte, hasta Tierra del Fuego, en el sur, no es uno de los continentes que tienen el mayor n\u00famero de lenguas, pero [&hellip;]<\/p>\n","protected":false},"author":1,"featured_media":0,"parent":0,"menu_order":0,"comment_status":"closed","ping_status":"open","template":"","meta":{"footnotes":""},"class_list":["post-64463","page","type-page","status-publish","hentry"],"yoast_head":"<!-- This site is optimized with the Yoast SEO plugin v27.0 - https:\/\/yoast.com\/product\/yoast-seo-wordpress\/ -->\n<title>Am\u00e9rica Latina - Sorosoro<\/title>\n<meta name=\"robots\" content=\"index, follow, max-snippet:-1, max-image-preview:large, max-video-preview:-1\" \/>\n<link rel=\"canonical\" href=\"https:\/\/www.sorosoro.org\/es\/america-latina\/\" \/>\n<meta property=\"og:locale\" content=\"es_ES\" \/>\n<meta property=\"og:type\" content=\"article\" \/>\n<meta property=\"og:title\" content=\"Am\u00e9rica Latina - Sorosoro\" \/>\n<meta property=\"og:description\" content=\"B\u2019alam Tija, ma\u00eetre de c\u00e9r\u00e9monie dans la communaut\u00e9 kaqchikel du Guatemala, parle de la pr\u00e9destination dans le mode de vie traditionnel maya. &nbsp; La Am\u00e9rica Latina, que se extiende desde M\u00e9xico, en el norte, hasta Tierra del Fuego, en el sur, no es uno de los continentes que tienen el mayor n\u00famero de lenguas, pero [&hellip;]\" \/>\n<meta property=\"og:url\" content=\"https:\/\/www.sorosoro.org\/es\/america-latina\/\" \/>\n<meta property=\"og:site_name\" content=\"Sorosoro\" \/>\n<meta property=\"article:modified_time\" content=\"2015-10-04T10:52:23+00:00\" \/>\n<meta name=\"twitter:card\" content=\"summary_large_image\" \/>\n<meta name=\"twitter:label1\" content=\"Tiempo de lectura\" \/>\n\t<meta name=\"twitter:data1\" content=\"1 minuto\" \/>\n<script type=\"application\/ld+json\" class=\"yoast-schema-graph\">{\"@context\":\"https:\/\/schema.org\",\"@graph\":[{\"@type\":\"WebPage\",\"@id\":\"https:\/\/www.sorosoro.org\/es\/america-latina\/\",\"url\":\"https:\/\/www.sorosoro.org\/es\/america-latina\/\",\"name\":\"Am\u00e9rica Latina - Sorosoro\",\"isPartOf\":{\"@id\":\"https:\/\/www.sorosoro.org\/es\/#website\"},\"datePublished\":\"2015-05-19T08:47:42+00:00\",\"dateModified\":\"2015-10-04T10:52:23+00:00\",\"breadcrumb\":{\"@id\":\"https:\/\/www.sorosoro.org\/es\/america-latina\/#breadcrumb\"},\"inLanguage\":\"es\",\"potentialAction\":[{\"@type\":\"ReadAction\",\"target\":[\"https:\/\/www.sorosoro.org\/es\/america-latina\/\"]}]},{\"@type\":\"BreadcrumbList\",\"@id\":\"https:\/\/www.sorosoro.org\/es\/america-latina\/#breadcrumb\",\"itemListElement\":[{\"@type\":\"ListItem\",\"position\":1,\"name\":\"Accueil\",\"item\":\"https:\/\/www.sorosoro.org\/es\/\"},{\"@type\":\"ListItem\",\"position\":2,\"name\":\"Am\u00e9rica Latina\"}]},{\"@type\":\"WebSite\",\"@id\":\"https:\/\/www.sorosoro.org\/es\/#website\",\"url\":\"https:\/\/www.sorosoro.org\/es\/\",\"name\":\"Sorosoro\",\"description\":\"Pour que vivent les langues du monde !\",\"potentialAction\":[{\"@type\":\"SearchAction\",\"target\":{\"@type\":\"EntryPoint\",\"urlTemplate\":\"https:\/\/www.sorosoro.org\/es\/?s={search_term_string}\"},\"query-input\":{\"@type\":\"PropertyValueSpecification\",\"valueRequired\":true,\"valueName\":\"search_term_string\"}}],\"inLanguage\":\"es\"}]}<\/script>\n<!-- \/ Yoast SEO plugin. -->","yoast_head_json":{"title":"Am\u00e9rica Latina - Sorosoro","robots":{"index":"index","follow":"follow","max-snippet":"max-snippet:-1","max-image-preview":"max-image-preview:large","max-video-preview":"max-video-preview:-1"},"canonical":"https:\/\/www.sorosoro.org\/es\/america-latina\/","og_locale":"es_ES","og_type":"article","og_title":"Am\u00e9rica Latina - Sorosoro","og_description":"B\u2019alam Tija, ma\u00eetre de c\u00e9r\u00e9monie dans la communaut\u00e9 kaqchikel du Guatemala, parle de la pr\u00e9destination dans le mode de vie traditionnel maya. &nbsp; La Am\u00e9rica Latina, que se extiende desde M\u00e9xico, en el norte, hasta Tierra del Fuego, en el sur, no es uno de los continentes que tienen el mayor n\u00famero de lenguas, pero [&hellip;]","og_url":"https:\/\/www.sorosoro.org\/es\/america-latina\/","og_site_name":"Sorosoro","article_modified_time":"2015-10-04T10:52:23+00:00","twitter_card":"summary_large_image","twitter_misc":{"Tiempo de lectura":"1 minuto"},"schema":{"@context":"https:\/\/schema.org","@graph":[{"@type":"WebPage","@id":"https:\/\/www.sorosoro.org\/es\/america-latina\/","url":"https:\/\/www.sorosoro.org\/es\/america-latina\/","name":"Am\u00e9rica Latina - Sorosoro","isPartOf":{"@id":"https:\/\/www.sorosoro.org\/es\/#website"},"datePublished":"2015-05-19T08:47:42+00:00","dateModified":"2015-10-04T10:52:23+00:00","breadcrumb":{"@id":"https:\/\/www.sorosoro.org\/es\/america-latina\/#breadcrumb"},"inLanguage":"es","potentialAction":[{"@type":"ReadAction","target":["https:\/\/www.sorosoro.org\/es\/america-latina\/"]}]},{"@type":"BreadcrumbList","@id":"https:\/\/www.sorosoro.org\/es\/america-latina\/#breadcrumb","itemListElement":[{"@type":"ListItem","position":1,"name":"Accueil","item":"https:\/\/www.sorosoro.org\/es\/"},{"@type":"ListItem","position":2,"name":"Am\u00e9rica Latina"}]},{"@type":"WebSite","@id":"https:\/\/www.sorosoro.org\/es\/#website","url":"https:\/\/www.sorosoro.org\/es\/","name":"Sorosoro","description":"Pour que vivent les langues du monde !","potentialAction":[{"@type":"SearchAction","target":{"@type":"EntryPoint","urlTemplate":"https:\/\/www.sorosoro.org\/es\/?s={search_term_string}"},"query-input":{"@type":"PropertyValueSpecification","valueRequired":true,"valueName":"search_term_string"}}],"inLanguage":"es"}]}},"_links":{"self":[{"href":"https:\/\/www.sorosoro.org\/es\/wp-json\/wp\/v2\/pages\/64463","targetHints":{"allow":["GET"]}}],"collection":[{"href":"https:\/\/www.sorosoro.org\/es\/wp-json\/wp\/v2\/pages"}],"about":[{"href":"https:\/\/www.sorosoro.org\/es\/wp-json\/wp\/v2\/types\/page"}],"author":[{"embeddable":true,"href":"https:\/\/www.sorosoro.org\/es\/wp-json\/wp\/v2\/users\/1"}],"replies":[{"embeddable":true,"href":"https:\/\/www.sorosoro.org\/es\/wp-json\/wp\/v2\/comments?post=64463"}],"version-history":[{"count":0,"href":"https:\/\/www.sorosoro.org\/es\/wp-json\/wp\/v2\/pages\/64463\/revisions"}],"wp:attachment":[{"href":"https:\/\/www.sorosoro.org\/es\/wp-json\/wp\/v2\/media?parent=64463"}],"curies":[{"name":"wp","href":"https:\/\/api.w.org\/{rel}","templated":true}]}}