{"id":64166,"date":"2015-04-26T17:24:09","date_gmt":"2015-04-26T15:24:09","guid":{"rendered":"http:\/\/www.sorosoro.org\/?page_id=64166"},"modified":"2015-10-05T00:20:24","modified_gmt":"2015-10-04T22:20:24","slug":"afric","status":"publish","type":"page","link":"https:\/\/www.sorosoro.org\/es\/afric\/","title":{"rendered":"\u00c1frica"},"content":{"rendered":"<p style=\"padding-left:50px; padding-right:50px\"><strong>En Gab\u00f3n, Henriette describe la situaci\u00f3n de su lengua, el mpongw\u00e8, que los ni\u00f1os hablan cada vez menos&#8230;<\/strong><\/p>\n<p align=\"center\"><iframe loading=\"lazy\" width=\"658\" height=\"370\" src=\"https:\/\/www.youtube.com\/embed\/gnYiQ9XqS4M?feature=oembed\" frameborder=\"0\" allowfullscreen><\/iframe><\/p>\n<p>&nbsp;<\/p>\n<p>\u00c1frica es el continente que ha sido m\u00e1s explorado por Sorosoro, pues este continente s\u00f3lo cuenta 2000 lenguas, es decir  aproximadamente un tercio de las lenguas habladas a trav\u00e9s del Mundo.<br \/>\nAqu\u00ed le proponemos un conjunto de documentos para descubrir la riqueza ling\u00fc\u00edstica de este continente: v\u00eddeos que provienen de nuestros rodajes de terreno, art\u00edculos escritos por ling\u00fcistas, antrop\u00f3logos o periodistas, y fichas descriptivas de las lenguas y de las familias de lenguas (13 o 14 familias y 3 tipos de criollos) en \u00c1frica.\n<\/p>\n<p>&nbsp;<\/p>\n<table border=\"0\" width=\"755\">\n<tbody>\n<tr>\n<td>\n<div class=\"content_section_title\">\n<h3><a style=\"text-decoration: none;\" href=\"\/es\/videos-sobre-las-lenguas-de-africa\/\">V\u00eddeos sobre las lenguas de \u00c1frica<\/a><\/h3>\n<\/div>\n<\/td>\n<td>\n<div class=\"content_section_title\">\n<h3><a style=\"text-decoration: none;\" href=\"\/es\/textos-sobre-las-lenguas-de-africa\/\">Textos sobre las lenguas de \u00c1frica<\/a><\/h3>\n<\/div>\n<\/td>\n<\/tr>\n<tr>\n<td style=\"padding-top: 15px;\">\n<div class=\"content_section_title\">\n<h3><a style=\"text-decoration: none;\" href=\"\/es\/familias-de-lenguas-en-africa\/\">Familias de lenguas en \u00c1frica<\/a><\/h3>\n<\/div>\n<\/td>\n<td style=\"padding-top: 15px;\">\n<div class=\"content_section_title\">\n<h3><a style=\"text-decoration: none;\" href=\"\/es\/lenguas-de-africa\/\">Lenguas de \u00c1frica<\/a><\/h3>\n<\/div>\n<\/td>\n<\/tr>\n<\/tbody>\n<\/table>\n","protected":false},"excerpt":{"rendered":"<p>En Gab\u00f3n, Henriette describe la situaci\u00f3n de su lengua, el mpongw\u00e8, que los ni\u00f1os hablan cada vez menos&#8230; &nbsp; \u00c1frica es el continente que ha sido m\u00e1s explorado por Sorosoro, pues este continente s\u00f3lo cuenta 2000 lenguas, es decir aproximadamente un tercio de las lenguas habladas a trav\u00e9s del Mundo. Aqu\u00ed le proponemos un conjunto [&hellip;]<\/p>\n","protected":false},"author":1,"featured_media":0,"parent":0,"menu_order":0,"comment_status":"closed","ping_status":"open","template":"","meta":{"footnotes":""},"class_list":["post-64166","page","type-page","status-publish","hentry"],"yoast_head":"<!-- This site is optimized with the Yoast SEO plugin v27.0 - https:\/\/yoast.com\/product\/yoast-seo-wordpress\/ -->\n<title>\u00c1frica - Sorosoro<\/title>\n<meta name=\"robots\" content=\"index, follow, max-snippet:-1, max-image-preview:large, max-video-preview:-1\" \/>\n<link rel=\"canonical\" href=\"https:\/\/www.sorosoro.org\/es\/afric\/\" \/>\n<meta property=\"og:locale\" content=\"es_ES\" \/>\n<meta property=\"og:type\" content=\"article\" \/>\n<meta property=\"og:title\" content=\"\u00c1frica - Sorosoro\" \/>\n<meta property=\"og:description\" content=\"En Gab\u00f3n, Henriette describe la situaci\u00f3n de su lengua, el mpongw\u00e8, que los ni\u00f1os hablan cada vez menos&#8230; &nbsp; \u00c1frica es el continente que ha sido m\u00e1s explorado por Sorosoro, pues este continente s\u00f3lo cuenta 2000 lenguas, es decir aproximadamente un tercio de las lenguas habladas a trav\u00e9s del Mundo. Aqu\u00ed le proponemos un conjunto [&hellip;]\" \/>\n<meta property=\"og:url\" content=\"https:\/\/www.sorosoro.org\/es\/afric\/\" \/>\n<meta property=\"og:site_name\" content=\"Sorosoro\" \/>\n<meta property=\"article:modified_time\" content=\"2015-10-04T22:20:24+00:00\" \/>\n<meta name=\"twitter:card\" content=\"summary_large_image\" \/>\n<meta name=\"twitter:label1\" content=\"Tiempo de lectura\" \/>\n\t<meta name=\"twitter:data1\" content=\"1 minuto\" \/>\n<script type=\"application\/ld+json\" class=\"yoast-schema-graph\">{\"@context\":\"https:\/\/schema.org\",\"@graph\":[{\"@type\":\"WebPage\",\"@id\":\"https:\/\/www.sorosoro.org\/es\/afric\/\",\"url\":\"https:\/\/www.sorosoro.org\/es\/afric\/\",\"name\":\"\u00c1frica - Sorosoro\",\"isPartOf\":{\"@id\":\"https:\/\/www.sorosoro.org\/es\/#website\"},\"datePublished\":\"2015-04-26T15:24:09+00:00\",\"dateModified\":\"2015-10-04T22:20:24+00:00\",\"breadcrumb\":{\"@id\":\"https:\/\/www.sorosoro.org\/es\/afric\/#breadcrumb\"},\"inLanguage\":\"es\",\"potentialAction\":[{\"@type\":\"ReadAction\",\"target\":[\"https:\/\/www.sorosoro.org\/es\/afric\/\"]}]},{\"@type\":\"BreadcrumbList\",\"@id\":\"https:\/\/www.sorosoro.org\/es\/afric\/#breadcrumb\",\"itemListElement\":[{\"@type\":\"ListItem\",\"position\":1,\"name\":\"Accueil\",\"item\":\"https:\/\/www.sorosoro.org\/es\/\"},{\"@type\":\"ListItem\",\"position\":2,\"name\":\"\u00c1frica\"}]},{\"@type\":\"WebSite\",\"@id\":\"https:\/\/www.sorosoro.org\/es\/#website\",\"url\":\"https:\/\/www.sorosoro.org\/es\/\",\"name\":\"Sorosoro\",\"description\":\"Pour que vivent les langues du monde !\",\"potentialAction\":[{\"@type\":\"SearchAction\",\"target\":{\"@type\":\"EntryPoint\",\"urlTemplate\":\"https:\/\/www.sorosoro.org\/es\/?s={search_term_string}\"},\"query-input\":{\"@type\":\"PropertyValueSpecification\",\"valueRequired\":true,\"valueName\":\"search_term_string\"}}],\"inLanguage\":\"es\"}]}<\/script>\n<!-- \/ Yoast SEO plugin. -->","yoast_head_json":{"title":"\u00c1frica - Sorosoro","robots":{"index":"index","follow":"follow","max-snippet":"max-snippet:-1","max-image-preview":"max-image-preview:large","max-video-preview":"max-video-preview:-1"},"canonical":"https:\/\/www.sorosoro.org\/es\/afric\/","og_locale":"es_ES","og_type":"article","og_title":"\u00c1frica - Sorosoro","og_description":"En Gab\u00f3n, Henriette describe la situaci\u00f3n de su lengua, el mpongw\u00e8, que los ni\u00f1os hablan cada vez menos&#8230; &nbsp; \u00c1frica es el continente que ha sido m\u00e1s explorado por Sorosoro, pues este continente s\u00f3lo cuenta 2000 lenguas, es decir aproximadamente un tercio de las lenguas habladas a trav\u00e9s del Mundo. Aqu\u00ed le proponemos un conjunto [&hellip;]","og_url":"https:\/\/www.sorosoro.org\/es\/afric\/","og_site_name":"Sorosoro","article_modified_time":"2015-10-04T22:20:24+00:00","twitter_card":"summary_large_image","twitter_misc":{"Tiempo de lectura":"1 minuto"},"schema":{"@context":"https:\/\/schema.org","@graph":[{"@type":"WebPage","@id":"https:\/\/www.sorosoro.org\/es\/afric\/","url":"https:\/\/www.sorosoro.org\/es\/afric\/","name":"\u00c1frica - Sorosoro","isPartOf":{"@id":"https:\/\/www.sorosoro.org\/es\/#website"},"datePublished":"2015-04-26T15:24:09+00:00","dateModified":"2015-10-04T22:20:24+00:00","breadcrumb":{"@id":"https:\/\/www.sorosoro.org\/es\/afric\/#breadcrumb"},"inLanguage":"es","potentialAction":[{"@type":"ReadAction","target":["https:\/\/www.sorosoro.org\/es\/afric\/"]}]},{"@type":"BreadcrumbList","@id":"https:\/\/www.sorosoro.org\/es\/afric\/#breadcrumb","itemListElement":[{"@type":"ListItem","position":1,"name":"Accueil","item":"https:\/\/www.sorosoro.org\/es\/"},{"@type":"ListItem","position":2,"name":"\u00c1frica"}]},{"@type":"WebSite","@id":"https:\/\/www.sorosoro.org\/es\/#website","url":"https:\/\/www.sorosoro.org\/es\/","name":"Sorosoro","description":"Pour que vivent les langues du monde !","potentialAction":[{"@type":"SearchAction","target":{"@type":"EntryPoint","urlTemplate":"https:\/\/www.sorosoro.org\/es\/?s={search_term_string}"},"query-input":{"@type":"PropertyValueSpecification","valueRequired":true,"valueName":"search_term_string"}}],"inLanguage":"es"}]}},"_links":{"self":[{"href":"https:\/\/www.sorosoro.org\/es\/wp-json\/wp\/v2\/pages\/64166","targetHints":{"allow":["GET"]}}],"collection":[{"href":"https:\/\/www.sorosoro.org\/es\/wp-json\/wp\/v2\/pages"}],"about":[{"href":"https:\/\/www.sorosoro.org\/es\/wp-json\/wp\/v2\/types\/page"}],"author":[{"embeddable":true,"href":"https:\/\/www.sorosoro.org\/es\/wp-json\/wp\/v2\/users\/1"}],"replies":[{"embeddable":true,"href":"https:\/\/www.sorosoro.org\/es\/wp-json\/wp\/v2\/comments?post=64166"}],"version-history":[{"count":0,"href":"https:\/\/www.sorosoro.org\/es\/wp-json\/wp\/v2\/pages\/64166\/revisions"}],"wp:attachment":[{"href":"https:\/\/www.sorosoro.org\/es\/wp-json\/wp\/v2\/media?parent=64166"}],"curies":[{"name":"wp","href":"https:\/\/api.w.org\/{rel}","templated":true}]}}