{"id":64090,"date":"2015-04-17T12:52:41","date_gmt":"2015-04-17T10:52:41","guid":{"rendered":"http:\/\/www.sorosoro.org\/?page_id=64090"},"modified":"2015-11-02T00:20:45","modified_gmt":"2015-11-01T23:20:45","slug":"una-pagina-web","status":"publish","type":"page","link":"https:\/\/www.sorosoro.org\/es\/el-programa-sorosoro\/una-pagina-web\/","title":{"rendered":"El sitio Internet"},"content":{"rendered":"<h5>Un sitio para sensibilizar el gran p\u00fablico<\/h5>\n<p>Para sensibilizar al conjunto de la comunidad internacional en los retos de la diversidad cultural y ling\u00fc\u00edstica, Sorosoro ha creado en 2009 el sitio www.sorosoro.org.<\/p>\n<p style=\"text-align: left;\">\n<p>Muchos son los que, hoy en d\u00eda, son  conscientes de la necesidad de salvaguardar la biodiversidad gracias a las numerosas acciones emprendidas a lo largo de las d\u00e9cadas pasadas. Igualmente, sorosoro.org tiene la intenci\u00f3n de llamar la atenci\u00f3n del gran p\u00fablico en el hecho de que, as\u00ed como cada a\u00f1o perdemos especies vegetales y animales, del mismo modo perdemos las lenguas y las culturas que llevan privando as\u00ed el planeta de  facetas enteras de humanidad.<\/p>\n<p style=\"text-align: left;\">\n<p>Este sitio tambi\u00e9n desea ser <strong>un puente entre el mundo acad\u00e9mico y los no especialistas<\/strong> interesados en el tema. Informa y pone a disposici\u00f3n el trabajo de los investigadores, y evidencia la riqueza que llevan estas culturas por estas lenguas amenazadas. En efecto, muy a menudo, el trabajo de los cient\u00edficos conoce una difusi\u00f3n limitada, a la cual el gran p\u00fablico tiene s\u00f3lo poco o ning\u00fan acceso. Gracias a Internet, la informaci\u00f3n puede hoy en d\u00eda ser difundida en cualquier parte del mundo, y cuya difusi\u00f3n puede ser adaptada al nivel de conocimientos y de inter\u00e9s de cada uno.<\/p>\n<p style=\"text-align: left;\">\n<p>Est\u00e1 disponible en 3 lenguas (franc\u00e9s, ingl\u00e9s y espa\u00f1ol). Es tan rico en cientos de art\u00edculos y decenas de v\u00eddeos. Tambi\u00e9n contiene mapas interactivos donde son localizados 5.500 lenguas, un abecedario, un quiz, etc.<\/p>\n<p style=\"text-align: left;\">\n<h5>Un sitio informativo<\/h5>\n<p>www.sorosoro.org ofrece <strong>una cantidad de informaciones \u00fanica en la web<\/strong>:<\/p>\n<ul>\n<li><strong>Informaciones de texto<\/strong>, que incluyen fichas descriptivas sobre las (alrededor de) 120 familias de lenguas que se hablan en el mundo, complementadas progresivamente por fichas descriptivas de miles de lenguas que cuenta el planeta; y tambi\u00e9n art\u00edculos de los ling\u00fcistas, textos de escritores, informaciones sobre las lenguas en peligro, un glosario ling\u00fc\u00edstico para los principiantes, actualidades, un agenda, un blog, etc.<\/li>\n<li><strong>V\u00eddeos<\/strong>, disponibles en el sitio web y en la cadena titulada SorosoroTV en YouTube, que propone no s\u00f3lo las pel\u00edculas realizadas a partir de im\u00e1genes de nuestros rodajes (en \u00c1frica, Am\u00e9rica Latina y Ocean\u00eda), sino tambi\u00e9n las captaciones de nuestras conferencias, entrevistas con personalidades sensibles a la cuesti\u00f3n de la diversidad, etc.<\/li>\n<li><strong>Mapas interactivos<\/strong>, que permiten localizar con gran precisi\u00f3n m\u00e1s de 5 500 lenguas entre las (aproximadamente) 7 000 que tiene el mundo. Son accesibles seg\u00fan diversos criterios de b\u00fasqueda: por continente, por pa\u00eds, por familia de lenguas, etc.<\/ul>\n<\/li>\n<p style=\"text-align: left;\">\n<p>El sitio est\u00e1 destinado al gran p\u00fablico, a los estudiantes y los investigadores, y puede ser utilizado en las escuelas.<\/p>\n<p style=\"text-align: left;\">\n<h5>Un sitio participativo<\/h5>\n<p>Se espera que los Internautas se apropien del sitio, que est\u00e1 ampliamente abierto a ellos.<\/p>\n<p style=\"text-align: left;\">\n<p>De una parte, sus contribuciones son bienvenidas: complementa las informaciones sobre tal o cual lengua, documentos audiovisuales, fotos, textos, testimonios y todo lo que puede enriquecer los contenidos del sitio ser\u00e1 tomado en consideraci\u00f3n.\t<\/p>\n<p style=\"text-align: left;\">\n<p>Por otra parte, el equipo de Sorosoro responde a las preguntas de los usuarios de Internet, trata de proporcionar las informaciones solicitadas si est\u00e1n disponibles, y efect\u00faa b\u00fasquedas tan necesarias.<\/p>\n<p style=\"text-align: left;\">\n<p>Por fin, www.sorosoro.org es un lugar de intercambios donde los usuarios de internet  pueden discutir, proponer sus opiniones, confrontar sus puntos de vista, hablar acerca de tal v\u00eddeo, de tal comentario, de tal texto&#8230;<\/p>\n<p style=\"text-align: left;\">\n<h5>Un sitio l\u00fadico<\/h5>\n<p>Algunas ventanas son reservadas a las funcionalidades m\u00e1s l\u00fadicas.<\/p>\n<ul style=\"text-align: left;\">\n<li>\n<p>Se encuentra <strong>quiz en l\u00ednea<\/strong>, para que todos puedan probar sus conocimientos: por ejemplo, \u00ab\u00bfen qu\u00e9 pa\u00eds es hablada la lengua mpongwe: en Indonesia, en Mozambique o en Gab\u00f3n? \u00ab,\u00bb \u00bfCu\u00e1l es el pa\u00eds del mundo donde se encuentra la diversidad ling\u00fc\u00edstica m\u00e1s grande: Papuasia Nueva Guinea, Vanuatu o Nigeria? \u00ab, etc.<\/p>\n<\/li>\n<li>\n<p><strong>El Abecedario<\/strong>, nacido de una consulta a los usuarios del internet de todas partes del mundo, proporciona la traducci\u00f3n en decenas de lenguas de palabras b\u00e1sicas y de expresiones corrientes.<\/p>\n<p style=\"text-align: left;\">\n<p>Por ejemplo, podemos descubrir que, palabras que parecen obvias para los occidentales, como \u00ab<strong>gracias<\/strong>\u00bb o \u00ab<strong>buenos d\u00edas<\/strong>\u00ab, no existan en todos los idiomas, lejos de ello la cortes\u00eda puede expresarse de mil y una maneras&#8230; Tambi\u00e9n vemos que <strong>contar de 1 a 10<\/strong> no se hace  en todas partes, porque los c\u00f3digos var\u00edan de una cultura a otra. \u00a1La expresi\u00f3n \u00ab<strong>buen a\u00f1o<\/strong>\u00bb en lo que concierne a \u00e9l ser\u00e1 la ocasi\u00f3n para comprobar que el 1 de enero no es una fecha universal de a\u00f1o nuevo! Y tambi\u00e9n nos enteraremos que,  tal vez, se pueda decir \u00ab<strong>Te amo<\/strong>\u00ab, en miao, en gal\u00e9s, en ak\u00e9l\u00e9, en kaqchikel o en araki &#8230;<\/p>\n<\/li>\n<\/ul>\n","protected":false},"excerpt":{"rendered":"<p>Un sitio para sensibilizar el gran p\u00fablico Para sensibilizar al conjunto de la comunidad internacional en los retos de la diversidad cultural y ling\u00fc\u00edstica, Sorosoro ha creado en 2009 el sitio www.sorosoro.org. Muchos son los que, hoy en d\u00eda, son conscientes de la necesidad de salvaguardar la biodiversidad gracias a las numerosas acciones emprendidas a [&hellip;]<\/p>\n","protected":false},"author":1,"featured_media":0,"parent":342,"menu_order":5,"comment_status":"closed","ping_status":"open","template":"","meta":{"footnotes":""},"class_list":["post-64090","page","type-page","status-publish","hentry"],"yoast_head":"<!-- This site is optimized with the Yoast SEO plugin v27.0 - https:\/\/yoast.com\/product\/yoast-seo-wordpress\/ -->\n<title>El sitio Internet - Sorosoro<\/title>\n<meta name=\"robots\" content=\"index, follow, max-snippet:-1, max-image-preview:large, max-video-preview:-1\" \/>\n<link rel=\"canonical\" href=\"https:\/\/www.sorosoro.org\/es\/el-programa-sorosoro\/una-pagina-web\/\" \/>\n<meta property=\"og:locale\" content=\"es_ES\" \/>\n<meta property=\"og:type\" content=\"article\" \/>\n<meta property=\"og:title\" content=\"El sitio Internet - Sorosoro\" \/>\n<meta property=\"og:description\" content=\"Un sitio para sensibilizar el gran p\u00fablico Para sensibilizar al conjunto de la comunidad internacional en los retos de la diversidad cultural y ling\u00fc\u00edstica, Sorosoro ha creado en 2009 el sitio www.sorosoro.org. Muchos son los que, hoy en d\u00eda, son conscientes de la necesidad de salvaguardar la biodiversidad gracias a las numerosas acciones emprendidas a [&hellip;]\" \/>\n<meta property=\"og:url\" content=\"https:\/\/www.sorosoro.org\/es\/el-programa-sorosoro\/una-pagina-web\/\" \/>\n<meta property=\"og:site_name\" content=\"Sorosoro\" \/>\n<meta property=\"article:modified_time\" content=\"2015-11-01T23:20:45+00:00\" \/>\n<meta name=\"twitter:card\" content=\"summary_large_image\" \/>\n<meta name=\"twitter:label1\" content=\"Tiempo de lectura\" \/>\n\t<meta name=\"twitter:data1\" content=\"4 minutos\" \/>\n<script type=\"application\/ld+json\" class=\"yoast-schema-graph\">{\"@context\":\"https:\/\/schema.org\",\"@graph\":[{\"@type\":\"WebPage\",\"@id\":\"https:\/\/www.sorosoro.org\/es\/el-programa-sorosoro\/una-pagina-web\/\",\"url\":\"https:\/\/www.sorosoro.org\/es\/el-programa-sorosoro\/una-pagina-web\/\",\"name\":\"El sitio Internet - Sorosoro\",\"isPartOf\":{\"@id\":\"https:\/\/www.sorosoro.org\/es\/#website\"},\"datePublished\":\"2015-04-17T10:52:41+00:00\",\"dateModified\":\"2015-11-01T23:20:45+00:00\",\"breadcrumb\":{\"@id\":\"https:\/\/www.sorosoro.org\/es\/el-programa-sorosoro\/una-pagina-web\/#breadcrumb\"},\"inLanguage\":\"es\",\"potentialAction\":[{\"@type\":\"ReadAction\",\"target\":[\"https:\/\/www.sorosoro.org\/es\/el-programa-sorosoro\/una-pagina-web\/\"]}]},{\"@type\":\"BreadcrumbList\",\"@id\":\"https:\/\/www.sorosoro.org\/es\/el-programa-sorosoro\/una-pagina-web\/#breadcrumb\",\"itemListElement\":[{\"@type\":\"ListItem\",\"position\":1,\"name\":\"Accueil\",\"item\":\"https:\/\/www.sorosoro.org\/es\/\"},{\"@type\":\"ListItem\",\"position\":2,\"name\":\"El programa Sorosoro\",\"item\":\"https:\/\/www.sorosoro.org\/es\/el-programa-sorosoro\/\"},{\"@type\":\"ListItem\",\"position\":3,\"name\":\"El sitio Internet\"}]},{\"@type\":\"WebSite\",\"@id\":\"https:\/\/www.sorosoro.org\/es\/#website\",\"url\":\"https:\/\/www.sorosoro.org\/es\/\",\"name\":\"Sorosoro\",\"description\":\"Pour que vivent les langues du monde !\",\"potentialAction\":[{\"@type\":\"SearchAction\",\"target\":{\"@type\":\"EntryPoint\",\"urlTemplate\":\"https:\/\/www.sorosoro.org\/es\/?s={search_term_string}\"},\"query-input\":{\"@type\":\"PropertyValueSpecification\",\"valueRequired\":true,\"valueName\":\"search_term_string\"}}],\"inLanguage\":\"es\"}]}<\/script>\n<!-- \/ Yoast SEO plugin. -->","yoast_head_json":{"title":"El sitio Internet - Sorosoro","robots":{"index":"index","follow":"follow","max-snippet":"max-snippet:-1","max-image-preview":"max-image-preview:large","max-video-preview":"max-video-preview:-1"},"canonical":"https:\/\/www.sorosoro.org\/es\/el-programa-sorosoro\/una-pagina-web\/","og_locale":"es_ES","og_type":"article","og_title":"El sitio Internet - Sorosoro","og_description":"Un sitio para sensibilizar el gran p\u00fablico Para sensibilizar al conjunto de la comunidad internacional en los retos de la diversidad cultural y ling\u00fc\u00edstica, Sorosoro ha creado en 2009 el sitio www.sorosoro.org. Muchos son los que, hoy en d\u00eda, son conscientes de la necesidad de salvaguardar la biodiversidad gracias a las numerosas acciones emprendidas a [&hellip;]","og_url":"https:\/\/www.sorosoro.org\/es\/el-programa-sorosoro\/una-pagina-web\/","og_site_name":"Sorosoro","article_modified_time":"2015-11-01T23:20:45+00:00","twitter_card":"summary_large_image","twitter_misc":{"Tiempo de lectura":"4 minutos"},"schema":{"@context":"https:\/\/schema.org","@graph":[{"@type":"WebPage","@id":"https:\/\/www.sorosoro.org\/es\/el-programa-sorosoro\/una-pagina-web\/","url":"https:\/\/www.sorosoro.org\/es\/el-programa-sorosoro\/una-pagina-web\/","name":"El sitio Internet - Sorosoro","isPartOf":{"@id":"https:\/\/www.sorosoro.org\/es\/#website"},"datePublished":"2015-04-17T10:52:41+00:00","dateModified":"2015-11-01T23:20:45+00:00","breadcrumb":{"@id":"https:\/\/www.sorosoro.org\/es\/el-programa-sorosoro\/una-pagina-web\/#breadcrumb"},"inLanguage":"es","potentialAction":[{"@type":"ReadAction","target":["https:\/\/www.sorosoro.org\/es\/el-programa-sorosoro\/una-pagina-web\/"]}]},{"@type":"BreadcrumbList","@id":"https:\/\/www.sorosoro.org\/es\/el-programa-sorosoro\/una-pagina-web\/#breadcrumb","itemListElement":[{"@type":"ListItem","position":1,"name":"Accueil","item":"https:\/\/www.sorosoro.org\/es\/"},{"@type":"ListItem","position":2,"name":"El programa Sorosoro","item":"https:\/\/www.sorosoro.org\/es\/el-programa-sorosoro\/"},{"@type":"ListItem","position":3,"name":"El sitio Internet"}]},{"@type":"WebSite","@id":"https:\/\/www.sorosoro.org\/es\/#website","url":"https:\/\/www.sorosoro.org\/es\/","name":"Sorosoro","description":"Pour que vivent les langues du monde !","potentialAction":[{"@type":"SearchAction","target":{"@type":"EntryPoint","urlTemplate":"https:\/\/www.sorosoro.org\/es\/?s={search_term_string}"},"query-input":{"@type":"PropertyValueSpecification","valueRequired":true,"valueName":"search_term_string"}}],"inLanguage":"es"}]}},"_links":{"self":[{"href":"https:\/\/www.sorosoro.org\/es\/wp-json\/wp\/v2\/pages\/64090","targetHints":{"allow":["GET"]}}],"collection":[{"href":"https:\/\/www.sorosoro.org\/es\/wp-json\/wp\/v2\/pages"}],"about":[{"href":"https:\/\/www.sorosoro.org\/es\/wp-json\/wp\/v2\/types\/page"}],"author":[{"embeddable":true,"href":"https:\/\/www.sorosoro.org\/es\/wp-json\/wp\/v2\/users\/1"}],"replies":[{"embeddable":true,"href":"https:\/\/www.sorosoro.org\/es\/wp-json\/wp\/v2\/comments?post=64090"}],"version-history":[{"count":0,"href":"https:\/\/www.sorosoro.org\/es\/wp-json\/wp\/v2\/pages\/64090\/revisions"}],"up":[{"embeddable":true,"href":"https:\/\/www.sorosoro.org\/es\/wp-json\/wp\/v2\/pages\/342"}],"wp:attachment":[{"href":"https:\/\/www.sorosoro.org\/es\/wp-json\/wp\/v2\/media?parent=64090"}],"curies":[{"name":"wp","href":"https:\/\/api.w.org\/{rel}","templated":true}]}}