{"id":64079,"date":"2015-04-17T12:36:26","date_gmt":"2015-04-17T10:36:26","guid":{"rendered":"http:\/\/www.sorosoro.org\/?page_id=64079"},"modified":"2015-10-06T22:48:15","modified_gmt":"2015-10-06T20:48:15","slug":"las-conferencias-sorosoro","status":"publish","type":"page","link":"https:\/\/www.sorosoro.org\/es\/el-programa-sorosoro\/las-conferencias-sorosoro\/","title":{"rendered":"Los Reencuentros de Sorosoro"},"content":{"rendered":"<p>Desde su creaci\u00f3n en 2008, el programa Sorosoro ha establecido regularmente conferencias para dar a conocer los retos de la diversidad ling\u00fc\u00edstica y cultural. Estas reuniones fueron celebradas en Par\u00eds, cada una con la presencia de invitados prestigiosos, presentaciones por ling\u00fcistas y antrop\u00f3logos prominentes, y proyecciones de pel\u00edculas.<\/p>\n<p>&nbsp;<\/p>\n<p><strong>El primer Reencuentro<\/strong>  se celebr\u00f3 en junio de 2008 en el Museo del Quai Branly en Par\u00eds, con ocasi\u00f3n del lanzamiento del programa Sorosoro. Entre los oradores, se encontraba <strong>Rigoberta Mench\u00fa, Premio Nobel de la Paz en 2002<\/strong>, y el escritor <strong>Erik Orsenna, Premio Goncourt y miembro de la Academia Francesa<\/strong>.<\/p>\n<p><a href=\"\/es\/2008\/06\/el-1er-reencuentro-de-sorosoro-del-9-de-junio-de-2008\/\"><img loading=\"lazy\" decoding=\"async\" class=\"alignnone size-full wp-image-65152\" style=\"padding-right: 20px;\" src=\"\/wp-content\/uploads\/erik_orsenna_rencontre.jpg\" alt=\"erik_orsenna-conference\" width=\"248\" height=\"185\" \/><\/a><a href=\"\/es\/2008\/06\/el-1er-reencuentro-de-sorosoro-del-9-de-junio-de-2008\/\"><strong>El 1<sup>er<\/sup> Reencuentro de Sorosoro del 9 de junio de 2008<\/strong><\/a><\/p>\n<p>&nbsp;<\/p>\n<p><strong>El Segundo Reencuentro<\/strong>, en octubre de 2009, tambi\u00e9n en el Museo del Quai Branly en Paris, estaba centrada sobre el lanzamiento del sitio web www.sorosoro.org, con la participaci\u00f3n, entre otros, del <strong>ling\u00fcista Claude Hag\u00e8ge<\/strong> y de <strong>la Presidenta del Consejo Cient\u00edfico de Sorosoro, Colette Grinevald<\/strong>.<\/p>\n<p><a href=\"\/es\/2010\/01\/punto-de-etapa-de-lanzamiento-en-el-museo-del-quai-branly-2\/\"><img loading=\"lazy\" decoding=\"async\" class=\"alignnone size-full wp-image-65153\" style=\"padding-right: 20px;\" src=\"\/wp-content\/uploads\/colette-conference.jpg\" alt=\"colette-conference\" width=\"248\" height=\"185\" \/><\/a><a href=\"\/es\/2010\/01\/punto-de-etapa-de-lanzamiento-en-el-museo-del-quai-branly-2\/\"><strong>El 2<sup>o<\/sup> Reencuentro de Sorosoro del 6 de octubre de 2009<\/strong><\/a><\/p>\n<p>&nbsp;<\/p>\n<p>El tercer reencuentro  fue en diciembre de 2011 y tuvo lugar en la Casa de las Culturas del Mundo en Paris, y estuvo  dedicada esencialmente a la India, un pa\u00eds que cuenta con cerca de 860 lenguas (entre las 6.000 a 7.000 lenguas que cuenta el planeta). Entre los oradores principales estaba <strong>la escritora Ir\u00e8ne Frain<\/strong> (autora de varias novelas ubicadas en la India) y <strong>la ling\u00fcista india Anvita Abbi<\/strong>.<\/p>\n<p><a href=\"\/es\/el-3er-reencuentro-sorosoro-del-8-de-diciembre-2011\/\"><img loading=\"lazy\" decoding=\"async\" class=\"alignnone size-full wp-image-65152\" style=\"padding-right: 20px;\" src=\"\/wp-content\/uploads\/rozenn-conference3.jpg\" alt=\"rozenn-conference\" width=\"248\" height=\"185\" \/><\/a><a href=\"\/es\/el-3er-reencuentro-sorosoro-del-8-de-diciembre-2011\/\"><strong>El 3<sup>er<\/sup> Reencuentro de Sorosoro del 8 de diciembre de 2011<\/strong><\/a><\/p>\n","protected":false},"excerpt":{"rendered":"<p>Desde su creaci\u00f3n en 2008, el programa Sorosoro ha establecido regularmente conferencias para dar a conocer los retos de la diversidad ling\u00fc\u00edstica y cultural. Estas reuniones fueron celebradas en Par\u00eds, cada una con la presencia de invitados prestigiosos, presentaciones por ling\u00fcistas y antrop\u00f3logos prominentes, y proyecciones de pel\u00edculas. &nbsp; El primer Reencuentro se celebr\u00f3 en [&hellip;]<\/p>\n","protected":false},"author":1,"featured_media":0,"parent":342,"menu_order":3,"comment_status":"closed","ping_status":"closed","template":"","meta":{"footnotes":""},"class_list":["post-64079","page","type-page","status-publish","hentry"],"yoast_head":"<!-- This site is optimized with the Yoast SEO plugin v27.0 - https:\/\/yoast.com\/product\/yoast-seo-wordpress\/ -->\n<title>Los Reencuentros de Sorosoro - Sorosoro<\/title>\n<meta name=\"robots\" content=\"index, follow, max-snippet:-1, max-image-preview:large, max-video-preview:-1\" \/>\n<link rel=\"canonical\" href=\"https:\/\/www.sorosoro.org\/es\/el-programa-sorosoro\/las-conferencias-sorosoro\/\" \/>\n<meta property=\"og:locale\" content=\"es_ES\" \/>\n<meta property=\"og:type\" content=\"article\" \/>\n<meta property=\"og:title\" content=\"Los Reencuentros de Sorosoro - Sorosoro\" \/>\n<meta property=\"og:description\" content=\"Desde su creaci\u00f3n en 2008, el programa Sorosoro ha establecido regularmente conferencias para dar a conocer los retos de la diversidad ling\u00fc\u00edstica y cultural. Estas reuniones fueron celebradas en Par\u00eds, cada una con la presencia de invitados prestigiosos, presentaciones por ling\u00fcistas y antrop\u00f3logos prominentes, y proyecciones de pel\u00edculas. &nbsp; El primer Reencuentro se celebr\u00f3 en [&hellip;]\" \/>\n<meta property=\"og:url\" content=\"https:\/\/www.sorosoro.org\/es\/el-programa-sorosoro\/las-conferencias-sorosoro\/\" \/>\n<meta property=\"og:site_name\" content=\"Sorosoro\" \/>\n<meta property=\"article:modified_time\" content=\"2015-10-06T20:48:15+00:00\" \/>\n<meta name=\"twitter:card\" content=\"summary_large_image\" \/>\n<meta name=\"twitter:label1\" content=\"Tiempo de lectura\" \/>\n\t<meta name=\"twitter:data1\" content=\"1 minuto\" \/>\n<script type=\"application\/ld+json\" class=\"yoast-schema-graph\">{\"@context\":\"https:\/\/schema.org\",\"@graph\":[{\"@type\":\"WebPage\",\"@id\":\"https:\/\/www.sorosoro.org\/es\/el-programa-sorosoro\/las-conferencias-sorosoro\/\",\"url\":\"https:\/\/www.sorosoro.org\/es\/el-programa-sorosoro\/las-conferencias-sorosoro\/\",\"name\":\"Los Reencuentros de Sorosoro - Sorosoro\",\"isPartOf\":{\"@id\":\"https:\/\/www.sorosoro.org\/es\/#website\"},\"datePublished\":\"2015-04-17T10:36:26+00:00\",\"dateModified\":\"2015-10-06T20:48:15+00:00\",\"breadcrumb\":{\"@id\":\"https:\/\/www.sorosoro.org\/es\/el-programa-sorosoro\/las-conferencias-sorosoro\/#breadcrumb\"},\"inLanguage\":\"es\",\"potentialAction\":[{\"@type\":\"ReadAction\",\"target\":[\"https:\/\/www.sorosoro.org\/es\/el-programa-sorosoro\/las-conferencias-sorosoro\/\"]}]},{\"@type\":\"BreadcrumbList\",\"@id\":\"https:\/\/www.sorosoro.org\/es\/el-programa-sorosoro\/las-conferencias-sorosoro\/#breadcrumb\",\"itemListElement\":[{\"@type\":\"ListItem\",\"position\":1,\"name\":\"Accueil\",\"item\":\"https:\/\/www.sorosoro.org\/es\/\"},{\"@type\":\"ListItem\",\"position\":2,\"name\":\"El programa Sorosoro\",\"item\":\"https:\/\/www.sorosoro.org\/es\/el-programa-sorosoro\/\"},{\"@type\":\"ListItem\",\"position\":3,\"name\":\"Los Reencuentros de Sorosoro\"}]},{\"@type\":\"WebSite\",\"@id\":\"https:\/\/www.sorosoro.org\/es\/#website\",\"url\":\"https:\/\/www.sorosoro.org\/es\/\",\"name\":\"Sorosoro\",\"description\":\"Pour que vivent les langues du monde !\",\"potentialAction\":[{\"@type\":\"SearchAction\",\"target\":{\"@type\":\"EntryPoint\",\"urlTemplate\":\"https:\/\/www.sorosoro.org\/es\/?s={search_term_string}\"},\"query-input\":{\"@type\":\"PropertyValueSpecification\",\"valueRequired\":true,\"valueName\":\"search_term_string\"}}],\"inLanguage\":\"es\"}]}<\/script>\n<!-- \/ Yoast SEO plugin. -->","yoast_head_json":{"title":"Los Reencuentros de Sorosoro - Sorosoro","robots":{"index":"index","follow":"follow","max-snippet":"max-snippet:-1","max-image-preview":"max-image-preview:large","max-video-preview":"max-video-preview:-1"},"canonical":"https:\/\/www.sorosoro.org\/es\/el-programa-sorosoro\/las-conferencias-sorosoro\/","og_locale":"es_ES","og_type":"article","og_title":"Los Reencuentros de Sorosoro - Sorosoro","og_description":"Desde su creaci\u00f3n en 2008, el programa Sorosoro ha establecido regularmente conferencias para dar a conocer los retos de la diversidad ling\u00fc\u00edstica y cultural. Estas reuniones fueron celebradas en Par\u00eds, cada una con la presencia de invitados prestigiosos, presentaciones por ling\u00fcistas y antrop\u00f3logos prominentes, y proyecciones de pel\u00edculas. &nbsp; El primer Reencuentro se celebr\u00f3 en [&hellip;]","og_url":"https:\/\/www.sorosoro.org\/es\/el-programa-sorosoro\/las-conferencias-sorosoro\/","og_site_name":"Sorosoro","article_modified_time":"2015-10-06T20:48:15+00:00","twitter_card":"summary_large_image","twitter_misc":{"Tiempo de lectura":"1 minuto"},"schema":{"@context":"https:\/\/schema.org","@graph":[{"@type":"WebPage","@id":"https:\/\/www.sorosoro.org\/es\/el-programa-sorosoro\/las-conferencias-sorosoro\/","url":"https:\/\/www.sorosoro.org\/es\/el-programa-sorosoro\/las-conferencias-sorosoro\/","name":"Los Reencuentros de Sorosoro - Sorosoro","isPartOf":{"@id":"https:\/\/www.sorosoro.org\/es\/#website"},"datePublished":"2015-04-17T10:36:26+00:00","dateModified":"2015-10-06T20:48:15+00:00","breadcrumb":{"@id":"https:\/\/www.sorosoro.org\/es\/el-programa-sorosoro\/las-conferencias-sorosoro\/#breadcrumb"},"inLanguage":"es","potentialAction":[{"@type":"ReadAction","target":["https:\/\/www.sorosoro.org\/es\/el-programa-sorosoro\/las-conferencias-sorosoro\/"]}]},{"@type":"BreadcrumbList","@id":"https:\/\/www.sorosoro.org\/es\/el-programa-sorosoro\/las-conferencias-sorosoro\/#breadcrumb","itemListElement":[{"@type":"ListItem","position":1,"name":"Accueil","item":"https:\/\/www.sorosoro.org\/es\/"},{"@type":"ListItem","position":2,"name":"El programa Sorosoro","item":"https:\/\/www.sorosoro.org\/es\/el-programa-sorosoro\/"},{"@type":"ListItem","position":3,"name":"Los Reencuentros de Sorosoro"}]},{"@type":"WebSite","@id":"https:\/\/www.sorosoro.org\/es\/#website","url":"https:\/\/www.sorosoro.org\/es\/","name":"Sorosoro","description":"Pour que vivent les langues du monde !","potentialAction":[{"@type":"SearchAction","target":{"@type":"EntryPoint","urlTemplate":"https:\/\/www.sorosoro.org\/es\/?s={search_term_string}"},"query-input":{"@type":"PropertyValueSpecification","valueRequired":true,"valueName":"search_term_string"}}],"inLanguage":"es"}]}},"_links":{"self":[{"href":"https:\/\/www.sorosoro.org\/es\/wp-json\/wp\/v2\/pages\/64079","targetHints":{"allow":["GET"]}}],"collection":[{"href":"https:\/\/www.sorosoro.org\/es\/wp-json\/wp\/v2\/pages"}],"about":[{"href":"https:\/\/www.sorosoro.org\/es\/wp-json\/wp\/v2\/types\/page"}],"author":[{"embeddable":true,"href":"https:\/\/www.sorosoro.org\/es\/wp-json\/wp\/v2\/users\/1"}],"replies":[{"embeddable":true,"href":"https:\/\/www.sorosoro.org\/es\/wp-json\/wp\/v2\/comments?post=64079"}],"version-history":[{"count":0,"href":"https:\/\/www.sorosoro.org\/es\/wp-json\/wp\/v2\/pages\/64079\/revisions"}],"up":[{"embeddable":true,"href":"https:\/\/www.sorosoro.org\/es\/wp-json\/wp\/v2\/pages\/342"}],"wp:attachment":[{"href":"https:\/\/www.sorosoro.org\/es\/wp-json\/wp\/v2\/media?parent=64079"}],"curies":[{"name":"wp","href":"https:\/\/api.w.org\/{rel}","templated":true}]}}