{"id":63950,"date":"2015-04-16T15:55:36","date_gmt":"2015-04-16T13:55:36","guid":{"rendered":"http:\/\/www.sorosoro.org\/?page_id=63950"},"modified":"2015-11-02T00:36:50","modified_gmt":"2015-11-01T23:36:50","slug":"la-defensa-de-los-pueblos-y-culturas-aborigenes","status":"publish","type":"page","link":"https:\/\/www.sorosoro.org\/es\/trabajan-en-la-diversidad-linguistica-y-cultural\/la-defensa-de-los-pueblos-y-culturas-aborigenes\/","title":{"rendered":"La defensa de los pueblos y culturas abor\u00edgenes"},"content":{"rendered":"<p><strong><a href=\"http:\/\/livingtongues.org\/\" target=\"_blank\">Living Tongues, Institute for Endangered Languages<\/a><\/strong><br \/>\n&nbsp;<br \/>\nEl Living Tongues Institute es una organizaci\u00f3n que documenta las lenguas en peligro y ayuda a las comunidades aut\u00f3ctonas en la preservaci\u00f3n y la revitalizaci\u00f3n de sus lenguas. Son los ling\u00fcistas Gregory D. S. Anderson y Dr. K. David Harrison, quienes dirigen el Instituto.<br \/>\n&nbsp;<br \/>\n&nbsp;<br \/>\n<strong><a href=\"http:\/\/terralingua.org\/\" target=\"_blank\">Terralingua<\/a><\/strong><br \/>\n&nbsp;<br \/>\nLa primera meta de Terralingua es la protecci\u00f3n de la diversidad bio-cultural. Convencida de la existencia de un lazo inextricable entre la diversidad biol\u00f3gica, ling\u00fc\u00edstica y cultural, la organizaci\u00f3n internacional se esfuerza por preservar la variedad de las lenguas.<br \/>\n&nbsp;<br \/>\n&nbsp;<br \/>\n<strong><a href=\"http:\/\/www.survival.es\/\" target=\"_blank\">Survival International, The Movement for Tribal Peoples<\/a><\/strong><br \/>\n&nbsp;<br \/>\nSurvival International, fundada en Gran Breta\u00f1a en 1969, milita a favor de los derechos de los pueblos aut\u00f3ctonos por el mundo. Presente en 82 pa\u00edses, la organizaci\u00f3n lucha al lado de estas poblaciones para permitir que sigan viviendo en sus tierras, conforme con su modo de vida y su propia cultura.<\/p>\n","protected":false},"excerpt":{"rendered":"<p>Living Tongues, Institute for Endangered Languages &nbsp; El Living Tongues Institute es una organizaci\u00f3n que documenta las lenguas en peligro y ayuda a las comunidades aut\u00f3ctonas en la preservaci\u00f3n y la revitalizaci\u00f3n de sus lenguas. Son los ling\u00fcistas Gregory D. S. Anderson y Dr. K. David Harrison, quienes dirigen el Instituto. &nbsp; &nbsp; Terralingua &nbsp; [&hellip;]<\/p>\n","protected":false},"author":1,"featured_media":0,"parent":63944,"menu_order":3,"comment_status":"closed","ping_status":"open","template":"","meta":{"footnotes":""},"class_list":["post-63950","page","type-page","status-publish","hentry"],"yoast_head":"<!-- This site is optimized with the Yoast SEO plugin v27.0 - https:\/\/yoast.com\/product\/yoast-seo-wordpress\/ -->\n<title>La defensa de los pueblos y culturas abor\u00edgenes - Sorosoro<\/title>\n<meta name=\"robots\" content=\"index, follow, max-snippet:-1, max-image-preview:large, max-video-preview:-1\" \/>\n<link rel=\"canonical\" href=\"https:\/\/www.sorosoro.org\/es\/trabajan-en-la-diversidad-linguistica-y-cultural\/la-defensa-de-los-pueblos-y-culturas-aborigenes\/\" \/>\n<meta property=\"og:locale\" content=\"es_ES\" \/>\n<meta property=\"og:type\" content=\"article\" \/>\n<meta property=\"og:title\" content=\"La defensa de los pueblos y culturas abor\u00edgenes - Sorosoro\" \/>\n<meta property=\"og:description\" content=\"Living Tongues, Institute for Endangered Languages &nbsp; El Living Tongues Institute es una organizaci\u00f3n que documenta las lenguas en peligro y ayuda a las comunidades aut\u00f3ctonas en la preservaci\u00f3n y la revitalizaci\u00f3n de sus lenguas. Son los ling\u00fcistas Gregory D. S. Anderson y Dr. K. David Harrison, quienes dirigen el Instituto. &nbsp; &nbsp; Terralingua &nbsp; [&hellip;]\" \/>\n<meta property=\"og:url\" content=\"https:\/\/www.sorosoro.org\/es\/trabajan-en-la-diversidad-linguistica-y-cultural\/la-defensa-de-los-pueblos-y-culturas-aborigenes\/\" \/>\n<meta property=\"og:site_name\" content=\"Sorosoro\" \/>\n<meta property=\"article:modified_time\" content=\"2015-11-01T23:36:50+00:00\" \/>\n<meta name=\"twitter:card\" content=\"summary_large_image\" \/>\n<meta name=\"twitter:label1\" content=\"Tiempo de lectura\" \/>\n\t<meta name=\"twitter:data1\" content=\"1 minuto\" \/>\n<script type=\"application\/ld+json\" class=\"yoast-schema-graph\">{\"@context\":\"https:\/\/schema.org\",\"@graph\":[{\"@type\":\"WebPage\",\"@id\":\"https:\/\/www.sorosoro.org\/es\/trabajan-en-la-diversidad-linguistica-y-cultural\/la-defensa-de-los-pueblos-y-culturas-aborigenes\/\",\"url\":\"https:\/\/www.sorosoro.org\/es\/trabajan-en-la-diversidad-linguistica-y-cultural\/la-defensa-de-los-pueblos-y-culturas-aborigenes\/\",\"name\":\"La defensa de los pueblos y culturas abor\u00edgenes - Sorosoro\",\"isPartOf\":{\"@id\":\"https:\/\/www.sorosoro.org\/es\/#website\"},\"datePublished\":\"2015-04-16T13:55:36+00:00\",\"dateModified\":\"2015-11-01T23:36:50+00:00\",\"breadcrumb\":{\"@id\":\"https:\/\/www.sorosoro.org\/es\/trabajan-en-la-diversidad-linguistica-y-cultural\/la-defensa-de-los-pueblos-y-culturas-aborigenes\/#breadcrumb\"},\"inLanguage\":\"es\",\"potentialAction\":[{\"@type\":\"ReadAction\",\"target\":[\"https:\/\/www.sorosoro.org\/es\/trabajan-en-la-diversidad-linguistica-y-cultural\/la-defensa-de-los-pueblos-y-culturas-aborigenes\/\"]}]},{\"@type\":\"BreadcrumbList\",\"@id\":\"https:\/\/www.sorosoro.org\/es\/trabajan-en-la-diversidad-linguistica-y-cultural\/la-defensa-de-los-pueblos-y-culturas-aborigenes\/#breadcrumb\",\"itemListElement\":[{\"@type\":\"ListItem\",\"position\":1,\"name\":\"Accueil\",\"item\":\"https:\/\/www.sorosoro.org\/es\/\"},{\"@type\":\"ListItem\",\"position\":2,\"name\":\"Trabajan en la diversidad ling\u00fc\u00edstica y cultural\",\"item\":\"https:\/\/www.sorosoro.org\/es\/trabajan-en-la-diversidad-linguistica-y-cultural\/\"},{\"@type\":\"ListItem\",\"position\":3,\"name\":\"La defensa de los pueblos y culturas abor\u00edgenes\"}]},{\"@type\":\"WebSite\",\"@id\":\"https:\/\/www.sorosoro.org\/es\/#website\",\"url\":\"https:\/\/www.sorosoro.org\/es\/\",\"name\":\"Sorosoro\",\"description\":\"Pour que vivent les langues du monde !\",\"potentialAction\":[{\"@type\":\"SearchAction\",\"target\":{\"@type\":\"EntryPoint\",\"urlTemplate\":\"https:\/\/www.sorosoro.org\/es\/?s={search_term_string}\"},\"query-input\":{\"@type\":\"PropertyValueSpecification\",\"valueRequired\":true,\"valueName\":\"search_term_string\"}}],\"inLanguage\":\"es\"}]}<\/script>\n<!-- \/ Yoast SEO plugin. -->","yoast_head_json":{"title":"La defensa de los pueblos y culturas abor\u00edgenes - Sorosoro","robots":{"index":"index","follow":"follow","max-snippet":"max-snippet:-1","max-image-preview":"max-image-preview:large","max-video-preview":"max-video-preview:-1"},"canonical":"https:\/\/www.sorosoro.org\/es\/trabajan-en-la-diversidad-linguistica-y-cultural\/la-defensa-de-los-pueblos-y-culturas-aborigenes\/","og_locale":"es_ES","og_type":"article","og_title":"La defensa de los pueblos y culturas abor\u00edgenes - Sorosoro","og_description":"Living Tongues, Institute for Endangered Languages &nbsp; El Living Tongues Institute es una organizaci\u00f3n que documenta las lenguas en peligro y ayuda a las comunidades aut\u00f3ctonas en la preservaci\u00f3n y la revitalizaci\u00f3n de sus lenguas. Son los ling\u00fcistas Gregory D. S. Anderson y Dr. K. David Harrison, quienes dirigen el Instituto. &nbsp; &nbsp; Terralingua &nbsp; [&hellip;]","og_url":"https:\/\/www.sorosoro.org\/es\/trabajan-en-la-diversidad-linguistica-y-cultural\/la-defensa-de-los-pueblos-y-culturas-aborigenes\/","og_site_name":"Sorosoro","article_modified_time":"2015-11-01T23:36:50+00:00","twitter_card":"summary_large_image","twitter_misc":{"Tiempo de lectura":"1 minuto"},"schema":{"@context":"https:\/\/schema.org","@graph":[{"@type":"WebPage","@id":"https:\/\/www.sorosoro.org\/es\/trabajan-en-la-diversidad-linguistica-y-cultural\/la-defensa-de-los-pueblos-y-culturas-aborigenes\/","url":"https:\/\/www.sorosoro.org\/es\/trabajan-en-la-diversidad-linguistica-y-cultural\/la-defensa-de-los-pueblos-y-culturas-aborigenes\/","name":"La defensa de los pueblos y culturas abor\u00edgenes - Sorosoro","isPartOf":{"@id":"https:\/\/www.sorosoro.org\/es\/#website"},"datePublished":"2015-04-16T13:55:36+00:00","dateModified":"2015-11-01T23:36:50+00:00","breadcrumb":{"@id":"https:\/\/www.sorosoro.org\/es\/trabajan-en-la-diversidad-linguistica-y-cultural\/la-defensa-de-los-pueblos-y-culturas-aborigenes\/#breadcrumb"},"inLanguage":"es","potentialAction":[{"@type":"ReadAction","target":["https:\/\/www.sorosoro.org\/es\/trabajan-en-la-diversidad-linguistica-y-cultural\/la-defensa-de-los-pueblos-y-culturas-aborigenes\/"]}]},{"@type":"BreadcrumbList","@id":"https:\/\/www.sorosoro.org\/es\/trabajan-en-la-diversidad-linguistica-y-cultural\/la-defensa-de-los-pueblos-y-culturas-aborigenes\/#breadcrumb","itemListElement":[{"@type":"ListItem","position":1,"name":"Accueil","item":"https:\/\/www.sorosoro.org\/es\/"},{"@type":"ListItem","position":2,"name":"Trabajan en la diversidad ling\u00fc\u00edstica y cultural","item":"https:\/\/www.sorosoro.org\/es\/trabajan-en-la-diversidad-linguistica-y-cultural\/"},{"@type":"ListItem","position":3,"name":"La defensa de los pueblos y culturas abor\u00edgenes"}]},{"@type":"WebSite","@id":"https:\/\/www.sorosoro.org\/es\/#website","url":"https:\/\/www.sorosoro.org\/es\/","name":"Sorosoro","description":"Pour que vivent les langues du monde !","potentialAction":[{"@type":"SearchAction","target":{"@type":"EntryPoint","urlTemplate":"https:\/\/www.sorosoro.org\/es\/?s={search_term_string}"},"query-input":{"@type":"PropertyValueSpecification","valueRequired":true,"valueName":"search_term_string"}}],"inLanguage":"es"}]}},"_links":{"self":[{"href":"https:\/\/www.sorosoro.org\/es\/wp-json\/wp\/v2\/pages\/63950","targetHints":{"allow":["GET"]}}],"collection":[{"href":"https:\/\/www.sorosoro.org\/es\/wp-json\/wp\/v2\/pages"}],"about":[{"href":"https:\/\/www.sorosoro.org\/es\/wp-json\/wp\/v2\/types\/page"}],"author":[{"embeddable":true,"href":"https:\/\/www.sorosoro.org\/es\/wp-json\/wp\/v2\/users\/1"}],"replies":[{"embeddable":true,"href":"https:\/\/www.sorosoro.org\/es\/wp-json\/wp\/v2\/comments?post=63950"}],"version-history":[{"count":0,"href":"https:\/\/www.sorosoro.org\/es\/wp-json\/wp\/v2\/pages\/63950\/revisions"}],"up":[{"embeddable":true,"href":"https:\/\/www.sorosoro.org\/es\/wp-json\/wp\/v2\/pages\/63944"}],"wp:attachment":[{"href":"https:\/\/www.sorosoro.org\/es\/wp-json\/wp\/v2\/media?parent=63950"}],"curies":[{"name":"wp","href":"https:\/\/api.w.org\/{rel}","templated":true}]}}